{"id":106,"date":"2015-05-11T08:38:09","date_gmt":"2015-05-11T07:38:09","guid":{"rendered":"http:\/\/www.crerf-mueb.eu\/?page_id=106"},"modified":"2015-06-01T17:09:11","modified_gmt":"2015-06-01T16:09:11","slug":"sitemap","status":"publish","type":"page","link":"http:\/\/www.crerf-mueb.eu\/de\/sitemap\/","title":{"rendered":"Sitemap"},"content":{"rendered":"<div class=\"manage-pagepost\"><ul class=\"manage_page\"><h3>Pages<\/h3><li class=\"page_item page-item-31\"><a href=\"http:\/\/www.crerf-mueb.eu\/de\/accueil\/\">Accueil<\/a><\/li>\n<li class=\"page_item page-item-7\"><a href=\"http:\/\/www.crerf-mueb.eu\/de\/actualites\/\">Actualit\u00e9s<\/a><\/li>\n<li class=\"page_item page-item-154 current_page_parent\"><a href=\"http:\/\/www.crerf-mueb.eu\/de\/aktuelle-themen\/\">Aktuelle Themen<\/a><\/li>\n<li class=\"page_item page-item-94 page_item_has_children\"><a href=\"http:\/\/www.crerf-mueb.eu\/de\/ausbildungen\/\">Ausbildungen<\/a>\n<ul class='children'>\n\t<li class=\"page_item page-item-584\"><a href=\"http:\/\/www.crerf-mueb.eu\/de\/ausbildungen\/belegungskalender\/\">Belegungskalender<\/a><\/li>\n\t<li class=\"page_item page-item-1168\"><a href=\"http:\/\/www.crerf-mueb.eu\/de\/ausbildungen\/lehrmittel\/\">Lehrmittel<\/a><\/li>\n\t<li class=\"page_item page-item-592\"><a href=\"http:\/\/www.crerf-mueb.eu\/de\/ausbildungen\/praktische-hinweise\/\">Praktische Hinweise<\/a><\/li>\n\t<li class=\"page_item page-item-889\"><a href=\"http:\/\/www.crerf-mueb.eu\/de\/ausbildungen\/preis\/\">Preise 2026<\/a><\/li>\n<\/ul>\n<\/li>\n<li class=\"page_item page-item-702 page_item_has_children\"><a href=\"http:\/\/www.crerf-mueb.eu\/de\/contact\/\">Contact<\/a>\n<ul class='children'>\n\t<li class=\"page_item page-item-450\"><a href=\"http:\/\/www.crerf-mueb.eu\/de\/contact\/coordonnees\/\">Coordonn\u00e9es<\/a><\/li>\n\t<li class=\"page_item page-item-17\"><a href=\"http:\/\/www.crerf-mueb.eu\/de\/contact\/contact\/\">Formulaire de contact<\/a><\/li>\n<\/ul>\n<\/li>\n<li class=\"page_item page-item-90 page_item_has_children\"><a href=\"http:\/\/www.crerf-mueb.eu\/de\/die-mu%cc%88b\/\">Die M\u00dcB<\/a>\n<ul class='children'>\n\t<li class=\"page_item page-item-161\"><a href=\"http:\/\/www.crerf-mueb.eu\/de\/die-mu%cc%88b\/das-team\/\">Das Team<\/a><\/li>\n\t<li class=\"page_item page-item-167 page_item_has_children\"><a href=\"http:\/\/www.crerf-mueb.eu\/de\/die-mu%cc%88b\/europaisches-projekt\/\">Europ\u00e4isches Projekt<\/a>\n\t<ul class='children'>\n\t\t<li class=\"page_item page-item-175\"><a href=\"http:\/\/www.crerf-mueb.eu\/de\/die-mu%cc%88b\/europaisches-projekt\/partner\/\">Partner<\/a><\/li>\n\t\t<li class=\"page_item page-item-169\"><a href=\"http:\/\/www.crerf-mueb.eu\/de\/die-mu%cc%88b\/europaisches-projekt\/projektentwicklung\/\">Projektentwicklung<\/a><\/li>\n\t<\/ul>\n<\/li>\n\t<li class=\"page_item page-item-159\"><a href=\"http:\/\/www.crerf-mueb.eu\/de\/die-mu%cc%88b\/prasentation\/\">Pr\u00e4sentation<\/a><\/li>\n\t<li class=\"page_item page-item-972\"><a href=\"http:\/\/www.crerf-mueb.eu\/de\/die-mu%cc%88b\/972-2\/\">Filmbeitrag \u00fcber die M\u00dcB<\/a><\/li>\n<\/ul>\n<\/li>\n<li class=\"page_item page-item-11 page_item_has_children\"><a href=\"http:\/\/www.crerf-mueb.eu\/de\/equipements\/\">\u00c9quipements<\/a>\n<ul class='children'>\n\t<li class=\"page_item page-item-385\"><a href=\"http:\/\/www.crerf-mueb.eu\/de\/equipements\/infrastructures-logistiques\/\">Infrastructures logistiques<\/a><\/li>\n\t<li class=\"page_item page-item-177 page_item_has_children\"><a href=\"http:\/\/www.crerf-mueb.eu\/de\/equipements\/simulateurs-et-modules\/\">Simulateurs et modules<\/a>\n\t<ul class='children'>\n\t\t<li class=\"page_item page-item-378\"><a href=\"http:\/\/www.crerf-mueb.eu\/de\/equipements\/simulateurs-et-modules\/abordage-de-navire\/\">Abordage de navire<\/a><\/li>\n\t\t<li class=\"page_item page-item-185\"><a href=\"http:\/\/www.crerf-mueb.eu\/de\/equipements\/simulateurs-et-modules\/bassin-de-tombee-a-leau\/\">Bassin de tomb\u00e9e \u00e0 l&#8217;eau<\/a><\/li>\n\t\t<li class=\"page_item page-item-1277\"><a href=\"http:\/\/www.crerf-mueb.eu\/de\/equipements\/simulateurs-et-modules\/bateau-a-passagers\/\">Bateau \u00e0 passagers<\/a><\/li>\n\t\t<li class=\"page_item page-item-280\"><a href=\"http:\/\/www.crerf-mueb.eu\/de\/equipements\/simulateurs-et-modules\/parcours-ari\/\">Parcours ARI<\/a><\/li>\n\t\t<li class=\"page_item page-item-374\"><a href=\"http:\/\/www.crerf-mueb.eu\/de\/equipements\/simulateurs-et-modules\/pose-de-barrage-antipollution\/\">Pose de barrage antipollution<\/a><\/li>\n\t\t<li class=\"page_item page-item-191\"><a href=\"http:\/\/www.crerf-mueb.eu\/de\/equipements\/simulateurs-et-modules\/simulateur-container-instable\/\">Simulateur container instable<\/a><\/li>\n\t\t<li class=\"page_item page-item-555\"><a href=\"http:\/\/www.crerf-mueb.eu\/de\/equipements\/simulateurs-et-modules\/555-2\/\">Simulateur de chute dans une soute de vrac<\/a><\/li>\n\t\t<li class=\"page_item page-item-193\"><a href=\"http:\/\/www.crerf-mueb.eu\/de\/equipements\/simulateurs-et-modules\/simulateur-feux\/\">Simulateur feux<\/a><\/li>\n\t\t<li class=\"page_item page-item-270\"><a href=\"http:\/\/www.crerf-mueb.eu\/de\/equipements\/simulateurs-et-modules\/simulateur-tackeur\/\">Simulateur tanker<\/a><\/li>\n\t\t<li class=\"page_item page-item-183\"><a href=\"http:\/\/www.crerf-mueb.eu\/de\/equipements\/simulateurs-et-modules\/simulateur-voies-deau\/\">Simulateur voies d&#8217;eau<\/a><\/li>\n\t<\/ul>\n<\/li>\n<\/ul>\n<\/li>\n<li class=\"page_item page-item-13 page_item_has_children\"><a href=\"http:\/\/www.crerf-mueb.eu\/de\/formations\/\">Formations<\/a>\n<ul class='children'>\n\t<li class=\"page_item page-item-589\"><a href=\"http:\/\/www.crerf-mueb.eu\/de\/formations\/modalites-pratiques\/\">Modalit\u00e9s pratiques<\/a><\/li>\n\t<li class=\"page_item page-item-580\"><a href=\"http:\/\/www.crerf-mueb.eu\/de\/formations\/planning-et-reservations\/\">Planning et r\u00e9servations<\/a><\/li>\n\t<li class=\"page_item page-item-1145\"><a href=\"http:\/\/www.crerf-mueb.eu\/de\/formations\/supports-pedagogiques\/\">Supports p\u00e9dagogiques<\/a><\/li>\n\t<li class=\"page_item page-item-880\"><a href=\"http:\/\/www.crerf-mueb.eu\/de\/formations\/tarifs\/\">Tarifs 2026<\/a><\/li>\n<\/ul>\n<\/li>\n<li class=\"page_item page-item-661\"><a href=\"http:\/\/www.crerf-mueb.eu\/de\/fotogalerie\/\">Fotogalerie<\/a><\/li>\n<li class=\"page_item page-item-114\"><a href=\"http:\/\/www.crerf-mueb.eu\/de\/galerie-photos\/\">Galerie photos<\/a><\/li>\n<li class=\"page_item page-item-146\"><a href=\"http:\/\/www.crerf-mueb.eu\/de\/home\/\">Home<\/a><\/li>\n<li class=\"page_item page-item-104\"><a href=\"http:\/\/www.crerf-mueb.eu\/de\/impressum\/\">Impressum<\/a><\/li>\n<li class=\"page_item page-item-100 page_item_has_children\"><a href=\"http:\/\/www.crerf-mueb.eu\/de\/kontakt\/\">Kontakt<\/a>\n<ul class='children'>\n\t<li class=\"page_item page-item-452\"><a href=\"http:\/\/www.crerf-mueb.eu\/de\/kontakt\/kontakt\/\">Kontaktdaten<\/a><\/li>\n\t<li class=\"page_item page-item-454\"><a href=\"http:\/\/www.crerf-mueb.eu\/de\/kontakt\/kontakt-2\/\">Kontaktformular<\/a><\/li>\n<\/ul>\n<\/li>\n<li class=\"page_item page-item-9 page_item_has_children\"><a href=\"http:\/\/www.crerf-mueb.eu\/de\/le-crerf\/\">Le CRERF<\/a>\n<ul class='children'>\n\t<li class=\"page_item page-item-163\"><a href=\"http:\/\/www.crerf-mueb.eu\/de\/le-crerf\/lequipe\/\">L&#8217;\u00e9quipe<\/a><\/li>\n\t<li class=\"page_item page-item-157\"><a href=\"http:\/\/www.crerf-mueb.eu\/de\/le-crerf\/presentation\/\">Pr\u00e9sentation<\/a><\/li>\n\t<li class=\"page_item page-item-165 page_item_has_children\"><a href=\"http:\/\/www.crerf-mueb.eu\/de\/le-crerf\/projet-europeen\/\">Projet Europ\u00e9en<\/a>\n\t<ul class='children'>\n\t\t<li class=\"page_item page-item-171\"><a href=\"http:\/\/www.crerf-mueb.eu\/de\/le-crerf\/projet-europeen\/deroulement-du-projet\/\">D\u00e9roulement du projet<\/a><\/li>\n\t\t<li class=\"page_item page-item-173\"><a href=\"http:\/\/www.crerf-mueb.eu\/de\/le-crerf\/projet-europeen\/partenaires\/\">Partenaires<\/a><\/li>\n\t<\/ul>\n<\/li>\n\t<li class=\"page_item page-item-970\"><a href=\"http:\/\/www.crerf-mueb.eu\/de\/le-crerf\/le-crerf-en-video\/\">Le CRERF en vid\u00e9o<\/a><\/li>\n<\/ul>\n<\/li>\n<li class=\"page_item page-item-35\"><a href=\"http:\/\/www.crerf-mueb.eu\/de\/mentions-legales\/\">Mentions l\u00e9gales<\/a><\/li>\n<li class=\"page_item page-item-33\"><a href=\"http:\/\/www.crerf-mueb.eu\/de\/plan-du-site\/\">Plan du site<\/a><\/li>\n<li class=\"page_item page-item-98\"><a href=\"http:\/\/www.crerf-mueb.eu\/de\/presse-2\/\">Presse<\/a><\/li>\n<li class=\"page_item page-item-15\"><a href=\"http:\/\/www.crerf-mueb.eu\/de\/presse\/\">Presse<\/a><\/li>\n<li class=\"page_item page-item-106\"><a href=\"http:\/\/www.crerf-mueb.eu\/de\/sitemap\/\">Sitemap<\/a><\/li>\n<li class=\"page_item page-item-148\"><a href=\"http:\/\/www.crerf-mueb.eu\/de\/\">Startseite<\/a><\/li>\n<li class=\"page_item page-item-92 page_item_has_children\"><a href=\"http:\/\/www.crerf-mueb.eu\/de\/u%cc%88bungsmo%cc%88glichkeiten\/\">\u00dcbungsm\u00f6glichkeiten<\/a>\n<ul class='children'>\n\t<li class=\"page_item page-item-179 page_item_has_children\"><a href=\"http:\/\/www.crerf-mueb.eu\/de\/u%cc%88bungsmo%cc%88glichkeiten\/ausbildingsbereiche\/\">Ausbildungsbereiche<\/a>\n\t<ul class='children'>\n\t\t<li class=\"page_item page-item-282\"><a href=\"http:\/\/www.crerf-mueb.eu\/de\/u%cc%88bungsmo%cc%88glichkeiten\/ausbildingsbereiche\/atemschutz-u%cc%88bungsanlage\/\">Atemschutz-\u00dcbungsanlage<\/a><\/li>\n\t\t<li class=\"page_item page-item-381\"><a href=\"http:\/\/www.crerf-mueb.eu\/de\/u%cc%88bungsmo%cc%88glichkeiten\/ausbildingsbereiche\/auf-und\/\">Auf- und \u00dcbersteigen auf ein Schiff<\/a><\/li>\n\t\t<li class=\"page_item page-item-195\"><a href=\"http:\/\/www.crerf-mueb.eu\/de\/u%cc%88bungsmo%cc%88glichkeiten\/ausbildingsbereiche\/brandubungssimulation\/\">Brand\u00fcbungssimulation<\/a><\/li>\n\t\t<li class=\"page_item page-item-1331\"><a href=\"http:\/\/www.crerf-mueb.eu\/de\/u%cc%88bungsmo%cc%88glichkeiten\/ausbildingsbereiche\/fahrgastschiffe\/\">Fahrgastschiffe<\/a><\/li>\n\t\t<li class=\"page_item page-item-189\"><a href=\"http:\/\/www.crerf-mueb.eu\/de\/u%cc%88bungsmo%cc%88glichkeiten\/ausbildingsbereiche\/instabiler-container\/\">Instabiler Container<\/a><\/li>\n\t\t<li class=\"page_item page-item-272\"><a href=\"http:\/\/www.crerf-mueb.eu\/de\/u%cc%88bungsmo%cc%88glichkeiten\/ausbildingsbereiche\/leckage-auf-tankermotorschiff\/\">Leckage auf Tankermotorschiff<\/a><\/li>\n\t\t<li class=\"page_item page-item-181\"><a href=\"http:\/\/www.crerf-mueb.eu\/de\/u%cc%88bungsmo%cc%88glichkeiten\/ausbildingsbereiche\/leckageabwehr\/\">Leckageabwehr<\/a><\/li>\n\t\t<li class=\"page_item page-item-277\"><a href=\"http:\/\/www.crerf-mueb.eu\/de\/u%cc%88bungsmo%cc%88glichkeiten\/ausbildingsbereiche\/retten-aus-schu%cc%88ttgutfrachtraum\/\">Retten aus Sch\u00fcttgutfrachtraum<\/a><\/li>\n\t\t<li class=\"page_item page-item-187\"><a href=\"http:\/\/www.crerf-mueb.eu\/de\/u%cc%88bungsmo%cc%88glichkeiten\/ausbildingsbereiche\/ubungsbecken-person-uber-bord\/\">\u00dcbungsbecken ,,Person \u00fcber Bord&#8220;<\/a><\/li>\n\t\t<li class=\"page_item page-item-376\"><a href=\"http:\/\/www.crerf-mueb.eu\/de\/u%cc%88bungsmo%cc%88glichkeiten\/ausbildingsbereiche\/verlegen-einer\/\">Verlegen einer \u00d6lsperre<\/a><\/li>\n\t<\/ul>\n<\/li>\n\t<li class=\"page_item page-item-387\"><a href=\"http:\/\/www.crerf-mueb.eu\/de\/u%cc%88bungsmo%cc%88glichkeiten\/ausrustung-und-ein\/\">Ausr\u00fcstung und Einrichtungen<\/a><\/li>\n<\/ul>\n<\/li>\n<\/ul><ul class=\"manage_post\"><h3>posts<\/h3><li><a href=\"http:\/\/www.crerf-mueb.eu\/de\/2018\/09\/treffen-mit-den-kofinanzierungspartner\/\">Treffen mit den Kofinanzierungspartner<\/a><\/li><li><a href=\"http:\/\/www.crerf-mueb.eu\/de\/2018\/05\/vorstellung-neuen-fahrgastschiff-simulators\/\">Vorstellung des neuen Fahrgastschiff-Simulators<\/a><\/li><li><a href=\"http:\/\/www.crerf-mueb.eu\/de\/2017\/08\/symposium-risiken-auf-binnengewaessern\/\">Symposium Risiken auf Binnengew\u00e4ssern<\/a><\/li><li><a href=\"http:\/\/www.crerf-mueb.eu\/de\/2017\/02\/die-mueb-erhaelt-einen-accessit-preis-als-innovatives-projekt\/\">Die M\u00dcB erh\u00e4lt einen Accessit-Preis als innovatives Projekt<\/a><\/li><li><a href=\"http:\/\/www.crerf-mueb.eu\/de\/2016\/05\/trainerausbildung-landes-rheinland-pfalz-auf-der-mobilen-uebungsanlage-binnengewaesser-erfolgreich-beendet\/\">Trainerausbildung des Landes Rheinland-Pfalz auf der Mobilen \u00dcbungsanlage Binnengew\u00e4sser erfolgreich  beendet<\/a><\/li><li><a href=\"http:\/\/www.crerf-mueb.eu\/de\/2016\/03\/filmbeitrag-uber-die-mub\/\">Filmbeitrag \u00fcber die M\u00dcB<\/a><\/li><li><a href=\"http:\/\/www.crerf-mueb.eu\/de\/2015\/09\/eine-schweizer-delegation-zu-besuch-an-bord-der-mub\/\">Eine Schweizer Delegation zu Besuch an Bord der M\u00dcB<\/a><\/li><li><a href=\"http:\/\/www.crerf-mueb.eu\/de\/2015\/07\/willkommen\/\">Willkommen auf der Homepage der Mobilen \u00dcbungsanlage Binnengew\u00e4sser (M\u00dcB)<\/a><\/li><li><a href=\"http:\/\/www.crerf-mueb.eu\/de\/2015\/06\/ausbildung-fur-langstreckeneinsatze-und-abc-ubung-an-bord-der-mub\/\">Ausbildung f\u00fcr Langstreckeneins\u00e4tze mit Atemschutz und ABC-\u00dcbung an Bord der M\u00dcB<\/a><\/li><\/ul><\/div>\n","protected":false},"excerpt":{"rendered":"","protected":false},"author":1,"featured_media":0,"parent":0,"menu_order":0,"comment_status":"open","ping_status":"open","template":"","meta":{"_mi_skip_tracking":false},"yoast_head":"<!-- This site is optimized with the Yoast SEO plugin v20.5 - https:\/\/yoast.com\/wordpress\/plugins\/seo\/ -->\n<title>Sitemap - CRERF M\u00dcB<\/title>\n<meta name=\"robots\" content=\"index, follow, max-snippet:-1, max-image-preview:large, max-video-preview:-1\" \/>\n<link rel=\"canonical\" href=\"http:\/\/www.crerf-mueb.eu\/de\/sitemap\/\" \/>\n<meta property=\"og:locale\" content=\"de_DE\" \/>\n<meta property=\"og:type\" content=\"article\" \/>\n<meta property=\"og:title\" content=\"Sitemap - CRERF M\u00dcB\" \/>\n<meta property=\"og:url\" content=\"http:\/\/www.crerf-mueb.eu\/de\/sitemap\/\" \/>\n<meta property=\"og:site_name\" content=\"CRERF M\u00dcB\" \/>\n<meta property=\"article:modified_time\" content=\"2015-06-01T16:09:11+00:00\" \/>\n<meta name=\"twitter:card\" content=\"summary_large_image\" \/>\n<script type=\"application\/ld+json\" class=\"yoast-schema-graph\">{\"@context\":\"https:\/\/schema.org\",\"@graph\":[{\"@type\":\"WebPage\",\"@id\":\"http:\/\/www.crerf-mueb.eu\/de\/sitemap\/\",\"url\":\"http:\/\/www.crerf-mueb.eu\/de\/sitemap\/\",\"name\":\"Sitemap - CRERF M\u00dcB\",\"isPartOf\":{\"@id\":\"http:\/\/www.crerf-mueb.eu\/de\/#website\"},\"datePublished\":\"2015-05-11T07:38:09+00:00\",\"dateModified\":\"2015-06-01T16:09:11+00:00\",\"breadcrumb\":{\"@id\":\"http:\/\/www.crerf-mueb.eu\/de\/sitemap\/#breadcrumb\"},\"inLanguage\":\"de\",\"potentialAction\":[{\"@type\":\"ReadAction\",\"target\":[\"http:\/\/www.crerf-mueb.eu\/de\/sitemap\/\"]}]},{\"@type\":\"BreadcrumbList\",\"@id\":\"http:\/\/www.crerf-mueb.eu\/de\/sitemap\/#breadcrumb\",\"itemListElement\":[{\"@type\":\"ListItem\",\"position\":1,\"name\":\"Accueil\",\"item\":\"http:\/\/www.crerf-mueb.eu\/de\/\"},{\"@type\":\"ListItem\",\"position\":2,\"name\":\"Sitemap\"}]},{\"@type\":\"WebSite\",\"@id\":\"http:\/\/www.crerf-mueb.eu\/de\/#website\",\"url\":\"http:\/\/www.crerf-mueb.eu\/de\/\",\"name\":\"CRERF M\u00dcB\",\"description\":\"River Risk Control Training Center\",\"potentialAction\":[{\"@type\":\"SearchAction\",\"target\":{\"@type\":\"EntryPoint\",\"urlTemplate\":\"http:\/\/www.crerf-mueb.eu\/de\/?s={search_term_string}\"},\"query-input\":\"required name=search_term_string\"}],\"inLanguage\":\"de\"}]}<\/script>\n<!-- \/ Yoast SEO plugin. -->","yoast_head_json":{"title":"Sitemap - CRERF M\u00dcB","robots":{"index":"index","follow":"follow","max-snippet":"max-snippet:-1","max-image-preview":"max-image-preview:large","max-video-preview":"max-video-preview:-1"},"canonical":"http:\/\/www.crerf-mueb.eu\/de\/sitemap\/","og_locale":"de_DE","og_type":"article","og_title":"Sitemap - CRERF M\u00dcB","og_url":"http:\/\/www.crerf-mueb.eu\/de\/sitemap\/","og_site_name":"CRERF M\u00dcB","article_modified_time":"2015-06-01T16:09:11+00:00","twitter_card":"summary_large_image","schema":{"@context":"https:\/\/schema.org","@graph":[{"@type":"WebPage","@id":"http:\/\/www.crerf-mueb.eu\/de\/sitemap\/","url":"http:\/\/www.crerf-mueb.eu\/de\/sitemap\/","name":"Sitemap - CRERF M\u00dcB","isPartOf":{"@id":"http:\/\/www.crerf-mueb.eu\/de\/#website"},"datePublished":"2015-05-11T07:38:09+00:00","dateModified":"2015-06-01T16:09:11+00:00","breadcrumb":{"@id":"http:\/\/www.crerf-mueb.eu\/de\/sitemap\/#breadcrumb"},"inLanguage":"de","potentialAction":[{"@type":"ReadAction","target":["http:\/\/www.crerf-mueb.eu\/de\/sitemap\/"]}]},{"@type":"BreadcrumbList","@id":"http:\/\/www.crerf-mueb.eu\/de\/sitemap\/#breadcrumb","itemListElement":[{"@type":"ListItem","position":1,"name":"Accueil","item":"http:\/\/www.crerf-mueb.eu\/de\/"},{"@type":"ListItem","position":2,"name":"Sitemap"}]},{"@type":"WebSite","@id":"http:\/\/www.crerf-mueb.eu\/de\/#website","url":"http:\/\/www.crerf-mueb.eu\/de\/","name":"CRERF M\u00dcB","description":"River Risk Control Training Center","potentialAction":[{"@type":"SearchAction","target":{"@type":"EntryPoint","urlTemplate":"http:\/\/www.crerf-mueb.eu\/de\/?s={search_term_string}"},"query-input":"required name=search_term_string"}],"inLanguage":"de"}]}},"_links":{"self":[{"href":"http:\/\/www.crerf-mueb.eu\/de\/wp-json\/wp\/v2\/pages\/106"}],"collection":[{"href":"http:\/\/www.crerf-mueb.eu\/de\/wp-json\/wp\/v2\/pages"}],"about":[{"href":"http:\/\/www.crerf-mueb.eu\/de\/wp-json\/wp\/v2\/types\/page"}],"author":[{"embeddable":true,"href":"http:\/\/www.crerf-mueb.eu\/de\/wp-json\/wp\/v2\/users\/1"}],"replies":[{"embeddable":true,"href":"http:\/\/www.crerf-mueb.eu\/de\/wp-json\/wp\/v2\/comments?post=106"}],"version-history":[{"count":2,"href":"http:\/\/www.crerf-mueb.eu\/de\/wp-json\/wp\/v2\/pages\/106\/revisions"}],"predecessor-version":[{"id":618,"href":"http:\/\/www.crerf-mueb.eu\/de\/wp-json\/wp\/v2\/pages\/106\/revisions\/618"}],"wp:attachment":[{"href":"http:\/\/www.crerf-mueb.eu\/de\/wp-json\/wp\/v2\/media?parent=106"}],"curies":[{"name":"wp","href":"https:\/\/api.w.org\/{rel}","templated":true}]}}