{"id":1145,"date":"2017-02-24T09:36:19","date_gmt":"2017-02-24T08:36:19","guid":{"rendered":"http:\/\/www.crerf-mueb.eu\/?page_id=1145"},"modified":"2017-03-28T10:01:27","modified_gmt":"2017-03-28T09:01:27","slug":"supports-pedagogiques","status":"publish","type":"page","link":"http:\/\/www.crerf-mueb.eu\/de\/formations\/supports-pedagogiques\/","title":{"rendered":"Supports p\u00e9dagogiques"},"content":{"rendered":"<p><strong>S\u00e9curit\u00e9 des personnels \u00e9voluant \u00e0 proximit\u00e9 de milieu aquatique<\/strong><\/p>\n<p style=\"text-align: justify;\">La formation de \u00ab s\u00e9curit\u00e9 des personnels \u00e9voluant \u00e0 proximit\u00e9 de milieu aquatique\u00bb fait suite \u00e0 une commande du service formation des Voies Navigables de France. Ces derniers ont sollicit\u00e9 l\u2019EDIS pour la cr\u00e9ation d\u2019un sc\u00e9nario p\u00e9dagogique, au vu de former leur personnel aux conduites \u00e0 tenir en mati\u00e8re de sauvetages de personnes et aux risques inh\u00e9rents au milieu aquatique. Cette commande a conduit \u00e0 la mise en place de s\u00e9quences th\u00e9oriques et pratiques sur une dur\u00e9e de 2 jours soit un volume horaire de 16 heures avec 8 stagiaires maximum.<\/p>\n<p><a href=\"http:\/\/www.crerf-mueb.eu\/wp-content\/uploads\/2017\/02\/Presentation_CRERF-Securite_pers_milieu_aquatique.pdf\" target=\"_blank\" rel=\"\"><strong><img decoding=\"async\" loading=\"lazy\" class=\"alignnone size-full wp-image-581\" src=\"http:\/\/www.crerf-mueb.eu\/wp-content\/uploads\/2015\/05\/pdf.gif\" alt=\"pdf\" width=\"16\" height=\"16\" \/>\u00a0<span style=\"color: #0000ff;\">Pr\u00e9sentation de la formation<\/span><\/strong><\/a><\/p>\n<p>&nbsp;<\/p>\n<p><strong>S\u00e9curit\u00e9 du personnel naviguant<\/strong><\/p>\n<p style=\"text-align: justify;\">Dans le cadre du cursus de formation aux m\u00e9tiers de la batellerie, la direction des formations professionnelles et technologiques de l\u2019Acad\u00e9mie de Strasbourg a souhait\u00e9 compl\u00e9ter le programme p\u00e9dagogique officiel avec des s\u00e9quences en lien avec la s\u00e9curit\u00e9 sur les bateaux. La structure du CRERF et la comp\u00e9tence reconnue en mati\u00e8re de formation du SDIS 67 int\u00e9ressent tout particuli\u00e8rement ce lyc\u00e9e qui y voit un moyen d\u2019\u00e9l\u00e9vation du niveau de qualification et de professionnalisation des apprenants. Ainsi, l\u2019EDIS s\u2019est vue associ\u00e9e au projet et a r\u00e9dig\u00e9 un module de sensibilisation \u00e0 la s\u00e9curit\u00e9 des personnels naviguant.<\/p>\n<p style=\"text-align: justify;\">Cette commande a conduit \u00e0 la mise en place de s\u00e9quences pratiques et th\u00e9oriques sur une dur\u00e9e de quatre heures pour 10 stagiaires. Les th\u00e8mes abord\u00e9s concernent les risques li\u00e9s aux chutes dans l\u2019eau ainsi que les techniques de colmatage des voies d\u2019eau. La mise en \u0153uvre des techniques d\u2019intervention est r\u00e9alis\u00e9e sur les diff\u00e9rents plateaux techniques du CRERF avec le mat\u00e9riel \u00e0 disposition du lyc\u00e9e Emile Mathis.<\/p>\n<p><img decoding=\"async\" loading=\"lazy\" class=\"alignnone size-full wp-image-581\" src=\"http:\/\/www.crerf-mueb.eu\/wp-content\/uploads\/2015\/05\/pdf.gif\" alt=\"pdf\" width=\"16\" height=\"16\" \/>\u00a0<span style=\"color: #0000ff;\"><strong><a style=\"color: #0000ff;\" href=\"http:\/\/www.crerf-mueb.eu\/wp-content\/uploads\/2017\/03\/Presentation-securite_personnel_naviguant.pdf\" rel=\"\">Pr\u00e9sentation de la formation<\/a><\/strong><\/span><\/p>\n","protected":false},"excerpt":{"rendered":"<p>S\u00e9curit\u00e9 des personnels \u00e9voluant \u00e0 proximit\u00e9 de milieu aquatique La formation de \u00ab s\u00e9curit\u00e9 des personnels \u00e9voluant \u00e0 proximit\u00e9 de milieu aquatique\u00bb fait suite \u00e0 une commande du service formation des Voies Navigables de France. Ces derniers ont sollicit\u00e9 l\u2019EDIS pour la cr\u00e9ation d\u2019un sc\u00e9nario p\u00e9dagogique, au vu de former leur personnel aux conduites \u00e0 [&hellip;]<\/p>\n","protected":false},"author":13,"featured_media":0,"parent":13,"menu_order":0,"comment_status":"closed","ping_status":"closed","template":"","meta":{"_mi_skip_tracking":false},"yoast_head":"<!-- This site is optimized with the Yoast SEO plugin v20.5 - https:\/\/yoast.com\/wordpress\/plugins\/seo\/ -->\n<title>Supports p\u00e9dagogiques - CRERF M\u00dcB<\/title>\n<meta name=\"robots\" content=\"index, follow, max-snippet:-1, max-image-preview:large, max-video-preview:-1\" \/>\n<link rel=\"canonical\" href=\"http:\/\/www.crerf-mueb.eu\/de\/formations\/supports-pedagogiques\/\" \/>\n<meta property=\"og:locale\" content=\"de_DE\" \/>\n<meta property=\"og:type\" content=\"article\" \/>\n<meta property=\"og:title\" content=\"Supports p\u00e9dagogiques - CRERF M\u00dcB\" \/>\n<meta property=\"og:description\" content=\"S\u00e9curit\u00e9 des personnels \u00e9voluant \u00e0 proximit\u00e9 de milieu aquatique La formation de \u00ab s\u00e9curit\u00e9 des personnels \u00e9voluant \u00e0 proximit\u00e9 de milieu aquatique\u00bb fait suite \u00e0 une commande du service formation des Voies Navigables de France. Ces derniers ont sollicit\u00e9 l\u2019EDIS pour la cr\u00e9ation d\u2019un sc\u00e9nario p\u00e9dagogique, au vu de former leur personnel aux conduites \u00e0 [&hellip;]\" \/>\n<meta property=\"og:url\" content=\"http:\/\/www.crerf-mueb.eu\/de\/formations\/supports-pedagogiques\/\" \/>\n<meta property=\"og:site_name\" content=\"CRERF M\u00dcB\" \/>\n<meta property=\"article:modified_time\" content=\"2017-03-28T09:01:27+00:00\" \/>\n<meta property=\"og:image\" content=\"http:\/\/www.crerf-mueb.eu\/wp-content\/uploads\/2015\/05\/pdf.gif\" \/>\n<meta name=\"twitter:card\" content=\"summary_large_image\" \/>\n<meta name=\"twitter:label1\" content=\"Gesch\u00e4tzte Lesezeit\" \/>\n\t<meta name=\"twitter:data1\" content=\"2\u00a0Minuten\" \/>\n<script type=\"application\/ld+json\" class=\"yoast-schema-graph\">{\"@context\":\"https:\/\/schema.org\",\"@graph\":[{\"@type\":\"WebPage\",\"@id\":\"http:\/\/www.crerf-mueb.eu\/de\/formations\/supports-pedagogiques\/\",\"url\":\"http:\/\/www.crerf-mueb.eu\/de\/formations\/supports-pedagogiques\/\",\"name\":\"Supports p\u00e9dagogiques - CRERF M\u00dcB\",\"isPartOf\":{\"@id\":\"http:\/\/www.crerf-mueb.eu\/de\/#website\"},\"datePublished\":\"2017-02-24T08:36:19+00:00\",\"dateModified\":\"2017-03-28T09:01:27+00:00\",\"breadcrumb\":{\"@id\":\"http:\/\/www.crerf-mueb.eu\/de\/formations\/supports-pedagogiques\/#breadcrumb\"},\"inLanguage\":\"de\",\"potentialAction\":[{\"@type\":\"ReadAction\",\"target\":[\"http:\/\/www.crerf-mueb.eu\/de\/formations\/supports-pedagogiques\/\"]}]},{\"@type\":\"BreadcrumbList\",\"@id\":\"http:\/\/www.crerf-mueb.eu\/de\/formations\/supports-pedagogiques\/#breadcrumb\",\"itemListElement\":[{\"@type\":\"ListItem\",\"position\":1,\"name\":\"Accueil\",\"item\":\"http:\/\/www.crerf-mueb.eu\/de\/\"},{\"@type\":\"ListItem\",\"position\":2,\"name\":\"Formations\",\"item\":\"http:\/\/www.crerf-mueb.eu\/de\/formations\/\"},{\"@type\":\"ListItem\",\"position\":3,\"name\":\"Supports p\u00e9dagogiques\"}]},{\"@type\":\"WebSite\",\"@id\":\"http:\/\/www.crerf-mueb.eu\/de\/#website\",\"url\":\"http:\/\/www.crerf-mueb.eu\/de\/\",\"name\":\"CRERF M\u00dcB\",\"description\":\"River Risk Control Training Center\",\"potentialAction\":[{\"@type\":\"SearchAction\",\"target\":{\"@type\":\"EntryPoint\",\"urlTemplate\":\"http:\/\/www.crerf-mueb.eu\/de\/?s={search_term_string}\"},\"query-input\":\"required name=search_term_string\"}],\"inLanguage\":\"de\"}]}<\/script>\n<!-- \/ Yoast SEO plugin. -->","yoast_head_json":{"title":"Supports p\u00e9dagogiques - CRERF M\u00dcB","robots":{"index":"index","follow":"follow","max-snippet":"max-snippet:-1","max-image-preview":"max-image-preview:large","max-video-preview":"max-video-preview:-1"},"canonical":"http:\/\/www.crerf-mueb.eu\/de\/formations\/supports-pedagogiques\/","og_locale":"de_DE","og_type":"article","og_title":"Supports p\u00e9dagogiques - CRERF M\u00dcB","og_description":"S\u00e9curit\u00e9 des personnels \u00e9voluant \u00e0 proximit\u00e9 de milieu aquatique La formation de \u00ab s\u00e9curit\u00e9 des personnels \u00e9voluant \u00e0 proximit\u00e9 de milieu aquatique\u00bb fait suite \u00e0 une commande du service formation des Voies Navigables de France. Ces derniers ont sollicit\u00e9 l\u2019EDIS pour la cr\u00e9ation d\u2019un sc\u00e9nario p\u00e9dagogique, au vu de former leur personnel aux conduites \u00e0 [&hellip;]","og_url":"http:\/\/www.crerf-mueb.eu\/de\/formations\/supports-pedagogiques\/","og_site_name":"CRERF M\u00dcB","article_modified_time":"2017-03-28T09:01:27+00:00","og_image":[{"url":"http:\/\/www.crerf-mueb.eu\/wp-content\/uploads\/2015\/05\/pdf.gif"}],"twitter_card":"summary_large_image","twitter_misc":{"Gesch\u00e4tzte Lesezeit":"2\u00a0Minuten"},"schema":{"@context":"https:\/\/schema.org","@graph":[{"@type":"WebPage","@id":"http:\/\/www.crerf-mueb.eu\/de\/formations\/supports-pedagogiques\/","url":"http:\/\/www.crerf-mueb.eu\/de\/formations\/supports-pedagogiques\/","name":"Supports p\u00e9dagogiques - CRERF M\u00dcB","isPartOf":{"@id":"http:\/\/www.crerf-mueb.eu\/de\/#website"},"datePublished":"2017-02-24T08:36:19+00:00","dateModified":"2017-03-28T09:01:27+00:00","breadcrumb":{"@id":"http:\/\/www.crerf-mueb.eu\/de\/formations\/supports-pedagogiques\/#breadcrumb"},"inLanguage":"de","potentialAction":[{"@type":"ReadAction","target":["http:\/\/www.crerf-mueb.eu\/de\/formations\/supports-pedagogiques\/"]}]},{"@type":"BreadcrumbList","@id":"http:\/\/www.crerf-mueb.eu\/de\/formations\/supports-pedagogiques\/#breadcrumb","itemListElement":[{"@type":"ListItem","position":1,"name":"Accueil","item":"http:\/\/www.crerf-mueb.eu\/de\/"},{"@type":"ListItem","position":2,"name":"Formations","item":"http:\/\/www.crerf-mueb.eu\/de\/formations\/"},{"@type":"ListItem","position":3,"name":"Supports p\u00e9dagogiques"}]},{"@type":"WebSite","@id":"http:\/\/www.crerf-mueb.eu\/de\/#website","url":"http:\/\/www.crerf-mueb.eu\/de\/","name":"CRERF M\u00dcB","description":"River Risk Control Training Center","potentialAction":[{"@type":"SearchAction","target":{"@type":"EntryPoint","urlTemplate":"http:\/\/www.crerf-mueb.eu\/de\/?s={search_term_string}"},"query-input":"required name=search_term_string"}],"inLanguage":"de"}]}},"_links":{"self":[{"href":"http:\/\/www.crerf-mueb.eu\/de\/wp-json\/wp\/v2\/pages\/1145"}],"collection":[{"href":"http:\/\/www.crerf-mueb.eu\/de\/wp-json\/wp\/v2\/pages"}],"about":[{"href":"http:\/\/www.crerf-mueb.eu\/de\/wp-json\/wp\/v2\/types\/page"}],"author":[{"embeddable":true,"href":"http:\/\/www.crerf-mueb.eu\/de\/wp-json\/wp\/v2\/users\/13"}],"replies":[{"embeddable":true,"href":"http:\/\/www.crerf-mueb.eu\/de\/wp-json\/wp\/v2\/comments?post=1145"}],"version-history":[{"count":10,"href":"http:\/\/www.crerf-mueb.eu\/de\/wp-json\/wp\/v2\/pages\/1145\/revisions"}],"predecessor-version":[{"id":1186,"href":"http:\/\/www.crerf-mueb.eu\/de\/wp-json\/wp\/v2\/pages\/1145\/revisions\/1186"}],"up":[{"embeddable":true,"href":"http:\/\/www.crerf-mueb.eu\/de\/wp-json\/wp\/v2\/pages\/13"}],"wp:attachment":[{"href":"http:\/\/www.crerf-mueb.eu\/de\/wp-json\/wp\/v2\/media?parent=1145"}],"curies":[{"name":"wp","href":"https:\/\/api.w.org\/{rel}","templated":true}]}}