{"id":1277,"date":"2018-04-05T13:27:43","date_gmt":"2018-04-05T12:27:43","guid":{"rendered":"http:\/\/www.crerf-mueb.eu\/?page_id=1277\/"},"modified":"2018-04-05T13:35:59","modified_gmt":"2018-04-05T12:35:59","slug":"bateau-a-passagers","status":"publish","type":"page","link":"http:\/\/www.crerf-mueb.eu\/de\/equipements\/simulateurs-et-modules\/bateau-a-passagers\/","title":{"rendered":"Bateau \u00e0 passagers"},"content":{"rendered":"<p>Sur une surface d\u2019environ 100 m\u00b2, le Regina Rheni accueille un simulateur \u00ab bateau \u00e0 passagers \u00bb \u00e0 son bord.<\/p>\n<p><strong>Il se compose de deux zones :<\/strong><\/p>\n<ul>\n<li><strong>un point de p\u00e9n\u00e9tration, avec commandes et reports de diff\u00e9rents moyens de secours existants sur les bateaux \u00e0 passagers ;<\/strong><\/li>\n<li><strong>une zone de progression comprenant des coursives, des chambres et des locaux techniques, pouvant \u00eatre maintenue en compl\u00e8te obscurit\u00e9.<\/strong><\/li>\n<\/ul>\n<p>Cet outil permet aux sapeurs-pompiers, amen\u00e9s \u00e0 intervenir en cas de feu de bateau, de d\u00e9velopper des comp\u00e9tences sp\u00e9cifiques :<\/p>\n<ul>\n<li>\u00e9quipiers : techniques de reconnaissance et de progression \u00e0 bord d\u2019un bateau ;<\/li>\n<li>chefs d\u2019unit\u00e9 : gestion d\u2019un point de p\u00e9n\u00e9tration et utilisation des moyens du bord qui contribuent \u00e0 appuyer les actions.<\/li>\n<\/ul>\n<p>Le projet a \u00e9t\u00e9 enti\u00e8rement r\u00e9alis\u00e9 par le personnel de bord : les trois r\u00e9f\u00e9rents CRERF et les deux officiers d\u2019encadrement. Pr\u00e8s de 600 heures de travail et plusieurs phases de chantier ont \u00e9t\u00e9 n\u00e9cessaires pour aboutir \u00e0 ce r\u00e9sultat :<\/p>\n<ul>\n<li>janvier 2017 : \u00e9tude de conception et chiffrage ;<\/li>\n<li>mars 2017 : d\u00e9but des travaux (pr\u00e9paration des locaux, r\u00e9cup\u00e9ration des mat\u00e9riels) ;<\/li>\n<li>avril \u00e0 octobre 2017 cr\u00e9ation des sols (pose du solivage et du plancher), cr\u00e9ation des structures (cloisons, portes, mezzanines, escaliers) ;<\/li>\n<li>octobre \u00e0 d\u00e9cembre 2017 : travaux de finition (rev\u00eatement de sol, pose de mobilier et accessoires, mise en place des \u00e9quipements de s\u00e9curit\u00e9).<\/li>\n<\/ul>\n\n\t\t<style type=\"text\/css\">\n\t\t\t#gallery-1 {\n\t\t\t\tmargin: auto;\n\t\t\t}\n\t\t\t#gallery-1 .gallery-item {\n\t\t\t\tfloat: left;\n\t\t\t\tmargin-top: 10px;\n\t\t\t\ttext-align: center;\n\t\t\t\twidth: 33%;\n\t\t\t}\n\t\t\t#gallery-1 img {\n\t\t\t\tborder: 2px solid #cfcfcf;\n\t\t\t}\n\t\t\t#gallery-1 .gallery-caption {\n\t\t\t\tmargin-left: 0;\n\t\t\t}\n\t\t\t\/* see gallery_shortcode() in wp-includes\/media.php *\/\n\t\t<\/style>\n\t\t<div id='gallery-1' class='gallery galleryid-1277 gallery-columns-3 gallery-size-thumbnail'><dl class='gallery-item'>\n\t\t\t<dt class='gallery-icon landscape'>\n\t\t\t\t<a href='http:\/\/www.crerf-mueb.eu\/wp-content\/uploads\/2018\/04\/2018-Simul_bateau_passagers-25.jpg'><img width=\"200\" height=\"150\" src=\"http:\/\/www.crerf-mueb.eu\/wp-content\/uploads\/2018\/04\/2018-Simul_bateau_passagers-25-200x150.jpg\" class=\"attachment-thumbnail size-thumbnail\" alt=\"\" decoding=\"async\" loading=\"lazy\" \/><\/a>\n\t\t\t<\/dt><\/dl><dl class='gallery-item'>\n\t\t\t<dt class='gallery-icon landscape'>\n\t\t\t\t<a href='http:\/\/www.crerf-mueb.eu\/wp-content\/uploads\/2018\/04\/2018-Simul_bateau_passagers-33.jpg'><img width=\"200\" height=\"150\" src=\"http:\/\/www.crerf-mueb.eu\/wp-content\/uploads\/2018\/04\/2018-Simul_bateau_passagers-33-200x150.jpg\" class=\"attachment-thumbnail size-thumbnail\" alt=\"\" decoding=\"async\" loading=\"lazy\" \/><\/a>\n\t\t\t<\/dt><\/dl><dl class='gallery-item'>\n\t\t\t<dt class='gallery-icon landscape'>\n\t\t\t\t<a href='http:\/\/www.crerf-mueb.eu\/wp-content\/uploads\/2018\/04\/2018-Simul_bateau_passagers-31.jpg'><img width=\"200\" height=\"150\" src=\"http:\/\/www.crerf-mueb.eu\/wp-content\/uploads\/2018\/04\/2018-Simul_bateau_passagers-31-200x150.jpg\" class=\"attachment-thumbnail size-thumbnail\" alt=\"\" decoding=\"async\" loading=\"lazy\" \/><\/a>\n\t\t\t<\/dt><\/dl><br style=\"clear: both\" \/><dl class='gallery-item'>\n\t\t\t<dt class='gallery-icon portrait'>\n\t\t\t\t<a href='http:\/\/www.crerf-mueb.eu\/wp-content\/uploads\/2018\/04\/2018-Simul_bateau_passagers-2.jpg'><img width=\"200\" height=\"150\" src=\"http:\/\/www.crerf-mueb.eu\/wp-content\/uploads\/2018\/04\/2018-Simul_bateau_passagers-2-200x150.jpg\" class=\"attachment-thumbnail size-thumbnail\" alt=\"\u00a9 EDIS\" decoding=\"async\" loading=\"lazy\" \/><\/a>\n\t\t\t<\/dt><\/dl><dl class='gallery-item'>\n\t\t\t<dt class='gallery-icon portrait'>\n\t\t\t\t<a href='http:\/\/www.crerf-mueb.eu\/wp-content\/uploads\/2018\/04\/2018-Simul_bateau_passagers-3.jpg'><img width=\"200\" height=\"150\" src=\"http:\/\/www.crerf-mueb.eu\/wp-content\/uploads\/2018\/04\/2018-Simul_bateau_passagers-3-200x150.jpg\" class=\"attachment-thumbnail size-thumbnail\" alt=\"\" decoding=\"async\" loading=\"lazy\" \/><\/a>\n\t\t\t<\/dt><\/dl><dl class='gallery-item'>\n\t\t\t<dt class='gallery-icon portrait'>\n\t\t\t\t<a href='http:\/\/www.crerf-mueb.eu\/wp-content\/uploads\/2018\/04\/2018-Simul_bateau_passagers-4.jpg'><img width=\"200\" height=\"150\" src=\"http:\/\/www.crerf-mueb.eu\/wp-content\/uploads\/2018\/04\/2018-Simul_bateau_passagers-4-200x150.jpg\" class=\"attachment-thumbnail size-thumbnail\" alt=\"\" decoding=\"async\" loading=\"lazy\" \/><\/a>\n\t\t\t<\/dt><\/dl><br style=\"clear: both\" \/><dl class='gallery-item'>\n\t\t\t<dt class='gallery-icon portrait'>\n\t\t\t\t<a href='http:\/\/www.crerf-mueb.eu\/wp-content\/uploads\/2018\/04\/2018-Simul_bateau_passagers-6.jpg'><img width=\"200\" height=\"150\" src=\"http:\/\/www.crerf-mueb.eu\/wp-content\/uploads\/2018\/04\/2018-Simul_bateau_passagers-6-200x150.jpg\" class=\"attachment-thumbnail size-thumbnail\" alt=\"\" decoding=\"async\" loading=\"lazy\" \/><\/a>\n\t\t\t<\/dt><\/dl><dl class='gallery-item'>\n\t\t\t<dt class='gallery-icon landscape'>\n\t\t\t\t<a href='http:\/\/www.crerf-mueb.eu\/wp-content\/uploads\/2018\/04\/2018-Simul_bateau_passagers-9.jpg'><img width=\"200\" height=\"150\" src=\"http:\/\/www.crerf-mueb.eu\/wp-content\/uploads\/2018\/04\/2018-Simul_bateau_passagers-9-200x150.jpg\" class=\"attachment-thumbnail size-thumbnail\" alt=\"\" decoding=\"async\" loading=\"lazy\" \/><\/a>\n\t\t\t<\/dt><\/dl><dl class='gallery-item'>\n\t\t\t<dt class='gallery-icon landscape'>\n\t\t\t\t<a href='http:\/\/www.crerf-mueb.eu\/wp-content\/uploads\/2018\/04\/2018-Simul_bateau_passagers-11.jpg'><img width=\"200\" height=\"150\" src=\"http:\/\/www.crerf-mueb.eu\/wp-content\/uploads\/2018\/04\/2018-Simul_bateau_passagers-11-200x150.jpg\" class=\"attachment-thumbnail size-thumbnail\" alt=\"\" decoding=\"async\" loading=\"lazy\" \/><\/a>\n\t\t\t<\/dt><\/dl><br style=\"clear: both\" \/><dl class='gallery-item'>\n\t\t\t<dt class='gallery-icon landscape'>\n\t\t\t\t<a href='http:\/\/www.crerf-mueb.eu\/wp-content\/uploads\/2018\/04\/2018-Simul_bateau_passagers-18.jpg'><img width=\"200\" height=\"150\" src=\"http:\/\/www.crerf-mueb.eu\/wp-content\/uploads\/2018\/04\/2018-Simul_bateau_passagers-18-200x150.jpg\" class=\"attachment-thumbnail size-thumbnail\" alt=\"\" decoding=\"async\" loading=\"lazy\" \/><\/a>\n\t\t\t<\/dt><\/dl><dl class='gallery-item'>\n\t\t\t<dt class='gallery-icon landscape'>\n\t\t\t\t<a href='http:\/\/www.crerf-mueb.eu\/wp-content\/uploads\/2018\/04\/2018-Simul_bateau_passagers-19.jpg'><img width=\"200\" height=\"150\" src=\"http:\/\/www.crerf-mueb.eu\/wp-content\/uploads\/2018\/04\/2018-Simul_bateau_passagers-19-200x150.jpg\" class=\"attachment-thumbnail size-thumbnail\" alt=\"\" decoding=\"async\" loading=\"lazy\" \/><\/a>\n\t\t\t<\/dt><\/dl><dl class='gallery-item'>\n\t\t\t<dt class='gallery-icon landscape'>\n\t\t\t\t<a href='http:\/\/www.crerf-mueb.eu\/wp-content\/uploads\/2018\/04\/2018-Simul_bateau_passagers-44.jpg'><img width=\"200\" height=\"150\" src=\"http:\/\/www.crerf-mueb.eu\/wp-content\/uploads\/2018\/04\/2018-Simul_bateau_passagers-44-200x150.jpg\" class=\"attachment-thumbnail size-thumbnail\" alt=\"\" decoding=\"async\" loading=\"lazy\" \/><\/a>\n\t\t\t<\/dt><\/dl><br style=\"clear: both\" \/><dl class='gallery-item'>\n\t\t\t<dt class='gallery-icon landscape'>\n\t\t\t\t<a href='http:\/\/www.crerf-mueb.eu\/wp-content\/uploads\/2018\/04\/2018-Simul_bateau_passagers-47.jpg'><img width=\"200\" height=\"150\" src=\"http:\/\/www.crerf-mueb.eu\/wp-content\/uploads\/2018\/04\/2018-Simul_bateau_passagers-47-200x150.jpg\" class=\"attachment-thumbnail size-thumbnail\" alt=\"\" decoding=\"async\" loading=\"lazy\" \/><\/a>\n\t\t\t<\/dt><\/dl>\n\t\t\t<br style='clear: both' \/>\n\t\t<\/div>\n\n","protected":false},"excerpt":{"rendered":"<p>Sur une surface d\u2019environ 100 m\u00b2, le Regina Rheni accueille un simulateur \u00ab bateau \u00e0 passagers \u00bb \u00e0 son bord. Il se compose de deux zones : un point de p\u00e9n\u00e9tration, avec commandes et reports de diff\u00e9rents moyens de secours existants sur les bateaux \u00e0 passagers ; une zone de progression comprenant des coursives, des [&hellip;]<\/p>\n","protected":false},"author":3,"featured_media":0,"parent":177,"menu_order":0,"comment_status":"closed","ping_status":"closed","template":"","meta":{"_mi_skip_tracking":false},"yoast_head":"<!-- This site is optimized with the Yoast SEO plugin v20.5 - https:\/\/yoast.com\/wordpress\/plugins\/seo\/ -->\n<title>Bateau \u00e0 passagers - CRERF M\u00dcB<\/title>\n<meta name=\"robots\" content=\"index, follow, max-snippet:-1, max-image-preview:large, max-video-preview:-1\" \/>\n<link rel=\"canonical\" href=\"http:\/\/www.crerf-mueb.eu\/de\/equipements\/simulateurs-et-modules\/bateau-a-passagers\/\" \/>\n<meta property=\"og:locale\" content=\"de_DE\" \/>\n<meta property=\"og:type\" content=\"article\" \/>\n<meta property=\"og:title\" content=\"Bateau \u00e0 passagers - CRERF M\u00dcB\" \/>\n<meta property=\"og:description\" content=\"Sur une surface d\u2019environ 100 m\u00b2, le Regina Rheni accueille un simulateur \u00ab bateau \u00e0 passagers \u00bb \u00e0 son bord. Il se compose de deux zones : un point de p\u00e9n\u00e9tration, avec commandes et reports de diff\u00e9rents moyens de secours existants sur les bateaux \u00e0 passagers ; une zone de progression comprenant des coursives, des [&hellip;]\" \/>\n<meta property=\"og:url\" content=\"http:\/\/www.crerf-mueb.eu\/de\/equipements\/simulateurs-et-modules\/bateau-a-passagers\/\" \/>\n<meta property=\"og:site_name\" content=\"CRERF M\u00dcB\" \/>\n<meta property=\"article:modified_time\" content=\"2018-04-05T12:35:59+00:00\" \/>\n<meta property=\"og:image\" content=\"http:\/\/www.crerf-mueb.eu\/wp-content\/uploads\/2018\/04\/2018-Simul_bateau_passagers-25-200x150.jpg\" \/>\n<meta name=\"twitter:card\" content=\"summary_large_image\" \/>\n<meta name=\"twitter:label1\" content=\"Gesch\u00e4tzte Lesezeit\" \/>\n\t<meta name=\"twitter:data1\" content=\"1\u00a0Minute\" \/>\n<script type=\"application\/ld+json\" class=\"yoast-schema-graph\">{\"@context\":\"https:\/\/schema.org\",\"@graph\":[{\"@type\":\"WebPage\",\"@id\":\"http:\/\/www.crerf-mueb.eu\/de\/equipements\/simulateurs-et-modules\/bateau-a-passagers\/\",\"url\":\"http:\/\/www.crerf-mueb.eu\/de\/equipements\/simulateurs-et-modules\/bateau-a-passagers\/\",\"name\":\"Bateau \u00e0 passagers - CRERF M\u00dcB\",\"isPartOf\":{\"@id\":\"https:\/\/www.crerf-mueb.eu\/#website\"},\"datePublished\":\"2018-04-05T12:27:43+00:00\",\"dateModified\":\"2018-04-05T12:35:59+00:00\",\"breadcrumb\":{\"@id\":\"http:\/\/www.crerf-mueb.eu\/de\/equipements\/simulateurs-et-modules\/bateau-a-passagers\/#breadcrumb\"},\"inLanguage\":\"de\",\"potentialAction\":[{\"@type\":\"ReadAction\",\"target\":[\"http:\/\/www.crerf-mueb.eu\/de\/equipements\/simulateurs-et-modules\/bateau-a-passagers\/\"]}]},{\"@type\":\"BreadcrumbList\",\"@id\":\"http:\/\/www.crerf-mueb.eu\/de\/equipements\/simulateurs-et-modules\/bateau-a-passagers\/#breadcrumb\",\"itemListElement\":[{\"@type\":\"ListItem\",\"position\":1,\"name\":\"Accueil\",\"item\":\"http:\/\/www.crerf-mueb.eu\/de\/\"},{\"@type\":\"ListItem\",\"position\":2,\"name\":\"\u00c9quipements\",\"item\":\"http:\/\/www.crerf-mueb.eu\/equipements\/\"},{\"@type\":\"ListItem\",\"position\":3,\"name\":\"Simulateurs et modules\",\"item\":\"http:\/\/www.crerf-mueb.eu\/equipements\/simulateurs-et-modules\/\"},{\"@type\":\"ListItem\",\"position\":4,\"name\":\"Bateau \u00e0 passagers\"}]},{\"@type\":\"WebSite\",\"@id\":\"https:\/\/www.crerf-mueb.eu\/#website\",\"url\":\"https:\/\/www.crerf-mueb.eu\/\",\"name\":\"CRERF M\u00dcB\",\"description\":\"River Risk Control Training Center\",\"potentialAction\":[{\"@type\":\"SearchAction\",\"target\":{\"@type\":\"EntryPoint\",\"urlTemplate\":\"https:\/\/www.crerf-mueb.eu\/?s={search_term_string}\"},\"query-input\":\"required name=search_term_string\"}],\"inLanguage\":\"de\"}]}<\/script>\n<!-- \/ Yoast SEO plugin. -->","yoast_head_json":{"title":"Bateau \u00e0 passagers - CRERF M\u00dcB","robots":{"index":"index","follow":"follow","max-snippet":"max-snippet:-1","max-image-preview":"max-image-preview:large","max-video-preview":"max-video-preview:-1"},"canonical":"http:\/\/www.crerf-mueb.eu\/de\/equipements\/simulateurs-et-modules\/bateau-a-passagers\/","og_locale":"de_DE","og_type":"article","og_title":"Bateau \u00e0 passagers - CRERF M\u00dcB","og_description":"Sur une surface d\u2019environ 100 m\u00b2, le Regina Rheni accueille un simulateur \u00ab bateau \u00e0 passagers \u00bb \u00e0 son bord. Il se compose de deux zones : un point de p\u00e9n\u00e9tration, avec commandes et reports de diff\u00e9rents moyens de secours existants sur les bateaux \u00e0 passagers ; une zone de progression comprenant des coursives, des [&hellip;]","og_url":"http:\/\/www.crerf-mueb.eu\/de\/equipements\/simulateurs-et-modules\/bateau-a-passagers\/","og_site_name":"CRERF M\u00dcB","article_modified_time":"2018-04-05T12:35:59+00:00","og_image":[{"url":"http:\/\/www.crerf-mueb.eu\/wp-content\/uploads\/2018\/04\/2018-Simul_bateau_passagers-25-200x150.jpg"}],"twitter_card":"summary_large_image","twitter_misc":{"Gesch\u00e4tzte Lesezeit":"1\u00a0Minute"},"schema":{"@context":"https:\/\/schema.org","@graph":[{"@type":"WebPage","@id":"http:\/\/www.crerf-mueb.eu\/de\/equipements\/simulateurs-et-modules\/bateau-a-passagers\/","url":"http:\/\/www.crerf-mueb.eu\/de\/equipements\/simulateurs-et-modules\/bateau-a-passagers\/","name":"Bateau \u00e0 passagers - CRERF M\u00dcB","isPartOf":{"@id":"https:\/\/www.crerf-mueb.eu\/#website"},"datePublished":"2018-04-05T12:27:43+00:00","dateModified":"2018-04-05T12:35:59+00:00","breadcrumb":{"@id":"http:\/\/www.crerf-mueb.eu\/de\/equipements\/simulateurs-et-modules\/bateau-a-passagers\/#breadcrumb"},"inLanguage":"de","potentialAction":[{"@type":"ReadAction","target":["http:\/\/www.crerf-mueb.eu\/de\/equipements\/simulateurs-et-modules\/bateau-a-passagers\/"]}]},{"@type":"BreadcrumbList","@id":"http:\/\/www.crerf-mueb.eu\/de\/equipements\/simulateurs-et-modules\/bateau-a-passagers\/#breadcrumb","itemListElement":[{"@type":"ListItem","position":1,"name":"Accueil","item":"http:\/\/www.crerf-mueb.eu\/de\/"},{"@type":"ListItem","position":2,"name":"\u00c9quipements","item":"http:\/\/www.crerf-mueb.eu\/equipements\/"},{"@type":"ListItem","position":3,"name":"Simulateurs et modules","item":"http:\/\/www.crerf-mueb.eu\/equipements\/simulateurs-et-modules\/"},{"@type":"ListItem","position":4,"name":"Bateau \u00e0 passagers"}]},{"@type":"WebSite","@id":"https:\/\/www.crerf-mueb.eu\/#website","url":"https:\/\/www.crerf-mueb.eu\/","name":"CRERF M\u00dcB","description":"River Risk Control Training Center","potentialAction":[{"@type":"SearchAction","target":{"@type":"EntryPoint","urlTemplate":"https:\/\/www.crerf-mueb.eu\/?s={search_term_string}"},"query-input":"required name=search_term_string"}],"inLanguage":"de"}]}},"_links":{"self":[{"href":"http:\/\/www.crerf-mueb.eu\/de\/wp-json\/wp\/v2\/pages\/1277"}],"collection":[{"href":"http:\/\/www.crerf-mueb.eu\/de\/wp-json\/wp\/v2\/pages"}],"about":[{"href":"http:\/\/www.crerf-mueb.eu\/de\/wp-json\/wp\/v2\/types\/page"}],"author":[{"embeddable":true,"href":"http:\/\/www.crerf-mueb.eu\/de\/wp-json\/wp\/v2\/users\/3"}],"replies":[{"embeddable":true,"href":"http:\/\/www.crerf-mueb.eu\/de\/wp-json\/wp\/v2\/comments?post=1277"}],"version-history":[{"count":4,"href":"http:\/\/www.crerf-mueb.eu\/de\/wp-json\/wp\/v2\/pages\/1277\/revisions"}],"predecessor-version":[{"id":1295,"href":"http:\/\/www.crerf-mueb.eu\/de\/wp-json\/wp\/v2\/pages\/1277\/revisions\/1295"}],"up":[{"embeddable":true,"href":"http:\/\/www.crerf-mueb.eu\/de\/wp-json\/wp\/v2\/pages\/177"}],"wp:attachment":[{"href":"http:\/\/www.crerf-mueb.eu\/de\/wp-json\/wp\/v2\/media?parent=1277"}],"curies":[{"name":"wp","href":"https:\/\/api.w.org\/{rel}","templated":true}]}}