{"id":165,"date":"2015-05-12T11:05:31","date_gmt":"2015-05-12T10:05:31","guid":{"rendered":"http:\/\/www.crerf-mueb.eu\/?page_id=165"},"modified":"2015-06-11T09:26:40","modified_gmt":"2015-06-11T08:26:40","slug":"projet-europeen","status":"publish","type":"page","link":"http:\/\/www.crerf-mueb.eu\/de\/le-crerf\/projet-europeen\/","title":{"rendered":"Projet Europ\u00e9en"},"content":{"rendered":"<ul>\n<li><a href=\"http:\/\/www.crerf-mueb.eu\/le-crerf\/projet-europeen\/deroulement-du-projet\/\">D\u00e9roulement du projet<\/a><\/li>\n<\/ul>\n<ul>\n<li><a href=\"http:\/\/www.crerf-mueb.eu\/le-crerf\/projet-europeen\/partenaires\/\">Partenaires<\/a><\/li>\n<\/ul>\n","protected":false},"excerpt":{"rendered":"<p>D\u00e9roulement du projet Partenaires<\/p>\n","protected":false},"author":2,"featured_media":0,"parent":9,"menu_order":0,"comment_status":"open","ping_status":"open","template":"","meta":{"_mi_skip_tracking":false},"yoast_head":"<!-- This site is optimized with the Yoast SEO plugin v20.5 - https:\/\/yoast.com\/wordpress\/plugins\/seo\/ -->\n<title>Projet Europ\u00e9en - CRERF M\u00dcB<\/title>\n<meta name=\"description\" content=\"Le CRERF est un projet europ\u00e9en pour plus de s\u00e9curit\u00e9 sur le Rhin.\" \/>\n<meta name=\"robots\" content=\"index, follow, max-snippet:-1, max-image-preview:large, max-video-preview:-1\" \/>\n<link rel=\"canonical\" href=\"http:\/\/www.crerf-mueb.eu\/de\/le-crerf\/projet-europeen\/\" \/>\n<meta property=\"og:locale\" content=\"de_DE\" \/>\n<meta property=\"og:type\" content=\"article\" \/>\n<meta property=\"og:title\" content=\"Projet Europ\u00e9en - CRERF M\u00dcB\" \/>\n<meta property=\"og:description\" content=\"Le CRERF est un projet europ\u00e9en pour plus de s\u00e9curit\u00e9 sur le Rhin.\" \/>\n<meta property=\"og:url\" content=\"http:\/\/www.crerf-mueb.eu\/de\/le-crerf\/projet-europeen\/\" \/>\n<meta property=\"og:site_name\" content=\"CRERF M\u00dcB\" \/>\n<meta property=\"article:modified_time\" content=\"2015-06-11T08:26:40+00:00\" \/>\n<meta name=\"twitter:card\" content=\"summary_large_image\" \/>\n<script type=\"application\/ld+json\" class=\"yoast-schema-graph\">{\"@context\":\"https:\/\/schema.org\",\"@graph\":[{\"@type\":\"WebPage\",\"@id\":\"http:\/\/www.crerf-mueb.eu\/de\/le-crerf\/projet-europeen\/\",\"url\":\"http:\/\/www.crerf-mueb.eu\/de\/le-crerf\/projet-europeen\/\",\"name\":\"Projet Europ\u00e9en - CRERF M\u00dcB\",\"isPartOf\":{\"@id\":\"http:\/\/www.crerf-mueb.eu\/#website\"},\"datePublished\":\"2015-05-12T10:05:31+00:00\",\"dateModified\":\"2015-06-11T08:26:40+00:00\",\"description\":\"Le CRERF est un projet europ\u00e9en pour plus de s\u00e9curit\u00e9 sur le Rhin.\",\"breadcrumb\":{\"@id\":\"http:\/\/www.crerf-mueb.eu\/de\/le-crerf\/projet-europeen\/#breadcrumb\"},\"inLanguage\":\"de\",\"potentialAction\":[{\"@type\":\"ReadAction\",\"target\":[\"http:\/\/www.crerf-mueb.eu\/de\/le-crerf\/projet-europeen\/\"]}]},{\"@type\":\"BreadcrumbList\",\"@id\":\"http:\/\/www.crerf-mueb.eu\/de\/le-crerf\/projet-europeen\/#breadcrumb\",\"itemListElement\":[{\"@type\":\"ListItem\",\"position\":1,\"name\":\"Accueil\",\"item\":\"https:\/\/www.crerf-mueb.eu\/de\/\"},{\"@type\":\"ListItem\",\"position\":2,\"name\":\"Le CRERF\",\"item\":\"https:\/\/www.crerf-mueb.eu\/de\/le-crerf\/\"},{\"@type\":\"ListItem\",\"position\":3,\"name\":\"Projet Europ\u00e9en\"}]},{\"@type\":\"WebSite\",\"@id\":\"http:\/\/www.crerf-mueb.eu\/#website\",\"url\":\"http:\/\/www.crerf-mueb.eu\/\",\"name\":\"CRERF M\u00dcB\",\"description\":\"River Risk Control Training Center\",\"potentialAction\":[{\"@type\":\"SearchAction\",\"target\":{\"@type\":\"EntryPoint\",\"urlTemplate\":\"http:\/\/www.crerf-mueb.eu\/?s={search_term_string}\"},\"query-input\":\"required name=search_term_string\"}],\"inLanguage\":\"de\"}]}<\/script>\n<!-- \/ Yoast SEO plugin. -->","yoast_head_json":{"title":"Projet Europ\u00e9en - CRERF M\u00dcB","description":"Le CRERF est un projet europ\u00e9en pour plus de s\u00e9curit\u00e9 sur le Rhin.","robots":{"index":"index","follow":"follow","max-snippet":"max-snippet:-1","max-image-preview":"max-image-preview:large","max-video-preview":"max-video-preview:-1"},"canonical":"http:\/\/www.crerf-mueb.eu\/de\/le-crerf\/projet-europeen\/","og_locale":"de_DE","og_type":"article","og_title":"Projet Europ\u00e9en - CRERF M\u00dcB","og_description":"Le CRERF est un projet europ\u00e9en pour plus de s\u00e9curit\u00e9 sur le Rhin.","og_url":"http:\/\/www.crerf-mueb.eu\/de\/le-crerf\/projet-europeen\/","og_site_name":"CRERF M\u00dcB","article_modified_time":"2015-06-11T08:26:40+00:00","twitter_card":"summary_large_image","schema":{"@context":"https:\/\/schema.org","@graph":[{"@type":"WebPage","@id":"http:\/\/www.crerf-mueb.eu\/de\/le-crerf\/projet-europeen\/","url":"http:\/\/www.crerf-mueb.eu\/de\/le-crerf\/projet-europeen\/","name":"Projet Europ\u00e9en - CRERF M\u00dcB","isPartOf":{"@id":"http:\/\/www.crerf-mueb.eu\/#website"},"datePublished":"2015-05-12T10:05:31+00:00","dateModified":"2015-06-11T08:26:40+00:00","description":"Le CRERF est un projet europ\u00e9en pour plus de s\u00e9curit\u00e9 sur le Rhin.","breadcrumb":{"@id":"http:\/\/www.crerf-mueb.eu\/de\/le-crerf\/projet-europeen\/#breadcrumb"},"inLanguage":"de","potentialAction":[{"@type":"ReadAction","target":["http:\/\/www.crerf-mueb.eu\/de\/le-crerf\/projet-europeen\/"]}]},{"@type":"BreadcrumbList","@id":"http:\/\/www.crerf-mueb.eu\/de\/le-crerf\/projet-europeen\/#breadcrumb","itemListElement":[{"@type":"ListItem","position":1,"name":"Accueil","item":"https:\/\/www.crerf-mueb.eu\/de\/"},{"@type":"ListItem","position":2,"name":"Le CRERF","item":"https:\/\/www.crerf-mueb.eu\/de\/le-crerf\/"},{"@type":"ListItem","position":3,"name":"Projet Europ\u00e9en"}]},{"@type":"WebSite","@id":"http:\/\/www.crerf-mueb.eu\/#website","url":"http:\/\/www.crerf-mueb.eu\/","name":"CRERF M\u00dcB","description":"River Risk Control Training Center","potentialAction":[{"@type":"SearchAction","target":{"@type":"EntryPoint","urlTemplate":"http:\/\/www.crerf-mueb.eu\/?s={search_term_string}"},"query-input":"required name=search_term_string"}],"inLanguage":"de"}]}},"_links":{"self":[{"href":"http:\/\/www.crerf-mueb.eu\/de\/wp-json\/wp\/v2\/pages\/165"}],"collection":[{"href":"http:\/\/www.crerf-mueb.eu\/de\/wp-json\/wp\/v2\/pages"}],"about":[{"href":"http:\/\/www.crerf-mueb.eu\/de\/wp-json\/wp\/v2\/types\/page"}],"author":[{"embeddable":true,"href":"http:\/\/www.crerf-mueb.eu\/de\/wp-json\/wp\/v2\/users\/2"}],"replies":[{"embeddable":true,"href":"http:\/\/www.crerf-mueb.eu\/de\/wp-json\/wp\/v2\/comments?post=165"}],"version-history":[{"count":5,"href":"http:\/\/www.crerf-mueb.eu\/de\/wp-json\/wp\/v2\/pages\/165\/revisions"}],"predecessor-version":[{"id":735,"href":"http:\/\/www.crerf-mueb.eu\/de\/wp-json\/wp\/v2\/pages\/165\/revisions\/735"}],"up":[{"embeddable":true,"href":"http:\/\/www.crerf-mueb.eu\/de\/wp-json\/wp\/v2\/pages\/9"}],"wp:attachment":[{"href":"http:\/\/www.crerf-mueb.eu\/de\/wp-json\/wp\/v2\/media?parent=165"}],"curies":[{"name":"wp","href":"https:\/\/api.w.org\/{rel}","templated":true}]}}