{"id":173,"date":"2015-05-12T11:07:04","date_gmt":"2015-05-12T10:07:04","guid":{"rendered":"http:\/\/www.crerf-mueb.eu\/?page_id=173"},"modified":"2015-05-27T09:55:01","modified_gmt":"2015-05-27T08:55:01","slug":"partenaires","status":"publish","type":"page","link":"http:\/\/www.crerf-mueb.eu\/de\/le-crerf\/projet-europeen\/partenaires\/","title":{"rendered":"Partenaires"},"content":{"rendered":"<h2>Les partenaires et le financement du projet<\/h2>\n<p><strong>Le projet est le fruit de la coop\u00e9ration entre les services d\u2019incendie et de secours du Bas-Rhin (ma\u00eetre d\u2019ouvrage), et du Haut-Rhin, ainsi que des Minist\u00e8res de l\u2019Int\u00e9rieur des L\u00e4nder du Bade-Wurtemberg et de Rh\u00e9nanie-Palatinat (Allemagne). Les sapeurs-pompiers du canton de B\u00e2le-Ville (Suisse) ainsi que le Minist\u00e8re de l\u2019Int\u00e9rieur du Land de Hesse (Allemagne) ont \u00e9galement apport\u00e9 leur soutien technique.<\/strong><\/p>\n<p>Le budget global de la r\u00e9alisation du CRERF s\u2019\u00e9l\u00e8ve \u00e0 2 994 000 \u20ac HT soit 3,6 M \u20ac TTC r\u00e9partis comme suit :<\/p>\n<h3>Union europ\u00e9enne<\/h3>\n<p>1 336 538 \u20ac<\/p>\n<h3>France<\/h3>\n<p>\u00c9tat fran\u00e7ais : 180 000 \u20ac<br \/>\nR\u00e9gion Alsace : 130 000 \u20ac<br \/>\nPort autonome du Strasbourg : 50 000 \u20ac<br \/>\nService d\u00e9partemental d\u2019incendie et de secours du Bas-Rhin : 285 461 \u20ac<br \/>\nService d\u00e9partemental d\u2019incendie et de secours du Haut-Rhin : 100 000 \u20ac<\/p>\n<h3>Allemagne<\/h3>\n<p>Land de Bade-Wurtemberg : 574 667 \u20ac<br \/>\nLand de Rh\u00e9nanie-Palatinat : 287 334 \u20ac<br \/>\nGewerbepark Breisgau : 50 000 \u20ac<\/p>\n<p><strong>La gestion administrative et technique du CRERF est assur\u00e9e par le <a href=\"http:\/\/www.sdis67.com\" target=\"_blank\">service d\u00e9partemental d\u2019incendie et de secours du Bas-Rhin (SDIS 67)<\/a> en sa qualit\u00e9 de propri\u00e9taire.<\/strong> Le planning pr\u00e9visionnel des formations pr\u00e9voit un quota d&#8217;utilisation r\u00e9parti sur les diff\u00e9rents territoires pour le Bade-Wurtemberg, la Rh\u00e9nanie-Palatinat, le SDIS du Haut-Rhin et le SDIS du Bas-Rhin. Des utilisateurs tiers provenant d\u2019autres r\u00e9gions peuvent \u00e9galement r\u00e9server des formations \u00e0 bord.<\/p>\n","protected":false},"excerpt":{"rendered":"<p>Les partenaires et le financement du projet Le projet est le fruit de la coop\u00e9ration entre les services d\u2019incendie et de secours du Bas-Rhin (ma\u00eetre d\u2019ouvrage), et du Haut-Rhin, ainsi que des Minist\u00e8res de l\u2019Int\u00e9rieur des L\u00e4nder du Bade-Wurtemberg et de Rh\u00e9nanie-Palatinat (Allemagne). Les sapeurs-pompiers du canton de B\u00e2le-Ville (Suisse) ainsi que le Minist\u00e8re de [&hellip;]<\/p>\n","protected":false},"author":2,"featured_media":0,"parent":165,"menu_order":0,"comment_status":"open","ping_status":"open","template":"","meta":{"_mi_skip_tracking":false},"yoast_head":"<!-- This site is optimized with the Yoast SEO plugin v20.5 - https:\/\/yoast.com\/wordpress\/plugins\/seo\/ -->\n<title>Partenaires - CRERF M\u00dcB<\/title>\n<meta name=\"description\" content=\"Le projet est le fruit de la coop\u00e9ration entre les SDIS 67 et 68, et les Minist\u00e8res de l\u2019Int\u00e9rieur des L\u00e4nder du Bade-Wurtemberg et de Rh\u00e9nanie-Palatinat.\" \/>\n<meta name=\"robots\" content=\"index, follow, max-snippet:-1, max-image-preview:large, max-video-preview:-1\" \/>\n<link rel=\"canonical\" href=\"http:\/\/www.crerf-mueb.eu\/de\/le-crerf\/projet-europeen\/partenaires\/\" \/>\n<meta property=\"og:locale\" content=\"de_DE\" \/>\n<meta property=\"og:type\" content=\"article\" \/>\n<meta property=\"og:title\" content=\"Partenaires - CRERF M\u00dcB\" \/>\n<meta property=\"og:description\" content=\"Le projet est le fruit de la coop\u00e9ration entre les SDIS 67 et 68, et les Minist\u00e8res de l\u2019Int\u00e9rieur des L\u00e4nder du Bade-Wurtemberg et de Rh\u00e9nanie-Palatinat.\" \/>\n<meta property=\"og:url\" content=\"http:\/\/www.crerf-mueb.eu\/de\/le-crerf\/projet-europeen\/partenaires\/\" \/>\n<meta property=\"og:site_name\" content=\"CRERF M\u00dcB\" \/>\n<meta property=\"article:modified_time\" content=\"2015-05-27T08:55:01+00:00\" \/>\n<meta name=\"twitter:card\" content=\"summary_large_image\" \/>\n<meta name=\"twitter:label1\" content=\"Gesch\u00e4tzte Lesezeit\" \/>\n\t<meta name=\"twitter:data1\" content=\"1\u00a0Minute\" \/>\n<script type=\"application\/ld+json\" class=\"yoast-schema-graph\">{\"@context\":\"https:\/\/schema.org\",\"@graph\":[{\"@type\":\"WebPage\",\"@id\":\"http:\/\/www.crerf-mueb.eu\/de\/le-crerf\/projet-europeen\/partenaires\/\",\"url\":\"http:\/\/www.crerf-mueb.eu\/de\/le-crerf\/projet-europeen\/partenaires\/\",\"name\":\"Partenaires - CRERF M\u00dcB\",\"isPartOf\":{\"@id\":\"http:\/\/www.crerf-mueb.eu\/de\/#website\"},\"datePublished\":\"2015-05-12T10:07:04+00:00\",\"dateModified\":\"2015-05-27T08:55:01+00:00\",\"description\":\"Le projet est le fruit de la coop\u00e9ration entre les SDIS 67 et 68, et les Minist\u00e8res de l\u2019Int\u00e9rieur des L\u00e4nder du Bade-Wurtemberg et de Rh\u00e9nanie-Palatinat.\",\"breadcrumb\":{\"@id\":\"http:\/\/www.crerf-mueb.eu\/de\/le-crerf\/projet-europeen\/partenaires\/#breadcrumb\"},\"inLanguage\":\"de\",\"potentialAction\":[{\"@type\":\"ReadAction\",\"target\":[\"http:\/\/www.crerf-mueb.eu\/de\/le-crerf\/projet-europeen\/partenaires\/\"]}]},{\"@type\":\"BreadcrumbList\",\"@id\":\"http:\/\/www.crerf-mueb.eu\/de\/le-crerf\/projet-europeen\/partenaires\/#breadcrumb\",\"itemListElement\":[{\"@type\":\"ListItem\",\"position\":1,\"name\":\"Accueil\",\"item\":\"http:\/\/www.crerf-mueb.eu\/de\/\"},{\"@type\":\"ListItem\",\"position\":2,\"name\":\"Le CRERF\",\"item\":\"http:\/\/www.crerf-mueb.eu\/de\/le-crerf\/\"},{\"@type\":\"ListItem\",\"position\":3,\"name\":\"Projet Europ\u00e9en\",\"item\":\"http:\/\/www.crerf-mueb.eu\/de\/le-crerf\/projet-europeen\/\"},{\"@type\":\"ListItem\",\"position\":4,\"name\":\"Partenaires\"}]},{\"@type\":\"WebSite\",\"@id\":\"http:\/\/www.crerf-mueb.eu\/de\/#website\",\"url\":\"http:\/\/www.crerf-mueb.eu\/de\/\",\"name\":\"CRERF M\u00dcB\",\"description\":\"River Risk Control Training Center\",\"potentialAction\":[{\"@type\":\"SearchAction\",\"target\":{\"@type\":\"EntryPoint\",\"urlTemplate\":\"http:\/\/www.crerf-mueb.eu\/de\/?s={search_term_string}\"},\"query-input\":\"required name=search_term_string\"}],\"inLanguage\":\"de\"}]}<\/script>\n<!-- \/ Yoast SEO plugin. -->","yoast_head_json":{"title":"Partenaires - CRERF M\u00dcB","description":"Le projet est le fruit de la coop\u00e9ration entre les SDIS 67 et 68, et les Minist\u00e8res de l\u2019Int\u00e9rieur des L\u00e4nder du Bade-Wurtemberg et de Rh\u00e9nanie-Palatinat.","robots":{"index":"index","follow":"follow","max-snippet":"max-snippet:-1","max-image-preview":"max-image-preview:large","max-video-preview":"max-video-preview:-1"},"canonical":"http:\/\/www.crerf-mueb.eu\/de\/le-crerf\/projet-europeen\/partenaires\/","og_locale":"de_DE","og_type":"article","og_title":"Partenaires - CRERF M\u00dcB","og_description":"Le projet est le fruit de la coop\u00e9ration entre les SDIS 67 et 68, et les Minist\u00e8res de l\u2019Int\u00e9rieur des L\u00e4nder du Bade-Wurtemberg et de Rh\u00e9nanie-Palatinat.","og_url":"http:\/\/www.crerf-mueb.eu\/de\/le-crerf\/projet-europeen\/partenaires\/","og_site_name":"CRERF M\u00dcB","article_modified_time":"2015-05-27T08:55:01+00:00","twitter_card":"summary_large_image","twitter_misc":{"Gesch\u00e4tzte Lesezeit":"1\u00a0Minute"},"schema":{"@context":"https:\/\/schema.org","@graph":[{"@type":"WebPage","@id":"http:\/\/www.crerf-mueb.eu\/de\/le-crerf\/projet-europeen\/partenaires\/","url":"http:\/\/www.crerf-mueb.eu\/de\/le-crerf\/projet-europeen\/partenaires\/","name":"Partenaires - CRERF M\u00dcB","isPartOf":{"@id":"http:\/\/www.crerf-mueb.eu\/de\/#website"},"datePublished":"2015-05-12T10:07:04+00:00","dateModified":"2015-05-27T08:55:01+00:00","description":"Le projet est le fruit de la coop\u00e9ration entre les SDIS 67 et 68, et les Minist\u00e8res de l\u2019Int\u00e9rieur des L\u00e4nder du Bade-Wurtemberg et de Rh\u00e9nanie-Palatinat.","breadcrumb":{"@id":"http:\/\/www.crerf-mueb.eu\/de\/le-crerf\/projet-europeen\/partenaires\/#breadcrumb"},"inLanguage":"de","potentialAction":[{"@type":"ReadAction","target":["http:\/\/www.crerf-mueb.eu\/de\/le-crerf\/projet-europeen\/partenaires\/"]}]},{"@type":"BreadcrumbList","@id":"http:\/\/www.crerf-mueb.eu\/de\/le-crerf\/projet-europeen\/partenaires\/#breadcrumb","itemListElement":[{"@type":"ListItem","position":1,"name":"Accueil","item":"http:\/\/www.crerf-mueb.eu\/de\/"},{"@type":"ListItem","position":2,"name":"Le CRERF","item":"http:\/\/www.crerf-mueb.eu\/de\/le-crerf\/"},{"@type":"ListItem","position":3,"name":"Projet Europ\u00e9en","item":"http:\/\/www.crerf-mueb.eu\/de\/le-crerf\/projet-europeen\/"},{"@type":"ListItem","position":4,"name":"Partenaires"}]},{"@type":"WebSite","@id":"http:\/\/www.crerf-mueb.eu\/de\/#website","url":"http:\/\/www.crerf-mueb.eu\/de\/","name":"CRERF M\u00dcB","description":"River Risk Control Training Center","potentialAction":[{"@type":"SearchAction","target":{"@type":"EntryPoint","urlTemplate":"http:\/\/www.crerf-mueb.eu\/de\/?s={search_term_string}"},"query-input":"required name=search_term_string"}],"inLanguage":"de"}]}},"_links":{"self":[{"href":"http:\/\/www.crerf-mueb.eu\/de\/wp-json\/wp\/v2\/pages\/173"}],"collection":[{"href":"http:\/\/www.crerf-mueb.eu\/de\/wp-json\/wp\/v2\/pages"}],"about":[{"href":"http:\/\/www.crerf-mueb.eu\/de\/wp-json\/wp\/v2\/types\/page"}],"author":[{"embeddable":true,"href":"http:\/\/www.crerf-mueb.eu\/de\/wp-json\/wp\/v2\/users\/2"}],"replies":[{"embeddable":true,"href":"http:\/\/www.crerf-mueb.eu\/de\/wp-json\/wp\/v2\/comments?post=173"}],"version-history":[{"count":3,"href":"http:\/\/www.crerf-mueb.eu\/de\/wp-json\/wp\/v2\/pages\/173\/revisions"}],"predecessor-version":[{"id":439,"href":"http:\/\/www.crerf-mueb.eu\/de\/wp-json\/wp\/v2\/pages\/173\/revisions\/439"}],"up":[{"embeddable":true,"href":"http:\/\/www.crerf-mueb.eu\/de\/wp-json\/wp\/v2\/pages\/165"}],"wp:attachment":[{"href":"http:\/\/www.crerf-mueb.eu\/de\/wp-json\/wp\/v2\/media?parent=173"}],"curies":[{"name":"wp","href":"https:\/\/api.w.org\/{rel}","templated":true}]}}