{"id":175,"date":"2015-05-12T11:07:15","date_gmt":"2015-05-12T10:07:15","guid":{"rendered":"http:\/\/www.crerf-mueb.eu\/?page_id=175"},"modified":"2015-05-27T10:01:57","modified_gmt":"2015-05-27T09:01:57","slug":"partner","status":"publish","type":"page","link":"http:\/\/www.crerf-mueb.eu\/de\/die-mu%cc%88b\/europaisches-projekt\/partner\/","title":{"rendered":"Partner"},"content":{"rendered":"<h2>Partner und Finanzierung des Projektes<\/h2>\n<p>Das Projekt ergibt sich aus der Zusammenarbeit zwischen den Feuerwehrbeh\u00f6rden der franz\u00f6sischen Departements Bas-Rhin (Projekttr\u00e4ger) und Haut-Rhin wie auch der Innenministerien der L\u00e4nder Baden-W\u00fcrttemberg und Rheinland-Pfalz (Deutschland). Die Feuerwehr des Kantons Basel-Stadt (Schweiz) und das Innenministerium des Landes Hessen (Deutschland) haben auch technisch hierzu beigetragen.<\/p>\n<p>Das Gesamtbudget zur Umsetzung des Projektes M\u00dcB betr\u00e4gt 2 994 000 \u20ac ohne MwSt. (3,6 M \u20ac mit MwSt) und setzt sich zusammen wie folgt:<\/p>\n<h3>Europ\u00e4ische Union<\/h3>\n<p>1.336.538 \u20ac<\/p>\n<h3>Frankreich<\/h3>\n<p>Franz\u00f6sischer Staat: 180.000 \u20ac<br \/>\nRegion Elsass: 130.000 \u20ac<br \/>\nHafenverwaltung Strasbourg: 50.000 \u20ac<br \/>\nFeuerwehrbeh\u00f6rde des Departement Bas-Rhin: 285.461 \u20ac<br \/>\nFeuerwehrbeh\u00f6rde des Departement Haut-Rhin: 100.000 \u20ac<\/p>\n<h3>Deutschland<\/h3>\n<p>Land Baden-W\u00fcrttemberg: 574.667 \u20ac<br \/>\nLand Rheinland-Pfalz: 287.334 \u20ac<br \/>\nGewerbepark Breisgau: 50.000 \u20ac<\/p>\n<p><strong>Die administrative und technische Verwaltung der M\u00dcB liegt unter der Verantwortung der Feuerwehrbeh\u00f6rde des Departement Bas-Rhin (<a href=\"http:\/\/www.sdis67.com\" target=\"_blank\">service d\u00e9partemental d\u2019incendie et de secours du Bas-Rhin &#8211; SDIS 67<\/a>) als Eigent\u00fcmer der Anlage.<\/strong> Die Partner aus den verschiedenen Regionen (Baden-W\u00fcrttemberg, Rheinland-Pfalz, Haut-Rhin und Bas-Rhin) teilen sich die Nutzung der M\u00dcB. Daf\u00fcr verst\u00e4ndigen sich die Partner auf einen gemeinsamen Nutzungsplan. Interessenten aus anderen Regionen (Drittnutzer) k\u00f6nnen diese Anlage ebenfalls buchen.<\/p>\n","protected":false},"excerpt":{"rendered":"<p>Partner und Finanzierung des Projektes Das Projekt ergibt sich aus der Zusammenarbeit zwischen den Feuerwehrbeh\u00f6rden der franz\u00f6sischen Departements Bas-Rhin (Projekttr\u00e4ger) und Haut-Rhin wie auch der Innenministerien der L\u00e4nder Baden-W\u00fcrttemberg und Rheinland-Pfalz (Deutschland). Die Feuerwehr des Kantons Basel-Stadt (Schweiz) und das Innenministerium des Landes Hessen (Deutschland) haben auch technisch hierzu beigetragen. Das Gesamtbudget zur Umsetzung des [&hellip;]<\/p>\n","protected":false},"author":2,"featured_media":0,"parent":167,"menu_order":0,"comment_status":"open","ping_status":"open","template":"","meta":{"_mi_skip_tracking":false},"yoast_head":"<!-- This site is optimized with the Yoast SEO plugin v20.5 - https:\/\/yoast.com\/wordpress\/plugins\/seo\/ -->\n<title>Partner - CRERF M\u00dcB<\/title>\n<meta name=\"description\" content=\"Das Projekt ergibt sich aus der Zusammenarbeit zwischen Franz\u00f6sisch und Deutsch Feuerwehren...\" \/>\n<meta name=\"robots\" content=\"index, follow, max-snippet:-1, max-image-preview:large, max-video-preview:-1\" \/>\n<link rel=\"canonical\" href=\"http:\/\/www.crerf-mueb.eu\/de\/die-mu\u0308b\/europaisches-projekt\/partner\/\" \/>\n<meta property=\"og:locale\" content=\"de_DE\" \/>\n<meta property=\"og:type\" content=\"article\" \/>\n<meta property=\"og:title\" content=\"Partner - CRERF M\u00dcB\" \/>\n<meta property=\"og:description\" content=\"Das Projekt ergibt sich aus der Zusammenarbeit zwischen Franz\u00f6sisch und Deutsch Feuerwehren...\" \/>\n<meta property=\"og:url\" content=\"http:\/\/www.crerf-mueb.eu\/de\/die-mu\u0308b\/europaisches-projekt\/partner\/\" \/>\n<meta property=\"og:site_name\" content=\"CRERF M\u00dcB\" \/>\n<meta property=\"article:modified_time\" content=\"2015-05-27T09:01:57+00:00\" \/>\n<meta name=\"twitter:card\" content=\"summary_large_image\" \/>\n<meta name=\"twitter:label1\" content=\"Gesch\u00e4tzte Lesezeit\" \/>\n\t<meta name=\"twitter:data1\" content=\"1\u00a0Minute\" \/>\n<script type=\"application\/ld+json\" class=\"yoast-schema-graph\">{\"@context\":\"https:\/\/schema.org\",\"@graph\":[{\"@type\":\"WebPage\",\"@id\":\"http:\/\/www.crerf-mueb.eu\/de\/die-mu%cc%88b\/europaisches-projekt\/partner\/\",\"url\":\"http:\/\/www.crerf-mueb.eu\/de\/die-mu%cc%88b\/europaisches-projekt\/partner\/\",\"name\":\"Partner - CRERF M\u00dcB\",\"isPartOf\":{\"@id\":\"http:\/\/www.crerf-mueb.eu\/de\/#website\"},\"datePublished\":\"2015-05-12T10:07:15+00:00\",\"dateModified\":\"2015-05-27T09:01:57+00:00\",\"description\":\"Das Projekt ergibt sich aus der Zusammenarbeit zwischen Franz\u00f6sisch und Deutsch Feuerwehren...\",\"breadcrumb\":{\"@id\":\"http:\/\/www.crerf-mueb.eu\/de\/die-mu%cc%88b\/europaisches-projekt\/partner\/#breadcrumb\"},\"inLanguage\":\"de\",\"potentialAction\":[{\"@type\":\"ReadAction\",\"target\":[\"http:\/\/www.crerf-mueb.eu\/de\/die-mu%cc%88b\/europaisches-projekt\/partner\/\"]}]},{\"@type\":\"BreadcrumbList\",\"@id\":\"http:\/\/www.crerf-mueb.eu\/de\/die-mu%cc%88b\/europaisches-projekt\/partner\/#breadcrumb\",\"itemListElement\":[{\"@type\":\"ListItem\",\"position\":1,\"name\":\"Accueil\",\"item\":\"http:\/\/www.crerf-mueb.eu\/de\/\"},{\"@type\":\"ListItem\",\"position\":2,\"name\":\"Die M\u00dcB\",\"item\":\"https:\/\/www.crerf-mueb.eu\/die-mu%cc%88b\/\"},{\"@type\":\"ListItem\",\"position\":3,\"name\":\"Europ\u00e4isches Projekt\",\"item\":\"http:\/\/www.crerf-mueb.eu\/de\/die-mu%cc%88b\/europaisches-projekt\/\"},{\"@type\":\"ListItem\",\"position\":4,\"name\":\"Partner\"}]},{\"@type\":\"WebSite\",\"@id\":\"http:\/\/www.crerf-mueb.eu\/de\/#website\",\"url\":\"http:\/\/www.crerf-mueb.eu\/de\/\",\"name\":\"CRERF M\u00dcB\",\"description\":\"River Risk Control Training Center\",\"potentialAction\":[{\"@type\":\"SearchAction\",\"target\":{\"@type\":\"EntryPoint\",\"urlTemplate\":\"http:\/\/www.crerf-mueb.eu\/de\/?s={search_term_string}\"},\"query-input\":\"required name=search_term_string\"}],\"inLanguage\":\"de\"}]}<\/script>\n<!-- \/ Yoast SEO plugin. -->","yoast_head_json":{"title":"Partner - CRERF M\u00dcB","description":"Das Projekt ergibt sich aus der Zusammenarbeit zwischen Franz\u00f6sisch und Deutsch Feuerwehren...","robots":{"index":"index","follow":"follow","max-snippet":"max-snippet:-1","max-image-preview":"max-image-preview:large","max-video-preview":"max-video-preview:-1"},"canonical":"http:\/\/www.crerf-mueb.eu\/de\/die-mu\u0308b\/europaisches-projekt\/partner\/","og_locale":"de_DE","og_type":"article","og_title":"Partner - CRERF M\u00dcB","og_description":"Das Projekt ergibt sich aus der Zusammenarbeit zwischen Franz\u00f6sisch und Deutsch Feuerwehren...","og_url":"http:\/\/www.crerf-mueb.eu\/de\/die-mu\u0308b\/europaisches-projekt\/partner\/","og_site_name":"CRERF M\u00dcB","article_modified_time":"2015-05-27T09:01:57+00:00","twitter_card":"summary_large_image","twitter_misc":{"Gesch\u00e4tzte Lesezeit":"1\u00a0Minute"},"schema":{"@context":"https:\/\/schema.org","@graph":[{"@type":"WebPage","@id":"http:\/\/www.crerf-mueb.eu\/de\/die-mu%cc%88b\/europaisches-projekt\/partner\/","url":"http:\/\/www.crerf-mueb.eu\/de\/die-mu%cc%88b\/europaisches-projekt\/partner\/","name":"Partner - CRERF M\u00dcB","isPartOf":{"@id":"http:\/\/www.crerf-mueb.eu\/de\/#website"},"datePublished":"2015-05-12T10:07:15+00:00","dateModified":"2015-05-27T09:01:57+00:00","description":"Das Projekt ergibt sich aus der Zusammenarbeit zwischen Franz\u00f6sisch und Deutsch Feuerwehren...","breadcrumb":{"@id":"http:\/\/www.crerf-mueb.eu\/de\/die-mu%cc%88b\/europaisches-projekt\/partner\/#breadcrumb"},"inLanguage":"de","potentialAction":[{"@type":"ReadAction","target":["http:\/\/www.crerf-mueb.eu\/de\/die-mu%cc%88b\/europaisches-projekt\/partner\/"]}]},{"@type":"BreadcrumbList","@id":"http:\/\/www.crerf-mueb.eu\/de\/die-mu%cc%88b\/europaisches-projekt\/partner\/#breadcrumb","itemListElement":[{"@type":"ListItem","position":1,"name":"Accueil","item":"http:\/\/www.crerf-mueb.eu\/de\/"},{"@type":"ListItem","position":2,"name":"Die M\u00dcB","item":"https:\/\/www.crerf-mueb.eu\/die-mu%cc%88b\/"},{"@type":"ListItem","position":3,"name":"Europ\u00e4isches Projekt","item":"http:\/\/www.crerf-mueb.eu\/de\/die-mu%cc%88b\/europaisches-projekt\/"},{"@type":"ListItem","position":4,"name":"Partner"}]},{"@type":"WebSite","@id":"http:\/\/www.crerf-mueb.eu\/de\/#website","url":"http:\/\/www.crerf-mueb.eu\/de\/","name":"CRERF M\u00dcB","description":"River Risk Control Training Center","potentialAction":[{"@type":"SearchAction","target":{"@type":"EntryPoint","urlTemplate":"http:\/\/www.crerf-mueb.eu\/de\/?s={search_term_string}"},"query-input":"required name=search_term_string"}],"inLanguage":"de"}]}},"_links":{"self":[{"href":"http:\/\/www.crerf-mueb.eu\/de\/wp-json\/wp\/v2\/pages\/175"}],"collection":[{"href":"http:\/\/www.crerf-mueb.eu\/de\/wp-json\/wp\/v2\/pages"}],"about":[{"href":"http:\/\/www.crerf-mueb.eu\/de\/wp-json\/wp\/v2\/types\/page"}],"author":[{"embeddable":true,"href":"http:\/\/www.crerf-mueb.eu\/de\/wp-json\/wp\/v2\/users\/2"}],"replies":[{"embeddable":true,"href":"http:\/\/www.crerf-mueb.eu\/de\/wp-json\/wp\/v2\/comments?post=175"}],"version-history":[{"count":3,"href":"http:\/\/www.crerf-mueb.eu\/de\/wp-json\/wp\/v2\/pages\/175\/revisions"}],"predecessor-version":[{"id":441,"href":"http:\/\/www.crerf-mueb.eu\/de\/wp-json\/wp\/v2\/pages\/175\/revisions\/441"}],"up":[{"embeddable":true,"href":"http:\/\/www.crerf-mueb.eu\/de\/wp-json\/wp\/v2\/pages\/167"}],"wp:attachment":[{"href":"http:\/\/www.crerf-mueb.eu\/de\/wp-json\/wp\/v2\/media?parent=175"}],"curies":[{"name":"wp","href":"https:\/\/api.w.org\/{rel}","templated":true}]}}