{"id":177,"date":"2015-05-12T11:07:51","date_gmt":"2015-05-12T10:07:51","guid":{"rendered":"http:\/\/www.crerf-mueb.eu\/?page_id=177"},"modified":"2018-05-04T09:43:07","modified_gmt":"2018-05-04T08:43:07","slug":"simulateurs-et-modules","status":"publish","type":"page","link":"http:\/\/www.crerf-mueb.eu\/de\/equipements\/simulateurs-et-modules\/","title":{"rendered":"Simulateurs et modules"},"content":{"rendered":"<p><strong>Plusieurs simulateurs de derni\u00e8re g\u00e9n\u00e9ration sont install\u00e9s \u00e0 bord du CRERF.<\/strong> Ils permettent de mettre en pratique de nombreuses situations telles que des colmatages de voies d\u2019eau, la chute d\u2019un intervenant \u00e9quip\u00e9 de l\u2019appareil respiratoire isolant (ARI) par-dessus bord, des exercices dans un container instable, l\u2019approche de feux r\u00e9els, des incidents sur tanker, un secours suite \u00e0 une chute dans une soute de vrac, la reconnaissance sur un parcours ARI, la pose de barrage antipollution ou encore l\u2019abordage de navire.<\/p>\n<h3>Les simulateurs<\/h3>\n<ul>\n<li><a href=\"http:\/\/www.crerf-mueb.eu\/equipements\/simulateurs-et-modules\/parcours-ari\/\">Parcours ARI<\/a><\/li>\n<li><a href=\"http:\/\/www.crerf-mueb.eu\/equipements\/simulateurs-et-modules\/simulateur-voies-deau\/\">Simulateur voies d\u2019eau<\/a><\/li>\n<li><a href=\"http:\/\/www.crerf-mueb.eu\/equipements\/simulateurs-et-modules\/bassin-de-tombee-a-leau\/\">Bassin de tomb\u00e9e \u00e0 l\u2019eau<\/a><\/li>\n<li><a href=\"http:\/\/www.crerf-mueb.eu\/equipements\/simulateurs-et-modules\/simulateur-container-instable\/\">Simulateur container instable<\/a><\/li>\n<li><a href=\"http:\/\/www.crerf-mueb.eu\/equipements\/simulateurs-et-modules\/simulateur-tackeur\/\">Simulateur tanker<\/a><\/li>\n<li><a href=\"http:\/\/www.crerf-mueb.eu\/equipements\/simulateurs-et-modules\/555-2\/\">Simulateur de chute dans une soute de vrac<\/a><\/li>\n<li><span style=\"color: #0000ff;\"><a href=\"http:\/\/www.crerf-mueb.eu\/equipements\/simulateurs-et-modules\/simulateur-feux\/\">Simulateur feux\u00a0<\/a><\/span><\/li>\n<li><span id=\"sample-permalink\"><a href=\"http:\/\/Simulateur bateau \u00e0 passagers\"><span id=\"editable-post-name\">Simulateur bateau \u00e0 passagers<\/span><\/a><\/span><\/li>\n<\/ul>\n<h3>Les autres modules<\/h3>\n<ul>\n<li><a href=\"http:\/\/www.crerf-mueb.eu\/equipements\/simulateurs-et-modules\/pose-de-barrage-antipollution\/\">Pose de barrage antipollution<\/a><\/li>\n<li><a href=\"http:\/\/www.crerf-mueb.eu\/equipements\/simulateurs-et-modules\/abordage-de-navire\/\">Abordage de navire<\/a><\/li>\n<\/ul>\n\n\t\t<style type=\"text\/css\">\n\t\t\t#gallery-1 {\n\t\t\t\tmargin: auto;\n\t\t\t}\n\t\t\t#gallery-1 .gallery-item {\n\t\t\t\tfloat: left;\n\t\t\t\tmargin-top: 10px;\n\t\t\t\ttext-align: center;\n\t\t\t\twidth: 33%;\n\t\t\t}\n\t\t\t#gallery-1 img {\n\t\t\t\tborder: 2px solid #cfcfcf;\n\t\t\t}\n\t\t\t#gallery-1 .gallery-caption {\n\t\t\t\tmargin-left: 0;\n\t\t\t}\n\t\t\t\/* see gallery_shortcode() in wp-includes\/media.php *\/\n\t\t<\/style>\n\t\t<div id='gallery-1' class='gallery galleryid-177 gallery-columns-3 gallery-size-thumbnail'><dl class='gallery-item'>\n\t\t\t<dt class='gallery-icon landscape'>\n\t\t\t\t<a href='http:\/\/www.crerf-mueb.eu\/de\/img_5126\/'><img width=\"200\" height=\"150\" src=\"http:\/\/www.crerf-mueb.eu\/wp-content\/uploads\/2015\/05\/IMG_5126-200x150.jpg\" class=\"attachment-thumbnail size-thumbnail\" alt=\"\" decoding=\"async\" loading=\"lazy\" \/><\/a>\n\t\t\t<\/dt><\/dl><dl class='gallery-item'>\n\t\t\t<dt class='gallery-icon landscape'>\n\t\t\t\t<a href='http:\/\/www.crerf-mueb.eu\/de\/galerie-photos\/img_5837\/#main'><img width=\"200\" height=\"150\" src=\"http:\/\/www.crerf-mueb.eu\/wp-content\/uploads\/2015\/05\/IMG_5837-200x150.jpg\" class=\"attachment-thumbnail size-thumbnail\" alt=\"\" decoding=\"async\" loading=\"lazy\" \/><\/a>\n\t\t\t<\/dt><\/dl><dl class='gallery-item'>\n\t\t\t<dt class='gallery-icon landscape'>\n\t\t\t\t<a href='http:\/\/www.crerf-mueb.eu\/de\/equipements\/simulateurs-et-modules\/simulateur-voies-deau\/img_5809\/#main'><img width=\"200\" height=\"150\" src=\"http:\/\/www.crerf-mueb.eu\/wp-content\/uploads\/2015\/05\/IMG_5809-200x150.jpg\" class=\"attachment-thumbnail size-thumbnail\" alt=\"\" decoding=\"async\" loading=\"lazy\" \/><\/a>\n\t\t\t<\/dt><\/dl><br style=\"clear: both\" \/><dl class='gallery-item'>\n\t\t\t<dt class='gallery-icon landscape'>\n\t\t\t\t<a href='http:\/\/www.crerf-mueb.eu\/de\/galerie-photos\/img_4741\/#main'><img width=\"200\" height=\"150\" src=\"http:\/\/www.crerf-mueb.eu\/wp-content\/uploads\/2015\/05\/IMG_4741-200x150.jpg\" class=\"attachment-thumbnail size-thumbnail\" alt=\"\" decoding=\"async\" loading=\"lazy\" \/><\/a>\n\t\t\t<\/dt><\/dl><dl class='gallery-item'>\n\t\t\t<dt class='gallery-icon landscape'>\n\t\t\t\t<a href='http:\/\/www.crerf-mueb.eu\/de\/equipements\/simulateurs-et-modules\/simulateur-tackeur\/img_4877\/#main'><img width=\"200\" height=\"150\" src=\"http:\/\/www.crerf-mueb.eu\/wp-content\/uploads\/2015\/05\/IMG_4877-200x150.jpg\" class=\"attachment-thumbnail size-thumbnail\" alt=\"\" decoding=\"async\" loading=\"lazy\" \/><\/a>\n\t\t\t<\/dt><\/dl><dl class='gallery-item'>\n\t\t\t<dt class='gallery-icon landscape'>\n\t\t\t\t<a href='http:\/\/www.crerf-mueb.eu\/de\/img_4670\/'><img width=\"200\" height=\"150\" src=\"http:\/\/www.crerf-mueb.eu\/wp-content\/uploads\/2015\/05\/IMG_4670-200x150.jpg\" class=\"attachment-thumbnail size-thumbnail\" alt=\"\" decoding=\"async\" loading=\"lazy\" \/><\/a>\n\t\t\t<\/dt><\/dl><br style=\"clear: both\" \/><dl class='gallery-item'>\n\t\t\t<dt class='gallery-icon landscape'>\n\t\t\t\t<a href='http:\/\/www.crerf-mueb.eu\/de\/equipements\/simulateurs-et-modules\/simulateur-feux\/img_5499\/#main'><img width=\"200\" height=\"150\" src=\"http:\/\/www.crerf-mueb.eu\/wp-content\/uploads\/2015\/05\/IMG_5499-200x150.jpg\" class=\"attachment-thumbnail size-thumbnail\" alt=\"\" decoding=\"async\" loading=\"lazy\" \/><\/a>\n\t\t\t<\/dt><\/dl><dl class='gallery-item'>\n\t\t\t<dt class='gallery-icon landscape'>\n\t\t\t\t<a href='http:\/\/www.crerf-mueb.eu\/de\/img_5454\/'><img width=\"200\" height=\"150\" src=\"http:\/\/www.crerf-mueb.eu\/wp-content\/uploads\/2015\/05\/IMG_5454-200x150.jpg\" class=\"attachment-thumbnail size-thumbnail\" alt=\"\" decoding=\"async\" loading=\"lazy\" \/><\/a>\n\t\t\t<\/dt><\/dl><dl class='gallery-item'>\n\t\t\t<dt class='gallery-icon landscape'>\n\t\t\t\t<a href='http:\/\/www.crerf-mueb.eu\/de\/img_5353\/'><img width=\"200\" height=\"150\" src=\"http:\/\/www.crerf-mueb.eu\/wp-content\/uploads\/2015\/05\/IMG_5353-200x150.jpg\" class=\"attachment-thumbnail size-thumbnail\" alt=\"\" decoding=\"async\" loading=\"lazy\" \/><\/a>\n\t\t\t<\/dt><\/dl><br style=\"clear: both\" \/>\n\t\t<\/div>\n\n","protected":false},"excerpt":{"rendered":"<p>Plusieurs simulateurs de derni\u00e8re g\u00e9n\u00e9ration sont install\u00e9s \u00e0 bord du CRERF. Ils permettent de mettre en pratique de nombreuses situations telles que des colmatages de voies d\u2019eau, la chute d\u2019un intervenant \u00e9quip\u00e9 de l\u2019appareil respiratoire isolant (ARI) par-dessus bord, des exercices dans un container instable, l\u2019approche de feux r\u00e9els, des incidents sur tanker, un secours [&hellip;]<\/p>\n","protected":false},"author":2,"featured_media":0,"parent":11,"menu_order":0,"comment_status":"open","ping_status":"open","template":"","meta":{"_mi_skip_tracking":false},"yoast_head":"<!-- This site is optimized with the Yoast SEO plugin v20.5 - https:\/\/yoast.com\/wordpress\/plugins\/seo\/ -->\n<title>Simulateurs et modules - CRERF M\u00dcB<\/title>\n<meta name=\"description\" content=\"Plusieurs simulateurs de derni\u00e8re g\u00e9n\u00e9ration sont install\u00e9s \u00e0 bord du CRERF.\" \/>\n<meta name=\"robots\" content=\"index, follow, max-snippet:-1, max-image-preview:large, max-video-preview:-1\" \/>\n<link rel=\"canonical\" href=\"http:\/\/www.crerf-mueb.eu\/equipements\/simulateurs-et-modules\/\" \/>\n<meta property=\"og:locale\" content=\"de_DE\" \/>\n<meta property=\"og:type\" content=\"article\" \/>\n<meta property=\"og:title\" content=\"Simulateurs et modules - CRERF M\u00dcB\" \/>\n<meta property=\"og:description\" content=\"Plusieurs simulateurs de derni\u00e8re g\u00e9n\u00e9ration sont install\u00e9s \u00e0 bord du CRERF.\" \/>\n<meta property=\"og:url\" content=\"http:\/\/www.crerf-mueb.eu\/equipements\/simulateurs-et-modules\/\" \/>\n<meta property=\"og:site_name\" content=\"CRERF M\u00dcB\" \/>\n<meta property=\"article:modified_time\" content=\"2018-05-04T08:43:07+00:00\" \/>\n<meta property=\"og:image\" content=\"http:\/\/www.crerf-mueb.eu\/wp-content\/uploads\/2015\/05\/IMG_5126-200x150.jpg\" \/>\n<meta name=\"twitter:card\" content=\"summary_large_image\" \/>\n<meta name=\"twitter:label1\" content=\"Gesch\u00e4tzte Lesezeit\" \/>\n\t<meta name=\"twitter:data1\" content=\"1\u00a0Minute\" \/>\n<script type=\"application\/ld+json\" class=\"yoast-schema-graph\">{\"@context\":\"https:\/\/schema.org\",\"@graph\":[{\"@type\":\"WebPage\",\"@id\":\"http:\/\/www.crerf-mueb.eu\/equipements\/simulateurs-et-modules\/\",\"url\":\"http:\/\/www.crerf-mueb.eu\/equipements\/simulateurs-et-modules\/\",\"name\":\"Simulateurs et modules - CRERF M\u00dcB\",\"isPartOf\":{\"@id\":\"https:\/\/www.crerf-mueb.eu\/#website\"},\"datePublished\":\"2015-05-12T10:07:51+00:00\",\"dateModified\":\"2018-05-04T08:43:07+00:00\",\"description\":\"Plusieurs simulateurs de derni\u00e8re g\u00e9n\u00e9ration sont install\u00e9s \u00e0 bord du CRERF.\",\"breadcrumb\":{\"@id\":\"http:\/\/www.crerf-mueb.eu\/equipements\/simulateurs-et-modules\/#breadcrumb\"},\"inLanguage\":\"de\",\"potentialAction\":[{\"@type\":\"ReadAction\",\"target\":[\"http:\/\/www.crerf-mueb.eu\/equipements\/simulateurs-et-modules\/\"]}]},{\"@type\":\"BreadcrumbList\",\"@id\":\"http:\/\/www.crerf-mueb.eu\/equipements\/simulateurs-et-modules\/#breadcrumb\",\"itemListElement\":[{\"@type\":\"ListItem\",\"position\":1,\"name\":\"Accueil\",\"item\":\"http:\/\/www.crerf-mueb.eu\/de\/\"},{\"@type\":\"ListItem\",\"position\":2,\"name\":\"\u00c9quipements\",\"item\":\"http:\/\/www.crerf-mueb.eu\/equipements\/\"},{\"@type\":\"ListItem\",\"position\":3,\"name\":\"Simulateurs et modules\"}]},{\"@type\":\"WebSite\",\"@id\":\"https:\/\/www.crerf-mueb.eu\/#website\",\"url\":\"https:\/\/www.crerf-mueb.eu\/\",\"name\":\"CRERF M\u00dcB\",\"description\":\"River Risk Control Training Center\",\"potentialAction\":[{\"@type\":\"SearchAction\",\"target\":{\"@type\":\"EntryPoint\",\"urlTemplate\":\"https:\/\/www.crerf-mueb.eu\/?s={search_term_string}\"},\"query-input\":\"required name=search_term_string\"}],\"inLanguage\":\"de\"}]}<\/script>\n<!-- \/ Yoast SEO plugin. -->","yoast_head_json":{"title":"Simulateurs et modules - CRERF M\u00dcB","description":"Plusieurs simulateurs de derni\u00e8re g\u00e9n\u00e9ration sont install\u00e9s \u00e0 bord du CRERF.","robots":{"index":"index","follow":"follow","max-snippet":"max-snippet:-1","max-image-preview":"max-image-preview:large","max-video-preview":"max-video-preview:-1"},"canonical":"http:\/\/www.crerf-mueb.eu\/equipements\/simulateurs-et-modules\/","og_locale":"de_DE","og_type":"article","og_title":"Simulateurs et modules - CRERF M\u00dcB","og_description":"Plusieurs simulateurs de derni\u00e8re g\u00e9n\u00e9ration sont install\u00e9s \u00e0 bord du CRERF.","og_url":"http:\/\/www.crerf-mueb.eu\/equipements\/simulateurs-et-modules\/","og_site_name":"CRERF M\u00dcB","article_modified_time":"2018-05-04T08:43:07+00:00","og_image":[{"url":"http:\/\/www.crerf-mueb.eu\/wp-content\/uploads\/2015\/05\/IMG_5126-200x150.jpg"}],"twitter_card":"summary_large_image","twitter_misc":{"Gesch\u00e4tzte Lesezeit":"1\u00a0Minute"},"schema":{"@context":"https:\/\/schema.org","@graph":[{"@type":"WebPage","@id":"http:\/\/www.crerf-mueb.eu\/equipements\/simulateurs-et-modules\/","url":"http:\/\/www.crerf-mueb.eu\/equipements\/simulateurs-et-modules\/","name":"Simulateurs et modules - CRERF M\u00dcB","isPartOf":{"@id":"https:\/\/www.crerf-mueb.eu\/#website"},"datePublished":"2015-05-12T10:07:51+00:00","dateModified":"2018-05-04T08:43:07+00:00","description":"Plusieurs simulateurs de derni\u00e8re g\u00e9n\u00e9ration sont install\u00e9s \u00e0 bord du CRERF.","breadcrumb":{"@id":"http:\/\/www.crerf-mueb.eu\/equipements\/simulateurs-et-modules\/#breadcrumb"},"inLanguage":"de","potentialAction":[{"@type":"ReadAction","target":["http:\/\/www.crerf-mueb.eu\/equipements\/simulateurs-et-modules\/"]}]},{"@type":"BreadcrumbList","@id":"http:\/\/www.crerf-mueb.eu\/equipements\/simulateurs-et-modules\/#breadcrumb","itemListElement":[{"@type":"ListItem","position":1,"name":"Accueil","item":"http:\/\/www.crerf-mueb.eu\/de\/"},{"@type":"ListItem","position":2,"name":"\u00c9quipements","item":"http:\/\/www.crerf-mueb.eu\/equipements\/"},{"@type":"ListItem","position":3,"name":"Simulateurs et modules"}]},{"@type":"WebSite","@id":"https:\/\/www.crerf-mueb.eu\/#website","url":"https:\/\/www.crerf-mueb.eu\/","name":"CRERF M\u00dcB","description":"River Risk Control Training Center","potentialAction":[{"@type":"SearchAction","target":{"@type":"EntryPoint","urlTemplate":"https:\/\/www.crerf-mueb.eu\/?s={search_term_string}"},"query-input":"required name=search_term_string"}],"inLanguage":"de"}]}},"_links":{"self":[{"href":"http:\/\/www.crerf-mueb.eu\/de\/wp-json\/wp\/v2\/pages\/177"}],"collection":[{"href":"http:\/\/www.crerf-mueb.eu\/de\/wp-json\/wp\/v2\/pages"}],"about":[{"href":"http:\/\/www.crerf-mueb.eu\/de\/wp-json\/wp\/v2\/types\/page"}],"author":[{"embeddable":true,"href":"http:\/\/www.crerf-mueb.eu\/de\/wp-json\/wp\/v2\/users\/2"}],"replies":[{"embeddable":true,"href":"http:\/\/www.crerf-mueb.eu\/de\/wp-json\/wp\/v2\/comments?post=177"}],"version-history":[{"count":8,"href":"http:\/\/www.crerf-mueb.eu\/de\/wp-json\/wp\/v2\/pages\/177\/revisions"}],"predecessor-version":[{"id":1318,"href":"http:\/\/www.crerf-mueb.eu\/de\/wp-json\/wp\/v2\/pages\/177\/revisions\/1318"}],"up":[{"embeddable":true,"href":"http:\/\/www.crerf-mueb.eu\/de\/wp-json\/wp\/v2\/pages\/11"}],"wp:attachment":[{"href":"http:\/\/www.crerf-mueb.eu\/de\/wp-json\/wp\/v2\/media?parent=177"}],"curies":[{"name":"wp","href":"https:\/\/api.w.org\/{rel}","templated":true}]}}