{"id":179,"date":"2015-05-12T11:08:21","date_gmt":"2015-05-12T10:08:21","guid":{"rendered":"http:\/\/www.crerf-mueb.eu\/?page_id=179"},"modified":"2015-06-18T16:14:17","modified_gmt":"2015-06-18T15:14:17","slug":"ausbildingsbereiche","status":"publish","type":"page","link":"http:\/\/www.crerf-mueb.eu\/de\/u%cc%88bungsmo%cc%88glichkeiten\/ausbildingsbereiche\/","title":{"rendered":"Ausbildungsbereiche"},"content":{"rendered":"<h2>\u00dcbungssimulatore und weitere \u00dcbungsm\u00f6glichkeiten<\/h2>\n<p><strong>Mehrere \u00dcbungssimulatoren neuester Generation sind an Bord der M\u00dcB eingerichtet.<\/strong> Sie erm\u00f6glichen die Inszenierung zahlreicher praktischer Situationen, wie zum Beispiel Abdichtungsarbeiten an Leckagen, den Sturz \u00fcber Bord einer Einsatzkraft mit kompletter Atemschutzausr\u00fcstung, \u00dcbungen im instabilen Seecontainer, der Umgang mit reellen Br\u00e4nden, Vorf\u00e4lle an Tankschiffverr\u00f6hrungen, Hilfeleistung nach dem Sturz einer Person in den Sch\u00fcttgutsilo, Erkundungs\u00fcbungen in der Atemschutz\u00fcbungsstrecke, Ausbreitung einer \u00d6lsperre oder noch \u00dcbungen zum Aufklettern auf ein Schiff.<\/p>\n<h3>Vorhandene Simulatoren<\/h3>\n<ul>\n<li><a href=\"http:\/\/www.crerf-mueb.eu\/de\/u%cc%88bungsmo%cc%88glichkeiten\/ausbildingsbereiche\/atemschutz-u%cc%88bungsanlage\/\">Atemschutz-\u00dcbungsstrecke (A\u00dcA)<\/a><\/li>\n<li><a href=\"http:\/\/www.crerf-mueb.eu\/de\/u%cc%88bungsmo%cc%88glichkeiten\/ausbildingsbereiche\/leckageabwehr\/\">Wassereinbruchsimulator<\/a><\/li>\n<li><a href=\"http:\/\/www.crerf-mueb.eu\/de\/u%cc%88bungsmo%cc%88glichkeiten\/ausbildingsbereiche\/ubungsbecken-person-uber-bord\/\">\u00dcbungsbecken \u201ePerson \u00fcber Bord\u201c<\/a><\/li>\n<li><a href=\"http:\/\/www.crerf-mueb.eu\/de\/u%cc%88bungsmo%cc%88glichkeiten\/ausbildingsbereiche\/instabiler-container\/\">Simulator instabiler Seecontainer<\/a><\/li>\n<li><a href=\"http:\/\/www.crerf-mueb.eu\/de\/u%cc%88bungsmo%cc%88glichkeiten\/ausbildingsbereiche\/leckage-auf-tankermotorschiff\/\">Tankschiffsimulator<\/a><\/li>\n<li><a href=\"http:\/\/www.crerf-mueb.eu\/de\/u%cc%88bungsmo%cc%88glichkeiten\/ausbildingsbereiche\/retten-aus-schu%cc%88ttgutfrachtraum\/\">Simulator \u201eSturz in einen Sch\u00fcttgutsilo\u201c<\/a><\/li>\n<li><a href=\"http:\/\/www.crerf-mueb.eu\/de\/u%cc%88bungsmo%cc%88glichkeiten\/ausbildingsbereiche\/brandubungssimulation\/\">Brand\u00fcbungsanlage (Brand im Maschinenraum, Kabinenbrand, mit Roll-over, K\u00fcchenbrand)<\/a><\/li>\n<\/ul>\n<h3>\u00a0Weitere \u00dcbungsm\u00f6glichkeiten<\/h3>\n<ul>\n<li><a href=\"http:\/\/www.crerf-mueb.eu\/de\/u%cc%88bungsmo%cc%88glichkeiten\/ausbildingsbereiche\/verlegen-einer\/\">Verlegung einer \u00d6lsperre<\/a><\/li>\n<li><a href=\"http:\/\/www.crerf-mueb.eu\/de\/u%cc%88bungsmo%cc%88glichkeiten\/ausbildingsbereiche\/auf-und\/\">\u00dcbung zum Aufklettern auf ein Schiff<\/a><\/li>\n<\/ul>\n\n\t\t<style type=\"text\/css\">\n\t\t\t#gallery-1 {\n\t\t\t\tmargin: auto;\n\t\t\t}\n\t\t\t#gallery-1 .gallery-item {\n\t\t\t\tfloat: left;\n\t\t\t\tmargin-top: 10px;\n\t\t\t\ttext-align: center;\n\t\t\t\twidth: 33%;\n\t\t\t}\n\t\t\t#gallery-1 img {\n\t\t\t\tborder: 2px solid #cfcfcf;\n\t\t\t}\n\t\t\t#gallery-1 .gallery-caption {\n\t\t\t\tmargin-left: 0;\n\t\t\t}\n\t\t\t\/* see gallery_shortcode() in wp-includes\/media.php *\/\n\t\t<\/style>\n\t\t<div id='gallery-1' class='gallery galleryid-179 gallery-columns-3 gallery-size-thumbnail'><dl class='gallery-item'>\n\t\t\t<dt class='gallery-icon landscape'>\n\t\t\t\t<a href='http:\/\/www.crerf-mueb.eu\/wp-content\/uploads\/2015\/05\/IMG_5126-e1432731424530.jpg'><img width=\"200\" height=\"150\" src=\"http:\/\/www.crerf-mueb.eu\/wp-content\/uploads\/2015\/05\/IMG_5126-200x150.jpg\" class=\"attachment-thumbnail size-thumbnail\" alt=\"\" decoding=\"async\" loading=\"lazy\" \/><\/a>\n\t\t\t<\/dt><\/dl><dl class='gallery-item'>\n\t\t\t<dt class='gallery-icon landscape'>\n\t\t\t\t<a href='http:\/\/www.crerf-mueb.eu\/wp-content\/uploads\/2015\/05\/IMG_5809-e1432731570477.jpg'><img width=\"200\" height=\"150\" src=\"http:\/\/www.crerf-mueb.eu\/wp-content\/uploads\/2015\/05\/IMG_5809-200x150.jpg\" class=\"attachment-thumbnail size-thumbnail\" alt=\"\" decoding=\"async\" loading=\"lazy\" \/><\/a>\n\t\t\t<\/dt><\/dl><dl class='gallery-item'>\n\t\t\t<dt class='gallery-icon landscape'>\n\t\t\t\t<a href='http:\/\/www.crerf-mueb.eu\/wp-content\/uploads\/2015\/05\/IMG_5837-e1432731871578.jpg'><img width=\"200\" height=\"150\" src=\"http:\/\/www.crerf-mueb.eu\/wp-content\/uploads\/2015\/05\/IMG_5837-200x150.jpg\" class=\"attachment-thumbnail size-thumbnail\" alt=\"\" decoding=\"async\" loading=\"lazy\" \/><\/a>\n\t\t\t<\/dt><\/dl><br style=\"clear: both\" \/><dl class='gallery-item'>\n\t\t\t<dt class='gallery-icon landscape'>\n\t\t\t\t<a href='http:\/\/www.crerf-mueb.eu\/wp-content\/uploads\/2015\/05\/IMG_4741-e1432731590795.jpg'><img width=\"200\" height=\"150\" src=\"http:\/\/www.crerf-mueb.eu\/wp-content\/uploads\/2015\/05\/IMG_4741-200x150.jpg\" class=\"attachment-thumbnail size-thumbnail\" alt=\"\" decoding=\"async\" loading=\"lazy\" \/><\/a>\n\t\t\t<\/dt><\/dl><dl class='gallery-item'>\n\t\t\t<dt class='gallery-icon landscape'>\n\t\t\t\t<a href='http:\/\/www.crerf-mueb.eu\/wp-content\/uploads\/2015\/05\/IMG_4877-e1432731226741.jpg'><img width=\"200\" height=\"150\" src=\"http:\/\/www.crerf-mueb.eu\/wp-content\/uploads\/2015\/05\/IMG_4877-200x150.jpg\" class=\"attachment-thumbnail size-thumbnail\" alt=\"\" decoding=\"async\" loading=\"lazy\" \/><\/a>\n\t\t\t<\/dt><\/dl><dl class='gallery-item'>\n\t\t\t<dt class='gallery-icon landscape'>\n\t\t\t\t<a href='http:\/\/www.crerf-mueb.eu\/wp-content\/uploads\/2015\/05\/IMG_4670.jpg'><img width=\"200\" height=\"150\" src=\"http:\/\/www.crerf-mueb.eu\/wp-content\/uploads\/2015\/05\/IMG_4670-200x150.jpg\" class=\"attachment-thumbnail size-thumbnail\" alt=\"\" decoding=\"async\" loading=\"lazy\" \/><\/a>\n\t\t\t<\/dt><\/dl><br style=\"clear: both\" \/><dl class='gallery-item'>\n\t\t\t<dt class='gallery-icon landscape'>\n\t\t\t\t<a href='http:\/\/www.crerf-mueb.eu\/wp-content\/uploads\/2015\/05\/IMG_5499-e1432731014338.jpg'><img width=\"200\" height=\"150\" src=\"http:\/\/www.crerf-mueb.eu\/wp-content\/uploads\/2015\/05\/IMG_5499-200x150.jpg\" class=\"attachment-thumbnail size-thumbnail\" alt=\"\" decoding=\"async\" loading=\"lazy\" \/><\/a>\n\t\t\t<\/dt><\/dl><dl class='gallery-item'>\n\t\t\t<dt class='gallery-icon landscape'>\n\t\t\t\t<a href='http:\/\/www.crerf-mueb.eu\/wp-content\/uploads\/2015\/05\/IMG_5454-e1432803414708.jpg'><img width=\"200\" height=\"150\" src=\"http:\/\/www.crerf-mueb.eu\/wp-content\/uploads\/2015\/05\/IMG_5454-200x150.jpg\" class=\"attachment-thumbnail size-thumbnail\" alt=\"\" decoding=\"async\" loading=\"lazy\" \/><\/a>\n\t\t\t<\/dt><\/dl><dl class='gallery-item'>\n\t\t\t<dt class='gallery-icon landscape'>\n\t\t\t\t<a href='http:\/\/www.crerf-mueb.eu\/wp-content\/uploads\/2015\/05\/IMG_5353-e1432731287614.jpg'><img width=\"200\" height=\"150\" src=\"http:\/\/www.crerf-mueb.eu\/wp-content\/uploads\/2015\/05\/IMG_5353-200x150.jpg\" class=\"attachment-thumbnail size-thumbnail\" alt=\"\" decoding=\"async\" loading=\"lazy\" \/><\/a>\n\t\t\t<\/dt><\/dl><br style=\"clear: both\" \/>\n\t\t<\/div>\n\n","protected":false},"excerpt":{"rendered":"<p>\u00dcbungssimulatore und weitere \u00dcbungsm\u00f6glichkeiten Mehrere \u00dcbungssimulatoren neuester Generation sind an Bord der M\u00dcB eingerichtet. Sie erm\u00f6glichen die Inszenierung zahlreicher praktischer Situationen, wie zum Beispiel Abdichtungsarbeiten an Leckagen, den Sturz \u00fcber Bord einer Einsatzkraft mit kompletter Atemschutzausr\u00fcstung, \u00dcbungen im instabilen Seecontainer, der Umgang mit reellen Br\u00e4nden, Vorf\u00e4lle an Tankschiffverr\u00f6hrungen, Hilfeleistung nach dem Sturz einer Person in [&hellip;]<\/p>\n","protected":false},"author":2,"featured_media":0,"parent":92,"menu_order":0,"comment_status":"open","ping_status":"open","template":"","meta":{"_mi_skip_tracking":false},"yoast_head":"<!-- This site is optimized with the Yoast SEO plugin v20.5 - https:\/\/yoast.com\/wordpress\/plugins\/seo\/ -->\n<title>Ausbildungsbereiche - CRERF M\u00dcB<\/title>\n<meta name=\"robots\" content=\"index, follow, max-snippet:-1, max-image-preview:large, max-video-preview:-1\" \/>\n<link rel=\"canonical\" href=\"http:\/\/www.crerf-mueb.eu\/de\/u\u0308bungsmo\u0308glichkeiten\/ausbildingsbereiche\/\" \/>\n<meta property=\"og:locale\" content=\"de_DE\" \/>\n<meta property=\"og:type\" content=\"article\" \/>\n<meta property=\"og:title\" content=\"Ausbildungsbereiche - CRERF M\u00dcB\" \/>\n<meta property=\"og:description\" content=\"\u00dcbungssimulatore und weitere \u00dcbungsm\u00f6glichkeiten Mehrere \u00dcbungssimulatoren neuester Generation sind an Bord der M\u00dcB eingerichtet. Sie erm\u00f6glichen die Inszenierung zahlreicher praktischer Situationen, wie zum Beispiel Abdichtungsarbeiten an Leckagen, den Sturz \u00fcber Bord einer Einsatzkraft mit kompletter Atemschutzausr\u00fcstung, \u00dcbungen im instabilen Seecontainer, der Umgang mit reellen Br\u00e4nden, Vorf\u00e4lle an Tankschiffverr\u00f6hrungen, Hilfeleistung nach dem Sturz einer Person in [&hellip;]\" \/>\n<meta property=\"og:url\" content=\"http:\/\/www.crerf-mueb.eu\/de\/u\u0308bungsmo\u0308glichkeiten\/ausbildingsbereiche\/\" \/>\n<meta property=\"og:site_name\" content=\"CRERF M\u00dcB\" \/>\n<meta property=\"article:modified_time\" content=\"2015-06-18T15:14:17+00:00\" \/>\n<meta property=\"og:image\" content=\"http:\/\/www.crerf-mueb.eu\/wp-content\/uploads\/2015\/05\/IMG_5126-200x150.jpg\" \/>\n<meta name=\"twitter:card\" content=\"summary_large_image\" \/>\n<meta name=\"twitter:label1\" content=\"Gesch\u00e4tzte Lesezeit\" \/>\n\t<meta name=\"twitter:data1\" content=\"1\u00a0Minute\" \/>\n<script type=\"application\/ld+json\" class=\"yoast-schema-graph\">{\"@context\":\"https:\/\/schema.org\",\"@graph\":[{\"@type\":\"WebPage\",\"@id\":\"http:\/\/www.crerf-mueb.eu\/de\/u%cc%88bungsmo%cc%88glichkeiten\/ausbildingsbereiche\/\",\"url\":\"http:\/\/www.crerf-mueb.eu\/de\/u%cc%88bungsmo%cc%88glichkeiten\/ausbildingsbereiche\/\",\"name\":\"Ausbildungsbereiche - CRERF M\u00dcB\",\"isPartOf\":{\"@id\":\"http:\/\/www.crerf-mueb.eu\/#website\"},\"datePublished\":\"2015-05-12T10:08:21+00:00\",\"dateModified\":\"2015-06-18T15:14:17+00:00\",\"breadcrumb\":{\"@id\":\"http:\/\/www.crerf-mueb.eu\/de\/u%cc%88bungsmo%cc%88glichkeiten\/ausbildingsbereiche\/#breadcrumb\"},\"inLanguage\":\"de\",\"potentialAction\":[{\"@type\":\"ReadAction\",\"target\":[\"http:\/\/www.crerf-mueb.eu\/de\/u%cc%88bungsmo%cc%88glichkeiten\/ausbildingsbereiche\/\"]}]},{\"@type\":\"BreadcrumbList\",\"@id\":\"http:\/\/www.crerf-mueb.eu\/de\/u%cc%88bungsmo%cc%88glichkeiten\/ausbildingsbereiche\/#breadcrumb\",\"itemListElement\":[{\"@type\":\"ListItem\",\"position\":1,\"name\":\"Accueil\",\"item\":\"http:\/\/www.crerf-mueb.eu\/de\/\"},{\"@type\":\"ListItem\",\"position\":2,\"name\":\"\u00dcbungsm\u00f6glichkeiten\",\"item\":\"http:\/\/www.crerf-mueb.eu\/de\/u%cc%88bungsmo%cc%88glichkeiten\/\"},{\"@type\":\"ListItem\",\"position\":3,\"name\":\"Ausbildungsbereiche\"}]},{\"@type\":\"WebSite\",\"@id\":\"http:\/\/www.crerf-mueb.eu\/#website\",\"url\":\"http:\/\/www.crerf-mueb.eu\/\",\"name\":\"CRERF M\u00dcB\",\"description\":\"River Risk Control Training Center\",\"potentialAction\":[{\"@type\":\"SearchAction\",\"target\":{\"@type\":\"EntryPoint\",\"urlTemplate\":\"http:\/\/www.crerf-mueb.eu\/?s={search_term_string}\"},\"query-input\":\"required name=search_term_string\"}],\"inLanguage\":\"de\"}]}<\/script>\n<!-- \/ Yoast SEO plugin. -->","yoast_head_json":{"title":"Ausbildungsbereiche - CRERF M\u00dcB","robots":{"index":"index","follow":"follow","max-snippet":"max-snippet:-1","max-image-preview":"max-image-preview:large","max-video-preview":"max-video-preview:-1"},"canonical":"http:\/\/www.crerf-mueb.eu\/de\/u\u0308bungsmo\u0308glichkeiten\/ausbildingsbereiche\/","og_locale":"de_DE","og_type":"article","og_title":"Ausbildungsbereiche - CRERF M\u00dcB","og_description":"\u00dcbungssimulatore und weitere \u00dcbungsm\u00f6glichkeiten Mehrere \u00dcbungssimulatoren neuester Generation sind an Bord der M\u00dcB eingerichtet. Sie erm\u00f6glichen die Inszenierung zahlreicher praktischer Situationen, wie zum Beispiel Abdichtungsarbeiten an Leckagen, den Sturz \u00fcber Bord einer Einsatzkraft mit kompletter Atemschutzausr\u00fcstung, \u00dcbungen im instabilen Seecontainer, der Umgang mit reellen Br\u00e4nden, Vorf\u00e4lle an Tankschiffverr\u00f6hrungen, Hilfeleistung nach dem Sturz einer Person in [&hellip;]","og_url":"http:\/\/www.crerf-mueb.eu\/de\/u\u0308bungsmo\u0308glichkeiten\/ausbildingsbereiche\/","og_site_name":"CRERF M\u00dcB","article_modified_time":"2015-06-18T15:14:17+00:00","og_image":[{"url":"http:\/\/www.crerf-mueb.eu\/wp-content\/uploads\/2015\/05\/IMG_5126-200x150.jpg"}],"twitter_card":"summary_large_image","twitter_misc":{"Gesch\u00e4tzte Lesezeit":"1\u00a0Minute"},"schema":{"@context":"https:\/\/schema.org","@graph":[{"@type":"WebPage","@id":"http:\/\/www.crerf-mueb.eu\/de\/u%cc%88bungsmo%cc%88glichkeiten\/ausbildingsbereiche\/","url":"http:\/\/www.crerf-mueb.eu\/de\/u%cc%88bungsmo%cc%88glichkeiten\/ausbildingsbereiche\/","name":"Ausbildungsbereiche - CRERF M\u00dcB","isPartOf":{"@id":"http:\/\/www.crerf-mueb.eu\/#website"},"datePublished":"2015-05-12T10:08:21+00:00","dateModified":"2015-06-18T15:14:17+00:00","breadcrumb":{"@id":"http:\/\/www.crerf-mueb.eu\/de\/u%cc%88bungsmo%cc%88glichkeiten\/ausbildingsbereiche\/#breadcrumb"},"inLanguage":"de","potentialAction":[{"@type":"ReadAction","target":["http:\/\/www.crerf-mueb.eu\/de\/u%cc%88bungsmo%cc%88glichkeiten\/ausbildingsbereiche\/"]}]},{"@type":"BreadcrumbList","@id":"http:\/\/www.crerf-mueb.eu\/de\/u%cc%88bungsmo%cc%88glichkeiten\/ausbildingsbereiche\/#breadcrumb","itemListElement":[{"@type":"ListItem","position":1,"name":"Accueil","item":"http:\/\/www.crerf-mueb.eu\/de\/"},{"@type":"ListItem","position":2,"name":"\u00dcbungsm\u00f6glichkeiten","item":"http:\/\/www.crerf-mueb.eu\/de\/u%cc%88bungsmo%cc%88glichkeiten\/"},{"@type":"ListItem","position":3,"name":"Ausbildungsbereiche"}]},{"@type":"WebSite","@id":"http:\/\/www.crerf-mueb.eu\/#website","url":"http:\/\/www.crerf-mueb.eu\/","name":"CRERF M\u00dcB","description":"River Risk Control Training Center","potentialAction":[{"@type":"SearchAction","target":{"@type":"EntryPoint","urlTemplate":"http:\/\/www.crerf-mueb.eu\/?s={search_term_string}"},"query-input":"required name=search_term_string"}],"inLanguage":"de"}]}},"_links":{"self":[{"href":"http:\/\/www.crerf-mueb.eu\/de\/wp-json\/wp\/v2\/pages\/179"}],"collection":[{"href":"http:\/\/www.crerf-mueb.eu\/de\/wp-json\/wp\/v2\/pages"}],"about":[{"href":"http:\/\/www.crerf-mueb.eu\/de\/wp-json\/wp\/v2\/types\/page"}],"author":[{"embeddable":true,"href":"http:\/\/www.crerf-mueb.eu\/de\/wp-json\/wp\/v2\/users\/2"}],"replies":[{"embeddable":true,"href":"http:\/\/www.crerf-mueb.eu\/de\/wp-json\/wp\/v2\/comments?post=179"}],"version-history":[{"count":7,"href":"http:\/\/www.crerf-mueb.eu\/de\/wp-json\/wp\/v2\/pages\/179\/revisions"}],"predecessor-version":[{"id":759,"href":"http:\/\/www.crerf-mueb.eu\/de\/wp-json\/wp\/v2\/pages\/179\/revisions\/759"}],"up":[{"embeddable":true,"href":"http:\/\/www.crerf-mueb.eu\/de\/wp-json\/wp\/v2\/pages\/92"}],"wp:attachment":[{"href":"http:\/\/www.crerf-mueb.eu\/de\/wp-json\/wp\/v2\/media?parent=179"}],"curies":[{"name":"wp","href":"https:\/\/api.w.org\/{rel}","templated":true}]}}