{"id":183,"date":"2015-05-12T11:09:46","date_gmt":"2015-05-12T10:09:46","guid":{"rendered":"http:\/\/www.crerf-mueb.eu\/?page_id=183"},"modified":"2015-05-28T09:29:48","modified_gmt":"2015-05-28T08:29:48","slug":"simulateur-voies-deau","status":"publish","type":"page","link":"http:\/\/www.crerf-mueb.eu\/de\/equipements\/simulateurs-et-modules\/simulateur-voies-deau\/","title":{"rendered":"Simulateur voies d&#8217;eau"},"content":{"rendered":"<p><strong>Le simulateur de voies d\u2019eau est destin\u00e9 \u00e0 reproduire des entr\u00e9es d\u2019eau \u00e0 l\u2019int\u00e9rieur d\u2019un bateau \u00e0 la suite d\u2019une collision ou d\u2019un \u00e9chouage avec une alt\u00e9ration de la coque.<\/strong> Il s\u2019agit pour les stagiaires d\u2019apprendre \u00e0 colmater des fuites ou des br\u00e8ches \u00e0 l\u2019aide de mat\u00e9riels appropri\u00e9s mis \u00e0 leur disposition. Le simulateur permet de reproduire des voies d\u2019eau situ\u00e9es sous la ligne de flottaison, en param\u00e9trant le d\u00e9bit et la pression d\u2019entr\u00e9e d\u2019eau \u00e0 travers la br\u00e8che.<\/p>\n\n\t\t<style type=\"text\/css\">\n\t\t\t#gallery-1 {\n\t\t\t\tmargin: auto;\n\t\t\t}\n\t\t\t#gallery-1 .gallery-item {\n\t\t\t\tfloat: left;\n\t\t\t\tmargin-top: 10px;\n\t\t\t\ttext-align: center;\n\t\t\t\twidth: 33%;\n\t\t\t}\n\t\t\t#gallery-1 img {\n\t\t\t\tborder: 2px solid #cfcfcf;\n\t\t\t}\n\t\t\t#gallery-1 .gallery-caption {\n\t\t\t\tmargin-left: 0;\n\t\t\t}\n\t\t\t\/* see gallery_shortcode() in wp-includes\/media.php *\/\n\t\t<\/style>\n\t\t<div id='gallery-1' class='gallery galleryid-183 gallery-columns-3 gallery-size-thumbnail'><dl class='gallery-item'>\n\t\t\t<dt class='gallery-icon landscape'>\n\t\t\t\t<a href='http:\/\/www.crerf-mueb.eu\/de\/equipements\/simulateurs-et-modules\/simulateur-voies-deau\/img_5804\/#main'><img width=\"200\" height=\"150\" src=\"http:\/\/www.crerf-mueb.eu\/wp-content\/uploads\/2015\/05\/IMG_5804-200x150.jpg\" class=\"attachment-thumbnail size-thumbnail\" alt=\"\" decoding=\"async\" loading=\"lazy\" \/><\/a>\n\t\t\t<\/dt><\/dl><dl class='gallery-item'>\n\t\t\t<dt class='gallery-icon landscape'>\n\t\t\t\t<a href='http:\/\/www.crerf-mueb.eu\/de\/equipements\/simulateurs-et-modules\/simulateur-voies-deau\/img_5780\/#main'><img width=\"200\" height=\"150\" src=\"http:\/\/www.crerf-mueb.eu\/wp-content\/uploads\/2015\/05\/IMG_5780-200x150.jpg\" class=\"attachment-thumbnail size-thumbnail\" alt=\"\" decoding=\"async\" loading=\"lazy\" \/><\/a>\n\t\t\t<\/dt><\/dl><dl class='gallery-item'>\n\t\t\t<dt class='gallery-icon landscape'>\n\t\t\t\t<a href='http:\/\/www.crerf-mueb.eu\/de\/equipements\/simulateurs-et-modules\/simulateur-voies-deau\/img_5775\/#main'><img width=\"200\" height=\"150\" src=\"http:\/\/www.crerf-mueb.eu\/wp-content\/uploads\/2015\/05\/IMG_5775-200x150.jpg\" class=\"attachment-thumbnail size-thumbnail\" alt=\"\" decoding=\"async\" loading=\"lazy\" \/><\/a>\n\t\t\t<\/dt><\/dl><br style=\"clear: both\" \/><dl class='gallery-item'>\n\t\t\t<dt class='gallery-icon landscape'>\n\t\t\t\t<a href='http:\/\/www.crerf-mueb.eu\/de\/equipements\/simulateurs-et-modules\/simulateur-voies-deau\/img_5809-2\/#main'><img width=\"200\" height=\"150\" src=\"http:\/\/www.crerf-mueb.eu\/wp-content\/uploads\/2015\/05\/IMG_58091-200x150.jpg\" class=\"attachment-thumbnail size-thumbnail\" alt=\"\" decoding=\"async\" loading=\"lazy\" \/><\/a>\n\t\t\t<\/dt><\/dl><dl class='gallery-item'>\n\t\t\t<dt class='gallery-icon landscape'>\n\t\t\t\t<a href='http:\/\/www.crerf-mueb.eu\/de\/equipements\/simulateurs-et-modules\/simulateur-voies-deau\/img_5793\/#main'><img width=\"200\" height=\"150\" src=\"http:\/\/www.crerf-mueb.eu\/wp-content\/uploads\/2015\/05\/IMG_5793-200x150.jpg\" class=\"attachment-thumbnail size-thumbnail\" alt=\"\" decoding=\"async\" loading=\"lazy\" \/><\/a>\n\t\t\t<\/dt><\/dl>\n\t\t\t<br style='clear: both' \/>\n\t\t<\/div>\n\n<p>\u00a9 Alexandre Schauer<\/p>\n<p>&nbsp;<\/p>\n<p>&nbsp;<\/p>\n","protected":false},"excerpt":{"rendered":"<p>Le simulateur de voies d\u2019eau est destin\u00e9 \u00e0 reproduire des entr\u00e9es d\u2019eau \u00e0 l\u2019int\u00e9rieur d\u2019un bateau \u00e0 la suite d\u2019une collision ou d\u2019un \u00e9chouage avec une alt\u00e9ration de la coque. Il s\u2019agit pour les stagiaires d\u2019apprendre \u00e0 colmater des fuites ou des br\u00e8ches \u00e0 l\u2019aide de mat\u00e9riels appropri\u00e9s mis \u00e0 leur disposition. Le simulateur permet [&hellip;]<\/p>\n","protected":false},"author":2,"featured_media":0,"parent":177,"menu_order":0,"comment_status":"open","ping_status":"open","template":"","meta":{"_mi_skip_tracking":false},"yoast_head":"<!-- This site is optimized with the Yoast SEO plugin v20.5 - https:\/\/yoast.com\/wordpress\/plugins\/seo\/ -->\n<title>Simulateur voies d&#039;eau - CRERF M\u00dcB<\/title>\n<meta name=\"description\" content=\"Le simulateur de voies d\u2019eau est destin\u00e9 \u00e0 reproduire des entr\u00e9es d\u2019eau \u00e0 l\u2019int\u00e9rieur d\u2019un bateau \u00e0 la suite d\u2019une collision...\" \/>\n<meta name=\"robots\" content=\"index, follow, max-snippet:-1, max-image-preview:large, max-video-preview:-1\" \/>\n<link rel=\"canonical\" href=\"http:\/\/www.crerf-mueb.eu\/de\/equipements\/simulateurs-et-modules\/simulateur-voies-deau\/\" \/>\n<meta property=\"og:locale\" content=\"de_DE\" \/>\n<meta property=\"og:type\" content=\"article\" \/>\n<meta property=\"og:title\" content=\"Simulateur voies d&#039;eau - CRERF M\u00dcB\" \/>\n<meta property=\"og:description\" content=\"Le simulateur de voies d\u2019eau est destin\u00e9 \u00e0 reproduire des entr\u00e9es d\u2019eau \u00e0 l\u2019int\u00e9rieur d\u2019un bateau \u00e0 la suite d\u2019une collision...\" \/>\n<meta property=\"og:url\" content=\"http:\/\/www.crerf-mueb.eu\/de\/equipements\/simulateurs-et-modules\/simulateur-voies-deau\/\" \/>\n<meta property=\"og:site_name\" content=\"CRERF M\u00dcB\" \/>\n<meta property=\"article:modified_time\" content=\"2015-05-28T08:29:48+00:00\" \/>\n<meta property=\"og:image\" content=\"http:\/\/www.crerf-mueb.eu\/wp-content\/uploads\/2015\/05\/IMG_5804-200x150.jpg\" \/>\n<meta name=\"twitter:card\" content=\"summary_large_image\" \/>\n<meta name=\"twitter:label1\" content=\"Gesch\u00e4tzte Lesezeit\" \/>\n\t<meta name=\"twitter:data1\" content=\"1\u00a0Minute\" \/>\n<script type=\"application\/ld+json\" class=\"yoast-schema-graph\">{\"@context\":\"https:\/\/schema.org\",\"@graph\":[{\"@type\":\"WebPage\",\"@id\":\"http:\/\/www.crerf-mueb.eu\/de\/equipements\/simulateurs-et-modules\/simulateur-voies-deau\/\",\"url\":\"http:\/\/www.crerf-mueb.eu\/de\/equipements\/simulateurs-et-modules\/simulateur-voies-deau\/\",\"name\":\"Simulateur voies d'eau - CRERF M\u00dcB\",\"isPartOf\":{\"@id\":\"http:\/\/www.crerf-mueb.eu\/de\/#website\"},\"datePublished\":\"2015-05-12T10:09:46+00:00\",\"dateModified\":\"2015-05-28T08:29:48+00:00\",\"description\":\"Le simulateur de voies d\u2019eau est destin\u00e9 \u00e0 reproduire des entr\u00e9es d\u2019eau \u00e0 l\u2019int\u00e9rieur d\u2019un bateau \u00e0 la suite d\u2019une collision...\",\"breadcrumb\":{\"@id\":\"http:\/\/www.crerf-mueb.eu\/de\/equipements\/simulateurs-et-modules\/simulateur-voies-deau\/#breadcrumb\"},\"inLanguage\":\"de\",\"potentialAction\":[{\"@type\":\"ReadAction\",\"target\":[\"http:\/\/www.crerf-mueb.eu\/de\/equipements\/simulateurs-et-modules\/simulateur-voies-deau\/\"]}]},{\"@type\":\"BreadcrumbList\",\"@id\":\"http:\/\/www.crerf-mueb.eu\/de\/equipements\/simulateurs-et-modules\/simulateur-voies-deau\/#breadcrumb\",\"itemListElement\":[{\"@type\":\"ListItem\",\"position\":1,\"name\":\"Accueil\",\"item\":\"http:\/\/www.crerf-mueb.eu\/de\/\"},{\"@type\":\"ListItem\",\"position\":2,\"name\":\"\u00c9quipements\",\"item\":\"http:\/\/www.crerf-mueb.eu\/de\/equipements\/\"},{\"@type\":\"ListItem\",\"position\":3,\"name\":\"Simulateurs et modules\",\"item\":\"http:\/\/www.crerf-mueb.eu\/de\/equipements\/simulateurs-et-modules\/\"},{\"@type\":\"ListItem\",\"position\":4,\"name\":\"Simulateur voies d&#8217;eau\"}]},{\"@type\":\"WebSite\",\"@id\":\"http:\/\/www.crerf-mueb.eu\/de\/#website\",\"url\":\"http:\/\/www.crerf-mueb.eu\/de\/\",\"name\":\"CRERF M\u00dcB\",\"description\":\"River Risk Control Training Center\",\"potentialAction\":[{\"@type\":\"SearchAction\",\"target\":{\"@type\":\"EntryPoint\",\"urlTemplate\":\"http:\/\/www.crerf-mueb.eu\/de\/?s={search_term_string}\"},\"query-input\":\"required name=search_term_string\"}],\"inLanguage\":\"de\"}]}<\/script>\n<!-- \/ Yoast SEO plugin. -->","yoast_head_json":{"title":"Simulateur voies d'eau - CRERF M\u00dcB","description":"Le simulateur de voies d\u2019eau est destin\u00e9 \u00e0 reproduire des entr\u00e9es d\u2019eau \u00e0 l\u2019int\u00e9rieur d\u2019un bateau \u00e0 la suite d\u2019une collision...","robots":{"index":"index","follow":"follow","max-snippet":"max-snippet:-1","max-image-preview":"max-image-preview:large","max-video-preview":"max-video-preview:-1"},"canonical":"http:\/\/www.crerf-mueb.eu\/de\/equipements\/simulateurs-et-modules\/simulateur-voies-deau\/","og_locale":"de_DE","og_type":"article","og_title":"Simulateur voies d'eau - CRERF M\u00dcB","og_description":"Le simulateur de voies d\u2019eau est destin\u00e9 \u00e0 reproduire des entr\u00e9es d\u2019eau \u00e0 l\u2019int\u00e9rieur d\u2019un bateau \u00e0 la suite d\u2019une collision...","og_url":"http:\/\/www.crerf-mueb.eu\/de\/equipements\/simulateurs-et-modules\/simulateur-voies-deau\/","og_site_name":"CRERF M\u00dcB","article_modified_time":"2015-05-28T08:29:48+00:00","og_image":[{"url":"http:\/\/www.crerf-mueb.eu\/wp-content\/uploads\/2015\/05\/IMG_5804-200x150.jpg"}],"twitter_card":"summary_large_image","twitter_misc":{"Gesch\u00e4tzte Lesezeit":"1\u00a0Minute"},"schema":{"@context":"https:\/\/schema.org","@graph":[{"@type":"WebPage","@id":"http:\/\/www.crerf-mueb.eu\/de\/equipements\/simulateurs-et-modules\/simulateur-voies-deau\/","url":"http:\/\/www.crerf-mueb.eu\/de\/equipements\/simulateurs-et-modules\/simulateur-voies-deau\/","name":"Simulateur voies d'eau - CRERF M\u00dcB","isPartOf":{"@id":"http:\/\/www.crerf-mueb.eu\/de\/#website"},"datePublished":"2015-05-12T10:09:46+00:00","dateModified":"2015-05-28T08:29:48+00:00","description":"Le simulateur de voies d\u2019eau est destin\u00e9 \u00e0 reproduire des entr\u00e9es d\u2019eau \u00e0 l\u2019int\u00e9rieur d\u2019un bateau \u00e0 la suite d\u2019une collision...","breadcrumb":{"@id":"http:\/\/www.crerf-mueb.eu\/de\/equipements\/simulateurs-et-modules\/simulateur-voies-deau\/#breadcrumb"},"inLanguage":"de","potentialAction":[{"@type":"ReadAction","target":["http:\/\/www.crerf-mueb.eu\/de\/equipements\/simulateurs-et-modules\/simulateur-voies-deau\/"]}]},{"@type":"BreadcrumbList","@id":"http:\/\/www.crerf-mueb.eu\/de\/equipements\/simulateurs-et-modules\/simulateur-voies-deau\/#breadcrumb","itemListElement":[{"@type":"ListItem","position":1,"name":"Accueil","item":"http:\/\/www.crerf-mueb.eu\/de\/"},{"@type":"ListItem","position":2,"name":"\u00c9quipements","item":"http:\/\/www.crerf-mueb.eu\/de\/equipements\/"},{"@type":"ListItem","position":3,"name":"Simulateurs et modules","item":"http:\/\/www.crerf-mueb.eu\/de\/equipements\/simulateurs-et-modules\/"},{"@type":"ListItem","position":4,"name":"Simulateur voies d&#8217;eau"}]},{"@type":"WebSite","@id":"http:\/\/www.crerf-mueb.eu\/de\/#website","url":"http:\/\/www.crerf-mueb.eu\/de\/","name":"CRERF M\u00dcB","description":"River Risk Control Training Center","potentialAction":[{"@type":"SearchAction","target":{"@type":"EntryPoint","urlTemplate":"http:\/\/www.crerf-mueb.eu\/de\/?s={search_term_string}"},"query-input":"required name=search_term_string"}],"inLanguage":"de"}]}},"_links":{"self":[{"href":"http:\/\/www.crerf-mueb.eu\/de\/wp-json\/wp\/v2\/pages\/183"}],"collection":[{"href":"http:\/\/www.crerf-mueb.eu\/de\/wp-json\/wp\/v2\/pages"}],"about":[{"href":"http:\/\/www.crerf-mueb.eu\/de\/wp-json\/wp\/v2\/types\/page"}],"author":[{"embeddable":true,"href":"http:\/\/www.crerf-mueb.eu\/de\/wp-json\/wp\/v2\/users\/2"}],"replies":[{"embeddable":true,"href":"http:\/\/www.crerf-mueb.eu\/de\/wp-json\/wp\/v2\/comments?post=183"}],"version-history":[{"count":8,"href":"http:\/\/www.crerf-mueb.eu\/de\/wp-json\/wp\/v2\/pages\/183\/revisions"}],"predecessor-version":[{"id":533,"href":"http:\/\/www.crerf-mueb.eu\/de\/wp-json\/wp\/v2\/pages\/183\/revisions\/533"}],"up":[{"embeddable":true,"href":"http:\/\/www.crerf-mueb.eu\/de\/wp-json\/wp\/v2\/pages\/177"}],"wp:attachment":[{"href":"http:\/\/www.crerf-mueb.eu\/de\/wp-json\/wp\/v2\/media?parent=183"}],"curies":[{"name":"wp","href":"https:\/\/api.w.org\/{rel}","templated":true}]}}