{"id":185,"date":"2015-05-12T11:10:11","date_gmt":"2015-05-12T10:10:11","guid":{"rendered":"http:\/\/www.crerf-mueb.eu\/?page_id=185"},"modified":"2017-01-17T11:20:36","modified_gmt":"2017-01-17T10:20:36","slug":"bassin-de-tombee-a-leau","status":"publish","type":"page","link":"http:\/\/www.crerf-mueb.eu\/de\/equipements\/simulateurs-et-modules\/bassin-de-tombee-a-leau\/","title":{"rendered":"Bassin de tomb\u00e9e \u00e0 l&#8217;eau"},"content":{"rendered":"<p><strong>Le bassin de tomb\u00e9e \u00e0 l\u2019eau est destin\u00e9 \u00e0 reproduire les sensations d\u2019une chute \u00e0 l\u2019eau fortuite d\u2019un intervenant pendant une op\u00e9ration sur un bateau.<\/strong> La chute dans l\u2019eau se fait en tenue de feu compl\u00e8te avec l\u2019appareil respiratoire isolant afin de mieux appr\u00e9hender ce risque inh\u00e9rent \u00e0 toute op\u00e9ration fluviale. Situ\u00e9 dans un local chauff\u00e9, le bassin contient 30 m<sup>3<\/sup> d\u2019eau chauff\u00e9e et trait\u00e9e.<\/p>\n\n\t\t<style type=\"text\/css\">\n\t\t\t#gallery-1 {\n\t\t\t\tmargin: auto;\n\t\t\t}\n\t\t\t#gallery-1 .gallery-item {\n\t\t\t\tfloat: left;\n\t\t\t\tmargin-top: 10px;\n\t\t\t\ttext-align: center;\n\t\t\t\twidth: 33%;\n\t\t\t}\n\t\t\t#gallery-1 img {\n\t\t\t\tborder: 2px solid #cfcfcf;\n\t\t\t}\n\t\t\t#gallery-1 .gallery-caption {\n\t\t\t\tmargin-left: 0;\n\t\t\t}\n\t\t\t\/* see gallery_shortcode() in wp-includes\/media.php *\/\n\t\t<\/style>\n\t\t<div id='gallery-1' class='gallery galleryid-185 gallery-columns-3 gallery-size-thumbnail'><dl class='gallery-item'>\n\t\t\t<dt class='gallery-icon landscape'>\n\t\t\t\t<a href='http:\/\/www.crerf-mueb.eu\/de\/equipements\/simulateurs-et-modules\/bassin-de-tombee-a-leau\/img_5825\/#main'><img width=\"200\" height=\"150\" src=\"http:\/\/www.crerf-mueb.eu\/wp-content\/uploads\/2015\/05\/IMG_5825-200x150.jpg\" class=\"attachment-thumbnail size-thumbnail\" alt=\"\" decoding=\"async\" loading=\"lazy\" \/><\/a>\n\t\t\t<\/dt><\/dl><dl class='gallery-item'>\n\t\t\t<dt class='gallery-icon landscape'>\n\t\t\t\t<a href='http:\/\/www.crerf-mueb.eu\/de\/equipements\/simulateurs-et-modules\/bassin-de-tombee-a-leau\/img_5837-2\/#main'><img width=\"200\" height=\"150\" src=\"http:\/\/www.crerf-mueb.eu\/wp-content\/uploads\/2015\/05\/IMG_58371-200x150.jpg\" class=\"attachment-thumbnail size-thumbnail\" alt=\"\" decoding=\"async\" loading=\"lazy\" \/><\/a>\n\t\t\t<\/dt><\/dl><dl class='gallery-item'>\n\t\t\t<dt class='gallery-icon landscape'>\n\t\t\t\t<a href='http:\/\/www.crerf-mueb.eu\/de\/equipements\/simulateurs-et-modules\/bassin-de-tombee-a-leau\/img_5839\/#main'><img width=\"200\" height=\"150\" src=\"http:\/\/www.crerf-mueb.eu\/wp-content\/uploads\/2015\/05\/IMG_5839-200x150.jpg\" class=\"attachment-thumbnail size-thumbnail\" alt=\"\" decoding=\"async\" loading=\"lazy\" \/><\/a>\n\t\t\t<\/dt><\/dl><br style=\"clear: both\" \/><dl class='gallery-item'>\n\t\t\t<dt class='gallery-icon landscape'>\n\t\t\t\t<a href='http:\/\/www.crerf-mueb.eu\/de\/equipements\/simulateurs-et-modules\/bassin-de-tombee-a-leau\/cb1_9013\/#main'><img width=\"200\" height=\"150\" src=\"http:\/\/www.crerf-mueb.eu\/wp-content\/uploads\/2015\/05\/CB1_9013-200x150.jpg\" class=\"attachment-thumbnail size-thumbnail\" alt=\"\" decoding=\"async\" loading=\"lazy\" \/><\/a>\n\t\t\t<\/dt><\/dl><dl class='gallery-item'>\n\t\t\t<dt class='gallery-icon landscape'>\n\t\t\t\t<a href='http:\/\/www.crerf-mueb.eu\/de\/equipements\/simulateurs-et-modules\/bassin-de-tombee-a-leau\/img_5858\/#main'><img width=\"200\" height=\"150\" src=\"http:\/\/www.crerf-mueb.eu\/wp-content\/uploads\/2015\/05\/IMG_5858-200x150.jpg\" class=\"attachment-thumbnail size-thumbnail\" alt=\"\" decoding=\"async\" loading=\"lazy\" \/><\/a>\n\t\t\t<\/dt><\/dl><dl class='gallery-item'>\n\t\t\t<dt class='gallery-icon landscape'>\n\t\t\t\t<a href='http:\/\/www.crerf-mueb.eu\/de\/equipements\/simulateurs-et-modules\/bassin-de-tombee-a-leau\/cb1_9017-2\/#main'><img width=\"200\" height=\"150\" src=\"http:\/\/www.crerf-mueb.eu\/wp-content\/uploads\/2015\/05\/CB1_90171-200x150.jpg\" class=\"attachment-thumbnail size-thumbnail\" alt=\"\" decoding=\"async\" loading=\"lazy\" \/><\/a>\n\t\t\t<\/dt><\/dl><br style=\"clear: both\" \/>\n\t\t<\/div>\n\n<p>\u00a9 Alexandre Schauer<\/p>\n","protected":false},"excerpt":{"rendered":"<p>Le bassin de tomb\u00e9e \u00e0 l\u2019eau est destin\u00e9 \u00e0 reproduire les sensations d\u2019une chute \u00e0 l\u2019eau fortuite d\u2019un intervenant pendant une op\u00e9ration sur un bateau. La chute dans l\u2019eau se fait en tenue de feu compl\u00e8te avec l\u2019appareil respiratoire isolant afin de mieux appr\u00e9hender ce risque inh\u00e9rent \u00e0 toute op\u00e9ration fluviale. Situ\u00e9 dans un local [&hellip;]<\/p>\n","protected":false},"author":2,"featured_media":0,"parent":177,"menu_order":0,"comment_status":"open","ping_status":"open","template":"","meta":{"_mi_skip_tracking":false},"yoast_head":"<!-- This site is optimized with the Yoast SEO plugin v20.5 - https:\/\/yoast.com\/wordpress\/plugins\/seo\/ -->\n<title>Bassin de tomb\u00e9e \u00e0 l&#039;eau - CRERF M\u00dcB<\/title>\n<meta name=\"description\" content=\"Le bassin de tomb\u00e9e \u00e0 l\u2019eau est destin\u00e9 \u00e0 reproduire les sensations d\u2019une chute \u00e0 l\u2019eau fortuite d\u2019un intervenant pendant une op\u00e9ration sur un bateau.\" \/>\n<meta name=\"robots\" content=\"index, follow, max-snippet:-1, max-image-preview:large, max-video-preview:-1\" \/>\n<link rel=\"canonical\" href=\"http:\/\/www.crerf-mueb.eu\/de\/equipements\/simulateurs-et-modules\/bassin-de-tombee-a-leau\/\" \/>\n<meta property=\"og:locale\" content=\"de_DE\" \/>\n<meta property=\"og:type\" content=\"article\" \/>\n<meta property=\"og:title\" content=\"Bassin de tomb\u00e9e \u00e0 l&#039;eau - CRERF M\u00dcB\" \/>\n<meta property=\"og:description\" content=\"Le bassin de tomb\u00e9e \u00e0 l\u2019eau est destin\u00e9 \u00e0 reproduire les sensations d\u2019une chute \u00e0 l\u2019eau fortuite d\u2019un intervenant pendant une op\u00e9ration sur un bateau.\" \/>\n<meta property=\"og:url\" content=\"http:\/\/www.crerf-mueb.eu\/de\/equipements\/simulateurs-et-modules\/bassin-de-tombee-a-leau\/\" \/>\n<meta property=\"og:site_name\" content=\"CRERF M\u00dcB\" \/>\n<meta property=\"article:modified_time\" content=\"2017-01-17T10:20:36+00:00\" \/>\n<meta property=\"og:image\" content=\"http:\/\/www.crerf-mueb.eu\/wp-content\/uploads\/2015\/05\/IMG_5825-200x150.jpg\" \/>\n<meta name=\"twitter:card\" content=\"summary_large_image\" \/>\n<script type=\"application\/ld+json\" class=\"yoast-schema-graph\">{\"@context\":\"https:\/\/schema.org\",\"@graph\":[{\"@type\":\"WebPage\",\"@id\":\"http:\/\/www.crerf-mueb.eu\/de\/equipements\/simulateurs-et-modules\/bassin-de-tombee-a-leau\/\",\"url\":\"http:\/\/www.crerf-mueb.eu\/de\/equipements\/simulateurs-et-modules\/bassin-de-tombee-a-leau\/\",\"name\":\"Bassin de tomb\u00e9e \u00e0 l'eau - CRERF M\u00dcB\",\"isPartOf\":{\"@id\":\"http:\/\/www.crerf-mueb.eu\/de\/#website\"},\"datePublished\":\"2015-05-12T10:10:11+00:00\",\"dateModified\":\"2017-01-17T10:20:36+00:00\",\"description\":\"Le bassin de tomb\u00e9e \u00e0 l\u2019eau est destin\u00e9 \u00e0 reproduire les sensations d\u2019une chute \u00e0 l\u2019eau fortuite d\u2019un intervenant pendant une op\u00e9ration sur un bateau.\",\"breadcrumb\":{\"@id\":\"http:\/\/www.crerf-mueb.eu\/de\/equipements\/simulateurs-et-modules\/bassin-de-tombee-a-leau\/#breadcrumb\"},\"inLanguage\":\"de\",\"potentialAction\":[{\"@type\":\"ReadAction\",\"target\":[\"http:\/\/www.crerf-mueb.eu\/de\/equipements\/simulateurs-et-modules\/bassin-de-tombee-a-leau\/\"]}]},{\"@type\":\"BreadcrumbList\",\"@id\":\"http:\/\/www.crerf-mueb.eu\/de\/equipements\/simulateurs-et-modules\/bassin-de-tombee-a-leau\/#breadcrumb\",\"itemListElement\":[{\"@type\":\"ListItem\",\"position\":1,\"name\":\"Accueil\",\"item\":\"http:\/\/www.crerf-mueb.eu\/de\/\"},{\"@type\":\"ListItem\",\"position\":2,\"name\":\"\u00c9quipements\",\"item\":\"http:\/\/www.crerf-mueb.eu\/de\/equipements\/\"},{\"@type\":\"ListItem\",\"position\":3,\"name\":\"Simulateurs et modules\",\"item\":\"http:\/\/www.crerf-mueb.eu\/de\/equipements\/simulateurs-et-modules\/\"},{\"@type\":\"ListItem\",\"position\":4,\"name\":\"Bassin de tomb\u00e9e \u00e0 l&#8217;eau\"}]},{\"@type\":\"WebSite\",\"@id\":\"http:\/\/www.crerf-mueb.eu\/de\/#website\",\"url\":\"http:\/\/www.crerf-mueb.eu\/de\/\",\"name\":\"CRERF M\u00dcB\",\"description\":\"River Risk Control Training Center\",\"potentialAction\":[{\"@type\":\"SearchAction\",\"target\":{\"@type\":\"EntryPoint\",\"urlTemplate\":\"http:\/\/www.crerf-mueb.eu\/de\/?s={search_term_string}\"},\"query-input\":\"required name=search_term_string\"}],\"inLanguage\":\"de\"}]}<\/script>\n<!-- \/ Yoast SEO plugin. -->","yoast_head_json":{"title":"Bassin de tomb\u00e9e \u00e0 l'eau - CRERF M\u00dcB","description":"Le bassin de tomb\u00e9e \u00e0 l\u2019eau est destin\u00e9 \u00e0 reproduire les sensations d\u2019une chute \u00e0 l\u2019eau fortuite d\u2019un intervenant pendant une op\u00e9ration sur un bateau.","robots":{"index":"index","follow":"follow","max-snippet":"max-snippet:-1","max-image-preview":"max-image-preview:large","max-video-preview":"max-video-preview:-1"},"canonical":"http:\/\/www.crerf-mueb.eu\/de\/equipements\/simulateurs-et-modules\/bassin-de-tombee-a-leau\/","og_locale":"de_DE","og_type":"article","og_title":"Bassin de tomb\u00e9e \u00e0 l'eau - CRERF M\u00dcB","og_description":"Le bassin de tomb\u00e9e \u00e0 l\u2019eau est destin\u00e9 \u00e0 reproduire les sensations d\u2019une chute \u00e0 l\u2019eau fortuite d\u2019un intervenant pendant une op\u00e9ration sur un bateau.","og_url":"http:\/\/www.crerf-mueb.eu\/de\/equipements\/simulateurs-et-modules\/bassin-de-tombee-a-leau\/","og_site_name":"CRERF M\u00dcB","article_modified_time":"2017-01-17T10:20:36+00:00","og_image":[{"url":"http:\/\/www.crerf-mueb.eu\/wp-content\/uploads\/2015\/05\/IMG_5825-200x150.jpg"}],"twitter_card":"summary_large_image","schema":{"@context":"https:\/\/schema.org","@graph":[{"@type":"WebPage","@id":"http:\/\/www.crerf-mueb.eu\/de\/equipements\/simulateurs-et-modules\/bassin-de-tombee-a-leau\/","url":"http:\/\/www.crerf-mueb.eu\/de\/equipements\/simulateurs-et-modules\/bassin-de-tombee-a-leau\/","name":"Bassin de tomb\u00e9e \u00e0 l'eau - CRERF M\u00dcB","isPartOf":{"@id":"http:\/\/www.crerf-mueb.eu\/de\/#website"},"datePublished":"2015-05-12T10:10:11+00:00","dateModified":"2017-01-17T10:20:36+00:00","description":"Le bassin de tomb\u00e9e \u00e0 l\u2019eau est destin\u00e9 \u00e0 reproduire les sensations d\u2019une chute \u00e0 l\u2019eau fortuite d\u2019un intervenant pendant une op\u00e9ration sur un bateau.","breadcrumb":{"@id":"http:\/\/www.crerf-mueb.eu\/de\/equipements\/simulateurs-et-modules\/bassin-de-tombee-a-leau\/#breadcrumb"},"inLanguage":"de","potentialAction":[{"@type":"ReadAction","target":["http:\/\/www.crerf-mueb.eu\/de\/equipements\/simulateurs-et-modules\/bassin-de-tombee-a-leau\/"]}]},{"@type":"BreadcrumbList","@id":"http:\/\/www.crerf-mueb.eu\/de\/equipements\/simulateurs-et-modules\/bassin-de-tombee-a-leau\/#breadcrumb","itemListElement":[{"@type":"ListItem","position":1,"name":"Accueil","item":"http:\/\/www.crerf-mueb.eu\/de\/"},{"@type":"ListItem","position":2,"name":"\u00c9quipements","item":"http:\/\/www.crerf-mueb.eu\/de\/equipements\/"},{"@type":"ListItem","position":3,"name":"Simulateurs et modules","item":"http:\/\/www.crerf-mueb.eu\/de\/equipements\/simulateurs-et-modules\/"},{"@type":"ListItem","position":4,"name":"Bassin de tomb\u00e9e \u00e0 l&#8217;eau"}]},{"@type":"WebSite","@id":"http:\/\/www.crerf-mueb.eu\/de\/#website","url":"http:\/\/www.crerf-mueb.eu\/de\/","name":"CRERF M\u00dcB","description":"River Risk Control Training Center","potentialAction":[{"@type":"SearchAction","target":{"@type":"EntryPoint","urlTemplate":"http:\/\/www.crerf-mueb.eu\/de\/?s={search_term_string}"},"query-input":"required name=search_term_string"}],"inLanguage":"de"}]}},"_links":{"self":[{"href":"http:\/\/www.crerf-mueb.eu\/de\/wp-json\/wp\/v2\/pages\/185"}],"collection":[{"href":"http:\/\/www.crerf-mueb.eu\/de\/wp-json\/wp\/v2\/pages"}],"about":[{"href":"http:\/\/www.crerf-mueb.eu\/de\/wp-json\/wp\/v2\/types\/page"}],"author":[{"embeddable":true,"href":"http:\/\/www.crerf-mueb.eu\/de\/wp-json\/wp\/v2\/users\/2"}],"replies":[{"embeddable":true,"href":"http:\/\/www.crerf-mueb.eu\/de\/wp-json\/wp\/v2\/comments?post=185"}],"version-history":[{"count":9,"href":"http:\/\/www.crerf-mueb.eu\/de\/wp-json\/wp\/v2\/pages\/185\/revisions"}],"predecessor-version":[{"id":1112,"href":"http:\/\/www.crerf-mueb.eu\/de\/wp-json\/wp\/v2\/pages\/185\/revisions\/1112"}],"up":[{"embeddable":true,"href":"http:\/\/www.crerf-mueb.eu\/de\/wp-json\/wp\/v2\/pages\/177"}],"wp:attachment":[{"href":"http:\/\/www.crerf-mueb.eu\/de\/wp-json\/wp\/v2\/media?parent=185"}],"curies":[{"name":"wp","href":"https:\/\/api.w.org\/{rel}","templated":true}]}}