{"id":187,"date":"2015-05-12T11:10:36","date_gmt":"2015-05-12T10:10:36","guid":{"rendered":"http:\/\/www.crerf-mueb.eu\/?page_id=187"},"modified":"2015-06-16T13:23:08","modified_gmt":"2015-06-16T12:23:08","slug":"ubungsbecken-person-uber-bord","status":"publish","type":"page","link":"http:\/\/www.crerf-mueb.eu\/de\/u%cc%88bungsmo%cc%88glichkeiten\/ausbildingsbereiche\/ubungsbecken-person-uber-bord\/","title":{"rendered":"\u00dcbungsbecken ,,Person \u00fcber Bord&#8220;"},"content":{"rendered":"<p><strong>Das \u00dcbungsbecken \u201ePerson \u00fcber Bord\u201c erm\u00f6glicht es, den Einsatzkr\u00e4ften mit vollst\u00e4ndiger Schutzausr\u00fcstung und Rettungsweste den Sturz \u00fcber Bord w\u00e4hrend eines Einsatzes auf einem Binnenschiff nachzuempfinden.<\/strong><\/p>\n<p>Hierf\u00fcr wird den Lehrgangsteilnehmern nicht nur die Brandschutzkleidung gestellt, sondern auch die eigens f\u00fcr diese \u00dcbung vorgehaltenen Atemschutzger\u00e4te.<\/p>\n<p>Das Becken ist in einem geheizten Raum untergebracht und mit 30 m<sup>3<\/sup> geheiztem Wasser in Schwimmbadqualit\u00e4t gef\u00fcllt.<\/p>\n\n\t\t<style type=\"text\/css\">\n\t\t\t#gallery-1 {\n\t\t\t\tmargin: auto;\n\t\t\t}\n\t\t\t#gallery-1 .gallery-item {\n\t\t\t\tfloat: left;\n\t\t\t\tmargin-top: 10px;\n\t\t\t\ttext-align: center;\n\t\t\t\twidth: 33%;\n\t\t\t}\n\t\t\t#gallery-1 img {\n\t\t\t\tborder: 2px solid #cfcfcf;\n\t\t\t}\n\t\t\t#gallery-1 .gallery-caption {\n\t\t\t\tmargin-left: 0;\n\t\t\t}\n\t\t\t\/* see gallery_shortcode() in wp-includes\/media.php *\/\n\t\t<\/style>\n\t\t<div id='gallery-1' class='gallery galleryid-187 gallery-columns-3 gallery-size-thumbnail'><dl class='gallery-item'>\n\t\t\t<dt class='gallery-icon landscape'>\n\t\t\t\t<a href='http:\/\/www.crerf-mueb.eu\/wp-content\/uploads\/2015\/05\/IMG_5825-e1432731122276.jpg'><img width=\"200\" height=\"150\" src=\"http:\/\/www.crerf-mueb.eu\/wp-content\/uploads\/2015\/05\/IMG_5825-200x150.jpg\" class=\"attachment-thumbnail size-thumbnail\" alt=\"\" decoding=\"async\" loading=\"lazy\" \/><\/a>\n\t\t\t<\/dt><\/dl><dl class='gallery-item'>\n\t\t\t<dt class='gallery-icon landscape'>\n\t\t\t\t<a href='http:\/\/www.crerf-mueb.eu\/wp-content\/uploads\/2015\/05\/IMG_58371-e1432731111511.jpg'><img width=\"200\" height=\"150\" src=\"http:\/\/www.crerf-mueb.eu\/wp-content\/uploads\/2015\/05\/IMG_58371-200x150.jpg\" class=\"attachment-thumbnail size-thumbnail\" alt=\"\" decoding=\"async\" loading=\"lazy\" \/><\/a>\n\t\t\t<\/dt><\/dl><dl class='gallery-item'>\n\t\t\t<dt class='gallery-icon landscape'>\n\t\t\t\t<a href='http:\/\/www.crerf-mueb.eu\/wp-content\/uploads\/2015\/05\/IMG_5839-e1432731101101.jpg'><img width=\"200\" height=\"150\" src=\"http:\/\/www.crerf-mueb.eu\/wp-content\/uploads\/2015\/05\/IMG_5839-200x150.jpg\" class=\"attachment-thumbnail size-thumbnail\" alt=\"\" decoding=\"async\" loading=\"lazy\" \/><\/a>\n\t\t\t<\/dt><\/dl><br style=\"clear: both\" \/><dl class='gallery-item'>\n\t\t\t<dt class='gallery-icon landscape'>\n\t\t\t\t<a href='http:\/\/www.crerf-mueb.eu\/wp-content\/uploads\/2015\/05\/CB1_9013-e1432731147579.jpg'><img width=\"200\" height=\"150\" src=\"http:\/\/www.crerf-mueb.eu\/wp-content\/uploads\/2015\/05\/CB1_9013-200x150.jpg\" class=\"attachment-thumbnail size-thumbnail\" alt=\"\" decoding=\"async\" loading=\"lazy\" \/><\/a>\n\t\t\t<\/dt><\/dl><dl class='gallery-item'>\n\t\t\t<dt class='gallery-icon landscape'>\n\t\t\t\t<a href='http:\/\/www.crerf-mueb.eu\/wp-content\/uploads\/2015\/05\/IMG_5858-e1432731157503.jpg'><img width=\"200\" height=\"150\" src=\"http:\/\/www.crerf-mueb.eu\/wp-content\/uploads\/2015\/05\/IMG_5858-200x150.jpg\" class=\"attachment-thumbnail size-thumbnail\" alt=\"\" decoding=\"async\" loading=\"lazy\" \/><\/a>\n\t\t\t<\/dt><\/dl><dl class='gallery-item'>\n\t\t\t<dt class='gallery-icon landscape'>\n\t\t\t\t<a href='http:\/\/www.crerf-mueb.eu\/wp-content\/uploads\/2015\/05\/CB1_90171-e1432731133844.jpg'><img width=\"200\" height=\"150\" src=\"http:\/\/www.crerf-mueb.eu\/wp-content\/uploads\/2015\/05\/CB1_90171-200x150.jpg\" class=\"attachment-thumbnail size-thumbnail\" alt=\"\" decoding=\"async\" loading=\"lazy\" \/><\/a>\n\t\t\t<\/dt><\/dl><br style=\"clear: both\" \/>\n\t\t<\/div>\n\n<p>\u00a9 Alexandre Schauer<\/p>\n","protected":false},"excerpt":{"rendered":"<p>Das \u00dcbungsbecken \u201ePerson \u00fcber Bord\u201c erm\u00f6glicht es, den Einsatzkr\u00e4ften mit vollst\u00e4ndiger Schutzausr\u00fcstung und Rettungsweste den Sturz \u00fcber Bord w\u00e4hrend eines Einsatzes auf einem Binnenschiff nachzuempfinden. Hierf\u00fcr wird den Lehrgangsteilnehmern nicht nur die Brandschutzkleidung gestellt, sondern auch die eigens f\u00fcr diese \u00dcbung vorgehaltenen Atemschutzger\u00e4te. Das Becken ist in einem geheizten Raum untergebracht und mit 30 m3 [&hellip;]<\/p>\n","protected":false},"author":2,"featured_media":0,"parent":179,"menu_order":0,"comment_status":"open","ping_status":"open","template":"","meta":{"_mi_skip_tracking":false},"yoast_head":"<!-- This site is optimized with the Yoast SEO plugin v20.5 - https:\/\/yoast.com\/wordpress\/plugins\/seo\/ -->\n<title>\u00dcbungsbecken ,,Person \u00fcber Bord&quot; - CRERF M\u00dcB<\/title>\n<meta name=\"description\" content=\"Das \u00dcbungsbecken \u201ePerson \u00fcber Bord\u201c erm\u00f6glicht es, den Einsatzkr\u00e4ften mit vollst\u00e4ndiger Schutzausr\u00fcstung und Rettungsweste den Sturz \u00fcber Bord w\u00e4hrend eines Einsatzes auf einem Binnenschiff nachzuempfinden.\" \/>\n<meta name=\"robots\" content=\"index, follow, max-snippet:-1, max-image-preview:large, max-video-preview:-1\" \/>\n<link rel=\"canonical\" href=\"http:\/\/www.crerf-mueb.eu\/de\/u\u0308bungsmo\u0308glichkeiten\/ausbildingsbereiche\/ubungsbecken-person-uber-bord\/\" \/>\n<meta property=\"og:locale\" content=\"de_DE\" \/>\n<meta property=\"og:type\" content=\"article\" \/>\n<meta property=\"og:title\" content=\"\u00dcbungsbecken ,,Person \u00fcber Bord&quot; - CRERF M\u00dcB\" \/>\n<meta property=\"og:description\" content=\"Das \u00dcbungsbecken \u201ePerson \u00fcber Bord\u201c erm\u00f6glicht es, den Einsatzkr\u00e4ften mit vollst\u00e4ndiger Schutzausr\u00fcstung und Rettungsweste den Sturz \u00fcber Bord w\u00e4hrend eines Einsatzes auf einem Binnenschiff nachzuempfinden.\" \/>\n<meta property=\"og:url\" content=\"http:\/\/www.crerf-mueb.eu\/de\/u\u0308bungsmo\u0308glichkeiten\/ausbildingsbereiche\/ubungsbecken-person-uber-bord\/\" \/>\n<meta property=\"og:site_name\" content=\"CRERF M\u00dcB\" \/>\n<meta property=\"article:modified_time\" content=\"2015-06-16T12:23:08+00:00\" \/>\n<meta property=\"og:image\" content=\"http:\/\/www.crerf-mueb.eu\/wp-content\/uploads\/2015\/05\/IMG_5825-200x150.jpg\" \/>\n<meta name=\"twitter:card\" content=\"summary_large_image\" \/>\n<script type=\"application\/ld+json\" class=\"yoast-schema-graph\">{\"@context\":\"https:\/\/schema.org\",\"@graph\":[{\"@type\":\"WebPage\",\"@id\":\"http:\/\/www.crerf-mueb.eu\/de\/u%cc%88bungsmo%cc%88glichkeiten\/ausbildingsbereiche\/ubungsbecken-person-uber-bord\/\",\"url\":\"http:\/\/www.crerf-mueb.eu\/de\/u%cc%88bungsmo%cc%88glichkeiten\/ausbildingsbereiche\/ubungsbecken-person-uber-bord\/\",\"name\":\"\u00dcbungsbecken ,,Person \u00fcber Bord\\\" - CRERF M\u00dcB\",\"isPartOf\":{\"@id\":\"http:\/\/www.crerf-mueb.eu\/de\/#website\"},\"datePublished\":\"2015-05-12T10:10:36+00:00\",\"dateModified\":\"2015-06-16T12:23:08+00:00\",\"description\":\"Das \u00dcbungsbecken \u201ePerson \u00fcber Bord\u201c erm\u00f6glicht es, den Einsatzkr\u00e4ften mit vollst\u00e4ndiger Schutzausr\u00fcstung und Rettungsweste den Sturz \u00fcber Bord w\u00e4hrend eines Einsatzes auf einem Binnenschiff nachzuempfinden.\",\"breadcrumb\":{\"@id\":\"http:\/\/www.crerf-mueb.eu\/de\/u%cc%88bungsmo%cc%88glichkeiten\/ausbildingsbereiche\/ubungsbecken-person-uber-bord\/#breadcrumb\"},\"inLanguage\":\"de\",\"potentialAction\":[{\"@type\":\"ReadAction\",\"target\":[\"http:\/\/www.crerf-mueb.eu\/de\/u%cc%88bungsmo%cc%88glichkeiten\/ausbildingsbereiche\/ubungsbecken-person-uber-bord\/\"]}]},{\"@type\":\"BreadcrumbList\",\"@id\":\"http:\/\/www.crerf-mueb.eu\/de\/u%cc%88bungsmo%cc%88glichkeiten\/ausbildingsbereiche\/ubungsbecken-person-uber-bord\/#breadcrumb\",\"itemListElement\":[{\"@type\":\"ListItem\",\"position\":1,\"name\":\"Accueil\",\"item\":\"http:\/\/www.crerf-mueb.eu\/de\/\"},{\"@type\":\"ListItem\",\"position\":2,\"name\":\"\u00dcbungsm\u00f6glichkeiten\",\"item\":\"http:\/\/www.crerf-mueb.eu\/de\/u%cc%88bungsmo%cc%88glichkeiten\/\"},{\"@type\":\"ListItem\",\"position\":3,\"name\":\"Ausbildungsbereiche\",\"item\":\"http:\/\/www.crerf-mueb.eu\/de\/u%cc%88bungsmo%cc%88glichkeiten\/ausbildingsbereiche\/\"},{\"@type\":\"ListItem\",\"position\":4,\"name\":\"\u00dcbungsbecken ,,Person \u00fcber Bord&#8220;\"}]},{\"@type\":\"WebSite\",\"@id\":\"http:\/\/www.crerf-mueb.eu\/de\/#website\",\"url\":\"http:\/\/www.crerf-mueb.eu\/de\/\",\"name\":\"CRERF M\u00dcB\",\"description\":\"River Risk Control Training Center\",\"potentialAction\":[{\"@type\":\"SearchAction\",\"target\":{\"@type\":\"EntryPoint\",\"urlTemplate\":\"http:\/\/www.crerf-mueb.eu\/de\/?s={search_term_string}\"},\"query-input\":\"required name=search_term_string\"}],\"inLanguage\":\"de\"}]}<\/script>\n<!-- \/ Yoast SEO plugin. -->","yoast_head_json":{"title":"\u00dcbungsbecken ,,Person \u00fcber Bord\" - CRERF M\u00dcB","description":"Das \u00dcbungsbecken \u201ePerson \u00fcber Bord\u201c erm\u00f6glicht es, den Einsatzkr\u00e4ften mit vollst\u00e4ndiger Schutzausr\u00fcstung und Rettungsweste den Sturz \u00fcber Bord w\u00e4hrend eines Einsatzes auf einem Binnenschiff nachzuempfinden.","robots":{"index":"index","follow":"follow","max-snippet":"max-snippet:-1","max-image-preview":"max-image-preview:large","max-video-preview":"max-video-preview:-1"},"canonical":"http:\/\/www.crerf-mueb.eu\/de\/u\u0308bungsmo\u0308glichkeiten\/ausbildingsbereiche\/ubungsbecken-person-uber-bord\/","og_locale":"de_DE","og_type":"article","og_title":"\u00dcbungsbecken ,,Person \u00fcber Bord\" - CRERF M\u00dcB","og_description":"Das \u00dcbungsbecken \u201ePerson \u00fcber Bord\u201c erm\u00f6glicht es, den Einsatzkr\u00e4ften mit vollst\u00e4ndiger Schutzausr\u00fcstung und Rettungsweste den Sturz \u00fcber Bord w\u00e4hrend eines Einsatzes auf einem Binnenschiff nachzuempfinden.","og_url":"http:\/\/www.crerf-mueb.eu\/de\/u\u0308bungsmo\u0308glichkeiten\/ausbildingsbereiche\/ubungsbecken-person-uber-bord\/","og_site_name":"CRERF M\u00dcB","article_modified_time":"2015-06-16T12:23:08+00:00","og_image":[{"url":"http:\/\/www.crerf-mueb.eu\/wp-content\/uploads\/2015\/05\/IMG_5825-200x150.jpg"}],"twitter_card":"summary_large_image","schema":{"@context":"https:\/\/schema.org","@graph":[{"@type":"WebPage","@id":"http:\/\/www.crerf-mueb.eu\/de\/u%cc%88bungsmo%cc%88glichkeiten\/ausbildingsbereiche\/ubungsbecken-person-uber-bord\/","url":"http:\/\/www.crerf-mueb.eu\/de\/u%cc%88bungsmo%cc%88glichkeiten\/ausbildingsbereiche\/ubungsbecken-person-uber-bord\/","name":"\u00dcbungsbecken ,,Person \u00fcber Bord\" - CRERF M\u00dcB","isPartOf":{"@id":"http:\/\/www.crerf-mueb.eu\/de\/#website"},"datePublished":"2015-05-12T10:10:36+00:00","dateModified":"2015-06-16T12:23:08+00:00","description":"Das \u00dcbungsbecken \u201ePerson \u00fcber Bord\u201c erm\u00f6glicht es, den Einsatzkr\u00e4ften mit vollst\u00e4ndiger Schutzausr\u00fcstung und Rettungsweste den Sturz \u00fcber Bord w\u00e4hrend eines Einsatzes auf einem Binnenschiff nachzuempfinden.","breadcrumb":{"@id":"http:\/\/www.crerf-mueb.eu\/de\/u%cc%88bungsmo%cc%88glichkeiten\/ausbildingsbereiche\/ubungsbecken-person-uber-bord\/#breadcrumb"},"inLanguage":"de","potentialAction":[{"@type":"ReadAction","target":["http:\/\/www.crerf-mueb.eu\/de\/u%cc%88bungsmo%cc%88glichkeiten\/ausbildingsbereiche\/ubungsbecken-person-uber-bord\/"]}]},{"@type":"BreadcrumbList","@id":"http:\/\/www.crerf-mueb.eu\/de\/u%cc%88bungsmo%cc%88glichkeiten\/ausbildingsbereiche\/ubungsbecken-person-uber-bord\/#breadcrumb","itemListElement":[{"@type":"ListItem","position":1,"name":"Accueil","item":"http:\/\/www.crerf-mueb.eu\/de\/"},{"@type":"ListItem","position":2,"name":"\u00dcbungsm\u00f6glichkeiten","item":"http:\/\/www.crerf-mueb.eu\/de\/u%cc%88bungsmo%cc%88glichkeiten\/"},{"@type":"ListItem","position":3,"name":"Ausbildungsbereiche","item":"http:\/\/www.crerf-mueb.eu\/de\/u%cc%88bungsmo%cc%88glichkeiten\/ausbildingsbereiche\/"},{"@type":"ListItem","position":4,"name":"\u00dcbungsbecken ,,Person \u00fcber Bord&#8220;"}]},{"@type":"WebSite","@id":"http:\/\/www.crerf-mueb.eu\/de\/#website","url":"http:\/\/www.crerf-mueb.eu\/de\/","name":"CRERF M\u00dcB","description":"River Risk Control Training Center","potentialAction":[{"@type":"SearchAction","target":{"@type":"EntryPoint","urlTemplate":"http:\/\/www.crerf-mueb.eu\/de\/?s={search_term_string}"},"query-input":"required name=search_term_string"}],"inLanguage":"de"}]}},"_links":{"self":[{"href":"http:\/\/www.crerf-mueb.eu\/de\/wp-json\/wp\/v2\/pages\/187"}],"collection":[{"href":"http:\/\/www.crerf-mueb.eu\/de\/wp-json\/wp\/v2\/pages"}],"about":[{"href":"http:\/\/www.crerf-mueb.eu\/de\/wp-json\/wp\/v2\/types\/page"}],"author":[{"embeddable":true,"href":"http:\/\/www.crerf-mueb.eu\/de\/wp-json\/wp\/v2\/users\/2"}],"replies":[{"embeddable":true,"href":"http:\/\/www.crerf-mueb.eu\/de\/wp-json\/wp\/v2\/comments?post=187"}],"version-history":[{"count":6,"href":"http:\/\/www.crerf-mueb.eu\/de\/wp-json\/wp\/v2\/pages\/187\/revisions"}],"predecessor-version":[{"id":751,"href":"http:\/\/www.crerf-mueb.eu\/de\/wp-json\/wp\/v2\/pages\/187\/revisions\/751"}],"up":[{"embeddable":true,"href":"http:\/\/www.crerf-mueb.eu\/de\/wp-json\/wp\/v2\/pages\/179"}],"wp:attachment":[{"href":"http:\/\/www.crerf-mueb.eu\/de\/wp-json\/wp\/v2\/media?parent=187"}],"curies":[{"name":"wp","href":"https:\/\/api.w.org\/{rel}","templated":true}]}}