{"id":193,"date":"2015-05-12T11:11:17","date_gmt":"2015-05-12T10:11:17","guid":{"rendered":"http:\/\/www.crerf-mueb.eu\/?page_id=193"},"modified":"2015-05-28T13:22:07","modified_gmt":"2015-05-28T12:22:07","slug":"simulateur-feux","status":"publish","type":"page","link":"http:\/\/www.crerf-mueb.eu\/de\/equipements\/simulateurs-et-modules\/simulateur-feux\/","title":{"rendered":"Simulateur feux"},"content":{"rendered":"<p><strong>L\u2019objectif est de permettre aux stagiaires d\u2019\u00eatre mis en situation de feux r\u00e9els dans un contexte proche d\u2019\u00e9v\u00e9nements pouvant survenir sur un bateau. Ainsi, un feu de moteur de bateau en cale, un feu de cuisine et un feu de cabine avec roll-over sont reproduits.<\/strong><\/p>\n<p>Install\u00e9s dans la superstructure en acier de la p\u00e9niche, les points feux fonctionnent au propane. Ils permettent un travail en toute s\u00e9curit\u00e9\u00a0: ma\u00eetrise des sc\u00e9narii, de la puissance du sinistre, de la ventilation ou encore de l\u2019\u00e9clairage.<\/p>\n\n\t\t<style type=\"text\/css\">\n\t\t\t#gallery-1 {\n\t\t\t\tmargin: auto;\n\t\t\t}\n\t\t\t#gallery-1 .gallery-item {\n\t\t\t\tfloat: left;\n\t\t\t\tmargin-top: 10px;\n\t\t\t\ttext-align: center;\n\t\t\t\twidth: 33%;\n\t\t\t}\n\t\t\t#gallery-1 img {\n\t\t\t\tborder: 2px solid #cfcfcf;\n\t\t\t}\n\t\t\t#gallery-1 .gallery-caption {\n\t\t\t\tmargin-left: 0;\n\t\t\t}\n\t\t\t\/* see gallery_shortcode() in wp-includes\/media.php *\/\n\t\t<\/style>\n\t\t<div id='gallery-1' class='gallery galleryid-193 gallery-columns-3 gallery-size-thumbnail'><dl class='gallery-item'>\n\t\t\t<dt class='gallery-icon landscape'>\n\t\t\t\t<a href='http:\/\/www.crerf-mueb.eu\/de\/equipements\/simulateurs-et-modules\/simulateur-feux\/img_5534\/#main'><img width=\"200\" height=\"150\" src=\"http:\/\/www.crerf-mueb.eu\/wp-content\/uploads\/2015\/05\/IMG_5534-200x150.jpg\" class=\"attachment-thumbnail size-thumbnail\" alt=\"\" decoding=\"async\" loading=\"lazy\" \/><\/a>\n\t\t\t<\/dt><\/dl><dl class='gallery-item'>\n\t\t\t<dt class='gallery-icon landscape'>\n\t\t\t\t<a href='http:\/\/www.crerf-mueb.eu\/de\/equipements\/simulateurs-et-modules\/simulateur-feux\/img_5499\/#main'><img width=\"200\" height=\"150\" src=\"http:\/\/www.crerf-mueb.eu\/wp-content\/uploads\/2015\/05\/IMG_5499-200x150.jpg\" class=\"attachment-thumbnail size-thumbnail\" alt=\"\" decoding=\"async\" loading=\"lazy\" \/><\/a>\n\t\t\t<\/dt><\/dl><dl class='gallery-item'>\n\t\t\t<dt class='gallery-icon landscape'>\n\t\t\t\t<a href='http:\/\/www.crerf-mueb.eu\/de\/equipements\/simulateurs-et-modules\/simulateur-feux\/img_5578\/#main'><img width=\"200\" height=\"150\" src=\"http:\/\/www.crerf-mueb.eu\/wp-content\/uploads\/2015\/05\/IMG_5578-200x150.jpg\" class=\"attachment-thumbnail size-thumbnail\" alt=\"\" decoding=\"async\" loading=\"lazy\" \/><\/a>\n\t\t\t<\/dt><\/dl><br style=\"clear: both\" \/><dl class='gallery-item'>\n\t\t\t<dt class='gallery-icon landscape'>\n\t\t\t\t<a href='http:\/\/www.crerf-mueb.eu\/de\/equipements\/simulateurs-et-modules\/simulateur-feux\/img_5598-2\/#main'><img width=\"200\" height=\"150\" src=\"http:\/\/www.crerf-mueb.eu\/wp-content\/uploads\/2015\/05\/IMG_55981-200x150.jpg\" class=\"attachment-thumbnail size-thumbnail\" alt=\"\" decoding=\"async\" loading=\"lazy\" \/><\/a>\n\t\t\t<\/dt><\/dl><dl class='gallery-item'>\n\t\t\t<dt class='gallery-icon landscape'>\n\t\t\t\t<a href='http:\/\/www.crerf-mueb.eu\/de\/equipements\/simulateurs-et-modules\/simulateur-feux\/img_5723\/#main'><img width=\"200\" height=\"150\" src=\"http:\/\/www.crerf-mueb.eu\/wp-content\/uploads\/2015\/05\/IMG_5723-200x150.jpg\" class=\"attachment-thumbnail size-thumbnail\" alt=\"\" decoding=\"async\" loading=\"lazy\" \/><\/a>\n\t\t\t<\/dt><\/dl><dl class='gallery-item'>\n\t\t\t<dt class='gallery-icon landscape'>\n\t\t\t\t<a href='http:\/\/www.crerf-mueb.eu\/de\/equipements\/simulateurs-et-modules\/simulateur-feux\/img_5685\/#main'><img width=\"200\" height=\"150\" src=\"http:\/\/www.crerf-mueb.eu\/wp-content\/uploads\/2015\/05\/IMG_5685-200x150.jpg\" class=\"attachment-thumbnail size-thumbnail\" alt=\"\" decoding=\"async\" loading=\"lazy\" \/><\/a>\n\t\t\t<\/dt><\/dl><br style=\"clear: both\" \/>\n\t\t<\/div>\n\n<p>\u00a9 Alexandre Schauer<\/p>\n","protected":false},"excerpt":{"rendered":"<p>L\u2019objectif est de permettre aux stagiaires d\u2019\u00eatre mis en situation de feux r\u00e9els dans un contexte proche d\u2019\u00e9v\u00e9nements pouvant survenir sur un bateau. Ainsi, un feu de moteur de bateau en cale, un feu de cuisine et un feu de cabine avec roll-over sont reproduits. Install\u00e9s dans la superstructure en acier de la p\u00e9niche, les [&hellip;]<\/p>\n","protected":false},"author":2,"featured_media":0,"parent":177,"menu_order":0,"comment_status":"open","ping_status":"open","template":"","meta":{"_mi_skip_tracking":false},"yoast_head":"<!-- This site is optimized with the Yoast SEO plugin v20.5 - https:\/\/yoast.com\/wordpress\/plugins\/seo\/ -->\n<title>Simulateur feux - CRERF M\u00dcB<\/title>\n<meta name=\"description\" content=\"Un feu de moteur de bateau en cale, un feu de cuisine et un feu de cabine avec roll-over sont reproduits.\" \/>\n<meta name=\"robots\" content=\"index, follow, max-snippet:-1, max-image-preview:large, max-video-preview:-1\" \/>\n<link rel=\"canonical\" href=\"http:\/\/www.crerf-mueb.eu\/de\/equipements\/simulateurs-et-modules\/simulateur-feux\/\" \/>\n<meta property=\"og:locale\" content=\"de_DE\" \/>\n<meta property=\"og:type\" content=\"article\" \/>\n<meta property=\"og:title\" content=\"Simulateur feux - CRERF M\u00dcB\" \/>\n<meta property=\"og:description\" content=\"Un feu de moteur de bateau en cale, un feu de cuisine et un feu de cabine avec roll-over sont reproduits.\" \/>\n<meta property=\"og:url\" content=\"http:\/\/www.crerf-mueb.eu\/de\/equipements\/simulateurs-et-modules\/simulateur-feux\/\" \/>\n<meta property=\"og:site_name\" content=\"CRERF M\u00dcB\" \/>\n<meta property=\"article:modified_time\" content=\"2015-05-28T12:22:07+00:00\" \/>\n<meta property=\"og:image\" content=\"http:\/\/www.crerf-mueb.eu\/wp-content\/uploads\/2015\/05\/IMG_5534-200x150.jpg\" \/>\n<meta name=\"twitter:card\" content=\"summary_large_image\" \/>\n<script type=\"application\/ld+json\" class=\"yoast-schema-graph\">{\"@context\":\"https:\/\/schema.org\",\"@graph\":[{\"@type\":\"WebPage\",\"@id\":\"http:\/\/www.crerf-mueb.eu\/de\/equipements\/simulateurs-et-modules\/simulateur-feux\/\",\"url\":\"http:\/\/www.crerf-mueb.eu\/de\/equipements\/simulateurs-et-modules\/simulateur-feux\/\",\"name\":\"Simulateur feux - CRERF M\u00dcB\",\"isPartOf\":{\"@id\":\"http:\/\/www.crerf-mueb.eu\/de\/#website\"},\"datePublished\":\"2015-05-12T10:11:17+00:00\",\"dateModified\":\"2015-05-28T12:22:07+00:00\",\"description\":\"Un feu de moteur de bateau en cale, un feu de cuisine et un feu de cabine avec roll-over sont reproduits.\",\"breadcrumb\":{\"@id\":\"http:\/\/www.crerf-mueb.eu\/de\/equipements\/simulateurs-et-modules\/simulateur-feux\/#breadcrumb\"},\"inLanguage\":\"de\",\"potentialAction\":[{\"@type\":\"ReadAction\",\"target\":[\"http:\/\/www.crerf-mueb.eu\/de\/equipements\/simulateurs-et-modules\/simulateur-feux\/\"]}]},{\"@type\":\"BreadcrumbList\",\"@id\":\"http:\/\/www.crerf-mueb.eu\/de\/equipements\/simulateurs-et-modules\/simulateur-feux\/#breadcrumb\",\"itemListElement\":[{\"@type\":\"ListItem\",\"position\":1,\"name\":\"Accueil\",\"item\":\"http:\/\/www.crerf-mueb.eu\/de\/\"},{\"@type\":\"ListItem\",\"position\":2,\"name\":\"\u00c9quipements\",\"item\":\"http:\/\/www.crerf-mueb.eu\/de\/equipements\/\"},{\"@type\":\"ListItem\",\"position\":3,\"name\":\"Simulateurs et modules\",\"item\":\"http:\/\/www.crerf-mueb.eu\/de\/equipements\/simulateurs-et-modules\/\"},{\"@type\":\"ListItem\",\"position\":4,\"name\":\"Simulateur feux\"}]},{\"@type\":\"WebSite\",\"@id\":\"http:\/\/www.crerf-mueb.eu\/de\/#website\",\"url\":\"http:\/\/www.crerf-mueb.eu\/de\/\",\"name\":\"CRERF M\u00dcB\",\"description\":\"River Risk Control Training Center\",\"potentialAction\":[{\"@type\":\"SearchAction\",\"target\":{\"@type\":\"EntryPoint\",\"urlTemplate\":\"http:\/\/www.crerf-mueb.eu\/de\/?s={search_term_string}\"},\"query-input\":\"required name=search_term_string\"}],\"inLanguage\":\"de\"}]}<\/script>\n<!-- \/ Yoast SEO plugin. -->","yoast_head_json":{"title":"Simulateur feux - CRERF M\u00dcB","description":"Un feu de moteur de bateau en cale, un feu de cuisine et un feu de cabine avec roll-over sont reproduits.","robots":{"index":"index","follow":"follow","max-snippet":"max-snippet:-1","max-image-preview":"max-image-preview:large","max-video-preview":"max-video-preview:-1"},"canonical":"http:\/\/www.crerf-mueb.eu\/de\/equipements\/simulateurs-et-modules\/simulateur-feux\/","og_locale":"de_DE","og_type":"article","og_title":"Simulateur feux - CRERF M\u00dcB","og_description":"Un feu de moteur de bateau en cale, un feu de cuisine et un feu de cabine avec roll-over sont reproduits.","og_url":"http:\/\/www.crerf-mueb.eu\/de\/equipements\/simulateurs-et-modules\/simulateur-feux\/","og_site_name":"CRERF M\u00dcB","article_modified_time":"2015-05-28T12:22:07+00:00","og_image":[{"url":"http:\/\/www.crerf-mueb.eu\/wp-content\/uploads\/2015\/05\/IMG_5534-200x150.jpg"}],"twitter_card":"summary_large_image","schema":{"@context":"https:\/\/schema.org","@graph":[{"@type":"WebPage","@id":"http:\/\/www.crerf-mueb.eu\/de\/equipements\/simulateurs-et-modules\/simulateur-feux\/","url":"http:\/\/www.crerf-mueb.eu\/de\/equipements\/simulateurs-et-modules\/simulateur-feux\/","name":"Simulateur feux - CRERF M\u00dcB","isPartOf":{"@id":"http:\/\/www.crerf-mueb.eu\/de\/#website"},"datePublished":"2015-05-12T10:11:17+00:00","dateModified":"2015-05-28T12:22:07+00:00","description":"Un feu de moteur de bateau en cale, un feu de cuisine et un feu de cabine avec roll-over sont reproduits.","breadcrumb":{"@id":"http:\/\/www.crerf-mueb.eu\/de\/equipements\/simulateurs-et-modules\/simulateur-feux\/#breadcrumb"},"inLanguage":"de","potentialAction":[{"@type":"ReadAction","target":["http:\/\/www.crerf-mueb.eu\/de\/equipements\/simulateurs-et-modules\/simulateur-feux\/"]}]},{"@type":"BreadcrumbList","@id":"http:\/\/www.crerf-mueb.eu\/de\/equipements\/simulateurs-et-modules\/simulateur-feux\/#breadcrumb","itemListElement":[{"@type":"ListItem","position":1,"name":"Accueil","item":"http:\/\/www.crerf-mueb.eu\/de\/"},{"@type":"ListItem","position":2,"name":"\u00c9quipements","item":"http:\/\/www.crerf-mueb.eu\/de\/equipements\/"},{"@type":"ListItem","position":3,"name":"Simulateurs et modules","item":"http:\/\/www.crerf-mueb.eu\/de\/equipements\/simulateurs-et-modules\/"},{"@type":"ListItem","position":4,"name":"Simulateur feux"}]},{"@type":"WebSite","@id":"http:\/\/www.crerf-mueb.eu\/de\/#website","url":"http:\/\/www.crerf-mueb.eu\/de\/","name":"CRERF M\u00dcB","description":"River Risk Control Training Center","potentialAction":[{"@type":"SearchAction","target":{"@type":"EntryPoint","urlTemplate":"http:\/\/www.crerf-mueb.eu\/de\/?s={search_term_string}"},"query-input":"required name=search_term_string"}],"inLanguage":"de"}]}},"_links":{"self":[{"href":"http:\/\/www.crerf-mueb.eu\/de\/wp-json\/wp\/v2\/pages\/193"}],"collection":[{"href":"http:\/\/www.crerf-mueb.eu\/de\/wp-json\/wp\/v2\/pages"}],"about":[{"href":"http:\/\/www.crerf-mueb.eu\/de\/wp-json\/wp\/v2\/types\/page"}],"author":[{"embeddable":true,"href":"http:\/\/www.crerf-mueb.eu\/de\/wp-json\/wp\/v2\/users\/2"}],"replies":[{"embeddable":true,"href":"http:\/\/www.crerf-mueb.eu\/de\/wp-json\/wp\/v2\/comments?post=193"}],"version-history":[{"count":6,"href":"http:\/\/www.crerf-mueb.eu\/de\/wp-json\/wp\/v2\/pages\/193\/revisions"}],"predecessor-version":[{"id":559,"href":"http:\/\/www.crerf-mueb.eu\/de\/wp-json\/wp\/v2\/pages\/193\/revisions\/559"}],"up":[{"embeddable":true,"href":"http:\/\/www.crerf-mueb.eu\/de\/wp-json\/wp\/v2\/pages\/177"}],"wp:attachment":[{"href":"http:\/\/www.crerf-mueb.eu\/de\/wp-json\/wp\/v2\/media?parent=193"}],"curies":[{"name":"wp","href":"https:\/\/api.w.org\/{rel}","templated":true}]}}