{"id":195,"date":"2015-05-12T11:11:32","date_gmt":"2015-05-12T10:11:32","guid":{"rendered":"http:\/\/www.crerf-mueb.eu\/?page_id=195"},"modified":"2015-06-16T10:17:47","modified_gmt":"2015-06-16T09:17:47","slug":"brandubungssimulation","status":"publish","type":"page","link":"http:\/\/www.crerf-mueb.eu\/de\/u%cc%88bungsmo%cc%88glichkeiten\/ausbildingsbereiche\/brandubungssimulation\/","title":{"rendered":"Brand\u00fcbungssimulation"},"content":{"rendered":"<p><strong>Im vorderen Aufbau des Schiffes aus Stahl ist eine gasbetriebene Brandsimulationsanlage eingebaut. <\/strong>Diese soll durch ihren Aufbau die Schwierigkeiten bei Vorgehensweisen auf einem Binnenschiff simulieren: lange Anmarschwege, Shots statt T\u00fcren, usw. Ebenso soll sie die h\u00e4ufigsten Brandeins\u00e4tze und ihre Besonderheiten auf einem Binnenschiff darstellen k\u00f6nnen: Brand im Maschinenraum, Brand in einer K\u00fcche und Brand in einer Kabine mit Roll-over.<\/p>\n\n\t\t<style type=\"text\/css\">\n\t\t\t#gallery-1 {\n\t\t\t\tmargin: auto;\n\t\t\t}\n\t\t\t#gallery-1 .gallery-item {\n\t\t\t\tfloat: left;\n\t\t\t\tmargin-top: 10px;\n\t\t\t\ttext-align: center;\n\t\t\t\twidth: 33%;\n\t\t\t}\n\t\t\t#gallery-1 img {\n\t\t\t\tborder: 2px solid #cfcfcf;\n\t\t\t}\n\t\t\t#gallery-1 .gallery-caption {\n\t\t\t\tmargin-left: 0;\n\t\t\t}\n\t\t\t\/* see gallery_shortcode() in wp-includes\/media.php *\/\n\t\t<\/style>\n\t\t<div id='gallery-1' class='gallery galleryid-195 gallery-columns-3 gallery-size-thumbnail'><dl class='gallery-item'>\n\t\t\t<dt class='gallery-icon landscape'>\n\t\t\t\t<a href='http:\/\/www.crerf-mueb.eu\/wp-content\/uploads\/2015\/05\/IMG_5534-e1432730991195.jpg'><img width=\"200\" height=\"150\" src=\"http:\/\/www.crerf-mueb.eu\/wp-content\/uploads\/2015\/05\/IMG_5534-200x150.jpg\" class=\"attachment-thumbnail size-thumbnail\" alt=\"\" decoding=\"async\" loading=\"lazy\" \/><\/a>\n\t\t\t<\/dt><\/dl><dl class='gallery-item'>\n\t\t\t<dt class='gallery-icon landscape'>\n\t\t\t\t<a href='http:\/\/www.crerf-mueb.eu\/wp-content\/uploads\/2015\/05\/IMG_5499-e1432731014338.jpg'><img width=\"200\" height=\"150\" src=\"http:\/\/www.crerf-mueb.eu\/wp-content\/uploads\/2015\/05\/IMG_5499-200x150.jpg\" class=\"attachment-thumbnail size-thumbnail\" alt=\"\" decoding=\"async\" loading=\"lazy\" \/><\/a>\n\t\t\t<\/dt><\/dl><dl class='gallery-item'>\n\t\t\t<dt class='gallery-icon landscape'>\n\t\t\t\t<a href='http:\/\/www.crerf-mueb.eu\/wp-content\/uploads\/2015\/05\/IMG_5578-e1432730979341.jpg'><img width=\"200\" height=\"150\" src=\"http:\/\/www.crerf-mueb.eu\/wp-content\/uploads\/2015\/05\/IMG_5578-200x150.jpg\" class=\"attachment-thumbnail size-thumbnail\" alt=\"\" decoding=\"async\" loading=\"lazy\" \/><\/a>\n\t\t\t<\/dt><\/dl><br style=\"clear: both\" \/><dl class='gallery-item'>\n\t\t\t<dt class='gallery-icon landscape'>\n\t\t\t\t<a href='http:\/\/www.crerf-mueb.eu\/wp-content\/uploads\/2015\/05\/IMG_55981-e1432730964319.jpg'><img width=\"200\" height=\"150\" src=\"http:\/\/www.crerf-mueb.eu\/wp-content\/uploads\/2015\/05\/IMG_55981-200x150.jpg\" class=\"attachment-thumbnail size-thumbnail\" alt=\"\" decoding=\"async\" loading=\"lazy\" \/><\/a>\n\t\t\t<\/dt><\/dl><dl class='gallery-item'>\n\t\t\t<dt class='gallery-icon landscape'>\n\t\t\t\t<a href='http:\/\/www.crerf-mueb.eu\/wp-content\/uploads\/2015\/05\/IMG_5723-e1432731029335.jpg'><img width=\"200\" height=\"150\" src=\"http:\/\/www.crerf-mueb.eu\/wp-content\/uploads\/2015\/05\/IMG_5723-200x150.jpg\" class=\"attachment-thumbnail size-thumbnail\" alt=\"\" decoding=\"async\" loading=\"lazy\" \/><\/a>\n\t\t\t<\/dt><\/dl><dl class='gallery-item'>\n\t\t\t<dt class='gallery-icon landscape'>\n\t\t\t\t<a href='http:\/\/www.crerf-mueb.eu\/wp-content\/uploads\/2015\/05\/IMG_5685-e1432730952959.jpg'><img width=\"200\" height=\"150\" src=\"http:\/\/www.crerf-mueb.eu\/wp-content\/uploads\/2015\/05\/IMG_5685-200x150.jpg\" class=\"attachment-thumbnail size-thumbnail\" alt=\"\" decoding=\"async\" loading=\"lazy\" \/><\/a>\n\t\t\t<\/dt><\/dl><br style=\"clear: both\" \/>\n\t\t<\/div>\n\n<p>\u00a9 Alexandre Schauer<\/p>\n","protected":false},"excerpt":{"rendered":"<p>Im vorderen Aufbau des Schiffes aus Stahl ist eine gasbetriebene Brandsimulationsanlage eingebaut. Diese soll durch ihren Aufbau die Schwierigkeiten bei Vorgehensweisen auf einem Binnenschiff simulieren: lange Anmarschwege, Shots statt T\u00fcren, usw. Ebenso soll sie die h\u00e4ufigsten Brandeins\u00e4tze und ihre Besonderheiten auf einem Binnenschiff darstellen k\u00f6nnen: Brand im Maschinenraum, Brand in einer K\u00fcche und Brand in [&hellip;]<\/p>\n","protected":false},"author":2,"featured_media":0,"parent":179,"menu_order":0,"comment_status":"open","ping_status":"open","template":"","meta":{"_mi_skip_tracking":false},"yoast_head":"<!-- This site is optimized with the Yoast SEO plugin v20.5 - https:\/\/yoast.com\/wordpress\/plugins\/seo\/ -->\n<title>Brand\u00fcbungssimulation - CRERF M\u00dcB<\/title>\n<meta name=\"description\" content=\"Im vorderen Aufbau des Schiffes aus Stahl ist eine gasbetriebene Brandsimulationsanlage eingebaut.\" \/>\n<meta name=\"robots\" content=\"index, follow, max-snippet:-1, max-image-preview:large, max-video-preview:-1\" \/>\n<link rel=\"canonical\" href=\"http:\/\/www.crerf-mueb.eu\/de\/u\u0308bungsmo\u0308glichkeiten\/ausbildingsbereiche\/brandubungssimulation\/\" \/>\n<meta property=\"og:locale\" content=\"de_DE\" \/>\n<meta property=\"og:type\" content=\"article\" \/>\n<meta property=\"og:title\" content=\"Brand\u00fcbungssimulation - CRERF M\u00dcB\" \/>\n<meta property=\"og:description\" content=\"Im vorderen Aufbau des Schiffes aus Stahl ist eine gasbetriebene Brandsimulationsanlage eingebaut.\" \/>\n<meta property=\"og:url\" content=\"http:\/\/www.crerf-mueb.eu\/de\/u\u0308bungsmo\u0308glichkeiten\/ausbildingsbereiche\/brandubungssimulation\/\" \/>\n<meta property=\"og:site_name\" content=\"CRERF M\u00dcB\" \/>\n<meta property=\"article:modified_time\" content=\"2015-06-16T09:17:47+00:00\" \/>\n<meta property=\"og:image\" content=\"http:\/\/www.crerf-mueb.eu\/wp-content\/uploads\/2015\/05\/IMG_5534-200x150.jpg\" \/>\n<meta name=\"twitter:card\" content=\"summary_large_image\" \/>\n<script type=\"application\/ld+json\" class=\"yoast-schema-graph\">{\"@context\":\"https:\/\/schema.org\",\"@graph\":[{\"@type\":\"WebPage\",\"@id\":\"http:\/\/www.crerf-mueb.eu\/de\/u%cc%88bungsmo%cc%88glichkeiten\/ausbildingsbereiche\/brandubungssimulation\/\",\"url\":\"http:\/\/www.crerf-mueb.eu\/de\/u%cc%88bungsmo%cc%88glichkeiten\/ausbildingsbereiche\/brandubungssimulation\/\",\"name\":\"Brand\u00fcbungssimulation - CRERF M\u00dcB\",\"isPartOf\":{\"@id\":\"http:\/\/www.crerf-mueb.eu\/de\/#website\"},\"datePublished\":\"2015-05-12T10:11:32+00:00\",\"dateModified\":\"2015-06-16T09:17:47+00:00\",\"description\":\"Im vorderen Aufbau des Schiffes aus Stahl ist eine gasbetriebene Brandsimulationsanlage eingebaut.\",\"breadcrumb\":{\"@id\":\"http:\/\/www.crerf-mueb.eu\/de\/u%cc%88bungsmo%cc%88glichkeiten\/ausbildingsbereiche\/brandubungssimulation\/#breadcrumb\"},\"inLanguage\":\"de\",\"potentialAction\":[{\"@type\":\"ReadAction\",\"target\":[\"http:\/\/www.crerf-mueb.eu\/de\/u%cc%88bungsmo%cc%88glichkeiten\/ausbildingsbereiche\/brandubungssimulation\/\"]}]},{\"@type\":\"BreadcrumbList\",\"@id\":\"http:\/\/www.crerf-mueb.eu\/de\/u%cc%88bungsmo%cc%88glichkeiten\/ausbildingsbereiche\/brandubungssimulation\/#breadcrumb\",\"itemListElement\":[{\"@type\":\"ListItem\",\"position\":1,\"name\":\"Accueil\",\"item\":\"http:\/\/www.crerf-mueb.eu\/de\/\"},{\"@type\":\"ListItem\",\"position\":2,\"name\":\"\u00dcbungsm\u00f6glichkeiten\",\"item\":\"http:\/\/www.crerf-mueb.eu\/de\/u%cc%88bungsmo%cc%88glichkeiten\/\"},{\"@type\":\"ListItem\",\"position\":3,\"name\":\"Ausbildungsbereiche\",\"item\":\"http:\/\/www.crerf-mueb.eu\/de\/u%cc%88bungsmo%cc%88glichkeiten\/ausbildingsbereiche\/\"},{\"@type\":\"ListItem\",\"position\":4,\"name\":\"Brand\u00fcbungssimulation\"}]},{\"@type\":\"WebSite\",\"@id\":\"http:\/\/www.crerf-mueb.eu\/de\/#website\",\"url\":\"http:\/\/www.crerf-mueb.eu\/de\/\",\"name\":\"CRERF M\u00dcB\",\"description\":\"River Risk Control Training Center\",\"potentialAction\":[{\"@type\":\"SearchAction\",\"target\":{\"@type\":\"EntryPoint\",\"urlTemplate\":\"http:\/\/www.crerf-mueb.eu\/de\/?s={search_term_string}\"},\"query-input\":\"required name=search_term_string\"}],\"inLanguage\":\"de\"}]}<\/script>\n<!-- \/ Yoast SEO plugin. -->","yoast_head_json":{"title":"Brand\u00fcbungssimulation - CRERF M\u00dcB","description":"Im vorderen Aufbau des Schiffes aus Stahl ist eine gasbetriebene Brandsimulationsanlage eingebaut.","robots":{"index":"index","follow":"follow","max-snippet":"max-snippet:-1","max-image-preview":"max-image-preview:large","max-video-preview":"max-video-preview:-1"},"canonical":"http:\/\/www.crerf-mueb.eu\/de\/u\u0308bungsmo\u0308glichkeiten\/ausbildingsbereiche\/brandubungssimulation\/","og_locale":"de_DE","og_type":"article","og_title":"Brand\u00fcbungssimulation - CRERF M\u00dcB","og_description":"Im vorderen Aufbau des Schiffes aus Stahl ist eine gasbetriebene Brandsimulationsanlage eingebaut.","og_url":"http:\/\/www.crerf-mueb.eu\/de\/u\u0308bungsmo\u0308glichkeiten\/ausbildingsbereiche\/brandubungssimulation\/","og_site_name":"CRERF M\u00dcB","article_modified_time":"2015-06-16T09:17:47+00:00","og_image":[{"url":"http:\/\/www.crerf-mueb.eu\/wp-content\/uploads\/2015\/05\/IMG_5534-200x150.jpg"}],"twitter_card":"summary_large_image","schema":{"@context":"https:\/\/schema.org","@graph":[{"@type":"WebPage","@id":"http:\/\/www.crerf-mueb.eu\/de\/u%cc%88bungsmo%cc%88glichkeiten\/ausbildingsbereiche\/brandubungssimulation\/","url":"http:\/\/www.crerf-mueb.eu\/de\/u%cc%88bungsmo%cc%88glichkeiten\/ausbildingsbereiche\/brandubungssimulation\/","name":"Brand\u00fcbungssimulation - CRERF M\u00dcB","isPartOf":{"@id":"http:\/\/www.crerf-mueb.eu\/de\/#website"},"datePublished":"2015-05-12T10:11:32+00:00","dateModified":"2015-06-16T09:17:47+00:00","description":"Im vorderen Aufbau des Schiffes aus Stahl ist eine gasbetriebene Brandsimulationsanlage eingebaut.","breadcrumb":{"@id":"http:\/\/www.crerf-mueb.eu\/de\/u%cc%88bungsmo%cc%88glichkeiten\/ausbildingsbereiche\/brandubungssimulation\/#breadcrumb"},"inLanguage":"de","potentialAction":[{"@type":"ReadAction","target":["http:\/\/www.crerf-mueb.eu\/de\/u%cc%88bungsmo%cc%88glichkeiten\/ausbildingsbereiche\/brandubungssimulation\/"]}]},{"@type":"BreadcrumbList","@id":"http:\/\/www.crerf-mueb.eu\/de\/u%cc%88bungsmo%cc%88glichkeiten\/ausbildingsbereiche\/brandubungssimulation\/#breadcrumb","itemListElement":[{"@type":"ListItem","position":1,"name":"Accueil","item":"http:\/\/www.crerf-mueb.eu\/de\/"},{"@type":"ListItem","position":2,"name":"\u00dcbungsm\u00f6glichkeiten","item":"http:\/\/www.crerf-mueb.eu\/de\/u%cc%88bungsmo%cc%88glichkeiten\/"},{"@type":"ListItem","position":3,"name":"Ausbildungsbereiche","item":"http:\/\/www.crerf-mueb.eu\/de\/u%cc%88bungsmo%cc%88glichkeiten\/ausbildingsbereiche\/"},{"@type":"ListItem","position":4,"name":"Brand\u00fcbungssimulation"}]},{"@type":"WebSite","@id":"http:\/\/www.crerf-mueb.eu\/de\/#website","url":"http:\/\/www.crerf-mueb.eu\/de\/","name":"CRERF M\u00dcB","description":"River Risk Control Training Center","potentialAction":[{"@type":"SearchAction","target":{"@type":"EntryPoint","urlTemplate":"http:\/\/www.crerf-mueb.eu\/de\/?s={search_term_string}"},"query-input":"required name=search_term_string"}],"inLanguage":"de"}]}},"_links":{"self":[{"href":"http:\/\/www.crerf-mueb.eu\/de\/wp-json\/wp\/v2\/pages\/195"}],"collection":[{"href":"http:\/\/www.crerf-mueb.eu\/de\/wp-json\/wp\/v2\/pages"}],"about":[{"href":"http:\/\/www.crerf-mueb.eu\/de\/wp-json\/wp\/v2\/types\/page"}],"author":[{"embeddable":true,"href":"http:\/\/www.crerf-mueb.eu\/de\/wp-json\/wp\/v2\/users\/2"}],"replies":[{"embeddable":true,"href":"http:\/\/www.crerf-mueb.eu\/de\/wp-json\/wp\/v2\/comments?post=195"}],"version-history":[{"count":9,"href":"http:\/\/www.crerf-mueb.eu\/de\/wp-json\/wp\/v2\/pages\/195\/revisions"}],"predecessor-version":[{"id":748,"href":"http:\/\/www.crerf-mueb.eu\/de\/wp-json\/wp\/v2\/pages\/195\/revisions\/748"}],"up":[{"embeddable":true,"href":"http:\/\/www.crerf-mueb.eu\/de\/wp-json\/wp\/v2\/pages\/179"}],"wp:attachment":[{"href":"http:\/\/www.crerf-mueb.eu\/de\/wp-json\/wp\/v2\/media?parent=195"}],"curies":[{"name":"wp","href":"https:\/\/api.w.org\/{rel}","templated":true}]}}