{"id":277,"date":"2015-05-19T14:00:59","date_gmt":"2015-05-19T13:00:59","guid":{"rendered":"http:\/\/www.crerf-mueb.eu\/?page_id=277"},"modified":"2015-06-10T13:59:17","modified_gmt":"2015-06-10T12:59:17","slug":"retten-aus-schu%cc%88ttgutfrachtraum","status":"publish","type":"page","link":"http:\/\/www.crerf-mueb.eu\/de\/u%cc%88bungsmo%cc%88glichkeiten\/ausbildingsbereiche\/retten-aus-schu%cc%88ttgutfrachtraum\/","title":{"rendered":"Retten aus Sch\u00fcttgutfrachtraum"},"content":{"rendered":"<h2>Ausbildungsbereich Menschenrettung aus Sch\u00fcttgutfrachtraum<\/h2>\n<p><strong>G\u00fctermotorschiffe transportieren oft Masseng\u00fcter bzw. Sch\u00fcttg\u00fcter wie beispielsweise Sand, Kies, Kohle, Getreide, Gips, Zement, usw.<\/strong> In diesem Ausbildungsbereich kann die Rettung einer Person, die teilweise versch\u00fcttet sein kann, aus einer Tiefe von bis zu 4 m trainiert werden.<\/p>\n<p>Dabei m\u00fcssen taktische Vorgehensweisen wie die Kontrolle des Sauerstoffgehalts der Umgebungsluft im Laderaum oder die Risiken des Nachrutschens von Sch\u00fcttgut beachtet werden.<\/p>\n<p>Die verletzte Person muss dann mit verschiedenen Einsatzmitteln durch den engen Ausstieg gerettet werden.<\/p>\n\n\t\t<style type=\"text\/css\">\n\t\t\t#gallery-1 {\n\t\t\t\tmargin: auto;\n\t\t\t}\n\t\t\t#gallery-1 .gallery-item {\n\t\t\t\tfloat: left;\n\t\t\t\tmargin-top: 10px;\n\t\t\t\ttext-align: center;\n\t\t\t\twidth: 33%;\n\t\t\t}\n\t\t\t#gallery-1 img {\n\t\t\t\tborder: 2px solid #cfcfcf;\n\t\t\t}\n\t\t\t#gallery-1 .gallery-caption {\n\t\t\t\tmargin-left: 0;\n\t\t\t}\n\t\t\t\/* see gallery_shortcode() in wp-includes\/media.php *\/\n\t\t<\/style>\n\t\t<div id='gallery-1' class='gallery galleryid-277 gallery-columns-3 gallery-size-thumbnail'><dl class='gallery-item'>\n\t\t\t<dt class='gallery-icon landscape'>\n\t\t\t\t<a href='http:\/\/www.crerf-mueb.eu\/de\/img_4670\/'><img width=\"200\" height=\"150\" src=\"http:\/\/www.crerf-mueb.eu\/wp-content\/uploads\/2015\/05\/IMG_4670-200x150.jpg\" class=\"attachment-thumbnail size-thumbnail\" alt=\"\" decoding=\"async\" loading=\"lazy\" \/><\/a>\n\t\t\t<\/dt><\/dl><dl class='gallery-item'>\n\t\t\t<dt class='gallery-icon landscape'>\n\t\t\t\t<a href='http:\/\/www.crerf-mueb.eu\/de\/img_4675\/'><img width=\"200\" height=\"150\" src=\"http:\/\/www.crerf-mueb.eu\/wp-content\/uploads\/2015\/05\/IMG_4675-200x150.jpg\" class=\"attachment-thumbnail size-thumbnail\" alt=\"\" decoding=\"async\" loading=\"lazy\" \/><\/a>\n\t\t\t<\/dt><\/dl><dl class='gallery-item'>\n\t\t\t<dt class='gallery-icon landscape'>\n\t\t\t\t<a href='http:\/\/www.crerf-mueb.eu\/de\/img_4713\/'><img width=\"200\" height=\"150\" src=\"http:\/\/www.crerf-mueb.eu\/wp-content\/uploads\/2015\/05\/IMG_4713-200x150.jpg\" class=\"attachment-thumbnail size-thumbnail\" alt=\"\" decoding=\"async\" loading=\"lazy\" \/><\/a>\n\t\t\t<\/dt><\/dl><br style=\"clear: both\" \/><dl class='gallery-item'>\n\t\t\t<dt class='gallery-icon landscape'>\n\t\t\t\t<a href='http:\/\/www.crerf-mueb.eu\/de\/img_4708\/'><img width=\"200\" height=\"150\" src=\"http:\/\/www.crerf-mueb.eu\/wp-content\/uploads\/2015\/05\/IMG_4708-200x150.jpg\" class=\"attachment-thumbnail size-thumbnail\" alt=\"\" decoding=\"async\" loading=\"lazy\" \/><\/a>\n\t\t\t<\/dt><\/dl>\n\t\t\t<br style='clear: both' \/>\n\t\t<\/div>\n\n<p>\u00a9 Alexandre Schauer<\/p>\n","protected":false},"excerpt":{"rendered":"<p>Ausbildungsbereich Menschenrettung aus Sch\u00fcttgutfrachtraum G\u00fctermotorschiffe transportieren oft Masseng\u00fcter bzw. Sch\u00fcttg\u00fcter wie beispielsweise Sand, Kies, Kohle, Getreide, Gips, Zement, usw. In diesem Ausbildungsbereich kann die Rettung einer Person, die teilweise versch\u00fcttet sein kann, aus einer Tiefe von bis zu 4 m trainiert werden. Dabei m\u00fcssen taktische Vorgehensweisen wie die Kontrolle des Sauerstoffgehalts der Umgebungsluft im Laderaum [&hellip;]<\/p>\n","protected":false},"author":1,"featured_media":0,"parent":179,"menu_order":0,"comment_status":"open","ping_status":"open","template":"","meta":{"_mi_skip_tracking":false},"yoast_head":"<!-- This site is optimized with the Yoast SEO plugin v20.5 - https:\/\/yoast.com\/wordpress\/plugins\/seo\/ -->\n<title>Ausbildungsbereich Menschenrettung aus Sch\u00fcttgutfrachtraum<\/title>\n<meta name=\"description\" content=\"G\u00fctermotorschiffe transportieren oft Masseng\u00fcter bzw. Sch\u00fcttg\u00fcter wie beispielsweise Sand, Kies, Kohle, Getreide, Gips, Zement, usw.\" \/>\n<meta name=\"robots\" content=\"index, follow, max-snippet:-1, max-image-preview:large, max-video-preview:-1\" \/>\n<link rel=\"canonical\" href=\"http:\/\/www.crerf-mueb.eu\/de\/u\u0308bungsmo\u0308glichkeiten\/ausbildingsbereiche\/retten-aus-schu\u0308ttgutfrachtraum\/\" \/>\n<meta property=\"og:locale\" content=\"de_DE\" \/>\n<meta property=\"og:type\" content=\"article\" \/>\n<meta property=\"og:title\" content=\"Ausbildungsbereich Menschenrettung aus Sch\u00fcttgutfrachtraum\" \/>\n<meta property=\"og:description\" content=\"G\u00fctermotorschiffe transportieren oft Masseng\u00fcter bzw. Sch\u00fcttg\u00fcter wie beispielsweise Sand, Kies, Kohle, Getreide, Gips, Zement, usw.\" \/>\n<meta property=\"og:url\" content=\"http:\/\/www.crerf-mueb.eu\/de\/u\u0308bungsmo\u0308glichkeiten\/ausbildingsbereiche\/retten-aus-schu\u0308ttgutfrachtraum\/\" \/>\n<meta property=\"og:site_name\" content=\"CRERF M\u00dcB\" \/>\n<meta property=\"article:modified_time\" content=\"2015-06-10T12:59:17+00:00\" \/>\n<meta property=\"og:image\" content=\"http:\/\/www.crerf-mueb.eu\/wp-content\/uploads\/2015\/05\/IMG_4670-200x150.jpg\" \/>\n<meta name=\"twitter:card\" content=\"summary_large_image\" \/>\n<script type=\"application\/ld+json\" class=\"yoast-schema-graph\">{\"@context\":\"https:\/\/schema.org\",\"@graph\":[{\"@type\":\"WebPage\",\"@id\":\"http:\/\/www.crerf-mueb.eu\/de\/u%cc%88bungsmo%cc%88glichkeiten\/ausbildingsbereiche\/retten-aus-schu%cc%88ttgutfrachtraum\/\",\"url\":\"http:\/\/www.crerf-mueb.eu\/de\/u%cc%88bungsmo%cc%88glichkeiten\/ausbildingsbereiche\/retten-aus-schu%cc%88ttgutfrachtraum\/\",\"name\":\"Ausbildungsbereich Menschenrettung aus Sch\u00fcttgutfrachtraum\",\"isPartOf\":{\"@id\":\"http:\/\/www.crerf-mueb.eu\/de\/#website\"},\"datePublished\":\"2015-05-19T13:00:59+00:00\",\"dateModified\":\"2015-06-10T12:59:17+00:00\",\"description\":\"G\u00fctermotorschiffe transportieren oft Masseng\u00fcter bzw. Sch\u00fcttg\u00fcter wie beispielsweise Sand, Kies, Kohle, Getreide, Gips, Zement, usw.\",\"breadcrumb\":{\"@id\":\"http:\/\/www.crerf-mueb.eu\/de\/u%cc%88bungsmo%cc%88glichkeiten\/ausbildingsbereiche\/retten-aus-schu%cc%88ttgutfrachtraum\/#breadcrumb\"},\"inLanguage\":\"de\",\"potentialAction\":[{\"@type\":\"ReadAction\",\"target\":[\"http:\/\/www.crerf-mueb.eu\/de\/u%cc%88bungsmo%cc%88glichkeiten\/ausbildingsbereiche\/retten-aus-schu%cc%88ttgutfrachtraum\/\"]}]},{\"@type\":\"BreadcrumbList\",\"@id\":\"http:\/\/www.crerf-mueb.eu\/de\/u%cc%88bungsmo%cc%88glichkeiten\/ausbildingsbereiche\/retten-aus-schu%cc%88ttgutfrachtraum\/#breadcrumb\",\"itemListElement\":[{\"@type\":\"ListItem\",\"position\":1,\"name\":\"Accueil\",\"item\":\"http:\/\/www.crerf-mueb.eu\/de\/\"},{\"@type\":\"ListItem\",\"position\":2,\"name\":\"\u00dcbungsm\u00f6glichkeiten\",\"item\":\"http:\/\/www.crerf-mueb.eu\/de\/u%cc%88bungsmo%cc%88glichkeiten\/\"},{\"@type\":\"ListItem\",\"position\":3,\"name\":\"Ausbildungsbereiche\",\"item\":\"http:\/\/www.crerf-mueb.eu\/de\/u%cc%88bungsmo%cc%88glichkeiten\/ausbildingsbereiche\/\"},{\"@type\":\"ListItem\",\"position\":4,\"name\":\"Retten aus Sch\u00fcttgutfrachtraum\"}]},{\"@type\":\"WebSite\",\"@id\":\"http:\/\/www.crerf-mueb.eu\/de\/#website\",\"url\":\"http:\/\/www.crerf-mueb.eu\/de\/\",\"name\":\"CRERF M\u00dcB\",\"description\":\"River Risk Control Training Center\",\"potentialAction\":[{\"@type\":\"SearchAction\",\"target\":{\"@type\":\"EntryPoint\",\"urlTemplate\":\"http:\/\/www.crerf-mueb.eu\/de\/?s={search_term_string}\"},\"query-input\":\"required name=search_term_string\"}],\"inLanguage\":\"de\"}]}<\/script>\n<!-- \/ Yoast SEO plugin. -->","yoast_head_json":{"title":"Ausbildungsbereich Menschenrettung aus Sch\u00fcttgutfrachtraum","description":"G\u00fctermotorschiffe transportieren oft Masseng\u00fcter bzw. Sch\u00fcttg\u00fcter wie beispielsweise Sand, Kies, Kohle, Getreide, Gips, Zement, usw.","robots":{"index":"index","follow":"follow","max-snippet":"max-snippet:-1","max-image-preview":"max-image-preview:large","max-video-preview":"max-video-preview:-1"},"canonical":"http:\/\/www.crerf-mueb.eu\/de\/u\u0308bungsmo\u0308glichkeiten\/ausbildingsbereiche\/retten-aus-schu\u0308ttgutfrachtraum\/","og_locale":"de_DE","og_type":"article","og_title":"Ausbildungsbereich Menschenrettung aus Sch\u00fcttgutfrachtraum","og_description":"G\u00fctermotorschiffe transportieren oft Masseng\u00fcter bzw. Sch\u00fcttg\u00fcter wie beispielsweise Sand, Kies, Kohle, Getreide, Gips, Zement, usw.","og_url":"http:\/\/www.crerf-mueb.eu\/de\/u\u0308bungsmo\u0308glichkeiten\/ausbildingsbereiche\/retten-aus-schu\u0308ttgutfrachtraum\/","og_site_name":"CRERF M\u00dcB","article_modified_time":"2015-06-10T12:59:17+00:00","og_image":[{"url":"http:\/\/www.crerf-mueb.eu\/wp-content\/uploads\/2015\/05\/IMG_4670-200x150.jpg"}],"twitter_card":"summary_large_image","schema":{"@context":"https:\/\/schema.org","@graph":[{"@type":"WebPage","@id":"http:\/\/www.crerf-mueb.eu\/de\/u%cc%88bungsmo%cc%88glichkeiten\/ausbildingsbereiche\/retten-aus-schu%cc%88ttgutfrachtraum\/","url":"http:\/\/www.crerf-mueb.eu\/de\/u%cc%88bungsmo%cc%88glichkeiten\/ausbildingsbereiche\/retten-aus-schu%cc%88ttgutfrachtraum\/","name":"Ausbildungsbereich Menschenrettung aus Sch\u00fcttgutfrachtraum","isPartOf":{"@id":"http:\/\/www.crerf-mueb.eu\/de\/#website"},"datePublished":"2015-05-19T13:00:59+00:00","dateModified":"2015-06-10T12:59:17+00:00","description":"G\u00fctermotorschiffe transportieren oft Masseng\u00fcter bzw. Sch\u00fcttg\u00fcter wie beispielsweise Sand, Kies, Kohle, Getreide, Gips, Zement, usw.","breadcrumb":{"@id":"http:\/\/www.crerf-mueb.eu\/de\/u%cc%88bungsmo%cc%88glichkeiten\/ausbildingsbereiche\/retten-aus-schu%cc%88ttgutfrachtraum\/#breadcrumb"},"inLanguage":"de","potentialAction":[{"@type":"ReadAction","target":["http:\/\/www.crerf-mueb.eu\/de\/u%cc%88bungsmo%cc%88glichkeiten\/ausbildingsbereiche\/retten-aus-schu%cc%88ttgutfrachtraum\/"]}]},{"@type":"BreadcrumbList","@id":"http:\/\/www.crerf-mueb.eu\/de\/u%cc%88bungsmo%cc%88glichkeiten\/ausbildingsbereiche\/retten-aus-schu%cc%88ttgutfrachtraum\/#breadcrumb","itemListElement":[{"@type":"ListItem","position":1,"name":"Accueil","item":"http:\/\/www.crerf-mueb.eu\/de\/"},{"@type":"ListItem","position":2,"name":"\u00dcbungsm\u00f6glichkeiten","item":"http:\/\/www.crerf-mueb.eu\/de\/u%cc%88bungsmo%cc%88glichkeiten\/"},{"@type":"ListItem","position":3,"name":"Ausbildungsbereiche","item":"http:\/\/www.crerf-mueb.eu\/de\/u%cc%88bungsmo%cc%88glichkeiten\/ausbildingsbereiche\/"},{"@type":"ListItem","position":4,"name":"Retten aus Sch\u00fcttgutfrachtraum"}]},{"@type":"WebSite","@id":"http:\/\/www.crerf-mueb.eu\/de\/#website","url":"http:\/\/www.crerf-mueb.eu\/de\/","name":"CRERF M\u00dcB","description":"River Risk Control Training Center","potentialAction":[{"@type":"SearchAction","target":{"@type":"EntryPoint","urlTemplate":"http:\/\/www.crerf-mueb.eu\/de\/?s={search_term_string}"},"query-input":"required name=search_term_string"}],"inLanguage":"de"}]}},"_links":{"self":[{"href":"http:\/\/www.crerf-mueb.eu\/de\/wp-json\/wp\/v2\/pages\/277"}],"collection":[{"href":"http:\/\/www.crerf-mueb.eu\/de\/wp-json\/wp\/v2\/pages"}],"about":[{"href":"http:\/\/www.crerf-mueb.eu\/de\/wp-json\/wp\/v2\/types\/page"}],"author":[{"embeddable":true,"href":"http:\/\/www.crerf-mueb.eu\/de\/wp-json\/wp\/v2\/users\/1"}],"replies":[{"embeddable":true,"href":"http:\/\/www.crerf-mueb.eu\/de\/wp-json\/wp\/v2\/comments?post=277"}],"version-history":[{"count":7,"href":"http:\/\/www.crerf-mueb.eu\/de\/wp-json\/wp\/v2\/pages\/277\/revisions"}],"predecessor-version":[{"id":707,"href":"http:\/\/www.crerf-mueb.eu\/de\/wp-json\/wp\/v2\/pages\/277\/revisions\/707"}],"up":[{"embeddable":true,"href":"http:\/\/www.crerf-mueb.eu\/de\/wp-json\/wp\/v2\/pages\/179"}],"wp:attachment":[{"href":"http:\/\/www.crerf-mueb.eu\/de\/wp-json\/wp\/v2\/media?parent=277"}],"curies":[{"name":"wp","href":"https:\/\/api.w.org\/{rel}","templated":true}]}}