{"id":280,"date":"2015-05-19T14:01:21","date_gmt":"2015-05-19T13:01:21","guid":{"rendered":"http:\/\/www.crerf-mueb.eu\/?page_id=280"},"modified":"2015-05-27T14:28:00","modified_gmt":"2015-05-27T13:28:00","slug":"parcours-ari","status":"publish","type":"page","link":"http:\/\/www.crerf-mueb.eu\/de\/equipements\/simulateurs-et-modules\/parcours-ari\/","title":{"rendered":"Parcours ARI"},"content":{"rendered":"<p><strong>Ce parcours est destin\u00e9 \u00e0 l\u2019entra\u00eenement des personnels au port de l\u2019appareil respiratoire isolant (ARI).<\/strong> L\u2019itin\u00e9raire \u00e9volutif de plus de 65 m\u00e8tres, reprend les sp\u00e9cificit\u00e9s rencontr\u00e9es sur les navires\u00a0: passage par un trou d\u2019homme, reconnaissances dans des coursives, dans une double coque, dans la salle des machines, \u2026<\/p>\n<p>Apr\u00e8s la mise en condition physique, le parcours s\u2019effectue dans l\u2019obscurit\u00e9 totale, sans pr\u00e9sence de fum\u00e9es et film\u00e9 par des cam\u00e9ras infrarouges fixes et portatives de contr\u00f4le pour la s\u00e9curit\u00e9 des stagiaires. Le parcours se compose notamment de diff\u00e9rents types de sol, d\u2019inclinaisons positives et n\u00e9gatives et d\u2019obstacles amovibles.<\/p>\n\n\t\t<style type=\"text\/css\">\n\t\t\t#gallery-1 {\n\t\t\t\tmargin: auto;\n\t\t\t}\n\t\t\t#gallery-1 .gallery-item {\n\t\t\t\tfloat: left;\n\t\t\t\tmargin-top: 10px;\n\t\t\t\ttext-align: center;\n\t\t\t\twidth: 33%;\n\t\t\t}\n\t\t\t#gallery-1 img {\n\t\t\t\tborder: 2px solid #cfcfcf;\n\t\t\t}\n\t\t\t#gallery-1 .gallery-caption {\n\t\t\t\tmargin-left: 0;\n\t\t\t}\n\t\t\t\/* see gallery_shortcode() in wp-includes\/media.php *\/\n\t\t<\/style>\n\t\t<div id='gallery-1' class='gallery galleryid-280 gallery-columns-3 gallery-size-thumbnail'><dl class='gallery-item'>\n\t\t\t<dt class='gallery-icon landscape'>\n\t\t\t\t<a href='http:\/\/www.crerf-mueb.eu\/de\/img_5018\/'><img width=\"200\" height=\"150\" src=\"http:\/\/www.crerf-mueb.eu\/wp-content\/uploads\/2015\/05\/IMG_5018-200x150.jpg\" class=\"attachment-thumbnail size-thumbnail\" alt=\"\" decoding=\"async\" loading=\"lazy\" \/><\/a>\n\t\t\t<\/dt><\/dl><dl class='gallery-item'>\n\t\t\t<dt class='gallery-icon landscape'>\n\t\t\t\t<a href='http:\/\/www.crerf-mueb.eu\/de\/img_5192\/'><img width=\"200\" height=\"150\" src=\"http:\/\/www.crerf-mueb.eu\/wp-content\/uploads\/2015\/05\/IMG_5192-200x150.jpg\" class=\"attachment-thumbnail size-thumbnail\" alt=\"\" decoding=\"async\" loading=\"lazy\" \/><\/a>\n\t\t\t<\/dt><\/dl><dl class='gallery-item'>\n\t\t\t<dt class='gallery-icon landscape'>\n\t\t\t\t<a href='http:\/\/www.crerf-mueb.eu\/de\/img_5126\/'><img width=\"200\" height=\"150\" src=\"http:\/\/www.crerf-mueb.eu\/wp-content\/uploads\/2015\/05\/IMG_5126-200x150.jpg\" class=\"attachment-thumbnail size-thumbnail\" alt=\"\" decoding=\"async\" loading=\"lazy\" \/><\/a>\n\t\t\t<\/dt><\/dl><br style=\"clear: both\" \/><dl class='gallery-item'>\n\t\t\t<dt class='gallery-icon portrait'>\n\t\t\t\t<a href='http:\/\/www.crerf-mueb.eu\/de\/img_5046\/'><img width=\"200\" height=\"150\" src=\"http:\/\/www.crerf-mueb.eu\/wp-content\/uploads\/2015\/05\/IMG_5046-200x150.jpg\" class=\"attachment-thumbnail size-thumbnail\" alt=\"\" decoding=\"async\" loading=\"lazy\" \/><\/a>\n\t\t\t<\/dt><\/dl><dl class='gallery-item'>\n\t\t\t<dt class='gallery-icon landscape'>\n\t\t\t\t<a href='http:\/\/www.crerf-mueb.eu\/de\/img_5166\/'><img width=\"200\" height=\"150\" src=\"http:\/\/www.crerf-mueb.eu\/wp-content\/uploads\/2015\/05\/IMG_5166-200x150.jpg\" class=\"attachment-thumbnail size-thumbnail\" alt=\"\" decoding=\"async\" loading=\"lazy\" \/><\/a>\n\t\t\t<\/dt><\/dl><dl class='gallery-item'>\n\t\t\t<dt class='gallery-icon landscape'>\n\t\t\t\t<a href='http:\/\/www.crerf-mueb.eu\/de\/img_5176\/'><img width=\"200\" height=\"150\" src=\"http:\/\/www.crerf-mueb.eu\/wp-content\/uploads\/2015\/05\/IMG_5176-200x150.jpg\" class=\"attachment-thumbnail size-thumbnail\" alt=\"\" decoding=\"async\" loading=\"lazy\" \/><\/a>\n\t\t\t<\/dt><\/dl><br style=\"clear: both\" \/><dl class='gallery-item'>\n\t\t\t<dt class='gallery-icon landscape'>\n\t\t\t\t<a href='http:\/\/www.crerf-mueb.eu\/de\/cb1_8772\/'><img width=\"200\" height=\"150\" src=\"http:\/\/www.crerf-mueb.eu\/wp-content\/uploads\/2015\/05\/CB1_8772-200x150.jpg\" class=\"attachment-thumbnail size-thumbnail\" alt=\"\" decoding=\"async\" loading=\"lazy\" \/><\/a>\n\t\t\t<\/dt><\/dl>\n\t\t\t<br style='clear: both' \/>\n\t\t<\/div>\n\n<p>\u00a9 Alexandre Schauer<\/p>\n","protected":false},"excerpt":{"rendered":"<p>Ce parcours est destin\u00e9 \u00e0 l\u2019entra\u00eenement des personnels au port de l\u2019appareil respiratoire isolant (ARI). L\u2019itin\u00e9raire \u00e9volutif de plus de 65 m\u00e8tres, reprend les sp\u00e9cificit\u00e9s rencontr\u00e9es sur les navires\u00a0: passage par un trou d\u2019homme, reconnaissances dans des coursives, dans une double coque, dans la salle des machines, \u2026 Apr\u00e8s la mise en condition physique, le [&hellip;]<\/p>\n","protected":false},"author":1,"featured_media":0,"parent":177,"menu_order":0,"comment_status":"open","ping_status":"open","template":"","meta":{"_mi_skip_tracking":false},"yoast_head":"<!-- This site is optimized with the Yoast SEO plugin v20.5 - https:\/\/yoast.com\/wordpress\/plugins\/seo\/ -->\n<title>Parcours ARI - CRERF M\u00dcB<\/title>\n<meta name=\"description\" content=\"Ce parcours, de plus de 65 m\u00e8tres, est destin\u00e9 \u00e0 l\u2019entra\u00eenement des personnels au port de l&#039;ARI. Il reprend les sp\u00e9cificit\u00e9s rencontr\u00e9es sur les navires...\" \/>\n<meta name=\"robots\" content=\"index, follow, max-snippet:-1, max-image-preview:large, max-video-preview:-1\" \/>\n<link rel=\"canonical\" href=\"http:\/\/www.crerf-mueb.eu\/de\/equipements\/simulateurs-et-modules\/parcours-ari\/\" \/>\n<meta property=\"og:locale\" content=\"de_DE\" \/>\n<meta property=\"og:type\" content=\"article\" \/>\n<meta property=\"og:title\" content=\"Parcours ARI - CRERF M\u00dcB\" \/>\n<meta property=\"og:description\" content=\"Ce parcours, de plus de 65 m\u00e8tres, est destin\u00e9 \u00e0 l\u2019entra\u00eenement des personnels au port de l&#039;ARI. Il reprend les sp\u00e9cificit\u00e9s rencontr\u00e9es sur les navires...\" \/>\n<meta property=\"og:url\" content=\"http:\/\/www.crerf-mueb.eu\/de\/equipements\/simulateurs-et-modules\/parcours-ari\/\" \/>\n<meta property=\"og:site_name\" content=\"CRERF M\u00dcB\" \/>\n<meta property=\"article:modified_time\" content=\"2015-05-27T13:28:00+00:00\" \/>\n<meta property=\"og:image\" content=\"http:\/\/www.crerf-mueb.eu\/wp-content\/uploads\/2015\/05\/IMG_5018-200x150.jpg\" \/>\n<meta name=\"twitter:card\" content=\"summary_large_image\" \/>\n<meta name=\"twitter:label1\" content=\"Gesch\u00e4tzte Lesezeit\" \/>\n\t<meta name=\"twitter:data1\" content=\"1\u00a0Minute\" \/>\n<script type=\"application\/ld+json\" class=\"yoast-schema-graph\">{\"@context\":\"https:\/\/schema.org\",\"@graph\":[{\"@type\":\"WebPage\",\"@id\":\"http:\/\/www.crerf-mueb.eu\/de\/equipements\/simulateurs-et-modules\/parcours-ari\/\",\"url\":\"http:\/\/www.crerf-mueb.eu\/de\/equipements\/simulateurs-et-modules\/parcours-ari\/\",\"name\":\"Parcours ARI - CRERF M\u00dcB\",\"isPartOf\":{\"@id\":\"http:\/\/www.crerf-mueb.eu\/de\/#website\"},\"datePublished\":\"2015-05-19T13:01:21+00:00\",\"dateModified\":\"2015-05-27T13:28:00+00:00\",\"description\":\"Ce parcours, de plus de 65 m\u00e8tres, est destin\u00e9 \u00e0 l\u2019entra\u00eenement des personnels au port de l'ARI. Il reprend les sp\u00e9cificit\u00e9s rencontr\u00e9es sur les navires...\",\"breadcrumb\":{\"@id\":\"http:\/\/www.crerf-mueb.eu\/de\/equipements\/simulateurs-et-modules\/parcours-ari\/#breadcrumb\"},\"inLanguage\":\"de\",\"potentialAction\":[{\"@type\":\"ReadAction\",\"target\":[\"http:\/\/www.crerf-mueb.eu\/de\/equipements\/simulateurs-et-modules\/parcours-ari\/\"]}]},{\"@type\":\"BreadcrumbList\",\"@id\":\"http:\/\/www.crerf-mueb.eu\/de\/equipements\/simulateurs-et-modules\/parcours-ari\/#breadcrumb\",\"itemListElement\":[{\"@type\":\"ListItem\",\"position\":1,\"name\":\"Accueil\",\"item\":\"http:\/\/www.crerf-mueb.eu\/de\/\"},{\"@type\":\"ListItem\",\"position\":2,\"name\":\"\u00c9quipements\",\"item\":\"http:\/\/www.crerf-mueb.eu\/de\/equipements\/\"},{\"@type\":\"ListItem\",\"position\":3,\"name\":\"Simulateurs et modules\",\"item\":\"http:\/\/www.crerf-mueb.eu\/de\/equipements\/simulateurs-et-modules\/\"},{\"@type\":\"ListItem\",\"position\":4,\"name\":\"Parcours ARI\"}]},{\"@type\":\"WebSite\",\"@id\":\"http:\/\/www.crerf-mueb.eu\/de\/#website\",\"url\":\"http:\/\/www.crerf-mueb.eu\/de\/\",\"name\":\"CRERF M\u00dcB\",\"description\":\"River Risk Control Training Center\",\"potentialAction\":[{\"@type\":\"SearchAction\",\"target\":{\"@type\":\"EntryPoint\",\"urlTemplate\":\"http:\/\/www.crerf-mueb.eu\/de\/?s={search_term_string}\"},\"query-input\":\"required name=search_term_string\"}],\"inLanguage\":\"de\"}]}<\/script>\n<!-- \/ Yoast SEO plugin. -->","yoast_head_json":{"title":"Parcours ARI - CRERF M\u00dcB","description":"Ce parcours, de plus de 65 m\u00e8tres, est destin\u00e9 \u00e0 l\u2019entra\u00eenement des personnels au port de l'ARI. Il reprend les sp\u00e9cificit\u00e9s rencontr\u00e9es sur les navires...","robots":{"index":"index","follow":"follow","max-snippet":"max-snippet:-1","max-image-preview":"max-image-preview:large","max-video-preview":"max-video-preview:-1"},"canonical":"http:\/\/www.crerf-mueb.eu\/de\/equipements\/simulateurs-et-modules\/parcours-ari\/","og_locale":"de_DE","og_type":"article","og_title":"Parcours ARI - CRERF M\u00dcB","og_description":"Ce parcours, de plus de 65 m\u00e8tres, est destin\u00e9 \u00e0 l\u2019entra\u00eenement des personnels au port de l'ARI. Il reprend les sp\u00e9cificit\u00e9s rencontr\u00e9es sur les navires...","og_url":"http:\/\/www.crerf-mueb.eu\/de\/equipements\/simulateurs-et-modules\/parcours-ari\/","og_site_name":"CRERF M\u00dcB","article_modified_time":"2015-05-27T13:28:00+00:00","og_image":[{"url":"http:\/\/www.crerf-mueb.eu\/wp-content\/uploads\/2015\/05\/IMG_5018-200x150.jpg"}],"twitter_card":"summary_large_image","twitter_misc":{"Gesch\u00e4tzte Lesezeit":"1\u00a0Minute"},"schema":{"@context":"https:\/\/schema.org","@graph":[{"@type":"WebPage","@id":"http:\/\/www.crerf-mueb.eu\/de\/equipements\/simulateurs-et-modules\/parcours-ari\/","url":"http:\/\/www.crerf-mueb.eu\/de\/equipements\/simulateurs-et-modules\/parcours-ari\/","name":"Parcours ARI - CRERF M\u00dcB","isPartOf":{"@id":"http:\/\/www.crerf-mueb.eu\/de\/#website"},"datePublished":"2015-05-19T13:01:21+00:00","dateModified":"2015-05-27T13:28:00+00:00","description":"Ce parcours, de plus de 65 m\u00e8tres, est destin\u00e9 \u00e0 l\u2019entra\u00eenement des personnels au port de l'ARI. Il reprend les sp\u00e9cificit\u00e9s rencontr\u00e9es sur les navires...","breadcrumb":{"@id":"http:\/\/www.crerf-mueb.eu\/de\/equipements\/simulateurs-et-modules\/parcours-ari\/#breadcrumb"},"inLanguage":"de","potentialAction":[{"@type":"ReadAction","target":["http:\/\/www.crerf-mueb.eu\/de\/equipements\/simulateurs-et-modules\/parcours-ari\/"]}]},{"@type":"BreadcrumbList","@id":"http:\/\/www.crerf-mueb.eu\/de\/equipements\/simulateurs-et-modules\/parcours-ari\/#breadcrumb","itemListElement":[{"@type":"ListItem","position":1,"name":"Accueil","item":"http:\/\/www.crerf-mueb.eu\/de\/"},{"@type":"ListItem","position":2,"name":"\u00c9quipements","item":"http:\/\/www.crerf-mueb.eu\/de\/equipements\/"},{"@type":"ListItem","position":3,"name":"Simulateurs et modules","item":"http:\/\/www.crerf-mueb.eu\/de\/equipements\/simulateurs-et-modules\/"},{"@type":"ListItem","position":4,"name":"Parcours ARI"}]},{"@type":"WebSite","@id":"http:\/\/www.crerf-mueb.eu\/de\/#website","url":"http:\/\/www.crerf-mueb.eu\/de\/","name":"CRERF M\u00dcB","description":"River Risk Control Training Center","potentialAction":[{"@type":"SearchAction","target":{"@type":"EntryPoint","urlTemplate":"http:\/\/www.crerf-mueb.eu\/de\/?s={search_term_string}"},"query-input":"required name=search_term_string"}],"inLanguage":"de"}]}},"_links":{"self":[{"href":"http:\/\/www.crerf-mueb.eu\/de\/wp-json\/wp\/v2\/pages\/280"}],"collection":[{"href":"http:\/\/www.crerf-mueb.eu\/de\/wp-json\/wp\/v2\/pages"}],"about":[{"href":"http:\/\/www.crerf-mueb.eu\/de\/wp-json\/wp\/v2\/types\/page"}],"author":[{"embeddable":true,"href":"http:\/\/www.crerf-mueb.eu\/de\/wp-json\/wp\/v2\/users\/1"}],"replies":[{"embeddable":true,"href":"http:\/\/www.crerf-mueb.eu\/de\/wp-json\/wp\/v2\/comments?post=280"}],"version-history":[{"count":6,"href":"http:\/\/www.crerf-mueb.eu\/de\/wp-json\/wp\/v2\/pages\/280\/revisions"}],"predecessor-version":[{"id":519,"href":"http:\/\/www.crerf-mueb.eu\/de\/wp-json\/wp\/v2\/pages\/280\/revisions\/519"}],"up":[{"embeddable":true,"href":"http:\/\/www.crerf-mueb.eu\/de\/wp-json\/wp\/v2\/pages\/177"}],"wp:attachment":[{"href":"http:\/\/www.crerf-mueb.eu\/de\/wp-json\/wp\/v2\/media?parent=280"}],"curies":[{"name":"wp","href":"https:\/\/api.w.org\/{rel}","templated":true}]}}