{"id":374,"date":"2015-05-19T15:17:22","date_gmt":"2015-05-19T14:17:22","guid":{"rendered":"http:\/\/www.crerf-mueb.eu\/?page_id=374"},"modified":"2015-06-16T13:22:40","modified_gmt":"2015-06-16T12:22:40","slug":"pose-de-barrage-antipollution","status":"publish","type":"page","link":"http:\/\/www.crerf-mueb.eu\/de\/equipements\/simulateurs-et-modules\/pose-de-barrage-antipollution\/","title":{"rendered":"Pose de barrage antipollution"},"content":{"rendered":"<p><strong>Avec son embarcation l\u00e9g\u00e8re, le CRERF permet de s\u2019initier \u00e0 la pose de barrage antipollution pour hydrocarbures.<\/strong> La p\u00e9niche dispose de 80 m\u00e8tres de barrage flottant mont\u00e9 sur un touret, permettant une mise \u00e0 l\u2019eau facile dans des conditions de s\u00e9curit\u00e9 optimales.<\/p>\n\n\t\t<style type=\"text\/css\">\n\t\t\t#gallery-1 {\n\t\t\t\tmargin: auto;\n\t\t\t}\n\t\t\t#gallery-1 .gallery-item {\n\t\t\t\tfloat: left;\n\t\t\t\tmargin-top: 10px;\n\t\t\t\ttext-align: center;\n\t\t\t\twidth: 33%;\n\t\t\t}\n\t\t\t#gallery-1 img {\n\t\t\t\tborder: 2px solid #cfcfcf;\n\t\t\t}\n\t\t\t#gallery-1 .gallery-caption {\n\t\t\t\tmargin-left: 0;\n\t\t\t}\n\t\t\t\/* see gallery_shortcode() in wp-includes\/media.php *\/\n\t\t<\/style>\n\t\t<div id='gallery-1' class='gallery galleryid-374 gallery-columns-3 gallery-size-thumbnail'><dl class='gallery-item'>\n\t\t\t<dt class='gallery-icon landscape'>\n\t\t\t\t<a href='http:\/\/www.crerf-mueb.eu\/wp-content\/uploads\/2015\/05\/IMG_5415-e1432803451305.jpg'><img width=\"200\" height=\"150\" src=\"http:\/\/www.crerf-mueb.eu\/wp-content\/uploads\/2015\/05\/IMG_5415-200x150.jpg\" class=\"attachment-thumbnail size-thumbnail\" alt=\"\" decoding=\"async\" loading=\"lazy\" \/><\/a>\n\t\t\t<\/dt><\/dl><dl class='gallery-item'>\n\t\t\t<dt class='gallery-icon landscape'>\n\t\t\t\t<a href='http:\/\/www.crerf-mueb.eu\/wp-content\/uploads\/2015\/05\/IMG_5421-e1432803439600.jpg'><img width=\"200\" height=\"150\" src=\"http:\/\/www.crerf-mueb.eu\/wp-content\/uploads\/2015\/05\/IMG_5421-200x150.jpg\" class=\"attachment-thumbnail size-thumbnail\" alt=\"\" decoding=\"async\" loading=\"lazy\" \/><\/a>\n\t\t\t<\/dt><\/dl><dl class='gallery-item'>\n\t\t\t<dt class='gallery-icon landscape'>\n\t\t\t\t<a href='http:\/\/www.crerf-mueb.eu\/wp-content\/uploads\/2015\/05\/IMG_5435-e1432803423512.jpg'><img width=\"200\" height=\"150\" src=\"http:\/\/www.crerf-mueb.eu\/wp-content\/uploads\/2015\/05\/IMG_5435-200x150.jpg\" class=\"attachment-thumbnail size-thumbnail\" alt=\"\" decoding=\"async\" loading=\"lazy\" \/><\/a>\n\t\t\t<\/dt><\/dl><br style=\"clear: both\" \/><dl class='gallery-item'>\n\t\t\t<dt class='gallery-icon landscape'>\n\t\t\t\t<a href='http:\/\/www.crerf-mueb.eu\/wp-content\/uploads\/2015\/05\/L1001277-e1432803387571.jpg'><img width=\"200\" height=\"150\" src=\"http:\/\/www.crerf-mueb.eu\/wp-content\/uploads\/2015\/05\/L1001277-200x150.jpg\" class=\"attachment-thumbnail size-thumbnail\" alt=\"\" decoding=\"async\" loading=\"lazy\" \/><\/a>\n\t\t\t<\/dt><\/dl><dl class='gallery-item'>\n\t\t\t<dt class='gallery-icon portrait'>\n\t\t\t\t<a href='http:\/\/www.crerf-mueb.eu\/wp-content\/uploads\/2015\/05\/L1001272-e1432817118617.jpg'><img width=\"200\" height=\"150\" src=\"http:\/\/www.crerf-mueb.eu\/wp-content\/uploads\/2015\/05\/L1001272-200x150.jpg\" class=\"attachment-thumbnail size-thumbnail\" alt=\"\" decoding=\"async\" loading=\"lazy\" \/><\/a>\n\t\t\t<\/dt><\/dl><dl class='gallery-item'>\n\t\t\t<dt class='gallery-icon landscape'>\n\t\t\t\t<a href='http:\/\/www.crerf-mueb.eu\/wp-content\/uploads\/2015\/05\/IMG_5454-e1432803414708.jpg'><img width=\"200\" height=\"150\" src=\"http:\/\/www.crerf-mueb.eu\/wp-content\/uploads\/2015\/05\/IMG_5454-200x150.jpg\" class=\"attachment-thumbnail size-thumbnail\" alt=\"\" decoding=\"async\" loading=\"lazy\" \/><\/a>\n\t\t\t<\/dt><\/dl><br style=\"clear: both\" \/>\n\t\t<\/div>\n\n<p>\u00a9 Alexandre Schauer<\/p>\n","protected":false},"excerpt":{"rendered":"<p>Avec son embarcation l\u00e9g\u00e8re, le CRERF permet de s\u2019initier \u00e0 la pose de barrage antipollution pour hydrocarbures. La p\u00e9niche dispose de 80 m\u00e8tres de barrage flottant mont\u00e9 sur un touret, permettant une mise \u00e0 l\u2019eau facile dans des conditions de s\u00e9curit\u00e9 optimales. \u00a9 Alexandre Schauer<\/p>\n","protected":false},"author":3,"featured_media":0,"parent":177,"menu_order":0,"comment_status":"open","ping_status":"open","template":"","meta":{"_mi_skip_tracking":false},"yoast_head":"<!-- This site is optimized with the Yoast SEO plugin v20.5 - https:\/\/yoast.com\/wordpress\/plugins\/seo\/ -->\n<title>Pose de barrage antipollution - CRERF M\u00dcB<\/title>\n<meta name=\"description\" content=\"Avec son embarcation l\u00e9g\u00e8re, le CRERF permet de s\u2019initier \u00e0 la pose de barrage antipollution pour hydrocarbures.\" \/>\n<meta name=\"robots\" content=\"index, follow, max-snippet:-1, max-image-preview:large, max-video-preview:-1\" \/>\n<link rel=\"canonical\" href=\"http:\/\/www.crerf-mueb.eu\/equipements\/simulateurs-et-modules\/pose-de-barrage-antipollution\/\" \/>\n<meta property=\"og:locale\" content=\"de_DE\" \/>\n<meta property=\"og:type\" content=\"article\" \/>\n<meta property=\"og:title\" content=\"Pose de barrage antipollution - CRERF M\u00dcB\" \/>\n<meta property=\"og:description\" content=\"Avec son embarcation l\u00e9g\u00e8re, le CRERF permet de s\u2019initier \u00e0 la pose de barrage antipollution pour hydrocarbures.\" \/>\n<meta property=\"og:url\" content=\"http:\/\/www.crerf-mueb.eu\/equipements\/simulateurs-et-modules\/pose-de-barrage-antipollution\/\" \/>\n<meta property=\"og:site_name\" content=\"CRERF M\u00dcB\" \/>\n<meta property=\"article:modified_time\" content=\"2015-06-16T12:22:40+00:00\" \/>\n<meta property=\"og:image\" content=\"http:\/\/www.crerf-mueb.eu\/wp-content\/uploads\/2015\/05\/IMG_5415-200x150.jpg\" \/>\n<meta name=\"twitter:card\" content=\"summary_large_image\" \/>\n<script type=\"application\/ld+json\" class=\"yoast-schema-graph\">{\"@context\":\"https:\/\/schema.org\",\"@graph\":[{\"@type\":\"WebPage\",\"@id\":\"http:\/\/www.crerf-mueb.eu\/equipements\/simulateurs-et-modules\/pose-de-barrage-antipollution\/\",\"url\":\"http:\/\/www.crerf-mueb.eu\/equipements\/simulateurs-et-modules\/pose-de-barrage-antipollution\/\",\"name\":\"Pose de barrage antipollution - CRERF M\u00dcB\",\"isPartOf\":{\"@id\":\"https:\/\/www.crerf-mueb.eu\/#website\"},\"datePublished\":\"2015-05-19T14:17:22+00:00\",\"dateModified\":\"2015-06-16T12:22:40+00:00\",\"description\":\"Avec son embarcation l\u00e9g\u00e8re, le CRERF permet de s\u2019initier \u00e0 la pose de barrage antipollution pour hydrocarbures.\",\"breadcrumb\":{\"@id\":\"http:\/\/www.crerf-mueb.eu\/equipements\/simulateurs-et-modules\/pose-de-barrage-antipollution\/#breadcrumb\"},\"inLanguage\":\"de\",\"potentialAction\":[{\"@type\":\"ReadAction\",\"target\":[\"http:\/\/www.crerf-mueb.eu\/equipements\/simulateurs-et-modules\/pose-de-barrage-antipollution\/\"]}]},{\"@type\":\"BreadcrumbList\",\"@id\":\"http:\/\/www.crerf-mueb.eu\/equipements\/simulateurs-et-modules\/pose-de-barrage-antipollution\/#breadcrumb\",\"itemListElement\":[{\"@type\":\"ListItem\",\"position\":1,\"name\":\"Accueil\",\"item\":\"http:\/\/www.crerf-mueb.eu\/de\/\"},{\"@type\":\"ListItem\",\"position\":2,\"name\":\"\u00c9quipements\",\"item\":\"http:\/\/www.crerf-mueb.eu\/equipements\/\"},{\"@type\":\"ListItem\",\"position\":3,\"name\":\"Simulateurs et modules\",\"item\":\"http:\/\/www.crerf-mueb.eu\/equipements\/simulateurs-et-modules\/\"},{\"@type\":\"ListItem\",\"position\":4,\"name\":\"Pose de barrage antipollution\"}]},{\"@type\":\"WebSite\",\"@id\":\"https:\/\/www.crerf-mueb.eu\/#website\",\"url\":\"https:\/\/www.crerf-mueb.eu\/\",\"name\":\"CRERF M\u00dcB\",\"description\":\"River Risk Control Training Center\",\"potentialAction\":[{\"@type\":\"SearchAction\",\"target\":{\"@type\":\"EntryPoint\",\"urlTemplate\":\"https:\/\/www.crerf-mueb.eu\/?s={search_term_string}\"},\"query-input\":\"required name=search_term_string\"}],\"inLanguage\":\"de\"}]}<\/script>\n<!-- \/ Yoast SEO plugin. -->","yoast_head_json":{"title":"Pose de barrage antipollution - CRERF M\u00dcB","description":"Avec son embarcation l\u00e9g\u00e8re, le CRERF permet de s\u2019initier \u00e0 la pose de barrage antipollution pour hydrocarbures.","robots":{"index":"index","follow":"follow","max-snippet":"max-snippet:-1","max-image-preview":"max-image-preview:large","max-video-preview":"max-video-preview:-1"},"canonical":"http:\/\/www.crerf-mueb.eu\/equipements\/simulateurs-et-modules\/pose-de-barrage-antipollution\/","og_locale":"de_DE","og_type":"article","og_title":"Pose de barrage antipollution - CRERF M\u00dcB","og_description":"Avec son embarcation l\u00e9g\u00e8re, le CRERF permet de s\u2019initier \u00e0 la pose de barrage antipollution pour hydrocarbures.","og_url":"http:\/\/www.crerf-mueb.eu\/equipements\/simulateurs-et-modules\/pose-de-barrage-antipollution\/","og_site_name":"CRERF M\u00dcB","article_modified_time":"2015-06-16T12:22:40+00:00","og_image":[{"url":"http:\/\/www.crerf-mueb.eu\/wp-content\/uploads\/2015\/05\/IMG_5415-200x150.jpg"}],"twitter_card":"summary_large_image","schema":{"@context":"https:\/\/schema.org","@graph":[{"@type":"WebPage","@id":"http:\/\/www.crerf-mueb.eu\/equipements\/simulateurs-et-modules\/pose-de-barrage-antipollution\/","url":"http:\/\/www.crerf-mueb.eu\/equipements\/simulateurs-et-modules\/pose-de-barrage-antipollution\/","name":"Pose de barrage antipollution - CRERF M\u00dcB","isPartOf":{"@id":"https:\/\/www.crerf-mueb.eu\/#website"},"datePublished":"2015-05-19T14:17:22+00:00","dateModified":"2015-06-16T12:22:40+00:00","description":"Avec son embarcation l\u00e9g\u00e8re, le CRERF permet de s\u2019initier \u00e0 la pose de barrage antipollution pour hydrocarbures.","breadcrumb":{"@id":"http:\/\/www.crerf-mueb.eu\/equipements\/simulateurs-et-modules\/pose-de-barrage-antipollution\/#breadcrumb"},"inLanguage":"de","potentialAction":[{"@type":"ReadAction","target":["http:\/\/www.crerf-mueb.eu\/equipements\/simulateurs-et-modules\/pose-de-barrage-antipollution\/"]}]},{"@type":"BreadcrumbList","@id":"http:\/\/www.crerf-mueb.eu\/equipements\/simulateurs-et-modules\/pose-de-barrage-antipollution\/#breadcrumb","itemListElement":[{"@type":"ListItem","position":1,"name":"Accueil","item":"http:\/\/www.crerf-mueb.eu\/de\/"},{"@type":"ListItem","position":2,"name":"\u00c9quipements","item":"http:\/\/www.crerf-mueb.eu\/equipements\/"},{"@type":"ListItem","position":3,"name":"Simulateurs et modules","item":"http:\/\/www.crerf-mueb.eu\/equipements\/simulateurs-et-modules\/"},{"@type":"ListItem","position":4,"name":"Pose de barrage antipollution"}]},{"@type":"WebSite","@id":"https:\/\/www.crerf-mueb.eu\/#website","url":"https:\/\/www.crerf-mueb.eu\/","name":"CRERF M\u00dcB","description":"River Risk Control Training Center","potentialAction":[{"@type":"SearchAction","target":{"@type":"EntryPoint","urlTemplate":"https:\/\/www.crerf-mueb.eu\/?s={search_term_string}"},"query-input":"required name=search_term_string"}],"inLanguage":"de"}]}},"_links":{"self":[{"href":"http:\/\/www.crerf-mueb.eu\/de\/wp-json\/wp\/v2\/pages\/374"}],"collection":[{"href":"http:\/\/www.crerf-mueb.eu\/de\/wp-json\/wp\/v2\/pages"}],"about":[{"href":"http:\/\/www.crerf-mueb.eu\/de\/wp-json\/wp\/v2\/types\/page"}],"author":[{"embeddable":true,"href":"http:\/\/www.crerf-mueb.eu\/de\/wp-json\/wp\/v2\/users\/3"}],"replies":[{"embeddable":true,"href":"http:\/\/www.crerf-mueb.eu\/de\/wp-json\/wp\/v2\/comments?post=374"}],"version-history":[{"count":5,"href":"http:\/\/www.crerf-mueb.eu\/de\/wp-json\/wp\/v2\/pages\/374\/revisions"}],"predecessor-version":[{"id":750,"href":"http:\/\/www.crerf-mueb.eu\/de\/wp-json\/wp\/v2\/pages\/374\/revisions\/750"}],"up":[{"embeddable":true,"href":"http:\/\/www.crerf-mueb.eu\/de\/wp-json\/wp\/v2\/pages\/177"}],"wp:attachment":[{"href":"http:\/\/www.crerf-mueb.eu\/de\/wp-json\/wp\/v2\/media?parent=374"}],"curies":[{"name":"wp","href":"https:\/\/api.w.org\/{rel}","templated":true}]}}