{"id":376,"date":"2015-05-19T15:18:44","date_gmt":"2015-05-19T14:18:44","guid":{"rendered":"http:\/\/www.crerf-mueb.eu\/?page_id=376"},"modified":"2015-05-28T13:47:20","modified_gmt":"2015-05-28T12:47:20","slug":"verlegen-einer","status":"publish","type":"page","link":"http:\/\/www.crerf-mueb.eu\/de\/u%cc%88bungsmo%cc%88glichkeiten\/ausbildingsbereiche\/verlegen-einer\/","title":{"rendered":"Verlegen einer \u00d6lsperre"},"content":{"rendered":"<h2>Ausbringen von \u00d6lsperren<\/h2>\n<p>An Bord der M\u00dcB befindet sich eine 80 m lange \u00d6lsperre. Sie ist auf einer Trommel aufgerollt und kann unter optimalen Sicherheitsbedingungen leicht auf die Wasserfl\u00e4che abgelassen werden. Mithilfe des bordeigenen leichten Motorboots, kann das Verlegen der \u00d6lsperre trainiert werden.<\/p>\n\n\t\t<style type=\"text\/css\">\n\t\t\t#gallery-1 {\n\t\t\t\tmargin: auto;\n\t\t\t}\n\t\t\t#gallery-1 .gallery-item {\n\t\t\t\tfloat: left;\n\t\t\t\tmargin-top: 10px;\n\t\t\t\ttext-align: center;\n\t\t\t\twidth: 33%;\n\t\t\t}\n\t\t\t#gallery-1 img {\n\t\t\t\tborder: 2px solid #cfcfcf;\n\t\t\t}\n\t\t\t#gallery-1 .gallery-caption {\n\t\t\t\tmargin-left: 0;\n\t\t\t}\n\t\t\t\/* see gallery_shortcode() in wp-includes\/media.php *\/\n\t\t<\/style>\n\t\t<div id='gallery-1' class='gallery galleryid-376 gallery-columns-3 gallery-size-thumbnail'><dl class='gallery-item'>\n\t\t\t<dt class='gallery-icon landscape'>\n\t\t\t\t<a href='http:\/\/www.crerf-mueb.eu\/de\/u%cc%88bungsmo%cc%88glichkeiten\/ausbildingsbereiche\/verlegen-einer\/img_5415\/#main'><img width=\"200\" height=\"150\" src=\"http:\/\/www.crerf-mueb.eu\/wp-content\/uploads\/2015\/05\/IMG_5415-200x150.jpg\" class=\"attachment-thumbnail size-thumbnail\" alt=\"\" decoding=\"async\" loading=\"lazy\" \/><\/a>\n\t\t\t<\/dt><\/dl><dl class='gallery-item'>\n\t\t\t<dt class='gallery-icon landscape'>\n\t\t\t\t<a href='http:\/\/www.crerf-mueb.eu\/de\/img_5421\/'><img width=\"200\" height=\"150\" src=\"http:\/\/www.crerf-mueb.eu\/wp-content\/uploads\/2015\/05\/IMG_5421-200x150.jpg\" class=\"attachment-thumbnail size-thumbnail\" alt=\"\" decoding=\"async\" loading=\"lazy\" \/><\/a>\n\t\t\t<\/dt><\/dl><dl class='gallery-item'>\n\t\t\t<dt class='gallery-icon landscape'>\n\t\t\t\t<a href='http:\/\/www.crerf-mueb.eu\/de\/img_5435\/'><img width=\"200\" height=\"150\" src=\"http:\/\/www.crerf-mueb.eu\/wp-content\/uploads\/2015\/05\/IMG_5435-200x150.jpg\" class=\"attachment-thumbnail size-thumbnail\" alt=\"\" decoding=\"async\" loading=\"lazy\" \/><\/a>\n\t\t\t<\/dt><\/dl><br style=\"clear: both\" \/><dl class='gallery-item'>\n\t\t\t<dt class='gallery-icon landscape'>\n\t\t\t\t<a href='http:\/\/www.crerf-mueb.eu\/de\/l1001277\/'><img width=\"200\" height=\"150\" src=\"http:\/\/www.crerf-mueb.eu\/wp-content\/uploads\/2015\/05\/L1001277-200x150.jpg\" class=\"attachment-thumbnail size-thumbnail\" alt=\"\" decoding=\"async\" loading=\"lazy\" \/><\/a>\n\t\t\t<\/dt><\/dl><dl class='gallery-item'>\n\t\t\t<dt class='gallery-icon portrait'>\n\t\t\t\t<a href='http:\/\/www.crerf-mueb.eu\/de\/l1001272\/'><img width=\"200\" height=\"150\" src=\"http:\/\/www.crerf-mueb.eu\/wp-content\/uploads\/2015\/05\/L1001272-200x150.jpg\" class=\"attachment-thumbnail size-thumbnail\" alt=\"\" decoding=\"async\" loading=\"lazy\" \/><\/a>\n\t\t\t<\/dt><\/dl><dl class='gallery-item'>\n\t\t\t<dt class='gallery-icon landscape'>\n\t\t\t\t<a href='http:\/\/www.crerf-mueb.eu\/de\/img_5454\/'><img width=\"200\" height=\"150\" src=\"http:\/\/www.crerf-mueb.eu\/wp-content\/uploads\/2015\/05\/IMG_5454-200x150.jpg\" class=\"attachment-thumbnail size-thumbnail\" alt=\"\" decoding=\"async\" loading=\"lazy\" \/><\/a>\n\t\t\t<\/dt><\/dl><br style=\"clear: both\" \/>\n\t\t<\/div>\n\n<p>\u00a9 Alexandre Schauer<\/p>\n","protected":false},"excerpt":{"rendered":"<p>Ausbringen von \u00d6lsperren An Bord der M\u00dcB befindet sich eine 80 m lange \u00d6lsperre. Sie ist auf einer Trommel aufgerollt und kann unter optimalen Sicherheitsbedingungen leicht auf die Wasserfl\u00e4che abgelassen werden. Mithilfe des bordeigenen leichten Motorboots, kann das Verlegen der \u00d6lsperre trainiert werden. \u00a9 Alexandre Schauer<\/p>\n","protected":false},"author":3,"featured_media":0,"parent":179,"menu_order":0,"comment_status":"open","ping_status":"open","template":"","meta":{"_mi_skip_tracking":false},"yoast_head":"<!-- This site is optimized with the Yoast SEO plugin v20.5 - https:\/\/yoast.com\/wordpress\/plugins\/seo\/ -->\n<title>Verlegen einer \u00d6lsperre - CRERF M\u00dcB<\/title>\n<meta name=\"description\" content=\"An Bord der M\u00dcB befindet sich eine 80 m lange \u00d6lsperre.\" \/>\n<meta name=\"robots\" content=\"index, follow, max-snippet:-1, max-image-preview:large, max-video-preview:-1\" \/>\n<link rel=\"canonical\" href=\"https:\/\/www.crerf-mueb.eu\/de\/u\u0308bungsmo\u0308glichkeiten\/ausbildingsbereiche\/verlegen-einer\/\" \/>\n<meta property=\"og:locale\" content=\"de_DE\" \/>\n<meta property=\"og:type\" content=\"article\" \/>\n<meta property=\"og:title\" content=\"Verlegen einer \u00d6lsperre - CRERF M\u00dcB\" \/>\n<meta property=\"og:description\" content=\"An Bord der M\u00dcB befindet sich eine 80 m lange \u00d6lsperre.\" \/>\n<meta property=\"og:url\" content=\"https:\/\/www.crerf-mueb.eu\/de\/u\u0308bungsmo\u0308glichkeiten\/ausbildingsbereiche\/verlegen-einer\/\" \/>\n<meta property=\"og:site_name\" content=\"CRERF M\u00dcB\" \/>\n<meta property=\"article:modified_time\" content=\"2015-05-28T12:47:20+00:00\" \/>\n<meta property=\"og:image\" content=\"https:\/\/www.crerf-mueb.eu\/wp-content\/uploads\/2015\/05\/IMG_5415-200x150.jpg\" \/>\n<meta name=\"twitter:card\" content=\"summary_large_image\" \/>\n<script type=\"application\/ld+json\" class=\"yoast-schema-graph\">{\"@context\":\"https:\/\/schema.org\",\"@graph\":[{\"@type\":\"WebPage\",\"@id\":\"https:\/\/www.crerf-mueb.eu\/de\/u%cc%88bungsmo%cc%88glichkeiten\/ausbildingsbereiche\/verlegen-einer\/\",\"url\":\"https:\/\/www.crerf-mueb.eu\/de\/u%cc%88bungsmo%cc%88glichkeiten\/ausbildingsbereiche\/verlegen-einer\/\",\"name\":\"Verlegen einer \u00d6lsperre - CRERF M\u00dcB\",\"isPartOf\":{\"@id\":\"https:\/\/www.crerf-mueb.eu\/#website\"},\"datePublished\":\"2015-05-19T14:18:44+00:00\",\"dateModified\":\"2015-05-28T12:47:20+00:00\",\"description\":\"An Bord der M\u00dcB befindet sich eine 80 m lange \u00d6lsperre.\",\"breadcrumb\":{\"@id\":\"https:\/\/www.crerf-mueb.eu\/de\/u%cc%88bungsmo%cc%88glichkeiten\/ausbildingsbereiche\/verlegen-einer\/#breadcrumb\"},\"inLanguage\":\"de\",\"potentialAction\":[{\"@type\":\"ReadAction\",\"target\":[\"https:\/\/www.crerf-mueb.eu\/de\/u%cc%88bungsmo%cc%88glichkeiten\/ausbildingsbereiche\/verlegen-einer\/\"]}]},{\"@type\":\"BreadcrumbList\",\"@id\":\"https:\/\/www.crerf-mueb.eu\/de\/u%cc%88bungsmo%cc%88glichkeiten\/ausbildingsbereiche\/verlegen-einer\/#breadcrumb\",\"itemListElement\":[{\"@type\":\"ListItem\",\"position\":1,\"name\":\"Accueil\",\"item\":\"http:\/\/www.crerf-mueb.eu\/de\/\"},{\"@type\":\"ListItem\",\"position\":2,\"name\":\"\u00dcbungsm\u00f6glichkeiten\",\"item\":\"https:\/\/www.crerf-mueb.eu\/de\/u%cc%88bungsmo%cc%88glichkeiten\/\"},{\"@type\":\"ListItem\",\"position\":3,\"name\":\"Ausbildungsbereiche\",\"item\":\"https:\/\/www.crerf-mueb.eu\/de\/u%cc%88bungsmo%cc%88glichkeiten\/ausbildingsbereiche\/\"},{\"@type\":\"ListItem\",\"position\":4,\"name\":\"Verlegen einer \u00d6lsperre\"}]},{\"@type\":\"WebSite\",\"@id\":\"https:\/\/www.crerf-mueb.eu\/#website\",\"url\":\"https:\/\/www.crerf-mueb.eu\/\",\"name\":\"CRERF M\u00dcB\",\"description\":\"River Risk Control Training Center\",\"potentialAction\":[{\"@type\":\"SearchAction\",\"target\":{\"@type\":\"EntryPoint\",\"urlTemplate\":\"https:\/\/www.crerf-mueb.eu\/?s={search_term_string}\"},\"query-input\":\"required name=search_term_string\"}],\"inLanguage\":\"de\"}]}<\/script>\n<!-- \/ Yoast SEO plugin. -->","yoast_head_json":{"title":"Verlegen einer \u00d6lsperre - CRERF M\u00dcB","description":"An Bord der M\u00dcB befindet sich eine 80 m lange \u00d6lsperre.","robots":{"index":"index","follow":"follow","max-snippet":"max-snippet:-1","max-image-preview":"max-image-preview:large","max-video-preview":"max-video-preview:-1"},"canonical":"https:\/\/www.crerf-mueb.eu\/de\/u\u0308bungsmo\u0308glichkeiten\/ausbildingsbereiche\/verlegen-einer\/","og_locale":"de_DE","og_type":"article","og_title":"Verlegen einer \u00d6lsperre - CRERF M\u00dcB","og_description":"An Bord der M\u00dcB befindet sich eine 80 m lange \u00d6lsperre.","og_url":"https:\/\/www.crerf-mueb.eu\/de\/u\u0308bungsmo\u0308glichkeiten\/ausbildingsbereiche\/verlegen-einer\/","og_site_name":"CRERF M\u00dcB","article_modified_time":"2015-05-28T12:47:20+00:00","og_image":[{"url":"https:\/\/www.crerf-mueb.eu\/wp-content\/uploads\/2015\/05\/IMG_5415-200x150.jpg"}],"twitter_card":"summary_large_image","schema":{"@context":"https:\/\/schema.org","@graph":[{"@type":"WebPage","@id":"https:\/\/www.crerf-mueb.eu\/de\/u%cc%88bungsmo%cc%88glichkeiten\/ausbildingsbereiche\/verlegen-einer\/","url":"https:\/\/www.crerf-mueb.eu\/de\/u%cc%88bungsmo%cc%88glichkeiten\/ausbildingsbereiche\/verlegen-einer\/","name":"Verlegen einer \u00d6lsperre - CRERF M\u00dcB","isPartOf":{"@id":"https:\/\/www.crerf-mueb.eu\/#website"},"datePublished":"2015-05-19T14:18:44+00:00","dateModified":"2015-05-28T12:47:20+00:00","description":"An Bord der M\u00dcB befindet sich eine 80 m lange \u00d6lsperre.","breadcrumb":{"@id":"https:\/\/www.crerf-mueb.eu\/de\/u%cc%88bungsmo%cc%88glichkeiten\/ausbildingsbereiche\/verlegen-einer\/#breadcrumb"},"inLanguage":"de","potentialAction":[{"@type":"ReadAction","target":["https:\/\/www.crerf-mueb.eu\/de\/u%cc%88bungsmo%cc%88glichkeiten\/ausbildingsbereiche\/verlegen-einer\/"]}]},{"@type":"BreadcrumbList","@id":"https:\/\/www.crerf-mueb.eu\/de\/u%cc%88bungsmo%cc%88glichkeiten\/ausbildingsbereiche\/verlegen-einer\/#breadcrumb","itemListElement":[{"@type":"ListItem","position":1,"name":"Accueil","item":"http:\/\/www.crerf-mueb.eu\/de\/"},{"@type":"ListItem","position":2,"name":"\u00dcbungsm\u00f6glichkeiten","item":"https:\/\/www.crerf-mueb.eu\/de\/u%cc%88bungsmo%cc%88glichkeiten\/"},{"@type":"ListItem","position":3,"name":"Ausbildungsbereiche","item":"https:\/\/www.crerf-mueb.eu\/de\/u%cc%88bungsmo%cc%88glichkeiten\/ausbildingsbereiche\/"},{"@type":"ListItem","position":4,"name":"Verlegen einer \u00d6lsperre"}]},{"@type":"WebSite","@id":"https:\/\/www.crerf-mueb.eu\/#website","url":"https:\/\/www.crerf-mueb.eu\/","name":"CRERF M\u00dcB","description":"River Risk Control Training Center","potentialAction":[{"@type":"SearchAction","target":{"@type":"EntryPoint","urlTemplate":"https:\/\/www.crerf-mueb.eu\/?s={search_term_string}"},"query-input":"required name=search_term_string"}],"inLanguage":"de"}]}},"_links":{"self":[{"href":"http:\/\/www.crerf-mueb.eu\/de\/wp-json\/wp\/v2\/pages\/376"}],"collection":[{"href":"http:\/\/www.crerf-mueb.eu\/de\/wp-json\/wp\/v2\/pages"}],"about":[{"href":"http:\/\/www.crerf-mueb.eu\/de\/wp-json\/wp\/v2\/types\/page"}],"author":[{"embeddable":true,"href":"http:\/\/www.crerf-mueb.eu\/de\/wp-json\/wp\/v2\/users\/3"}],"replies":[{"embeddable":true,"href":"http:\/\/www.crerf-mueb.eu\/de\/wp-json\/wp\/v2\/comments?post=376"}],"version-history":[{"count":4,"href":"http:\/\/www.crerf-mueb.eu\/de\/wp-json\/wp\/v2\/pages\/376\/revisions"}],"predecessor-version":[{"id":570,"href":"http:\/\/www.crerf-mueb.eu\/de\/wp-json\/wp\/v2\/pages\/376\/revisions\/570"}],"up":[{"embeddable":true,"href":"http:\/\/www.crerf-mueb.eu\/de\/wp-json\/wp\/v2\/pages\/179"}],"wp:attachment":[{"href":"http:\/\/www.crerf-mueb.eu\/de\/wp-json\/wp\/v2\/media?parent=376"}],"curies":[{"name":"wp","href":"https:\/\/api.w.org\/{rel}","templated":true}]}}