{"id":385,"date":"2015-05-19T15:33:40","date_gmt":"2015-05-19T14:33:40","guid":{"rendered":"http:\/\/www.crerf-mueb.eu\/?page_id=385"},"modified":"2015-05-28T14:07:33","modified_gmt":"2015-05-28T13:07:33","slug":"infrastructures-logistiques","status":"publish","type":"page","link":"http:\/\/www.crerf-mueb.eu\/de\/equipements\/infrastructures-logistiques\/","title":{"rendered":"Infrastructures logistiques"},"content":{"rendered":"<h2>Infrastructures logistiques \u00e0 bord<\/h2>\n<p><strong>Le CRERF est dot\u00e9 de deux salles de cours \u00e9quip\u00e9es de vid\u00e9oprojecteurs int\u00e9gr\u00e9s, d\u2019un r\u00e9fectoire, de vestiaires et de sanitaires (douches hommes\/femmes), d\u2019une laverie pour les \u00e9quipements de protection individuelle, d\u2019un atelier de maintenance des appareils respiratoires isolants (ARI) et de gonflage des bouteilles d\u2019air ainsi que d\u2019une salle de premiers secours.<\/strong><\/p>\n\n\t\t<style type=\"text\/css\">\n\t\t\t#gallery-1 {\n\t\t\t\tmargin: auto;\n\t\t\t}\n\t\t\t#gallery-1 .gallery-item {\n\t\t\t\tfloat: left;\n\t\t\t\tmargin-top: 10px;\n\t\t\t\ttext-align: center;\n\t\t\t\twidth: 25%;\n\t\t\t}\n\t\t\t#gallery-1 img {\n\t\t\t\tborder: 2px solid #cfcfcf;\n\t\t\t}\n\t\t\t#gallery-1 .gallery-caption {\n\t\t\t\tmargin-left: 0;\n\t\t\t}\n\t\t\t\/* see gallery_shortcode() in wp-includes\/media.php *\/\n\t\t<\/style>\n\t\t<div id='gallery-1' class='gallery galleryid-385 gallery-columns-4 gallery-size-thumbnail'><dl class='gallery-item'>\n\t\t\t<dt class='gallery-icon landscape'>\n\t\t\t\t<a href='http:\/\/www.crerf-mueb.eu\/de\/img_5032\/'><img width=\"200\" height=\"150\" src=\"http:\/\/www.crerf-mueb.eu\/wp-content\/uploads\/2015\/05\/IMG_5032-200x150.jpg\" class=\"attachment-thumbnail size-thumbnail\" alt=\"\" decoding=\"async\" loading=\"lazy\" \/><\/a>\n\t\t\t<\/dt><\/dl><dl class='gallery-item'>\n\t\t\t<dt class='gallery-icon landscape'>\n\t\t\t\t<a href='http:\/\/www.crerf-mueb.eu\/de\/img_4522\/'><img width=\"200\" height=\"150\" src=\"http:\/\/www.crerf-mueb.eu\/wp-content\/uploads\/2015\/05\/IMG_4522-200x150.jpg\" class=\"attachment-thumbnail size-thumbnail\" alt=\"\" decoding=\"async\" loading=\"lazy\" \/><\/a>\n\t\t\t<\/dt><\/dl><dl class='gallery-item'>\n\t\t\t<dt class='gallery-icon landscape'>\n\t\t\t\t<a href='http:\/\/www.crerf-mueb.eu\/de\/img_4496\/'><img width=\"200\" height=\"150\" src=\"http:\/\/www.crerf-mueb.eu\/wp-content\/uploads\/2015\/05\/IMG_4496-200x150.jpg\" class=\"attachment-thumbnail size-thumbnail\" alt=\"\" decoding=\"async\" loading=\"lazy\" \/><\/a>\n\t\t\t<\/dt><\/dl><dl class='gallery-item'>\n\t\t\t<dt class='gallery-icon landscape'>\n\t\t\t\t<a href='http:\/\/www.crerf-mueb.eu\/de\/img_4401\/'><img width=\"200\" height=\"150\" src=\"http:\/\/www.crerf-mueb.eu\/wp-content\/uploads\/2015\/05\/IMG_4401-200x150.jpg\" class=\"attachment-thumbnail size-thumbnail\" alt=\"\" decoding=\"async\" loading=\"lazy\" \/><\/a>\n\t\t\t<\/dt><\/dl><br style=\"clear: both\" \/><dl class='gallery-item'>\n\t\t\t<dt class='gallery-icon landscape'>\n\t\t\t\t<a href='http:\/\/www.crerf-mueb.eu\/de\/img_4420\/'><img width=\"200\" height=\"150\" src=\"http:\/\/www.crerf-mueb.eu\/wp-content\/uploads\/2015\/05\/IMG_4420-200x150.jpg\" class=\"attachment-thumbnail size-thumbnail\" alt=\"\" decoding=\"async\" loading=\"lazy\" \/><\/a>\n\t\t\t<\/dt><\/dl><dl class='gallery-item'>\n\t\t\t<dt class='gallery-icon landscape'>\n\t\t\t\t<a href='http:\/\/www.crerf-mueb.eu\/de\/img_4444\/'><img width=\"200\" height=\"150\" src=\"http:\/\/www.crerf-mueb.eu\/wp-content\/uploads\/2015\/05\/IMG_4444-200x150.jpg\" class=\"attachment-thumbnail size-thumbnail\" alt=\"\" decoding=\"async\" loading=\"lazy\" \/><\/a>\n\t\t\t<\/dt><\/dl><dl class='gallery-item'>\n\t\t\t<dt class='gallery-icon landscape'>\n\t\t\t\t<a href='http:\/\/www.crerf-mueb.eu\/de\/l1001203\/'><img width=\"200\" height=\"150\" src=\"http:\/\/www.crerf-mueb.eu\/wp-content\/uploads\/2015\/05\/L1001203-200x150.jpg\" class=\"attachment-thumbnail size-thumbnail\" alt=\"\" decoding=\"async\" loading=\"lazy\" \/><\/a>\n\t\t\t<\/dt><\/dl>\n\t\t\t<br style='clear: both' \/>\n\t\t<\/div>\n\n<p>\u00a9 Alexandre Schauer<\/p>\n<p>&nbsp;<\/p>\n","protected":false},"excerpt":{"rendered":"<p>Infrastructures logistiques \u00e0 bord Le CRERF est dot\u00e9 de deux salles de cours \u00e9quip\u00e9es de vid\u00e9oprojecteurs int\u00e9gr\u00e9s, d\u2019un r\u00e9fectoire, de vestiaires et de sanitaires (douches hommes\/femmes), d\u2019une laverie pour les \u00e9quipements de protection individuelle, d\u2019un atelier de maintenance des appareils respiratoires isolants (ARI) et de gonflage des bouteilles d\u2019air ainsi que d\u2019une salle de premiers [&hellip;]<\/p>\n","protected":false},"author":3,"featured_media":0,"parent":11,"menu_order":0,"comment_status":"open","ping_status":"open","template":"","meta":{"_mi_skip_tracking":false},"yoast_head":"<!-- This site is optimized with the Yoast SEO plugin v20.5 - https:\/\/yoast.com\/wordpress\/plugins\/seo\/ -->\n<title>Infrastructures logistiques - CRERF M\u00dcB<\/title>\n<meta name=\"description\" content=\"Le CRERF est dot\u00e9 de deux salles de cours \u00e9quip\u00e9es de vid\u00e9oprojecteurs int\u00e9gr\u00e9s, d\u2019un r\u00e9fectoire, de vestiaires et de sanitaires, d\u2019une laverie...\" \/>\n<meta name=\"robots\" content=\"index, follow, max-snippet:-1, max-image-preview:large, max-video-preview:-1\" \/>\n<link rel=\"canonical\" href=\"http:\/\/www.crerf-mueb.eu\/de\/equipements\/infrastructures-logistiques\/\" \/>\n<meta property=\"og:locale\" content=\"de_DE\" \/>\n<meta property=\"og:type\" content=\"article\" \/>\n<meta property=\"og:title\" content=\"Infrastructures logistiques - CRERF M\u00dcB\" \/>\n<meta property=\"og:description\" content=\"Le CRERF est dot\u00e9 de deux salles de cours \u00e9quip\u00e9es de vid\u00e9oprojecteurs int\u00e9gr\u00e9s, d\u2019un r\u00e9fectoire, de vestiaires et de sanitaires, d\u2019une laverie...\" \/>\n<meta property=\"og:url\" content=\"http:\/\/www.crerf-mueb.eu\/de\/equipements\/infrastructures-logistiques\/\" \/>\n<meta property=\"og:site_name\" content=\"CRERF M\u00dcB\" \/>\n<meta property=\"article:modified_time\" content=\"2015-05-28T13:07:33+00:00\" \/>\n<meta property=\"og:image\" content=\"http:\/\/www.crerf-mueb.eu\/wp-content\/uploads\/2015\/05\/IMG_5032-200x150.jpg\" \/>\n<meta name=\"twitter:card\" content=\"summary_large_image\" \/>\n<script type=\"application\/ld+json\" class=\"yoast-schema-graph\">{\"@context\":\"https:\/\/schema.org\",\"@graph\":[{\"@type\":\"WebPage\",\"@id\":\"http:\/\/www.crerf-mueb.eu\/de\/equipements\/infrastructures-logistiques\/\",\"url\":\"http:\/\/www.crerf-mueb.eu\/de\/equipements\/infrastructures-logistiques\/\",\"name\":\"Infrastructures logistiques - CRERF M\u00dcB\",\"isPartOf\":{\"@id\":\"http:\/\/www.crerf-mueb.eu\/de\/#website\"},\"datePublished\":\"2015-05-19T14:33:40+00:00\",\"dateModified\":\"2015-05-28T13:07:33+00:00\",\"description\":\"Le CRERF est dot\u00e9 de deux salles de cours \u00e9quip\u00e9es de vid\u00e9oprojecteurs int\u00e9gr\u00e9s, d\u2019un r\u00e9fectoire, de vestiaires et de sanitaires, d\u2019une laverie...\",\"breadcrumb\":{\"@id\":\"http:\/\/www.crerf-mueb.eu\/de\/equipements\/infrastructures-logistiques\/#breadcrumb\"},\"inLanguage\":\"de\",\"potentialAction\":[{\"@type\":\"ReadAction\",\"target\":[\"http:\/\/www.crerf-mueb.eu\/de\/equipements\/infrastructures-logistiques\/\"]}]},{\"@type\":\"BreadcrumbList\",\"@id\":\"http:\/\/www.crerf-mueb.eu\/de\/equipements\/infrastructures-logistiques\/#breadcrumb\",\"itemListElement\":[{\"@type\":\"ListItem\",\"position\":1,\"name\":\"Accueil\",\"item\":\"http:\/\/www.crerf-mueb.eu\/de\/\"},{\"@type\":\"ListItem\",\"position\":2,\"name\":\"\u00c9quipements\",\"item\":\"http:\/\/www.crerf-mueb.eu\/de\/equipements\/\"},{\"@type\":\"ListItem\",\"position\":3,\"name\":\"Infrastructures logistiques\"}]},{\"@type\":\"WebSite\",\"@id\":\"http:\/\/www.crerf-mueb.eu\/de\/#website\",\"url\":\"http:\/\/www.crerf-mueb.eu\/de\/\",\"name\":\"CRERF M\u00dcB\",\"description\":\"River Risk Control Training Center\",\"potentialAction\":[{\"@type\":\"SearchAction\",\"target\":{\"@type\":\"EntryPoint\",\"urlTemplate\":\"http:\/\/www.crerf-mueb.eu\/de\/?s={search_term_string}\"},\"query-input\":\"required name=search_term_string\"}],\"inLanguage\":\"de\"}]}<\/script>\n<!-- \/ Yoast SEO plugin. -->","yoast_head_json":{"title":"Infrastructures logistiques - CRERF M\u00dcB","description":"Le CRERF est dot\u00e9 de deux salles de cours \u00e9quip\u00e9es de vid\u00e9oprojecteurs int\u00e9gr\u00e9s, d\u2019un r\u00e9fectoire, de vestiaires et de sanitaires, d\u2019une laverie...","robots":{"index":"index","follow":"follow","max-snippet":"max-snippet:-1","max-image-preview":"max-image-preview:large","max-video-preview":"max-video-preview:-1"},"canonical":"http:\/\/www.crerf-mueb.eu\/de\/equipements\/infrastructures-logistiques\/","og_locale":"de_DE","og_type":"article","og_title":"Infrastructures logistiques - CRERF M\u00dcB","og_description":"Le CRERF est dot\u00e9 de deux salles de cours \u00e9quip\u00e9es de vid\u00e9oprojecteurs int\u00e9gr\u00e9s, d\u2019un r\u00e9fectoire, de vestiaires et de sanitaires, d\u2019une laverie...","og_url":"http:\/\/www.crerf-mueb.eu\/de\/equipements\/infrastructures-logistiques\/","og_site_name":"CRERF M\u00dcB","article_modified_time":"2015-05-28T13:07:33+00:00","og_image":[{"url":"http:\/\/www.crerf-mueb.eu\/wp-content\/uploads\/2015\/05\/IMG_5032-200x150.jpg"}],"twitter_card":"summary_large_image","schema":{"@context":"https:\/\/schema.org","@graph":[{"@type":"WebPage","@id":"http:\/\/www.crerf-mueb.eu\/de\/equipements\/infrastructures-logistiques\/","url":"http:\/\/www.crerf-mueb.eu\/de\/equipements\/infrastructures-logistiques\/","name":"Infrastructures logistiques - CRERF M\u00dcB","isPartOf":{"@id":"http:\/\/www.crerf-mueb.eu\/de\/#website"},"datePublished":"2015-05-19T14:33:40+00:00","dateModified":"2015-05-28T13:07:33+00:00","description":"Le CRERF est dot\u00e9 de deux salles de cours \u00e9quip\u00e9es de vid\u00e9oprojecteurs int\u00e9gr\u00e9s, d\u2019un r\u00e9fectoire, de vestiaires et de sanitaires, d\u2019une laverie...","breadcrumb":{"@id":"http:\/\/www.crerf-mueb.eu\/de\/equipements\/infrastructures-logistiques\/#breadcrumb"},"inLanguage":"de","potentialAction":[{"@type":"ReadAction","target":["http:\/\/www.crerf-mueb.eu\/de\/equipements\/infrastructures-logistiques\/"]}]},{"@type":"BreadcrumbList","@id":"http:\/\/www.crerf-mueb.eu\/de\/equipements\/infrastructures-logistiques\/#breadcrumb","itemListElement":[{"@type":"ListItem","position":1,"name":"Accueil","item":"http:\/\/www.crerf-mueb.eu\/de\/"},{"@type":"ListItem","position":2,"name":"\u00c9quipements","item":"http:\/\/www.crerf-mueb.eu\/de\/equipements\/"},{"@type":"ListItem","position":3,"name":"Infrastructures logistiques"}]},{"@type":"WebSite","@id":"http:\/\/www.crerf-mueb.eu\/de\/#website","url":"http:\/\/www.crerf-mueb.eu\/de\/","name":"CRERF M\u00dcB","description":"River Risk Control Training Center","potentialAction":[{"@type":"SearchAction","target":{"@type":"EntryPoint","urlTemplate":"http:\/\/www.crerf-mueb.eu\/de\/?s={search_term_string}"},"query-input":"required name=search_term_string"}],"inLanguage":"de"}]}},"_links":{"self":[{"href":"http:\/\/www.crerf-mueb.eu\/de\/wp-json\/wp\/v2\/pages\/385"}],"collection":[{"href":"http:\/\/www.crerf-mueb.eu\/de\/wp-json\/wp\/v2\/pages"}],"about":[{"href":"http:\/\/www.crerf-mueb.eu\/de\/wp-json\/wp\/v2\/types\/page"}],"author":[{"embeddable":true,"href":"http:\/\/www.crerf-mueb.eu\/de\/wp-json\/wp\/v2\/users\/3"}],"replies":[{"embeddable":true,"href":"http:\/\/www.crerf-mueb.eu\/de\/wp-json\/wp\/v2\/comments?post=385"}],"version-history":[{"count":5,"href":"http:\/\/www.crerf-mueb.eu\/de\/wp-json\/wp\/v2\/pages\/385\/revisions"}],"predecessor-version":[{"id":577,"href":"http:\/\/www.crerf-mueb.eu\/de\/wp-json\/wp\/v2\/pages\/385\/revisions\/577"}],"up":[{"embeddable":true,"href":"http:\/\/www.crerf-mueb.eu\/de\/wp-json\/wp\/v2\/pages\/11"}],"wp:attachment":[{"href":"http:\/\/www.crerf-mueb.eu\/de\/wp-json\/wp\/v2\/media?parent=385"}],"curies":[{"name":"wp","href":"https:\/\/api.w.org\/{rel}","templated":true}]}}