{"id":452,"date":"2015-05-27T10:30:09","date_gmt":"2015-05-27T09:30:09","guid":{"rendered":"http:\/\/www.crerf-mueb.eu\/?page_id=452"},"modified":"2023-02-21T09:50:38","modified_gmt":"2023-02-21T08:50:38","slug":"kontakt","status":"publish","type":"page","link":"http:\/\/www.crerf-mueb.eu\/de\/kontakt\/kontakt\/","title":{"rendered":"Kontaktdaten"},"content":{"rendered":"<h2>Anschrift der Gesch\u00e4ftsstelle der M\u00dcB<\/h2>\n<p><strong>Mobile \u00dcbungsanlage Binnengew\u00e4sser (CRERF\/M\u00dcB)<\/strong><br \/>\nService d\u2019incendie et de secours du Bas-Rhin<br \/>\n2 route de Paris<br \/>\nF- 67087 Strasbourg Cedex 2<br \/>\nT\u00e9l. (0033) 3 90 20 70 00<\/p>\n<p><img decoding=\"async\" loading=\"lazy\" class=\"alignnone size-full wp-image-581\" src=\"http:\/\/www.crerf-mueb.eu\/wp-content\/uploads\/2015\/05\/pdf.gif\" alt=\"\" width=\"16\" height=\"16\" \/>\u00a0 <a href=\"http:\/\/www.crerf-mueb.eu\/wp-content\/uploads\/2023\/02\/2023_Contacts_CRERF-MUB.pdf\">Kontaktdaten<\/a><\/p>\n<h2>Liegepl\u00e4tze<\/h2>\n<h3>Stra\u00dfburg<\/h3>\n<p>Port autonome de Strasbourg<br \/>\nDarse IV<br \/>\nRue du Rheinfeld<br \/>\nF- 67000 STRASBOURG<\/p>\n<p>GPS-Daten : Breitengrad : 48\u00b031&#8217;51&#8220;88 &#8211; L\u00e4ngengrad : 7\u00b047&#8217;39&#8220;03<\/p>\n<h3>Mannheim<\/h3>\n<p>M\u00fchlauhafen Mannheim<br \/>\n41 Werfthallenstrasse<br \/>\nD- 68159 MANNHEIM<\/p>\n<p>GPS-Daten : Breitengrad: 49\u00b050\u201950&#8220;01 &#8211; L\u00e4ngengrad: 8\u00b044\u201923&#8220;48<\/p>\n<p>&nbsp;<\/p>\n<p><iframe loading=\"lazy\" src=\"https:\/\/www.google.com\/maps\/d\/embed?mid=zKwvbAsDDyEc.kdz-NiNgAJoM\" width=\"640\" height=\"480\"><\/iframe><\/p>\n","protected":false},"excerpt":{"rendered":"<p>Anschrift der Gesch\u00e4ftsstelle der M\u00dcB Mobile \u00dcbungsanlage Binnengew\u00e4sser (CRERF\/M\u00dcB) Service d\u2019incendie et de secours du Bas-Rhin 2 route de Paris F- 67087 Strasbourg Cedex 2 T\u00e9l. (0033) 3 90 20 70 00 \u00a0 Kontaktdaten Liegepl\u00e4tze Stra\u00dfburg Port autonome de Strasbourg Darse IV Rue du Rheinfeld F- 67000 STRASBOURG GPS-Daten : Breitengrad : 48\u00b031&#8217;51&#8220;88 &#8211; L\u00e4ngengrad [&hellip;]<\/p>\n","protected":false},"author":3,"featured_media":0,"parent":100,"menu_order":0,"comment_status":"closed","ping_status":"open","template":"","meta":{"_mi_skip_tracking":false},"yoast_head":"<!-- This site is optimized with the Yoast SEO plugin v20.5 - https:\/\/yoast.com\/wordpress\/plugins\/seo\/ -->\n<title>Kontaktdaten - CRERF M\u00dcB<\/title>\n<meta name=\"description\" content=\"Kontaktdaten\" \/>\n<meta name=\"robots\" content=\"index, follow, max-snippet:-1, max-image-preview:large, max-video-preview:-1\" \/>\n<link rel=\"canonical\" href=\"http:\/\/www.crerf-mueb.eu\/de\/kontakt\/kontakt\/\" \/>\n<meta property=\"og:locale\" content=\"de_DE\" \/>\n<meta property=\"og:type\" content=\"article\" \/>\n<meta property=\"og:title\" content=\"Kontaktdaten - CRERF M\u00dcB\" \/>\n<meta property=\"og:description\" content=\"Kontaktdaten\" \/>\n<meta property=\"og:url\" content=\"http:\/\/www.crerf-mueb.eu\/de\/kontakt\/kontakt\/\" \/>\n<meta property=\"og:site_name\" content=\"CRERF M\u00dcB\" \/>\n<meta property=\"article:modified_time\" content=\"2023-02-21T08:50:38+00:00\" \/>\n<meta property=\"og:image\" content=\"http:\/\/www.crerf-mueb.eu\/wp-content\/uploads\/2015\/05\/pdf.gif\" \/>\n<meta name=\"twitter:card\" content=\"summary_large_image\" \/>\n<meta name=\"twitter:label1\" content=\"Gesch\u00e4tzte Lesezeit\" \/>\n\t<meta name=\"twitter:data1\" content=\"1\u00a0Minute\" \/>\n<script type=\"application\/ld+json\" class=\"yoast-schema-graph\">{\"@context\":\"https:\/\/schema.org\",\"@graph\":[{\"@type\":\"WebPage\",\"@id\":\"http:\/\/www.crerf-mueb.eu\/de\/kontakt\/kontakt\/\",\"url\":\"http:\/\/www.crerf-mueb.eu\/de\/kontakt\/kontakt\/\",\"name\":\"Kontaktdaten - CRERF M\u00dcB\",\"isPartOf\":{\"@id\":\"http:\/\/www.crerf-mueb.eu\/de\/#website\"},\"datePublished\":\"2015-05-27T09:30:09+00:00\",\"dateModified\":\"2023-02-21T08:50:38+00:00\",\"description\":\"Kontaktdaten\",\"breadcrumb\":{\"@id\":\"http:\/\/www.crerf-mueb.eu\/de\/kontakt\/kontakt\/#breadcrumb\"},\"inLanguage\":\"de\",\"potentialAction\":[{\"@type\":\"ReadAction\",\"target\":[\"http:\/\/www.crerf-mueb.eu\/de\/kontakt\/kontakt\/\"]}]},{\"@type\":\"BreadcrumbList\",\"@id\":\"http:\/\/www.crerf-mueb.eu\/de\/kontakt\/kontakt\/#breadcrumb\",\"itemListElement\":[{\"@type\":\"ListItem\",\"position\":1,\"name\":\"Accueil\",\"item\":\"http:\/\/www.crerf-mueb.eu\/de\/\"},{\"@type\":\"ListItem\",\"position\":2,\"name\":\"Kontakt\",\"item\":\"https:\/\/www.crerf-mueb.eu\/de\/kontakt\/\"},{\"@type\":\"ListItem\",\"position\":3,\"name\":\"Kontaktdaten\"}]},{\"@type\":\"WebSite\",\"@id\":\"http:\/\/www.crerf-mueb.eu\/de\/#website\",\"url\":\"http:\/\/www.crerf-mueb.eu\/de\/\",\"name\":\"CRERF M\u00dcB\",\"description\":\"River Risk Control Training Center\",\"potentialAction\":[{\"@type\":\"SearchAction\",\"target\":{\"@type\":\"EntryPoint\",\"urlTemplate\":\"http:\/\/www.crerf-mueb.eu\/de\/?s={search_term_string}\"},\"query-input\":\"required name=search_term_string\"}],\"inLanguage\":\"de\"}]}<\/script>\n<!-- \/ Yoast SEO plugin. -->","yoast_head_json":{"title":"Kontaktdaten - CRERF M\u00dcB","description":"Kontaktdaten","robots":{"index":"index","follow":"follow","max-snippet":"max-snippet:-1","max-image-preview":"max-image-preview:large","max-video-preview":"max-video-preview:-1"},"canonical":"http:\/\/www.crerf-mueb.eu\/de\/kontakt\/kontakt\/","og_locale":"de_DE","og_type":"article","og_title":"Kontaktdaten - CRERF M\u00dcB","og_description":"Kontaktdaten","og_url":"http:\/\/www.crerf-mueb.eu\/de\/kontakt\/kontakt\/","og_site_name":"CRERF M\u00dcB","article_modified_time":"2023-02-21T08:50:38+00:00","og_image":[{"url":"http:\/\/www.crerf-mueb.eu\/wp-content\/uploads\/2015\/05\/pdf.gif"}],"twitter_card":"summary_large_image","twitter_misc":{"Gesch\u00e4tzte Lesezeit":"1\u00a0Minute"},"schema":{"@context":"https:\/\/schema.org","@graph":[{"@type":"WebPage","@id":"http:\/\/www.crerf-mueb.eu\/de\/kontakt\/kontakt\/","url":"http:\/\/www.crerf-mueb.eu\/de\/kontakt\/kontakt\/","name":"Kontaktdaten - CRERF M\u00dcB","isPartOf":{"@id":"http:\/\/www.crerf-mueb.eu\/de\/#website"},"datePublished":"2015-05-27T09:30:09+00:00","dateModified":"2023-02-21T08:50:38+00:00","description":"Kontaktdaten","breadcrumb":{"@id":"http:\/\/www.crerf-mueb.eu\/de\/kontakt\/kontakt\/#breadcrumb"},"inLanguage":"de","potentialAction":[{"@type":"ReadAction","target":["http:\/\/www.crerf-mueb.eu\/de\/kontakt\/kontakt\/"]}]},{"@type":"BreadcrumbList","@id":"http:\/\/www.crerf-mueb.eu\/de\/kontakt\/kontakt\/#breadcrumb","itemListElement":[{"@type":"ListItem","position":1,"name":"Accueil","item":"http:\/\/www.crerf-mueb.eu\/de\/"},{"@type":"ListItem","position":2,"name":"Kontakt","item":"https:\/\/www.crerf-mueb.eu\/de\/kontakt\/"},{"@type":"ListItem","position":3,"name":"Kontaktdaten"}]},{"@type":"WebSite","@id":"http:\/\/www.crerf-mueb.eu\/de\/#website","url":"http:\/\/www.crerf-mueb.eu\/de\/","name":"CRERF M\u00dcB","description":"River Risk Control Training Center","potentialAction":[{"@type":"SearchAction","target":{"@type":"EntryPoint","urlTemplate":"http:\/\/www.crerf-mueb.eu\/de\/?s={search_term_string}"},"query-input":"required name=search_term_string"}],"inLanguage":"de"}]}},"_links":{"self":[{"href":"http:\/\/www.crerf-mueb.eu\/de\/wp-json\/wp\/v2\/pages\/452"}],"collection":[{"href":"http:\/\/www.crerf-mueb.eu\/de\/wp-json\/wp\/v2\/pages"}],"about":[{"href":"http:\/\/www.crerf-mueb.eu\/de\/wp-json\/wp\/v2\/types\/page"}],"author":[{"embeddable":true,"href":"http:\/\/www.crerf-mueb.eu\/de\/wp-json\/wp\/v2\/users\/3"}],"replies":[{"embeddable":true,"href":"http:\/\/www.crerf-mueb.eu\/de\/wp-json\/wp\/v2\/comments?post=452"}],"version-history":[{"count":10,"href":"http:\/\/www.crerf-mueb.eu\/de\/wp-json\/wp\/v2\/pages\/452\/revisions"}],"predecessor-version":[{"id":1688,"href":"http:\/\/www.crerf-mueb.eu\/de\/wp-json\/wp\/v2\/pages\/452\/revisions\/1688"}],"up":[{"embeddable":true,"href":"http:\/\/www.crerf-mueb.eu\/de\/wp-json\/wp\/v2\/pages\/100"}],"wp:attachment":[{"href":"http:\/\/www.crerf-mueb.eu\/de\/wp-json\/wp\/v2\/media?parent=452"}],"curies":[{"name":"wp","href":"https:\/\/api.w.org\/{rel}","templated":true}]}}