{"id":555,"date":"2015-05-28T13:17:36","date_gmt":"2015-05-28T12:17:36","guid":{"rendered":"http:\/\/www.crerf-mueb.eu\/?page_id=555"},"modified":"2015-05-28T13:17:36","modified_gmt":"2015-05-28T12:17:36","slug":"555-2","status":"publish","type":"page","link":"http:\/\/www.crerf-mueb.eu\/de\/equipements\/simulateurs-et-modules\/555-2\/","title":{"rendered":"Simulateur de chute dans une soute de vrac"},"content":{"rendered":"<p><strong>Il s\u2019agit de r\u00e9cup\u00e9rer dans un compartiment \u00e0 grains instables une victime ayant fait une chute de plusieurs m\u00e8tres, partiellement ensevelie et pouvant \u00eatre polytraumatis\u00e9e.<\/strong> Apr\u00e8s un contr\u00f4le de la teneur en oxyg\u00e8ne de la soute, les stagiaires doivent extraire la victime et effectuer son sauvetage \u00e0 l\u2019ext\u00e9rieur sur le pont sup\u00e9rieur au moyen du mat\u00e9riel mis \u00e0 disposition.<\/p>\n\n\t\t<style type=\"text\/css\">\n\t\t\t#gallery-1 {\n\t\t\t\tmargin: auto;\n\t\t\t}\n\t\t\t#gallery-1 .gallery-item {\n\t\t\t\tfloat: left;\n\t\t\t\tmargin-top: 10px;\n\t\t\t\ttext-align: center;\n\t\t\t\twidth: 33%;\n\t\t\t}\n\t\t\t#gallery-1 img {\n\t\t\t\tborder: 2px solid #cfcfcf;\n\t\t\t}\n\t\t\t#gallery-1 .gallery-caption {\n\t\t\t\tmargin-left: 0;\n\t\t\t}\n\t\t\t\/* see gallery_shortcode() in wp-includes\/media.php *\/\n\t\t<\/style>\n\t\t<div id='gallery-1' class='gallery galleryid-555 gallery-columns-3 gallery-size-thumbnail'><dl class='gallery-item'>\n\t\t\t<dt class='gallery-icon landscape'>\n\t\t\t\t<a href='http:\/\/www.crerf-mueb.eu\/de\/img_4670\/'><img width=\"200\" height=\"150\" src=\"http:\/\/www.crerf-mueb.eu\/wp-content\/uploads\/2015\/05\/IMG_4670-200x150.jpg\" class=\"attachment-thumbnail size-thumbnail\" alt=\"\" decoding=\"async\" loading=\"lazy\" \/><\/a>\n\t\t\t<\/dt><\/dl><dl class='gallery-item'>\n\t\t\t<dt class='gallery-icon landscape'>\n\t\t\t\t<a href='http:\/\/www.crerf-mueb.eu\/de\/img_4675\/'><img width=\"200\" height=\"150\" src=\"http:\/\/www.crerf-mueb.eu\/wp-content\/uploads\/2015\/05\/IMG_4675-200x150.jpg\" class=\"attachment-thumbnail size-thumbnail\" alt=\"\" decoding=\"async\" loading=\"lazy\" \/><\/a>\n\t\t\t<\/dt><\/dl><dl class='gallery-item'>\n\t\t\t<dt class='gallery-icon landscape'>\n\t\t\t\t<a href='http:\/\/www.crerf-mueb.eu\/de\/img_4713\/'><img width=\"200\" height=\"150\" src=\"http:\/\/www.crerf-mueb.eu\/wp-content\/uploads\/2015\/05\/IMG_4713-200x150.jpg\" class=\"attachment-thumbnail size-thumbnail\" alt=\"\" decoding=\"async\" loading=\"lazy\" \/><\/a>\n\t\t\t<\/dt><\/dl><br style=\"clear: both\" \/><dl class='gallery-item'>\n\t\t\t<dt class='gallery-icon landscape'>\n\t\t\t\t<a href='http:\/\/www.crerf-mueb.eu\/de\/img_4708\/'><img width=\"200\" height=\"150\" src=\"http:\/\/www.crerf-mueb.eu\/wp-content\/uploads\/2015\/05\/IMG_4708-200x150.jpg\" class=\"attachment-thumbnail size-thumbnail\" alt=\"\" decoding=\"async\" loading=\"lazy\" \/><\/a>\n\t\t\t<\/dt><\/dl>\n\t\t\t<br style='clear: both' \/>\n\t\t<\/div>\n\n<p>\u00a9 Alexandre Schauer<\/p>\n","protected":false},"excerpt":{"rendered":"<p>Il s\u2019agit de r\u00e9cup\u00e9rer dans un compartiment \u00e0 grains instables une victime ayant fait une chute de plusieurs m\u00e8tres, partiellement ensevelie et pouvant \u00eatre polytraumatis\u00e9e. Apr\u00e8s un contr\u00f4le de la teneur en oxyg\u00e8ne de la soute, les stagiaires doivent extraire la victime et effectuer son sauvetage \u00e0 l\u2019ext\u00e9rieur sur le pont sup\u00e9rieur au moyen du [&hellip;]<\/p>\n","protected":false},"author":3,"featured_media":0,"parent":177,"menu_order":0,"comment_status":"open","ping_status":"open","template":"","meta":{"_mi_skip_tracking":false},"yoast_head":"<!-- This site is optimized with the Yoast SEO plugin v20.5 - https:\/\/yoast.com\/wordpress\/plugins\/seo\/ -->\n<title>Simulateur de chute dans une soute de vrac - CRERF M\u00dcB<\/title>\n<meta name=\"description\" content=\"Il s\u2019agit de r\u00e9cup\u00e9rer dans un compartiment \u00e0 grains instables une victime ayant fait une chute de plusieurs m\u00e8tres, partiellement ensevelie et pouvant \u00eatre polytraumatis\u00e9e.\" \/>\n<meta name=\"robots\" content=\"index, follow, max-snippet:-1, max-image-preview:large, max-video-preview:-1\" \/>\n<link rel=\"canonical\" href=\"http:\/\/www.crerf-mueb.eu\/de\/equipements\/simulateurs-et-modules\/555-2\/\" \/>\n<meta property=\"og:locale\" content=\"de_DE\" \/>\n<meta property=\"og:type\" content=\"article\" \/>\n<meta property=\"og:title\" content=\"Simulateur de chute dans une soute de vrac - CRERF M\u00dcB\" \/>\n<meta property=\"og:description\" content=\"Il s\u2019agit de r\u00e9cup\u00e9rer dans un compartiment \u00e0 grains instables une victime ayant fait une chute de plusieurs m\u00e8tres, partiellement ensevelie et pouvant \u00eatre polytraumatis\u00e9e.\" \/>\n<meta property=\"og:url\" content=\"http:\/\/www.crerf-mueb.eu\/de\/equipements\/simulateurs-et-modules\/555-2\/\" \/>\n<meta property=\"og:site_name\" content=\"CRERF M\u00dcB\" \/>\n<meta property=\"og:image\" content=\"http:\/\/www.crerf-mueb.eu\/wp-content\/uploads\/2015\/05\/IMG_4670-200x150.jpg\" \/>\n<meta name=\"twitter:card\" content=\"summary_large_image\" \/>\n<script type=\"application\/ld+json\" class=\"yoast-schema-graph\">{\"@context\":\"https:\/\/schema.org\",\"@graph\":[{\"@type\":\"WebPage\",\"@id\":\"http:\/\/www.crerf-mueb.eu\/de\/equipements\/simulateurs-et-modules\/555-2\/\",\"url\":\"http:\/\/www.crerf-mueb.eu\/de\/equipements\/simulateurs-et-modules\/555-2\/\",\"name\":\"Simulateur de chute dans une soute de vrac - CRERF M\u00dcB\",\"isPartOf\":{\"@id\":\"http:\/\/www.crerf-mueb.eu\/de\/#website\"},\"datePublished\":\"2015-05-28T12:17:36+00:00\",\"dateModified\":\"2015-05-28T12:17:36+00:00\",\"description\":\"Il s\u2019agit de r\u00e9cup\u00e9rer dans un compartiment \u00e0 grains instables une victime ayant fait une chute de plusieurs m\u00e8tres, partiellement ensevelie et pouvant \u00eatre polytraumatis\u00e9e.\",\"breadcrumb\":{\"@id\":\"http:\/\/www.crerf-mueb.eu\/de\/equipements\/simulateurs-et-modules\/555-2\/#breadcrumb\"},\"inLanguage\":\"de\",\"potentialAction\":[{\"@type\":\"ReadAction\",\"target\":[\"http:\/\/www.crerf-mueb.eu\/de\/equipements\/simulateurs-et-modules\/555-2\/\"]}]},{\"@type\":\"BreadcrumbList\",\"@id\":\"http:\/\/www.crerf-mueb.eu\/de\/equipements\/simulateurs-et-modules\/555-2\/#breadcrumb\",\"itemListElement\":[{\"@type\":\"ListItem\",\"position\":1,\"name\":\"Accueil\",\"item\":\"http:\/\/www.crerf-mueb.eu\/de\/\"},{\"@type\":\"ListItem\",\"position\":2,\"name\":\"\u00c9quipements\",\"item\":\"http:\/\/www.crerf-mueb.eu\/de\/equipements\/\"},{\"@type\":\"ListItem\",\"position\":3,\"name\":\"Simulateurs et modules\",\"item\":\"http:\/\/www.crerf-mueb.eu\/de\/equipements\/simulateurs-et-modules\/\"},{\"@type\":\"ListItem\",\"position\":4,\"name\":\"Simulateur de chute dans une soute de vrac\"}]},{\"@type\":\"WebSite\",\"@id\":\"http:\/\/www.crerf-mueb.eu\/de\/#website\",\"url\":\"http:\/\/www.crerf-mueb.eu\/de\/\",\"name\":\"CRERF M\u00dcB\",\"description\":\"River Risk Control Training Center\",\"potentialAction\":[{\"@type\":\"SearchAction\",\"target\":{\"@type\":\"EntryPoint\",\"urlTemplate\":\"http:\/\/www.crerf-mueb.eu\/de\/?s={search_term_string}\"},\"query-input\":\"required name=search_term_string\"}],\"inLanguage\":\"de\"}]}<\/script>\n<!-- \/ Yoast SEO plugin. -->","yoast_head_json":{"title":"Simulateur de chute dans une soute de vrac - CRERF M\u00dcB","description":"Il s\u2019agit de r\u00e9cup\u00e9rer dans un compartiment \u00e0 grains instables une victime ayant fait une chute de plusieurs m\u00e8tres, partiellement ensevelie et pouvant \u00eatre polytraumatis\u00e9e.","robots":{"index":"index","follow":"follow","max-snippet":"max-snippet:-1","max-image-preview":"max-image-preview:large","max-video-preview":"max-video-preview:-1"},"canonical":"http:\/\/www.crerf-mueb.eu\/de\/equipements\/simulateurs-et-modules\/555-2\/","og_locale":"de_DE","og_type":"article","og_title":"Simulateur de chute dans une soute de vrac - CRERF M\u00dcB","og_description":"Il s\u2019agit de r\u00e9cup\u00e9rer dans un compartiment \u00e0 grains instables une victime ayant fait une chute de plusieurs m\u00e8tres, partiellement ensevelie et pouvant \u00eatre polytraumatis\u00e9e.","og_url":"http:\/\/www.crerf-mueb.eu\/de\/equipements\/simulateurs-et-modules\/555-2\/","og_site_name":"CRERF M\u00dcB","og_image":[{"url":"http:\/\/www.crerf-mueb.eu\/wp-content\/uploads\/2015\/05\/IMG_4670-200x150.jpg"}],"twitter_card":"summary_large_image","schema":{"@context":"https:\/\/schema.org","@graph":[{"@type":"WebPage","@id":"http:\/\/www.crerf-mueb.eu\/de\/equipements\/simulateurs-et-modules\/555-2\/","url":"http:\/\/www.crerf-mueb.eu\/de\/equipements\/simulateurs-et-modules\/555-2\/","name":"Simulateur de chute dans une soute de vrac - CRERF M\u00dcB","isPartOf":{"@id":"http:\/\/www.crerf-mueb.eu\/de\/#website"},"datePublished":"2015-05-28T12:17:36+00:00","dateModified":"2015-05-28T12:17:36+00:00","description":"Il s\u2019agit de r\u00e9cup\u00e9rer dans un compartiment \u00e0 grains instables une victime ayant fait une chute de plusieurs m\u00e8tres, partiellement ensevelie et pouvant \u00eatre polytraumatis\u00e9e.","breadcrumb":{"@id":"http:\/\/www.crerf-mueb.eu\/de\/equipements\/simulateurs-et-modules\/555-2\/#breadcrumb"},"inLanguage":"de","potentialAction":[{"@type":"ReadAction","target":["http:\/\/www.crerf-mueb.eu\/de\/equipements\/simulateurs-et-modules\/555-2\/"]}]},{"@type":"BreadcrumbList","@id":"http:\/\/www.crerf-mueb.eu\/de\/equipements\/simulateurs-et-modules\/555-2\/#breadcrumb","itemListElement":[{"@type":"ListItem","position":1,"name":"Accueil","item":"http:\/\/www.crerf-mueb.eu\/de\/"},{"@type":"ListItem","position":2,"name":"\u00c9quipements","item":"http:\/\/www.crerf-mueb.eu\/de\/equipements\/"},{"@type":"ListItem","position":3,"name":"Simulateurs et modules","item":"http:\/\/www.crerf-mueb.eu\/de\/equipements\/simulateurs-et-modules\/"},{"@type":"ListItem","position":4,"name":"Simulateur de chute dans une soute de vrac"}]},{"@type":"WebSite","@id":"http:\/\/www.crerf-mueb.eu\/de\/#website","url":"http:\/\/www.crerf-mueb.eu\/de\/","name":"CRERF M\u00dcB","description":"River Risk Control Training Center","potentialAction":[{"@type":"SearchAction","target":{"@type":"EntryPoint","urlTemplate":"http:\/\/www.crerf-mueb.eu\/de\/?s={search_term_string}"},"query-input":"required name=search_term_string"}],"inLanguage":"de"}]}},"_links":{"self":[{"href":"http:\/\/www.crerf-mueb.eu\/de\/wp-json\/wp\/v2\/pages\/555"}],"collection":[{"href":"http:\/\/www.crerf-mueb.eu\/de\/wp-json\/wp\/v2\/pages"}],"about":[{"href":"http:\/\/www.crerf-mueb.eu\/de\/wp-json\/wp\/v2\/types\/page"}],"author":[{"embeddable":true,"href":"http:\/\/www.crerf-mueb.eu\/de\/wp-json\/wp\/v2\/users\/3"}],"replies":[{"embeddable":true,"href":"http:\/\/www.crerf-mueb.eu\/de\/wp-json\/wp\/v2\/comments?post=555"}],"version-history":[{"count":1,"href":"http:\/\/www.crerf-mueb.eu\/de\/wp-json\/wp\/v2\/pages\/555\/revisions"}],"predecessor-version":[{"id":556,"href":"http:\/\/www.crerf-mueb.eu\/de\/wp-json\/wp\/v2\/pages\/555\/revisions\/556"}],"up":[{"embeddable":true,"href":"http:\/\/www.crerf-mueb.eu\/de\/wp-json\/wp\/v2\/pages\/177"}],"wp:attachment":[{"href":"http:\/\/www.crerf-mueb.eu\/de\/wp-json\/wp\/v2\/media?parent=555"}],"curies":[{"name":"wp","href":"https:\/\/api.w.org\/{rel}","templated":true}]}}