{"id":589,"date":"2015-05-28T14:32:52","date_gmt":"2015-05-28T13:32:52","guid":{"rendered":"http:\/\/www.crerf-mueb.eu\/?page_id=589"},"modified":"2015-06-22T12:43:10","modified_gmt":"2015-06-22T11:43:10","slug":"modalites-pratiques","status":"publish","type":"page","link":"http:\/\/www.crerf-mueb.eu\/de\/formations\/modalites-pratiques\/","title":{"rendered":"Modalit\u00e9s pratiques"},"content":{"rendered":"<h2>Vous venez en formation sur le CRERF\u00a0?<\/h2>\n<p>Une convocation est transmise \u00e0 chaque candidat avant la formation.<\/p>\n<h3>Mat\u00e9riel \/ \u00e9quipement \u00e0 pr\u00e9voir<\/h3>\n<ul>\n<li>une paire de basket propre\u00a0;<\/li>\n<li>le mat\u00e9riel de prise de notes\u00a0;<\/li>\n<li>des affaires de douche (serviette, gel douche, sous-v\u00eatements de rechange\u2026)\u00a0;<\/li>\n<li>une tenue F1 et une deuxi\u00e8me tenue F1 de rechange\u00a0;<\/li>\n<li>une tenue de feu compl\u00e8te avec le sur-pantalon\u00a0;<\/li>\n<li>un maillot de bain.<\/li>\n<\/ul>\n<h3>Le jour de la formation<\/h3>\n<p>Les stagiaires sont syst\u00e9matiquement pris en charge sur le quai par un personnel du CRERF (formateur ou r\u00e9f\u00e9rent technique). L\u2019acc\u00e8s seul \u00e0 bord n\u2019est pas autoris\u00e9.<\/p>\n<p>Des armoires vestiaires sont mises \u00e0 la disposition des stagiaires lors des formations. Les cl\u00e9s sont remises lors de l\u2019accueil des stagiaires contre une pi\u00e8ce d\u2019identit\u00e9 qui est restitu\u00e9e \u00e0 la fin de la journ\u00e9e. En cas de perte, une indemnisation de 25 \u20ac est demand\u00e9e.<\/p>\n<p>Une bouteille d\u2019eau (1,5 L.) est fournie lorsque le stagiaire participe \u00e0 une man\u0153uvre incendie.<\/p>\n<p>Les repas sont pris sur place et pris en charge lors de formations se d\u00e9roulant sur une journ\u00e9e compl\u00e8te.<\/p>\n<p>Il n\u2019y a pas de possibilit\u00e9 d&#8217;h\u00e9bergement \u00e0 bord du CRERF.<\/p>\n<h3>R\u00e8glement de bord (extraits)<\/h3>\n<ul>\n<li>Il est strictement interdit de fumer \u00e0 bord du bateau.<\/li>\n<li>Les portables doivent rester dans les vestiaires (possibilit\u00e9 d\u2019y acc\u00e9der pendant la pause d\u00e9jeuner).<\/li>\n<li>Pendant les exercices, il est strictement interdit d\u2019avoir sur soi des briquets, des allumettes ou tout autre \u00e9nergie d&#8217;activation.<\/li>\n<\/ul>\n<p>Chaque stagiaire devra prendre connaissance du r\u00e8glement de bord lors de son arriv\u00e9e et en accepter les termes en le contresignant.<\/p>\n<p>&gt; <img decoding=\"async\" loading=\"lazy\" class=\"alignnone wp-image-581 size-full\" src=\"http:\/\/www.crerf-mueb.eu\/wp-content\/uploads\/2015\/05\/pdf.gif\" alt=\"pdf\" width=\"16\" height=\"16\" \/> Consulter le r\u00e8glement complet &#8211; \u00e0 venir<\/p>\n<p>&gt; <a href=\"http:\/\/www.crerf-mueb.eu\/contact-2\/coordonnees\/\">Acc\u00e8s aux ports d\u2019attache du CRERF<\/a><\/p>\n","protected":false},"excerpt":{"rendered":"<p>Vous venez en formation sur le CRERF\u00a0? Une convocation est transmise \u00e0 chaque candidat avant la formation. Mat\u00e9riel \/ \u00e9quipement \u00e0 pr\u00e9voir une paire de basket propre\u00a0; le mat\u00e9riel de prise de notes\u00a0; des affaires de douche (serviette, gel douche, sous-v\u00eatements de rechange\u2026)\u00a0; une tenue F1 et une deuxi\u00e8me tenue F1 de rechange\u00a0; une tenue [&hellip;]<\/p>\n","protected":false},"author":3,"featured_media":0,"parent":13,"menu_order":0,"comment_status":"closed","ping_status":"open","template":"","meta":{"_mi_skip_tracking":false},"yoast_head":"<!-- This site is optimized with the Yoast SEO plugin v20.5 - https:\/\/yoast.com\/wordpress\/plugins\/seo\/ -->\n<title>Modalit\u00e9s pratiques - CRERF M\u00dcB<\/title>\n<meta name=\"description\" content=\"Vous venez en formation sur le CRERF ? Retrouvez les modalit\u00e9s pratiques...\" \/>\n<meta name=\"robots\" content=\"index, follow, max-snippet:-1, max-image-preview:large, max-video-preview:-1\" \/>\n<link rel=\"canonical\" href=\"http:\/\/www.crerf-mueb.eu\/de\/formations\/modalites-pratiques\/\" \/>\n<meta property=\"og:locale\" content=\"de_DE\" \/>\n<meta property=\"og:type\" content=\"article\" \/>\n<meta property=\"og:title\" content=\"Modalit\u00e9s pratiques - CRERF M\u00dcB\" \/>\n<meta property=\"og:description\" content=\"Vous venez en formation sur le CRERF ? Retrouvez les modalit\u00e9s pratiques...\" \/>\n<meta property=\"og:url\" content=\"http:\/\/www.crerf-mueb.eu\/de\/formations\/modalites-pratiques\/\" \/>\n<meta property=\"og:site_name\" content=\"CRERF M\u00dcB\" \/>\n<meta property=\"article:modified_time\" content=\"2015-06-22T11:43:10+00:00\" \/>\n<meta property=\"og:image\" content=\"http:\/\/www.crerf-mueb.eu\/wp-content\/uploads\/2015\/05\/pdf.gif\" \/>\n<meta name=\"twitter:card\" content=\"summary_large_image\" \/>\n<meta name=\"twitter:label1\" content=\"Gesch\u00e4tzte Lesezeit\" \/>\n\t<meta name=\"twitter:data1\" content=\"1\u00a0Minute\" \/>\n<script type=\"application\/ld+json\" class=\"yoast-schema-graph\">{\"@context\":\"https:\/\/schema.org\",\"@graph\":[{\"@type\":\"WebPage\",\"@id\":\"http:\/\/www.crerf-mueb.eu\/de\/formations\/modalites-pratiques\/\",\"url\":\"http:\/\/www.crerf-mueb.eu\/de\/formations\/modalites-pratiques\/\",\"name\":\"Modalit\u00e9s pratiques - CRERF M\u00dcB\",\"isPartOf\":{\"@id\":\"https:\/\/www.crerf-mueb.eu\/#website\"},\"datePublished\":\"2015-05-28T13:32:52+00:00\",\"dateModified\":\"2015-06-22T11:43:10+00:00\",\"description\":\"Vous venez en formation sur le CRERF ? Retrouvez les modalit\u00e9s pratiques...\",\"breadcrumb\":{\"@id\":\"http:\/\/www.crerf-mueb.eu\/de\/formations\/modalites-pratiques\/#breadcrumb\"},\"inLanguage\":\"de\",\"potentialAction\":[{\"@type\":\"ReadAction\",\"target\":[\"http:\/\/www.crerf-mueb.eu\/de\/formations\/modalites-pratiques\/\"]}]},{\"@type\":\"BreadcrumbList\",\"@id\":\"http:\/\/www.crerf-mueb.eu\/de\/formations\/modalites-pratiques\/#breadcrumb\",\"itemListElement\":[{\"@type\":\"ListItem\",\"position\":1,\"name\":\"Accueil\",\"item\":\"https:\/\/www.crerf-mueb.eu\/de\/\"},{\"@type\":\"ListItem\",\"position\":2,\"name\":\"Formations\",\"item\":\"http:\/\/www.crerf-mueb.eu\/de\/formations\/\"},{\"@type\":\"ListItem\",\"position\":3,\"name\":\"Modalit\u00e9s pratiques\"}]},{\"@type\":\"WebSite\",\"@id\":\"https:\/\/www.crerf-mueb.eu\/#website\",\"url\":\"https:\/\/www.crerf-mueb.eu\/\",\"name\":\"CRERF M\u00dcB\",\"description\":\"River Risk Control Training Center\",\"potentialAction\":[{\"@type\":\"SearchAction\",\"target\":{\"@type\":\"EntryPoint\",\"urlTemplate\":\"https:\/\/www.crerf-mueb.eu\/?s={search_term_string}\"},\"query-input\":\"required name=search_term_string\"}],\"inLanguage\":\"de\"}]}<\/script>\n<!-- \/ Yoast SEO plugin. -->","yoast_head_json":{"title":"Modalit\u00e9s pratiques - CRERF M\u00dcB","description":"Vous venez en formation sur le CRERF ? Retrouvez les modalit\u00e9s pratiques...","robots":{"index":"index","follow":"follow","max-snippet":"max-snippet:-1","max-image-preview":"max-image-preview:large","max-video-preview":"max-video-preview:-1"},"canonical":"http:\/\/www.crerf-mueb.eu\/de\/formations\/modalites-pratiques\/","og_locale":"de_DE","og_type":"article","og_title":"Modalit\u00e9s pratiques - CRERF M\u00dcB","og_description":"Vous venez en formation sur le CRERF ? Retrouvez les modalit\u00e9s pratiques...","og_url":"http:\/\/www.crerf-mueb.eu\/de\/formations\/modalites-pratiques\/","og_site_name":"CRERF M\u00dcB","article_modified_time":"2015-06-22T11:43:10+00:00","og_image":[{"url":"http:\/\/www.crerf-mueb.eu\/wp-content\/uploads\/2015\/05\/pdf.gif"}],"twitter_card":"summary_large_image","twitter_misc":{"Gesch\u00e4tzte Lesezeit":"1\u00a0Minute"},"schema":{"@context":"https:\/\/schema.org","@graph":[{"@type":"WebPage","@id":"http:\/\/www.crerf-mueb.eu\/de\/formations\/modalites-pratiques\/","url":"http:\/\/www.crerf-mueb.eu\/de\/formations\/modalites-pratiques\/","name":"Modalit\u00e9s pratiques - CRERF M\u00dcB","isPartOf":{"@id":"https:\/\/www.crerf-mueb.eu\/#website"},"datePublished":"2015-05-28T13:32:52+00:00","dateModified":"2015-06-22T11:43:10+00:00","description":"Vous venez en formation sur le CRERF ? Retrouvez les modalit\u00e9s pratiques...","breadcrumb":{"@id":"http:\/\/www.crerf-mueb.eu\/de\/formations\/modalites-pratiques\/#breadcrumb"},"inLanguage":"de","potentialAction":[{"@type":"ReadAction","target":["http:\/\/www.crerf-mueb.eu\/de\/formations\/modalites-pratiques\/"]}]},{"@type":"BreadcrumbList","@id":"http:\/\/www.crerf-mueb.eu\/de\/formations\/modalites-pratiques\/#breadcrumb","itemListElement":[{"@type":"ListItem","position":1,"name":"Accueil","item":"https:\/\/www.crerf-mueb.eu\/de\/"},{"@type":"ListItem","position":2,"name":"Formations","item":"http:\/\/www.crerf-mueb.eu\/de\/formations\/"},{"@type":"ListItem","position":3,"name":"Modalit\u00e9s pratiques"}]},{"@type":"WebSite","@id":"https:\/\/www.crerf-mueb.eu\/#website","url":"https:\/\/www.crerf-mueb.eu\/","name":"CRERF M\u00dcB","description":"River Risk Control Training Center","potentialAction":[{"@type":"SearchAction","target":{"@type":"EntryPoint","urlTemplate":"https:\/\/www.crerf-mueb.eu\/?s={search_term_string}"},"query-input":"required name=search_term_string"}],"inLanguage":"de"}]}},"_links":{"self":[{"href":"http:\/\/www.crerf-mueb.eu\/de\/wp-json\/wp\/v2\/pages\/589"}],"collection":[{"href":"http:\/\/www.crerf-mueb.eu\/de\/wp-json\/wp\/v2\/pages"}],"about":[{"href":"http:\/\/www.crerf-mueb.eu\/de\/wp-json\/wp\/v2\/types\/page"}],"author":[{"embeddable":true,"href":"http:\/\/www.crerf-mueb.eu\/de\/wp-json\/wp\/v2\/users\/3"}],"replies":[{"embeddable":true,"href":"http:\/\/www.crerf-mueb.eu\/de\/wp-json\/wp\/v2\/comments?post=589"}],"version-history":[{"count":3,"href":"http:\/\/www.crerf-mueb.eu\/de\/wp-json\/wp\/v2\/pages\/589\/revisions"}],"predecessor-version":[{"id":770,"href":"http:\/\/www.crerf-mueb.eu\/de\/wp-json\/wp\/v2\/pages\/589\/revisions\/770"}],"up":[{"embeddable":true,"href":"http:\/\/www.crerf-mueb.eu\/de\/wp-json\/wp\/v2\/pages\/13"}],"wp:attachment":[{"href":"http:\/\/www.crerf-mueb.eu\/de\/wp-json\/wp\/v2\/media?parent=589"}],"curies":[{"name":"wp","href":"https:\/\/api.w.org\/{rel}","templated":true}]}}