{"id":592,"date":"2015-05-28T14:36:32","date_gmt":"2015-05-28T13:36:32","guid":{"rendered":"http:\/\/www.crerf-mueb.eu\/?page_id=592"},"modified":"2015-06-22T12:42:22","modified_gmt":"2015-06-22T11:42:22","slug":"praktische-hinweise","status":"publish","type":"page","link":"http:\/\/www.crerf-mueb.eu\/de\/ausbildungen\/praktische-hinweise\/","title":{"rendered":"Praktische Hinweise"},"content":{"rendered":"<h2>Sie kommen zur Ausbildung auf die M\u00dcB?<\/h2>\n<p>Jeder Teilnehmer erh\u00e4lt vor dem Ausbildungstermin eine pers\u00f6nliche Einladung.<\/p>\n<h3>Material bzw. Kleider, die von Ihnen mitzubringen sind<\/h3>\n<ul>\n<li>Ein Paar saubere Sportschuhe<\/li>\n<li>Schreibutensilien<\/li>\n<li>Feuerwehrdienstkleidung inkl. Wechselkleidung<\/li>\n<\/ul>\n<h3>F\u00fcr die praktische Ausbildung:<\/h3>\n<ul>\n<li>Duschzeug und Wechselkleidung (Handtuch, Duschgel, Shampoo, Badeschuhe, Ersatzunterw\u00e4sche, usw.).<\/li>\n<li>Komplette Pers\u00f6nliche Schutzkleidung (PSA) inkl. Wechselkleidung.<\/li>\n<\/ul>\n<p>F\u00fcr die Brandsimulationsanlage:<\/p>\n<ul>\n<li>Bitte beachten Sie, dass die Hose der Schutzkleidung f\u00fcr den Einsatz in der Brandsimulationsanlage der Leistungsstufe 2 entsprechen muss.<\/li>\n<\/ul>\n<h3>Am Ausbildungstag<\/h3>\n<p>Das Betreten der M\u00dcB ohne Begleitpersonal ist untersagt. Die Teilnehmer werden stets von einem Mitarbeiter der M\u00dcB (Ausbilder oder technischer Referent) auf dem Kai empfangen.<\/p>\n<p>Es steht jedem Teilnehmer ein Umkleideschrank zur Verf\u00fcgung. Die Schl\u00fcssel dazu werden gegen Abgabe des Personalausweises verteilt und am Ende des Tages zur\u00fcckerstattet. Bei Verlust des Schl\u00fcssels, wird eine Entsch\u00e4digung in H\u00f6he von 25 \u20ac berechnet.<\/p>\n<p>Teilnehmer, die an einer Ausbildung in der Brand\u00fcbungsanlage teilnehmen, erhalten an diesem Tag eine Flasche Wasser (1,5 L).<\/p>\n<p>Mittagessen gibt es an Bord der M\u00dcB. Bei ganzt\u00e4gigen Lehrg\u00e4ngen ist das Mittagessen im Tagespreis inbegriffen.<\/p>\n<p>\u00dcbernachtungsm\u00f6glichkeiten an Bord der M\u00dcB k\u00f6nnen nicht angeboten werden.<\/p>\n<h3>Hausordnung (Auszug)<\/h3>\n<ul>\n<li>Das Rauchen an Bord ist streng verboten.<\/li>\n<li>Handys m\u00fcssen im Umkleideraum bleiben (der Raum ist w\u00e4hrend der Mittagspause frei zug\u00e4nglich).<\/li>\n<li>W\u00e4hrend der \u00dcbungen ist es streng verboten Feuerzeuge, Streichh\u00f6lzer oder andere Z\u00fcndquellen bei sich zu tragen.<\/li>\n<\/ul>\n<p>Bei Ankunft an Bord der M\u00dcB, wird der Ausbildungsteilnehmer aufgefordert, die Hausordnung der M\u00dcB zur Kenntnis zu nehmen und durch Unterschrift zu best\u00e4tigen.<\/p>\n<p>&gt; <img decoding=\"async\" loading=\"lazy\" class=\"alignnone wp-image-581 size-full\" src=\"http:\/\/www.crerf-mueb.eu\/wp-content\/uploads\/2015\/05\/pdf.gif\" alt=\"pdf\" width=\"16\" height=\"16\" \/> Hausordnung der M\u00dcB &#8211; bevorstehend<\/p>\n<p>&gt; <a href=\"http:\/\/www.crerf-mueb.eu\/de\/kontakt\/kontakt\/\">Anfahrt zu den verschiedenen Liegepl\u00e4tzen der M\u00dcB<\/a><\/p>\n<p>&nbsp;<\/p>\n","protected":false},"excerpt":{"rendered":"<p>Sie kommen zur Ausbildung auf die M\u00dcB? Jeder Teilnehmer erh\u00e4lt vor dem Ausbildungstermin eine pers\u00f6nliche Einladung. Material bzw. Kleider, die von Ihnen mitzubringen sind Ein Paar saubere Sportschuhe Schreibutensilien Feuerwehrdienstkleidung inkl. Wechselkleidung F\u00fcr die praktische Ausbildung: Duschzeug und Wechselkleidung (Handtuch, Duschgel, Shampoo, Badeschuhe, Ersatzunterw\u00e4sche, usw.). Komplette Pers\u00f6nliche Schutzkleidung (PSA) inkl. Wechselkleidung. F\u00fcr die Brandsimulationsanlage: Bitte [&hellip;]<\/p>\n","protected":false},"author":3,"featured_media":0,"parent":94,"menu_order":0,"comment_status":"closed","ping_status":"open","template":"","meta":{"_mi_skip_tracking":false},"yoast_head":"<!-- This site is optimized with the Yoast SEO plugin v20.5 - https:\/\/yoast.com\/wordpress\/plugins\/seo\/ -->\n<title>Praktische Hinweise - CRERF M\u00dcB<\/title>\n<meta name=\"description\" content=\"Sie kommen zur Ausbildung auf die M\u00dcB? Jeder Teilnehmer erh\u00e4lt vor dem Ausbildungstermin eine pers\u00f6nliche Einladung.\" \/>\n<meta name=\"robots\" content=\"index, follow, max-snippet:-1, max-image-preview:large, max-video-preview:-1\" \/>\n<link rel=\"canonical\" href=\"http:\/\/www.crerf-mueb.eu\/de\/ausbildungen\/praktische-hinweise\/\" \/>\n<meta property=\"og:locale\" content=\"de_DE\" \/>\n<meta property=\"og:type\" content=\"article\" \/>\n<meta property=\"og:title\" content=\"Praktische Hinweise - CRERF M\u00dcB\" \/>\n<meta property=\"og:description\" content=\"Sie kommen zur Ausbildung auf die M\u00dcB? Jeder Teilnehmer erh\u00e4lt vor dem Ausbildungstermin eine pers\u00f6nliche Einladung.\" \/>\n<meta property=\"og:url\" content=\"http:\/\/www.crerf-mueb.eu\/de\/ausbildungen\/praktische-hinweise\/\" \/>\n<meta property=\"og:site_name\" content=\"CRERF M\u00dcB\" \/>\n<meta property=\"article:modified_time\" content=\"2015-06-22T11:42:22+00:00\" \/>\n<meta property=\"og:image\" content=\"http:\/\/www.crerf-mueb.eu\/wp-content\/uploads\/2015\/05\/pdf.gif\" \/>\n<meta name=\"twitter:card\" content=\"summary_large_image\" \/>\n<meta name=\"twitter:label1\" content=\"Gesch\u00e4tzte Lesezeit\" \/>\n\t<meta name=\"twitter:data1\" content=\"1\u00a0Minute\" \/>\n<script type=\"application\/ld+json\" class=\"yoast-schema-graph\">{\"@context\":\"https:\/\/schema.org\",\"@graph\":[{\"@type\":\"WebPage\",\"@id\":\"http:\/\/www.crerf-mueb.eu\/de\/ausbildungen\/praktische-hinweise\/\",\"url\":\"http:\/\/www.crerf-mueb.eu\/de\/ausbildungen\/praktische-hinweise\/\",\"name\":\"Praktische Hinweise - CRERF M\u00dcB\",\"isPartOf\":{\"@id\":\"https:\/\/www.crerf-mueb.eu\/#website\"},\"datePublished\":\"2015-05-28T13:36:32+00:00\",\"dateModified\":\"2015-06-22T11:42:22+00:00\",\"description\":\"Sie kommen zur Ausbildung auf die M\u00dcB? Jeder Teilnehmer erh\u00e4lt vor dem Ausbildungstermin eine pers\u00f6nliche Einladung.\",\"breadcrumb\":{\"@id\":\"http:\/\/www.crerf-mueb.eu\/de\/ausbildungen\/praktische-hinweise\/#breadcrumb\"},\"inLanguage\":\"de\",\"potentialAction\":[{\"@type\":\"ReadAction\",\"target\":[\"http:\/\/www.crerf-mueb.eu\/de\/ausbildungen\/praktische-hinweise\/\"]}]},{\"@type\":\"BreadcrumbList\",\"@id\":\"http:\/\/www.crerf-mueb.eu\/de\/ausbildungen\/praktische-hinweise\/#breadcrumb\",\"itemListElement\":[{\"@type\":\"ListItem\",\"position\":1,\"name\":\"Accueil\",\"item\":\"https:\/\/www.crerf-mueb.eu\/de\/\"},{\"@type\":\"ListItem\",\"position\":2,\"name\":\"Ausbildungen\",\"item\":\"https:\/\/www.crerf-mueb.eu\/ausbildungen\/\"},{\"@type\":\"ListItem\",\"position\":3,\"name\":\"Praktische Hinweise\"}]},{\"@type\":\"WebSite\",\"@id\":\"https:\/\/www.crerf-mueb.eu\/#website\",\"url\":\"https:\/\/www.crerf-mueb.eu\/\",\"name\":\"CRERF M\u00dcB\",\"description\":\"River Risk Control Training Center\",\"potentialAction\":[{\"@type\":\"SearchAction\",\"target\":{\"@type\":\"EntryPoint\",\"urlTemplate\":\"https:\/\/www.crerf-mueb.eu\/?s={search_term_string}\"},\"query-input\":\"required name=search_term_string\"}],\"inLanguage\":\"de\"}]}<\/script>\n<!-- \/ Yoast SEO plugin. -->","yoast_head_json":{"title":"Praktische Hinweise - CRERF M\u00dcB","description":"Sie kommen zur Ausbildung auf die M\u00dcB? Jeder Teilnehmer erh\u00e4lt vor dem Ausbildungstermin eine pers\u00f6nliche Einladung.","robots":{"index":"index","follow":"follow","max-snippet":"max-snippet:-1","max-image-preview":"max-image-preview:large","max-video-preview":"max-video-preview:-1"},"canonical":"http:\/\/www.crerf-mueb.eu\/de\/ausbildungen\/praktische-hinweise\/","og_locale":"de_DE","og_type":"article","og_title":"Praktische Hinweise - CRERF M\u00dcB","og_description":"Sie kommen zur Ausbildung auf die M\u00dcB? Jeder Teilnehmer erh\u00e4lt vor dem Ausbildungstermin eine pers\u00f6nliche Einladung.","og_url":"http:\/\/www.crerf-mueb.eu\/de\/ausbildungen\/praktische-hinweise\/","og_site_name":"CRERF M\u00dcB","article_modified_time":"2015-06-22T11:42:22+00:00","og_image":[{"url":"http:\/\/www.crerf-mueb.eu\/wp-content\/uploads\/2015\/05\/pdf.gif"}],"twitter_card":"summary_large_image","twitter_misc":{"Gesch\u00e4tzte Lesezeit":"1\u00a0Minute"},"schema":{"@context":"https:\/\/schema.org","@graph":[{"@type":"WebPage","@id":"http:\/\/www.crerf-mueb.eu\/de\/ausbildungen\/praktische-hinweise\/","url":"http:\/\/www.crerf-mueb.eu\/de\/ausbildungen\/praktische-hinweise\/","name":"Praktische Hinweise - CRERF M\u00dcB","isPartOf":{"@id":"https:\/\/www.crerf-mueb.eu\/#website"},"datePublished":"2015-05-28T13:36:32+00:00","dateModified":"2015-06-22T11:42:22+00:00","description":"Sie kommen zur Ausbildung auf die M\u00dcB? Jeder Teilnehmer erh\u00e4lt vor dem Ausbildungstermin eine pers\u00f6nliche Einladung.","breadcrumb":{"@id":"http:\/\/www.crerf-mueb.eu\/de\/ausbildungen\/praktische-hinweise\/#breadcrumb"},"inLanguage":"de","potentialAction":[{"@type":"ReadAction","target":["http:\/\/www.crerf-mueb.eu\/de\/ausbildungen\/praktische-hinweise\/"]}]},{"@type":"BreadcrumbList","@id":"http:\/\/www.crerf-mueb.eu\/de\/ausbildungen\/praktische-hinweise\/#breadcrumb","itemListElement":[{"@type":"ListItem","position":1,"name":"Accueil","item":"https:\/\/www.crerf-mueb.eu\/de\/"},{"@type":"ListItem","position":2,"name":"Ausbildungen","item":"https:\/\/www.crerf-mueb.eu\/ausbildungen\/"},{"@type":"ListItem","position":3,"name":"Praktische Hinweise"}]},{"@type":"WebSite","@id":"https:\/\/www.crerf-mueb.eu\/#website","url":"https:\/\/www.crerf-mueb.eu\/","name":"CRERF M\u00dcB","description":"River Risk Control Training Center","potentialAction":[{"@type":"SearchAction","target":{"@type":"EntryPoint","urlTemplate":"https:\/\/www.crerf-mueb.eu\/?s={search_term_string}"},"query-input":"required name=search_term_string"}],"inLanguage":"de"}]}},"_links":{"self":[{"href":"http:\/\/www.crerf-mueb.eu\/de\/wp-json\/wp\/v2\/pages\/592"}],"collection":[{"href":"http:\/\/www.crerf-mueb.eu\/de\/wp-json\/wp\/v2\/pages"}],"about":[{"href":"http:\/\/www.crerf-mueb.eu\/de\/wp-json\/wp\/v2\/types\/page"}],"author":[{"embeddable":true,"href":"http:\/\/www.crerf-mueb.eu\/de\/wp-json\/wp\/v2\/users\/3"}],"replies":[{"embeddable":true,"href":"http:\/\/www.crerf-mueb.eu\/de\/wp-json\/wp\/v2\/comments?post=592"}],"version-history":[{"count":4,"href":"http:\/\/www.crerf-mueb.eu\/de\/wp-json\/wp\/v2\/pages\/592\/revisions"}],"predecessor-version":[{"id":769,"href":"http:\/\/www.crerf-mueb.eu\/de\/wp-json\/wp\/v2\/pages\/592\/revisions\/769"}],"up":[{"embeddable":true,"href":"http:\/\/www.crerf-mueb.eu\/de\/wp-json\/wp\/v2\/pages\/94"}],"wp:attachment":[{"href":"http:\/\/www.crerf-mueb.eu\/de\/wp-json\/wp\/v2\/media?parent=592"}],"curies":[{"name":"wp","href":"https:\/\/api.w.org\/{rel}","templated":true}]}}