{"id":1331,"date":"2018-05-24T14:26:18","date_gmt":"2018-05-24T13:26:18","guid":{"rendered":"http:\/\/www.crerf-mueb.eu\/?page_id=1331\/"},"modified":"2018-05-24T14:29:28","modified_gmt":"2018-05-24T13:29:28","slug":"fahrgastschiffe","status":"publish","type":"page","link":"https:\/\/www.crerf-mueb.eu\/de\/u%cc%88bungsmo%cc%88glichkeiten\/ausbildingsbereiche\/fahrgastschiffe\/","title":{"rendered":"Fahrgastschiffe"},"content":{"rendered":"<p>Aufeiner Fl\u00e4che von rund 100\u00a0m\u00b2 wurde auf der Regina Rheni ein Fahrgastschiff-Simulator installiert.<\/p>\n<p>&nbsp;<\/p>\n<p>Er besteht aus zwei Bereichen:<\/p>\n<ul>\n<li>dem Zutrittsbereich mit Steuereinrichtungen und Meldetafeln von Notfalleinrichtungen, wie sieauf Fahrgastschiffen typisch sind;<\/li>\n<li>dem Einsatzbereich mit G\u00e4ngen, Kabinen und Technikr\u00e4umen mit der M\u00f6glichkeit, vollst\u00e4ndigeDunkelheit herzustellen.<\/li>\n<\/ul>\n<p>&nbsp;<\/p>\n<p>Auf dem neuen Fahrgastschiff-Simulator k\u00f6nnen FeuerwehrleuteSpezialkenntnisse f\u00fcr Eins\u00e4tze auf Binnenschiffen erwerben, und zwar:<\/p>\n<ul>\n<li>Mitglieder der Einsatzmannschaft:Techniken f\u00fcr die Erkundung und das Vorr\u00fccken an Bord eines Schiffes;<\/li>\n<li>Einsatzleiter:Management der Zugangsstelle und Nutzung der Bordmittel zur Unterst\u00fctzung der Einsatz- und Rettungsma\u00dfnahmen.<\/li>\n<\/ul>\n<p>&nbsp;<\/p>\n<p>Der gesamte Ausbau eines Teils des steuerbordseitigen vorderen Laderaums der Regina Rheni zum Fahrgastschiff-Simulator wurde von den drei Technikbeauftragten der M\u00dcB und den beiden leitenden Offizieren, und damit intern von bordeigenen Mitarbeitern ausgef\u00fchrt. Bis zur Fertigstellung waren in mehreren Ausbauphasen rund 600 Arbeitsstunden erforderlich:<\/p>\n<ul>\n<li>Januar 2017: Konstruktionsstudie und Kalkulation<\/li>\n<li>M\u00e4rz 2017: Beginn der Ausf\u00fchrung (Vorbereitung der R\u00e4ume, Materialbeschaffung);<\/li>\n<li>April bis Oktober 2017: Einbau der B\u00f6den (Einbauder Balkenunterz\u00fcge und Verlegen der B\u00f6den), Innenausbau (W\u00e4nde, T\u00fcren, Halbetagen, Treppen)<\/li>\n<li>Oktober bis Dezember 2017: Abschlussarbeiten (Bodenbel\u00e4ge, Aufstellen von Mobiliar und Zubeh\u00f6r)<\/li>\n<\/ul>\n\n\t\t<style type=\"text\/css\">\n\t\t\t#gallery-1 {\n\t\t\t\tmargin: auto;\n\t\t\t}\n\t\t\t#gallery-1 .gallery-item {\n\t\t\t\tfloat: left;\n\t\t\t\tmargin-top: 10px;\n\t\t\t\ttext-align: center;\n\t\t\t\twidth: 33%;\n\t\t\t}\n\t\t\t#gallery-1 img {\n\t\t\t\tborder: 2px solid #cfcfcf;\n\t\t\t}\n\t\t\t#gallery-1 .gallery-caption {\n\t\t\t\tmargin-left: 0;\n\t\t\t}\n\t\t\t\/* see gallery_shortcode() in wp-includes\/media.php *\/\n\t\t<\/style>\n\t\t<div id='gallery-1' class='gallery galleryid-1331 gallery-columns-3 gallery-size-thumbnail'><dl class='gallery-item'>\n\t\t\t<dt class='gallery-icon portrait'>\n\t\t\t\t<a href='https:\/\/www.crerf-mueb.eu\/wp-content\/uploads\/2018\/04\/2018-Simul_bateau_passagers-2.jpg'><img width=\"200\" height=\"150\" src=\"https:\/\/www.crerf-mueb.eu\/wp-content\/uploads\/2018\/04\/2018-Simul_bateau_passagers-2-200x150.jpg\" class=\"attachment-thumbnail size-thumbnail\" alt=\"\u00a9 EDIS\" decoding=\"async\" loading=\"lazy\" \/><\/a>\n\t\t\t<\/dt><\/dl><dl class='gallery-item'>\n\t\t\t<dt class='gallery-icon portrait'>\n\t\t\t\t<a href='https:\/\/www.crerf-mueb.eu\/wp-content\/uploads\/2018\/04\/2018-Simul_bateau_passagers-3.jpg'><img width=\"200\" height=\"150\" src=\"https:\/\/www.crerf-mueb.eu\/wp-content\/uploads\/2018\/04\/2018-Simul_bateau_passagers-3-200x150.jpg\" class=\"attachment-thumbnail size-thumbnail\" alt=\"\" decoding=\"async\" loading=\"lazy\" \/><\/a>\n\t\t\t<\/dt><\/dl><dl class='gallery-item'>\n\t\t\t<dt class='gallery-icon portrait'>\n\t\t\t\t<a href='https:\/\/www.crerf-mueb.eu\/wp-content\/uploads\/2018\/04\/2018-Simul_bateau_passagers-4.jpg'><img width=\"200\" height=\"150\" src=\"https:\/\/www.crerf-mueb.eu\/wp-content\/uploads\/2018\/04\/2018-Simul_bateau_passagers-4-200x150.jpg\" class=\"attachment-thumbnail size-thumbnail\" alt=\"\" decoding=\"async\" loading=\"lazy\" \/><\/a>\n\t\t\t<\/dt><\/dl><br style=\"clear: both\" \/><dl class='gallery-item'>\n\t\t\t<dt class='gallery-icon portrait'>\n\t\t\t\t<a href='https:\/\/www.crerf-mueb.eu\/wp-content\/uploads\/2018\/04\/2018-Simul_bateau_passagers-6.jpg'><img width=\"200\" height=\"150\" src=\"https:\/\/www.crerf-mueb.eu\/wp-content\/uploads\/2018\/04\/2018-Simul_bateau_passagers-6-200x150.jpg\" class=\"attachment-thumbnail size-thumbnail\" alt=\"\" decoding=\"async\" loading=\"lazy\" \/><\/a>\n\t\t\t<\/dt><\/dl><dl class='gallery-item'>\n\t\t\t<dt class='gallery-icon landscape'>\n\t\t\t\t<a href='https:\/\/www.crerf-mueb.eu\/wp-content\/uploads\/2018\/04\/2018-Simul_bateau_passagers-9.jpg'><img width=\"200\" height=\"150\" src=\"https:\/\/www.crerf-mueb.eu\/wp-content\/uploads\/2018\/04\/2018-Simul_bateau_passagers-9-200x150.jpg\" class=\"attachment-thumbnail size-thumbnail\" alt=\"\" decoding=\"async\" loading=\"lazy\" \/><\/a>\n\t\t\t<\/dt><\/dl><dl class='gallery-item'>\n\t\t\t<dt class='gallery-icon landscape'>\n\t\t\t\t<a href='https:\/\/www.crerf-mueb.eu\/wp-content\/uploads\/2018\/04\/2018-Simul_bateau_passagers-11.jpg'><img width=\"200\" height=\"150\" src=\"https:\/\/www.crerf-mueb.eu\/wp-content\/uploads\/2018\/04\/2018-Simul_bateau_passagers-11-200x150.jpg\" class=\"attachment-thumbnail size-thumbnail\" alt=\"\" decoding=\"async\" loading=\"lazy\" \/><\/a>\n\t\t\t<\/dt><\/dl><br style=\"clear: both\" \/><dl class='gallery-item'>\n\t\t\t<dt class='gallery-icon landscape'>\n\t\t\t\t<a href='https:\/\/www.crerf-mueb.eu\/wp-content\/uploads\/2018\/04\/2018-Simul_bateau_passagers-18.jpg'><img width=\"200\" height=\"150\" src=\"https:\/\/www.crerf-mueb.eu\/wp-content\/uploads\/2018\/04\/2018-Simul_bateau_passagers-18-200x150.jpg\" class=\"attachment-thumbnail size-thumbnail\" alt=\"\" decoding=\"async\" loading=\"lazy\" \/><\/a>\n\t\t\t<\/dt><\/dl><dl class='gallery-item'>\n\t\t\t<dt class='gallery-icon landscape'>\n\t\t\t\t<a href='https:\/\/www.crerf-mueb.eu\/wp-content\/uploads\/2018\/04\/2018-Simul_bateau_passagers-19.jpg'><img width=\"200\" height=\"150\" src=\"https:\/\/www.crerf-mueb.eu\/wp-content\/uploads\/2018\/04\/2018-Simul_bateau_passagers-19-200x150.jpg\" class=\"attachment-thumbnail size-thumbnail\" alt=\"\" decoding=\"async\" loading=\"lazy\" \/><\/a>\n\t\t\t<\/dt><\/dl><dl class='gallery-item'>\n\t\t\t<dt class='gallery-icon landscape'>\n\t\t\t\t<a href='https:\/\/www.crerf-mueb.eu\/wp-content\/uploads\/2018\/04\/2018-Simul_bateau_passagers-25.jpg'><img width=\"200\" height=\"150\" src=\"https:\/\/www.crerf-mueb.eu\/wp-content\/uploads\/2018\/04\/2018-Simul_bateau_passagers-25-200x150.jpg\" class=\"attachment-thumbnail size-thumbnail\" alt=\"\" decoding=\"async\" loading=\"lazy\" \/><\/a>\n\t\t\t<\/dt><\/dl><br style=\"clear: both\" \/><dl class='gallery-item'>\n\t\t\t<dt class='gallery-icon landscape'>\n\t\t\t\t<a href='https:\/\/www.crerf-mueb.eu\/wp-content\/uploads\/2018\/04\/2018-Simul_bateau_passagers-31.jpg'><img width=\"200\" height=\"150\" src=\"https:\/\/www.crerf-mueb.eu\/wp-content\/uploads\/2018\/04\/2018-Simul_bateau_passagers-31-200x150.jpg\" class=\"attachment-thumbnail size-thumbnail\" alt=\"\" decoding=\"async\" loading=\"lazy\" \/><\/a>\n\t\t\t<\/dt><\/dl><dl class='gallery-item'>\n\t\t\t<dt class='gallery-icon landscape'>\n\t\t\t\t<a href='https:\/\/www.crerf-mueb.eu\/wp-content\/uploads\/2018\/04\/2018-Simul_bateau_passagers-33.jpg'><img width=\"200\" height=\"150\" src=\"https:\/\/www.crerf-mueb.eu\/wp-content\/uploads\/2018\/04\/2018-Simul_bateau_passagers-33-200x150.jpg\" class=\"attachment-thumbnail size-thumbnail\" alt=\"\" decoding=\"async\" loading=\"lazy\" \/><\/a>\n\t\t\t<\/dt><\/dl><dl class='gallery-item'>\n\t\t\t<dt class='gallery-icon landscape'>\n\t\t\t\t<a href='https:\/\/www.crerf-mueb.eu\/wp-content\/uploads\/2018\/04\/2018-Simul_bateau_passagers-44.jpg'><img width=\"200\" height=\"150\" src=\"https:\/\/www.crerf-mueb.eu\/wp-content\/uploads\/2018\/04\/2018-Simul_bateau_passagers-44-200x150.jpg\" class=\"attachment-thumbnail size-thumbnail\" alt=\"\" decoding=\"async\" loading=\"lazy\" \/><\/a>\n\t\t\t<\/dt><\/dl><br style=\"clear: both\" \/><dl class='gallery-item'>\n\t\t\t<dt class='gallery-icon landscape'>\n\t\t\t\t<a href='https:\/\/www.crerf-mueb.eu\/wp-content\/uploads\/2018\/04\/2018-Simul_bateau_passagers-47.jpg'><img width=\"200\" height=\"150\" src=\"https:\/\/www.crerf-mueb.eu\/wp-content\/uploads\/2018\/04\/2018-Simul_bateau_passagers-47-200x150.jpg\" class=\"attachment-thumbnail size-thumbnail\" alt=\"\" decoding=\"async\" loading=\"lazy\" \/><\/a>\n\t\t\t<\/dt><\/dl>\n\t\t\t<br style='clear: both' \/>\n\t\t<\/div>\n\n","protected":false},"excerpt":{"rendered":"<p>Aufeiner Fl\u00e4che von rund 100\u00a0m\u00b2 wurde auf der Regina Rheni ein Fahrgastschiff-Simulator installiert. &nbsp; Er besteht aus zwei Bereichen: dem Zutrittsbereich mit Steuereinrichtungen und Meldetafeln von Notfalleinrichtungen, wie sieauf Fahrgastschiffen typisch sind; dem Einsatzbereich mit G\u00e4ngen, Kabinen und Technikr\u00e4umen mit der M\u00f6glichkeit, vollst\u00e4ndigeDunkelheit herzustellen. &nbsp; Auf dem neuen Fahrgastschiff-Simulator k\u00f6nnen FeuerwehrleuteSpezialkenntnisse f\u00fcr Eins\u00e4tze auf Binnenschiffen [&hellip;]<\/p>\n","protected":false},"author":13,"featured_media":0,"parent":179,"menu_order":0,"comment_status":"closed","ping_status":"closed","template":"","meta":{"_mi_skip_tracking":false},"yoast_head":"<!-- This site is optimized with the Yoast SEO plugin v20.5 - https:\/\/yoast.com\/wordpress\/plugins\/seo\/ -->\n<title>Fahrgastschiffe - CRERF M\u00dcB<\/title>\n<meta name=\"robots\" content=\"index, follow, max-snippet:-1, max-image-preview:large, max-video-preview:-1\" \/>\n<link rel=\"canonical\" href=\"https:\/\/www.crerf-mueb.eu\/de\/u\u0308bungsmo\u0308glichkeiten\/ausbildingsbereiche\/fahrgastschiffe\/\" \/>\n<meta property=\"og:locale\" content=\"de_DE\" \/>\n<meta property=\"og:type\" content=\"article\" \/>\n<meta property=\"og:title\" content=\"Fahrgastschiffe - CRERF M\u00dcB\" \/>\n<meta property=\"og:description\" content=\"Aufeiner Fl\u00e4che von rund 100\u00a0m\u00b2 wurde auf der Regina Rheni ein Fahrgastschiff-Simulator installiert. &nbsp; Er besteht aus zwei Bereichen: dem Zutrittsbereich mit Steuereinrichtungen und Meldetafeln von Notfalleinrichtungen, wie sieauf Fahrgastschiffen typisch sind; dem Einsatzbereich mit G\u00e4ngen, Kabinen und Technikr\u00e4umen mit der M\u00f6glichkeit, vollst\u00e4ndigeDunkelheit herzustellen. &nbsp; Auf dem neuen Fahrgastschiff-Simulator k\u00f6nnen FeuerwehrleuteSpezialkenntnisse f\u00fcr Eins\u00e4tze auf Binnenschiffen [&hellip;]\" \/>\n<meta property=\"og:url\" content=\"https:\/\/www.crerf-mueb.eu\/de\/u\u0308bungsmo\u0308glichkeiten\/ausbildingsbereiche\/fahrgastschiffe\/\" \/>\n<meta property=\"og:site_name\" content=\"CRERF M\u00dcB\" \/>\n<meta property=\"article:modified_time\" content=\"2018-05-24T13:29:28+00:00\" \/>\n<meta property=\"og:image\" content=\"https:\/\/www.crerf-mueb.eu\/wp-content\/uploads\/2018\/04\/2018-Simul_bateau_passagers-2-200x150.jpg\" \/>\n<meta name=\"twitter:card\" content=\"summary_large_image\" \/>\n<meta name=\"twitter:label1\" content=\"Gesch\u00e4tzte Lesezeit\" \/>\n\t<meta name=\"twitter:data1\" content=\"1\u00a0Minute\" \/>\n<script type=\"application\/ld+json\" class=\"yoast-schema-graph\">{\"@context\":\"https:\/\/schema.org\",\"@graph\":[{\"@type\":\"WebPage\",\"@id\":\"https:\/\/www.crerf-mueb.eu\/de\/u%cc%88bungsmo%cc%88glichkeiten\/ausbildingsbereiche\/fahrgastschiffe\/\",\"url\":\"https:\/\/www.crerf-mueb.eu\/de\/u%cc%88bungsmo%cc%88glichkeiten\/ausbildingsbereiche\/fahrgastschiffe\/\",\"name\":\"Fahrgastschiffe - CRERF M\u00dcB\",\"isPartOf\":{\"@id\":\"https:\/\/www.crerf-mueb.eu\/#website\"},\"datePublished\":\"2018-05-24T13:26:18+00:00\",\"dateModified\":\"2018-05-24T13:29:28+00:00\",\"breadcrumb\":{\"@id\":\"https:\/\/www.crerf-mueb.eu\/de\/u%cc%88bungsmo%cc%88glichkeiten\/ausbildingsbereiche\/fahrgastschiffe\/#breadcrumb\"},\"inLanguage\":\"de\",\"potentialAction\":[{\"@type\":\"ReadAction\",\"target\":[\"https:\/\/www.crerf-mueb.eu\/de\/u%cc%88bungsmo%cc%88glichkeiten\/ausbildingsbereiche\/fahrgastschiffe\/\"]}]},{\"@type\":\"BreadcrumbList\",\"@id\":\"https:\/\/www.crerf-mueb.eu\/de\/u%cc%88bungsmo%cc%88glichkeiten\/ausbildingsbereiche\/fahrgastschiffe\/#breadcrumb\",\"itemListElement\":[{\"@type\":\"ListItem\",\"position\":1,\"name\":\"Accueil\",\"item\":\"https:\/\/www.crerf-mueb.eu\/de\/\"},{\"@type\":\"ListItem\",\"position\":2,\"name\":\"\u00dcbungsm\u00f6glichkeiten\",\"item\":\"https:\/\/www.crerf-mueb.eu\/u%cc%88bungsmo%cc%88glichkeiten\/\"},{\"@type\":\"ListItem\",\"position\":3,\"name\":\"Ausbildungsbereiche\",\"item\":\"https:\/\/www.crerf-mueb.eu\/u%cc%88bungsmo%cc%88glichkeiten\/ausbildingsbereiche\/\"},{\"@type\":\"ListItem\",\"position\":4,\"name\":\"Fahrgastschiffe\"}]},{\"@type\":\"WebSite\",\"@id\":\"https:\/\/www.crerf-mueb.eu\/#website\",\"url\":\"https:\/\/www.crerf-mueb.eu\/\",\"name\":\"CRERF M\u00dcB\",\"description\":\"River Risk Control Training Center\",\"potentialAction\":[{\"@type\":\"SearchAction\",\"target\":{\"@type\":\"EntryPoint\",\"urlTemplate\":\"https:\/\/www.crerf-mueb.eu\/?s={search_term_string}\"},\"query-input\":\"required name=search_term_string\"}],\"inLanguage\":\"de\"}]}<\/script>\n<!-- \/ Yoast SEO plugin. -->","yoast_head_json":{"title":"Fahrgastschiffe - CRERF M\u00dcB","robots":{"index":"index","follow":"follow","max-snippet":"max-snippet:-1","max-image-preview":"max-image-preview:large","max-video-preview":"max-video-preview:-1"},"canonical":"https:\/\/www.crerf-mueb.eu\/de\/u\u0308bungsmo\u0308glichkeiten\/ausbildingsbereiche\/fahrgastschiffe\/","og_locale":"de_DE","og_type":"article","og_title":"Fahrgastschiffe - CRERF M\u00dcB","og_description":"Aufeiner Fl\u00e4che von rund 100\u00a0m\u00b2 wurde auf der Regina Rheni ein Fahrgastschiff-Simulator installiert. &nbsp; Er besteht aus zwei Bereichen: dem Zutrittsbereich mit Steuereinrichtungen und Meldetafeln von Notfalleinrichtungen, wie sieauf Fahrgastschiffen typisch sind; dem Einsatzbereich mit G\u00e4ngen, Kabinen und Technikr\u00e4umen mit der M\u00f6glichkeit, vollst\u00e4ndigeDunkelheit herzustellen. &nbsp; Auf dem neuen Fahrgastschiff-Simulator k\u00f6nnen FeuerwehrleuteSpezialkenntnisse f\u00fcr Eins\u00e4tze auf Binnenschiffen [&hellip;]","og_url":"https:\/\/www.crerf-mueb.eu\/de\/u\u0308bungsmo\u0308glichkeiten\/ausbildingsbereiche\/fahrgastschiffe\/","og_site_name":"CRERF M\u00dcB","article_modified_time":"2018-05-24T13:29:28+00:00","og_image":[{"url":"https:\/\/www.crerf-mueb.eu\/wp-content\/uploads\/2018\/04\/2018-Simul_bateau_passagers-2-200x150.jpg"}],"twitter_card":"summary_large_image","twitter_misc":{"Gesch\u00e4tzte Lesezeit":"1\u00a0Minute"},"schema":{"@context":"https:\/\/schema.org","@graph":[{"@type":"WebPage","@id":"https:\/\/www.crerf-mueb.eu\/de\/u%cc%88bungsmo%cc%88glichkeiten\/ausbildingsbereiche\/fahrgastschiffe\/","url":"https:\/\/www.crerf-mueb.eu\/de\/u%cc%88bungsmo%cc%88glichkeiten\/ausbildingsbereiche\/fahrgastschiffe\/","name":"Fahrgastschiffe - CRERF M\u00dcB","isPartOf":{"@id":"https:\/\/www.crerf-mueb.eu\/#website"},"datePublished":"2018-05-24T13:26:18+00:00","dateModified":"2018-05-24T13:29:28+00:00","breadcrumb":{"@id":"https:\/\/www.crerf-mueb.eu\/de\/u%cc%88bungsmo%cc%88glichkeiten\/ausbildingsbereiche\/fahrgastschiffe\/#breadcrumb"},"inLanguage":"de","potentialAction":[{"@type":"ReadAction","target":["https:\/\/www.crerf-mueb.eu\/de\/u%cc%88bungsmo%cc%88glichkeiten\/ausbildingsbereiche\/fahrgastschiffe\/"]}]},{"@type":"BreadcrumbList","@id":"https:\/\/www.crerf-mueb.eu\/de\/u%cc%88bungsmo%cc%88glichkeiten\/ausbildingsbereiche\/fahrgastschiffe\/#breadcrumb","itemListElement":[{"@type":"ListItem","position":1,"name":"Accueil","item":"https:\/\/www.crerf-mueb.eu\/de\/"},{"@type":"ListItem","position":2,"name":"\u00dcbungsm\u00f6glichkeiten","item":"https:\/\/www.crerf-mueb.eu\/u%cc%88bungsmo%cc%88glichkeiten\/"},{"@type":"ListItem","position":3,"name":"Ausbildungsbereiche","item":"https:\/\/www.crerf-mueb.eu\/u%cc%88bungsmo%cc%88glichkeiten\/ausbildingsbereiche\/"},{"@type":"ListItem","position":4,"name":"Fahrgastschiffe"}]},{"@type":"WebSite","@id":"https:\/\/www.crerf-mueb.eu\/#website","url":"https:\/\/www.crerf-mueb.eu\/","name":"CRERF M\u00dcB","description":"River Risk Control Training Center","potentialAction":[{"@type":"SearchAction","target":{"@type":"EntryPoint","urlTemplate":"https:\/\/www.crerf-mueb.eu\/?s={search_term_string}"},"query-input":"required name=search_term_string"}],"inLanguage":"de"}]}},"_links":{"self":[{"href":"https:\/\/www.crerf-mueb.eu\/de\/wp-json\/wp\/v2\/pages\/1331"}],"collection":[{"href":"https:\/\/www.crerf-mueb.eu\/de\/wp-json\/wp\/v2\/pages"}],"about":[{"href":"https:\/\/www.crerf-mueb.eu\/de\/wp-json\/wp\/v2\/types\/page"}],"author":[{"embeddable":true,"href":"https:\/\/www.crerf-mueb.eu\/de\/wp-json\/wp\/v2\/users\/13"}],"replies":[{"embeddable":true,"href":"https:\/\/www.crerf-mueb.eu\/de\/wp-json\/wp\/v2\/comments?post=1331"}],"version-history":[{"count":3,"href":"https:\/\/www.crerf-mueb.eu\/de\/wp-json\/wp\/v2\/pages\/1331\/revisions"}],"predecessor-version":[{"id":1334,"href":"https:\/\/www.crerf-mueb.eu\/de\/wp-json\/wp\/v2\/pages\/1331\/revisions\/1334"}],"up":[{"embeddable":true,"href":"https:\/\/www.crerf-mueb.eu\/de\/wp-json\/wp\/v2\/pages\/179"}],"wp:attachment":[{"href":"https:\/\/www.crerf-mueb.eu\/de\/wp-json\/wp\/v2\/media?parent=1331"}],"curies":[{"name":"wp","href":"https:\/\/api.w.org\/{rel}","templated":true}]}}