{"id":191,"date":"2015-05-12T11:11:05","date_gmt":"2015-05-12T10:11:05","guid":{"rendered":"http:\/\/www.crerf-mueb.eu\/?page_id=191"},"modified":"2015-06-10T08:54:35","modified_gmt":"2015-06-10T07:54:35","slug":"simulateur-container-instable","status":"publish","type":"page","link":"https:\/\/www.crerf-mueb.eu\/de\/equipements\/simulateurs-et-modules\/simulateur-container-instable\/","title":{"rendered":"Simulateur container instable"},"content":{"rendered":"<p><strong>Le simulateur container instable est destin\u00e9 \u00e0 reproduire plusieurs types de s\u00e9quences pouvant survenir lors d\u2019une collision, voire d\u2019un naufrage.<\/strong> Il peut s\u2019agir\u00a0:<\/p>\n<ul>\n<li>d\u2019un container comportant toutes sortes de colis et mati\u00e8res dangereuses ou d\u2019une partie d\u2019un bateau \u00e0 passagers avec des cabines le tout en phase de naufrage avec p\u00e9n\u00e9tration d\u2019eau, dans l\u2019obscurit\u00e9\u00a0;<\/li>\n<li>d\u2019une partie de bateau pr\u00e9sentant une voie d\u2019eau et transportant des produits chimiques.<\/li>\n<\/ul>\n<p>Le container maritime (20 pieds) est inclinable transversalement \u00e0 gauche et \u00e0 droite jusqu\u2019\u00e0 35 degr\u00e9s, et longitudinalement jusqu\u2019\u00e0 5 degr\u00e9s.<\/p>\n\n\t\t<style type=\"text\/css\">\n\t\t\t#gallery-1 {\n\t\t\t\tmargin: auto;\n\t\t\t}\n\t\t\t#gallery-1 .gallery-item {\n\t\t\t\tfloat: left;\n\t\t\t\tmargin-top: 10px;\n\t\t\t\ttext-align: center;\n\t\t\t\twidth: 33%;\n\t\t\t}\n\t\t\t#gallery-1 img {\n\t\t\t\tborder: 2px solid #cfcfcf;\n\t\t\t}\n\t\t\t#gallery-1 .gallery-caption {\n\t\t\t\tmargin-left: 0;\n\t\t\t}\n\t\t\t\/* see gallery_shortcode() in wp-includes\/media.php *\/\n\t\t<\/style>\n\t\t<div id='gallery-1' class='gallery galleryid-191 gallery-columns-3 gallery-size-thumbnail'><dl class='gallery-item'>\n\t\t\t<dt class='gallery-icon landscape'>\n\t\t\t\t<a href='https:\/\/www.crerf-mueb.eu\/de\/equipements\/simulateurs-et-modules\/simulateur-container-instable\/l1001160-2\/#main'><img width=\"200\" height=\"150\" src=\"https:\/\/www.crerf-mueb.eu\/wp-content\/uploads\/2015\/05\/L10011601-200x150.jpg\" class=\"attachment-thumbnail size-thumbnail\" alt=\"\" decoding=\"async\" loading=\"lazy\" \/><\/a>\n\t\t\t<\/dt><\/dl><dl class='gallery-item'>\n\t\t\t<dt class='gallery-icon landscape'>\n\t\t\t\t<a href='https:\/\/www.crerf-mueb.eu\/de\/galerie-photos\/img_4741\/#main'><img width=\"200\" height=\"150\" src=\"https:\/\/www.crerf-mueb.eu\/wp-content\/uploads\/2015\/05\/IMG_4741-200x150.jpg\" class=\"attachment-thumbnail size-thumbnail\" alt=\"\" decoding=\"async\" loading=\"lazy\" \/><\/a>\n\t\t\t<\/dt><\/dl><dl class='gallery-item'>\n\t\t\t<dt class='gallery-icon landscape'>\n\t\t\t\t<a href='https:\/\/www.crerf-mueb.eu\/de\/equipements\/simulateurs-et-modules\/simulateur-container-instable\/cb1_8863\/#main'><img width=\"200\" height=\"150\" src=\"https:\/\/www.crerf-mueb.eu\/wp-content\/uploads\/2015\/05\/CB1_8863-200x150.jpg\" class=\"attachment-thumbnail size-thumbnail\" alt=\"\" decoding=\"async\" loading=\"lazy\" \/><\/a>\n\t\t\t<\/dt><\/dl><br style=\"clear: both\" \/><dl class='gallery-item'>\n\t\t\t<dt class='gallery-icon portrait'>\n\t\t\t\t<a href='https:\/\/www.crerf-mueb.eu\/de\/equipements\/simulateurs-et-modules\/simulateur-container-instable\/img_4844\/#main'><img width=\"200\" height=\"150\" src=\"https:\/\/www.crerf-mueb.eu\/wp-content\/uploads\/2015\/05\/IMG_4844-200x150.jpg\" class=\"attachment-thumbnail size-thumbnail\" alt=\"\" decoding=\"async\" loading=\"lazy\" \/><\/a>\n\t\t\t<\/dt><\/dl><dl class='gallery-item'>\n\t\t\t<dt class='gallery-icon landscape'>\n\t\t\t\t<a href='https:\/\/www.crerf-mueb.eu\/de\/equipements\/simulateurs-et-modules\/simulateur-container-instable\/img_4768\/#main'><img width=\"200\" height=\"150\" src=\"https:\/\/www.crerf-mueb.eu\/wp-content\/uploads\/2015\/05\/IMG_4768-200x150.jpg\" class=\"attachment-thumbnail size-thumbnail\" alt=\"\" decoding=\"async\" loading=\"lazy\" \/><\/a>\n\t\t\t<\/dt><\/dl><dl class='gallery-item'>\n\t\t\t<dt class='gallery-icon landscape'>\n\t\t\t\t<a href='https:\/\/www.crerf-mueb.eu\/de\/equipements\/simulateurs-et-modules\/simulateur-container-instable\/img_4991-sans-picto\/#main'><img width=\"200\" height=\"150\" src=\"https:\/\/www.crerf-mueb.eu\/wp-content\/uploads\/2015\/05\/IMG_4991-sans-picto-200x150.jpg\" class=\"attachment-thumbnail size-thumbnail\" alt=\"\" decoding=\"async\" loading=\"lazy\" \/><\/a>\n\t\t\t<\/dt><\/dl><br style=\"clear: both\" \/><dl class='gallery-item'>\n\t\t\t<dt class='gallery-icon landscape'>\n\t\t\t\t<a href='https:\/\/www.crerf-mueb.eu\/de\/equipements\/simulateurs-et-modules\/simulateur-container-instable\/img_4978-ss-picto\/#main'><img width=\"200\" height=\"150\" src=\"https:\/\/www.crerf-mueb.eu\/wp-content\/uploads\/2015\/05\/IMG_4978-ss-picto-200x150.jpg\" class=\"attachment-thumbnail size-thumbnail\" alt=\"\" decoding=\"async\" loading=\"lazy\" \/><\/a>\n\t\t\t<\/dt><\/dl>\n\t\t\t<br style='clear: both' \/>\n\t\t<\/div>\n\n<p>\u00a9 Alexandre Schauer<\/p>\n","protected":false},"excerpt":{"rendered":"<p>Le simulateur container instable est destin\u00e9 \u00e0 reproduire plusieurs types de s\u00e9quences pouvant survenir lors d\u2019une collision, voire d\u2019un naufrage. Il peut s\u2019agir\u00a0: d\u2019un container comportant toutes sortes de colis et mati\u00e8res dangereuses ou d\u2019une partie d\u2019un bateau \u00e0 passagers avec des cabines le tout en phase de naufrage avec p\u00e9n\u00e9tration d\u2019eau, dans l\u2019obscurit\u00e9\u00a0; d\u2019une [&hellip;]<\/p>\n","protected":false},"author":2,"featured_media":0,"parent":177,"menu_order":0,"comment_status":"open","ping_status":"open","template":"","meta":{"_mi_skip_tracking":false},"yoast_head":"<!-- This site is optimized with the Yoast SEO plugin v20.5 - https:\/\/yoast.com\/wordpress\/plugins\/seo\/ -->\n<title>Simulateur container instable - CRERF M\u00dcB<\/title>\n<meta name=\"robots\" content=\"index, follow, max-snippet:-1, max-image-preview:large, max-video-preview:-1\" \/>\n<link rel=\"canonical\" href=\"http:\/\/www.crerf-mueb.eu\/de\/equipements\/simulateurs-et-modules\/simulateur-container-instable\/\" \/>\n<meta property=\"og:locale\" content=\"de_DE\" \/>\n<meta property=\"og:type\" content=\"article\" \/>\n<meta property=\"og:title\" content=\"Simulateur container instable - CRERF M\u00dcB\" \/>\n<meta property=\"og:description\" content=\"Le simulateur container instable est destin\u00e9 \u00e0 reproduire plusieurs types de s\u00e9quences pouvant survenir lors d\u2019une collision, voire d\u2019un naufrage. Il peut s\u2019agir\u00a0: d\u2019un container comportant toutes sortes de colis et mati\u00e8res dangereuses ou d\u2019une partie d\u2019un bateau \u00e0 passagers avec des cabines le tout en phase de naufrage avec p\u00e9n\u00e9tration d\u2019eau, dans l\u2019obscurit\u00e9\u00a0; d\u2019une [&hellip;]\" \/>\n<meta property=\"og:url\" content=\"http:\/\/www.crerf-mueb.eu\/de\/equipements\/simulateurs-et-modules\/simulateur-container-instable\/\" \/>\n<meta property=\"og:site_name\" content=\"CRERF M\u00dcB\" \/>\n<meta property=\"article:modified_time\" content=\"2015-06-10T07:54:35+00:00\" \/>\n<meta property=\"og:image\" content=\"http:\/\/www.crerf-mueb.eu\/wp-content\/uploads\/2015\/05\/L10011601-200x150.jpg\" \/>\n<meta name=\"twitter:card\" content=\"summary_large_image\" \/>\n<meta name=\"twitter:label1\" content=\"Gesch\u00e4tzte Lesezeit\" \/>\n\t<meta name=\"twitter:data1\" content=\"1\u00a0Minute\" \/>\n<script type=\"application\/ld+json\" class=\"yoast-schema-graph\">{\"@context\":\"https:\/\/schema.org\",\"@graph\":[{\"@type\":\"WebPage\",\"@id\":\"http:\/\/www.crerf-mueb.eu\/de\/equipements\/simulateurs-et-modules\/simulateur-container-instable\/\",\"url\":\"http:\/\/www.crerf-mueb.eu\/de\/equipements\/simulateurs-et-modules\/simulateur-container-instable\/\",\"name\":\"Simulateur container instable - CRERF M\u00dcB\",\"isPartOf\":{\"@id\":\"https:\/\/www.crerf-mueb.eu\/#website\"},\"datePublished\":\"2015-05-12T10:11:05+00:00\",\"dateModified\":\"2015-06-10T07:54:35+00:00\",\"breadcrumb\":{\"@id\":\"http:\/\/www.crerf-mueb.eu\/de\/equipements\/simulateurs-et-modules\/simulateur-container-instable\/#breadcrumb\"},\"inLanguage\":\"de\",\"potentialAction\":[{\"@type\":\"ReadAction\",\"target\":[\"http:\/\/www.crerf-mueb.eu\/de\/equipements\/simulateurs-et-modules\/simulateur-container-instable\/\"]}]},{\"@type\":\"BreadcrumbList\",\"@id\":\"http:\/\/www.crerf-mueb.eu\/de\/equipements\/simulateurs-et-modules\/simulateur-container-instable\/#breadcrumb\",\"itemListElement\":[{\"@type\":\"ListItem\",\"position\":1,\"name\":\"Accueil\",\"item\":\"http:\/\/www.crerf-mueb.eu\/de\/\"},{\"@type\":\"ListItem\",\"position\":2,\"name\":\"\u00c9quipements\",\"item\":\"http:\/\/www.crerf-mueb.eu\/equipements\/\"},{\"@type\":\"ListItem\",\"position\":3,\"name\":\"Simulateurs et modules\",\"item\":\"http:\/\/www.crerf-mueb.eu\/equipements\/simulateurs-et-modules\/\"},{\"@type\":\"ListItem\",\"position\":4,\"name\":\"Simulateur container instable\"}]},{\"@type\":\"WebSite\",\"@id\":\"https:\/\/www.crerf-mueb.eu\/#website\",\"url\":\"https:\/\/www.crerf-mueb.eu\/\",\"name\":\"CRERF M\u00dcB\",\"description\":\"River Risk Control Training Center\",\"potentialAction\":[{\"@type\":\"SearchAction\",\"target\":{\"@type\":\"EntryPoint\",\"urlTemplate\":\"https:\/\/www.crerf-mueb.eu\/?s={search_term_string}\"},\"query-input\":\"required name=search_term_string\"}],\"inLanguage\":\"de\"}]}<\/script>\n<!-- \/ Yoast SEO plugin. -->","yoast_head_json":{"title":"Simulateur container instable - CRERF M\u00dcB","robots":{"index":"index","follow":"follow","max-snippet":"max-snippet:-1","max-image-preview":"max-image-preview:large","max-video-preview":"max-video-preview:-1"},"canonical":"http:\/\/www.crerf-mueb.eu\/de\/equipements\/simulateurs-et-modules\/simulateur-container-instable\/","og_locale":"de_DE","og_type":"article","og_title":"Simulateur container instable - CRERF M\u00dcB","og_description":"Le simulateur container instable est destin\u00e9 \u00e0 reproduire plusieurs types de s\u00e9quences pouvant survenir lors d\u2019une collision, voire d\u2019un naufrage. Il peut s\u2019agir\u00a0: d\u2019un container comportant toutes sortes de colis et mati\u00e8res dangereuses ou d\u2019une partie d\u2019un bateau \u00e0 passagers avec des cabines le tout en phase de naufrage avec p\u00e9n\u00e9tration d\u2019eau, dans l\u2019obscurit\u00e9\u00a0; d\u2019une [&hellip;]","og_url":"http:\/\/www.crerf-mueb.eu\/de\/equipements\/simulateurs-et-modules\/simulateur-container-instable\/","og_site_name":"CRERF M\u00dcB","article_modified_time":"2015-06-10T07:54:35+00:00","og_image":[{"url":"http:\/\/www.crerf-mueb.eu\/wp-content\/uploads\/2015\/05\/L10011601-200x150.jpg"}],"twitter_card":"summary_large_image","twitter_misc":{"Gesch\u00e4tzte Lesezeit":"1\u00a0Minute"},"schema":{"@context":"https:\/\/schema.org","@graph":[{"@type":"WebPage","@id":"http:\/\/www.crerf-mueb.eu\/de\/equipements\/simulateurs-et-modules\/simulateur-container-instable\/","url":"http:\/\/www.crerf-mueb.eu\/de\/equipements\/simulateurs-et-modules\/simulateur-container-instable\/","name":"Simulateur container instable - CRERF M\u00dcB","isPartOf":{"@id":"https:\/\/www.crerf-mueb.eu\/#website"},"datePublished":"2015-05-12T10:11:05+00:00","dateModified":"2015-06-10T07:54:35+00:00","breadcrumb":{"@id":"http:\/\/www.crerf-mueb.eu\/de\/equipements\/simulateurs-et-modules\/simulateur-container-instable\/#breadcrumb"},"inLanguage":"de","potentialAction":[{"@type":"ReadAction","target":["http:\/\/www.crerf-mueb.eu\/de\/equipements\/simulateurs-et-modules\/simulateur-container-instable\/"]}]},{"@type":"BreadcrumbList","@id":"http:\/\/www.crerf-mueb.eu\/de\/equipements\/simulateurs-et-modules\/simulateur-container-instable\/#breadcrumb","itemListElement":[{"@type":"ListItem","position":1,"name":"Accueil","item":"http:\/\/www.crerf-mueb.eu\/de\/"},{"@type":"ListItem","position":2,"name":"\u00c9quipements","item":"http:\/\/www.crerf-mueb.eu\/equipements\/"},{"@type":"ListItem","position":3,"name":"Simulateurs et modules","item":"http:\/\/www.crerf-mueb.eu\/equipements\/simulateurs-et-modules\/"},{"@type":"ListItem","position":4,"name":"Simulateur container instable"}]},{"@type":"WebSite","@id":"https:\/\/www.crerf-mueb.eu\/#website","url":"https:\/\/www.crerf-mueb.eu\/","name":"CRERF M\u00dcB","description":"River Risk Control Training Center","potentialAction":[{"@type":"SearchAction","target":{"@type":"EntryPoint","urlTemplate":"https:\/\/www.crerf-mueb.eu\/?s={search_term_string}"},"query-input":"required name=search_term_string"}],"inLanguage":"de"}]}},"_links":{"self":[{"href":"https:\/\/www.crerf-mueb.eu\/de\/wp-json\/wp\/v2\/pages\/191"}],"collection":[{"href":"https:\/\/www.crerf-mueb.eu\/de\/wp-json\/wp\/v2\/pages"}],"about":[{"href":"https:\/\/www.crerf-mueb.eu\/de\/wp-json\/wp\/v2\/types\/page"}],"author":[{"embeddable":true,"href":"https:\/\/www.crerf-mueb.eu\/de\/wp-json\/wp\/v2\/users\/2"}],"replies":[{"embeddable":true,"href":"https:\/\/www.crerf-mueb.eu\/de\/wp-json\/wp\/v2\/comments?post=191"}],"version-history":[{"count":12,"href":"https:\/\/www.crerf-mueb.eu\/de\/wp-json\/wp\/v2\/pages\/191\/revisions"}],"predecessor-version":[{"id":543,"href":"https:\/\/www.crerf-mueb.eu\/de\/wp-json\/wp\/v2\/pages\/191\/revisions\/543"}],"up":[{"embeddable":true,"href":"https:\/\/www.crerf-mueb.eu\/de\/wp-json\/wp\/v2\/pages\/177"}],"wp:attachment":[{"href":"https:\/\/www.crerf-mueb.eu\/de\/wp-json\/wp\/v2\/media?parent=191"}],"curies":[{"name":"wp","href":"https:\/\/api.w.org\/{rel}","templated":true}]}}