{"id":270,"date":"2015-05-19T13:59:31","date_gmt":"2015-05-19T12:59:31","guid":{"rendered":"http:\/\/www.crerf-mueb.eu\/?page_id=270"},"modified":"2015-05-28T10:53:41","modified_gmt":"2015-05-28T09:53:41","slug":"simulateur-tackeur","status":"publish","type":"page","link":"https:\/\/www.crerf-mueb.eu\/de\/equipements\/simulateurs-et-modules\/simulateur-tackeur\/","title":{"rendered":"Simulateur tanker"},"content":{"rendered":"<p><strong>Le simulateur tanker est destin\u00e9 \u00e0 reproduire des fuites ext\u00e9rieures sur des conduites, des r\u00e9servoirs, des vannes, des brides de toutes sections et de toutes formes.<\/strong><\/p>\n<p>Les stagiaires peuvent analyser les circuits, identifier les vannes de coupure, r\u00e9aliser des colmatages sur tous les types de fuites avec le mat\u00e9riel mis \u00e0 disposition.<\/p>\n<p>Les \u00e9coulements peuvent \u00eatre de type monophasique (liquide ou gazeux) ou bi-phasique (liquide et gazeux).<\/p>\n\n\t\t<style type=\"text\/css\">\n\t\t\t#gallery-1 {\n\t\t\t\tmargin: auto;\n\t\t\t}\n\t\t\t#gallery-1 .gallery-item {\n\t\t\t\tfloat: left;\n\t\t\t\tmargin-top: 10px;\n\t\t\t\ttext-align: center;\n\t\t\t\twidth: 33%;\n\t\t\t}\n\t\t\t#gallery-1 img {\n\t\t\t\tborder: 2px solid #cfcfcf;\n\t\t\t}\n\t\t\t#gallery-1 .gallery-caption {\n\t\t\t\tmargin-left: 0;\n\t\t\t}\n\t\t\t\/* see gallery_shortcode() in wp-includes\/media.php *\/\n\t\t<\/style>\n\t\t<div id='gallery-1' class='gallery galleryid-270 gallery-columns-3 gallery-size-thumbnail'><dl class='gallery-item'>\n\t\t\t<dt class='gallery-icon landscape'>\n\t\t\t\t<a href='https:\/\/www.crerf-mueb.eu\/de\/equipements\/simulateurs-et-modules\/simulateur-tackeur\/img_4946\/#main'><img width=\"200\" height=\"150\" src=\"https:\/\/www.crerf-mueb.eu\/wp-content\/uploads\/2015\/05\/IMG_4946-200x150.jpg\" class=\"attachment-thumbnail size-thumbnail\" alt=\"\" decoding=\"async\" loading=\"lazy\" \/><\/a>\n\t\t\t<\/dt><\/dl><dl class='gallery-item'>\n\t\t\t<dt class='gallery-icon landscape'>\n\t\t\t\t<a href='https:\/\/www.crerf-mueb.eu\/de\/equipements\/simulateurs-et-modules\/simulateur-tackeur\/img_4886\/#main'><img width=\"200\" height=\"150\" src=\"https:\/\/www.crerf-mueb.eu\/wp-content\/uploads\/2015\/05\/IMG_4886-200x150.jpg\" class=\"attachment-thumbnail size-thumbnail\" alt=\"\" decoding=\"async\" loading=\"lazy\" \/><\/a>\n\t\t\t<\/dt><\/dl><dl class='gallery-item'>\n\t\t\t<dt class='gallery-icon landscape'>\n\t\t\t\t<a href='https:\/\/www.crerf-mueb.eu\/de\/equipements\/simulateurs-et-modules\/simulateur-tackeur\/img_4877\/#main'><img width=\"200\" height=\"150\" src=\"https:\/\/www.crerf-mueb.eu\/wp-content\/uploads\/2015\/05\/IMG_4877-200x150.jpg\" class=\"attachment-thumbnail size-thumbnail\" alt=\"\" decoding=\"async\" loading=\"lazy\" \/><\/a>\n\t\t\t<\/dt><\/dl><br style=\"clear: both\" \/><dl class='gallery-item'>\n\t\t\t<dt class='gallery-icon landscape'>\n\t\t\t\t<a href='https:\/\/www.crerf-mueb.eu\/de\/equipements\/simulateurs-et-modules\/simulateur-tackeur\/img_4871\/#main'><img width=\"200\" height=\"150\" src=\"https:\/\/www.crerf-mueb.eu\/wp-content\/uploads\/2015\/05\/IMG_4871-200x150.jpg\" class=\"attachment-thumbnail size-thumbnail\" alt=\"\" decoding=\"async\" loading=\"lazy\" \/><\/a>\n\t\t\t<\/dt><\/dl><dl class='gallery-item'>\n\t\t\t<dt class='gallery-icon portrait'>\n\t\t\t\t<a href='https:\/\/www.crerf-mueb.eu\/de\/equipements\/simulateurs-et-modules\/simulateur-tackeur\/l1001165\/#main'><img width=\"200\" height=\"150\" src=\"https:\/\/www.crerf-mueb.eu\/wp-content\/uploads\/2015\/05\/L1001165-200x150.jpg\" class=\"attachment-thumbnail size-thumbnail\" alt=\"\" decoding=\"async\" loading=\"lazy\" \/><\/a>\n\t\t\t<\/dt><\/dl>\n\t\t\t<br style='clear: both' \/>\n\t\t<\/div>\n\n<p>\u00a9 Alexandre Schauer<\/p>\n","protected":false},"excerpt":{"rendered":"<p>Le simulateur tanker est destin\u00e9 \u00e0 reproduire des fuites ext\u00e9rieures sur des conduites, des r\u00e9servoirs, des vannes, des brides de toutes sections et de toutes formes. Les stagiaires peuvent analyser les circuits, identifier les vannes de coupure, r\u00e9aliser des colmatages sur tous les types de fuites avec le mat\u00e9riel mis \u00e0 disposition. Les \u00e9coulements peuvent [&hellip;]<\/p>\n","protected":false},"author":1,"featured_media":0,"parent":177,"menu_order":0,"comment_status":"open","ping_status":"open","template":"","meta":{"_mi_skip_tracking":false},"yoast_head":"<!-- This site is optimized with the Yoast SEO plugin v20.5 - https:\/\/yoast.com\/wordpress\/plugins\/seo\/ -->\n<title>Simulateur tanker - CRERF M\u00dcB<\/title>\n<meta name=\"description\" content=\"Le simulateur tanker est destin\u00e9 \u00e0 reproduire des fuites ext\u00e9rieures sur des conduites, des r\u00e9servoirs, des brides de toutes sections et de toutes formes.\" \/>\n<meta name=\"robots\" content=\"index, follow, max-snippet:-1, max-image-preview:large, max-video-preview:-1\" \/>\n<link rel=\"canonical\" href=\"http:\/\/www.crerf-mueb.eu\/equipements\/simulateurs-et-modules\/simulateur-tackeur\/\" \/>\n<meta property=\"og:locale\" content=\"de_DE\" \/>\n<meta property=\"og:type\" content=\"article\" \/>\n<meta property=\"og:title\" content=\"Simulateur tanker - CRERF M\u00dcB\" \/>\n<meta property=\"og:description\" content=\"Le simulateur tanker est destin\u00e9 \u00e0 reproduire des fuites ext\u00e9rieures sur des conduites, des r\u00e9servoirs, des brides de toutes sections et de toutes formes.\" \/>\n<meta property=\"og:url\" content=\"http:\/\/www.crerf-mueb.eu\/equipements\/simulateurs-et-modules\/simulateur-tackeur\/\" \/>\n<meta property=\"og:site_name\" content=\"CRERF M\u00dcB\" \/>\n<meta property=\"article:modified_time\" content=\"2015-05-28T09:53:41+00:00\" \/>\n<meta property=\"og:image\" content=\"http:\/\/www.crerf-mueb.eu\/wp-content\/uploads\/2015\/05\/IMG_4946-200x150.jpg\" \/>\n<meta name=\"twitter:card\" content=\"summary_large_image\" \/>\n<script type=\"application\/ld+json\" class=\"yoast-schema-graph\">{\"@context\":\"https:\/\/schema.org\",\"@graph\":[{\"@type\":\"WebPage\",\"@id\":\"http:\/\/www.crerf-mueb.eu\/equipements\/simulateurs-et-modules\/simulateur-tackeur\/\",\"url\":\"http:\/\/www.crerf-mueb.eu\/equipements\/simulateurs-et-modules\/simulateur-tackeur\/\",\"name\":\"Simulateur tanker - CRERF M\u00dcB\",\"isPartOf\":{\"@id\":\"http:\/\/www.crerf-mueb.eu\/#website\"},\"datePublished\":\"2015-05-19T12:59:31+00:00\",\"dateModified\":\"2015-05-28T09:53:41+00:00\",\"description\":\"Le simulateur tanker est destin\u00e9 \u00e0 reproduire des fuites ext\u00e9rieures sur des conduites, des r\u00e9servoirs, des brides de toutes sections et de toutes formes.\",\"breadcrumb\":{\"@id\":\"http:\/\/www.crerf-mueb.eu\/equipements\/simulateurs-et-modules\/simulateur-tackeur\/#breadcrumb\"},\"inLanguage\":\"de\",\"potentialAction\":[{\"@type\":\"ReadAction\",\"target\":[\"http:\/\/www.crerf-mueb.eu\/equipements\/simulateurs-et-modules\/simulateur-tackeur\/\"]}]},{\"@type\":\"BreadcrumbList\",\"@id\":\"http:\/\/www.crerf-mueb.eu\/equipements\/simulateurs-et-modules\/simulateur-tackeur\/#breadcrumb\",\"itemListElement\":[{\"@type\":\"ListItem\",\"position\":1,\"name\":\"Accueil\",\"item\":\"http:\/\/www.crerf-mueb.eu\/de\/\"},{\"@type\":\"ListItem\",\"position\":2,\"name\":\"\u00c9quipements\",\"item\":\"http:\/\/www.crerf-mueb.eu\/equipements\/\"},{\"@type\":\"ListItem\",\"position\":3,\"name\":\"Simulateurs et modules\",\"item\":\"http:\/\/www.crerf-mueb.eu\/equipements\/simulateurs-et-modules\/\"},{\"@type\":\"ListItem\",\"position\":4,\"name\":\"Simulateur tanker\"}]},{\"@type\":\"WebSite\",\"@id\":\"http:\/\/www.crerf-mueb.eu\/#website\",\"url\":\"http:\/\/www.crerf-mueb.eu\/\",\"name\":\"CRERF M\u00dcB\",\"description\":\"River Risk Control Training Center\",\"potentialAction\":[{\"@type\":\"SearchAction\",\"target\":{\"@type\":\"EntryPoint\",\"urlTemplate\":\"http:\/\/www.crerf-mueb.eu\/?s={search_term_string}\"},\"query-input\":\"required name=search_term_string\"}],\"inLanguage\":\"de\"}]}<\/script>\n<!-- \/ Yoast SEO plugin. -->","yoast_head_json":{"title":"Simulateur tanker - CRERF M\u00dcB","description":"Le simulateur tanker est destin\u00e9 \u00e0 reproduire des fuites ext\u00e9rieures sur des conduites, des r\u00e9servoirs, des brides de toutes sections et de toutes formes.","robots":{"index":"index","follow":"follow","max-snippet":"max-snippet:-1","max-image-preview":"max-image-preview:large","max-video-preview":"max-video-preview:-1"},"canonical":"http:\/\/www.crerf-mueb.eu\/equipements\/simulateurs-et-modules\/simulateur-tackeur\/","og_locale":"de_DE","og_type":"article","og_title":"Simulateur tanker - CRERF M\u00dcB","og_description":"Le simulateur tanker est destin\u00e9 \u00e0 reproduire des fuites ext\u00e9rieures sur des conduites, des r\u00e9servoirs, des brides de toutes sections et de toutes formes.","og_url":"http:\/\/www.crerf-mueb.eu\/equipements\/simulateurs-et-modules\/simulateur-tackeur\/","og_site_name":"CRERF M\u00dcB","article_modified_time":"2015-05-28T09:53:41+00:00","og_image":[{"url":"http:\/\/www.crerf-mueb.eu\/wp-content\/uploads\/2015\/05\/IMG_4946-200x150.jpg"}],"twitter_card":"summary_large_image","schema":{"@context":"https:\/\/schema.org","@graph":[{"@type":"WebPage","@id":"http:\/\/www.crerf-mueb.eu\/equipements\/simulateurs-et-modules\/simulateur-tackeur\/","url":"http:\/\/www.crerf-mueb.eu\/equipements\/simulateurs-et-modules\/simulateur-tackeur\/","name":"Simulateur tanker - CRERF M\u00dcB","isPartOf":{"@id":"http:\/\/www.crerf-mueb.eu\/#website"},"datePublished":"2015-05-19T12:59:31+00:00","dateModified":"2015-05-28T09:53:41+00:00","description":"Le simulateur tanker est destin\u00e9 \u00e0 reproduire des fuites ext\u00e9rieures sur des conduites, des r\u00e9servoirs, des brides de toutes sections et de toutes formes.","breadcrumb":{"@id":"http:\/\/www.crerf-mueb.eu\/equipements\/simulateurs-et-modules\/simulateur-tackeur\/#breadcrumb"},"inLanguage":"de","potentialAction":[{"@type":"ReadAction","target":["http:\/\/www.crerf-mueb.eu\/equipements\/simulateurs-et-modules\/simulateur-tackeur\/"]}]},{"@type":"BreadcrumbList","@id":"http:\/\/www.crerf-mueb.eu\/equipements\/simulateurs-et-modules\/simulateur-tackeur\/#breadcrumb","itemListElement":[{"@type":"ListItem","position":1,"name":"Accueil","item":"http:\/\/www.crerf-mueb.eu\/de\/"},{"@type":"ListItem","position":2,"name":"\u00c9quipements","item":"http:\/\/www.crerf-mueb.eu\/equipements\/"},{"@type":"ListItem","position":3,"name":"Simulateurs et modules","item":"http:\/\/www.crerf-mueb.eu\/equipements\/simulateurs-et-modules\/"},{"@type":"ListItem","position":4,"name":"Simulateur tanker"}]},{"@type":"WebSite","@id":"http:\/\/www.crerf-mueb.eu\/#website","url":"http:\/\/www.crerf-mueb.eu\/","name":"CRERF M\u00dcB","description":"River Risk Control Training Center","potentialAction":[{"@type":"SearchAction","target":{"@type":"EntryPoint","urlTemplate":"http:\/\/www.crerf-mueb.eu\/?s={search_term_string}"},"query-input":"required name=search_term_string"}],"inLanguage":"de"}]}},"_links":{"self":[{"href":"https:\/\/www.crerf-mueb.eu\/de\/wp-json\/wp\/v2\/pages\/270"}],"collection":[{"href":"https:\/\/www.crerf-mueb.eu\/de\/wp-json\/wp\/v2\/pages"}],"about":[{"href":"https:\/\/www.crerf-mueb.eu\/de\/wp-json\/wp\/v2\/types\/page"}],"author":[{"embeddable":true,"href":"https:\/\/www.crerf-mueb.eu\/de\/wp-json\/wp\/v2\/users\/1"}],"replies":[{"embeddable":true,"href":"https:\/\/www.crerf-mueb.eu\/de\/wp-json\/wp\/v2\/comments?post=270"}],"version-history":[{"count":7,"href":"https:\/\/www.crerf-mueb.eu\/de\/wp-json\/wp\/v2\/pages\/270\/revisions"}],"predecessor-version":[{"id":548,"href":"https:\/\/www.crerf-mueb.eu\/de\/wp-json\/wp\/v2\/pages\/270\/revisions\/548"}],"up":[{"embeddable":true,"href":"https:\/\/www.crerf-mueb.eu\/de\/wp-json\/wp\/v2\/pages\/177"}],"wp:attachment":[{"href":"https:\/\/www.crerf-mueb.eu\/de\/wp-json\/wp\/v2\/media?parent=270"}],"curies":[{"name":"wp","href":"https:\/\/api.w.org\/{rel}","templated":true}]}}