{"id":272,"date":"2015-05-19T14:00:14","date_gmt":"2015-05-19T13:00:14","guid":{"rendered":"http:\/\/www.crerf-mueb.eu\/?page_id=272"},"modified":"2015-06-16T14:01:34","modified_gmt":"2015-06-16T13:01:34","slug":"leckage-auf-tankermotorschiff","status":"publish","type":"page","link":"https:\/\/www.crerf-mueb.eu\/de\/u%cc%88bungsmo%cc%88glichkeiten\/ausbildingsbereiche\/leckage-auf-tankermotorschiff\/","title":{"rendered":"Leckage auf Tankermotorschiff"},"content":{"rendered":"<h2>Ausbildungsbereich Rohrleckage auf Tankmotorschiff<\/h2>\n<p><strong>Die M\u00dcB war urspr\u00fcnglich ein Tankmotorschiff.<\/strong> Aus dieser Zeit wurde ein Gro\u00dfteil der Flanschen, Rohre, Schieber und Beh\u00e4lter beim Umbau beibehalten und so modifiziert, dass hier verschiedene Leckagen mit Luft und Wasser simuliert werden k\u00f6nnen.<\/p>\n<p>Auffangen, Eind\u00e4mmen und Abdichten kann so realit\u00e4tsnah ausprobiert werden.<\/p>\n\n\t\t<style type=\"text\/css\">\n\t\t\t#gallery-1 {\n\t\t\t\tmargin: auto;\n\t\t\t}\n\t\t\t#gallery-1 .gallery-item {\n\t\t\t\tfloat: left;\n\t\t\t\tmargin-top: 10px;\n\t\t\t\ttext-align: center;\n\t\t\t\twidth: 33%;\n\t\t\t}\n\t\t\t#gallery-1 img {\n\t\t\t\tborder: 2px solid #cfcfcf;\n\t\t\t}\n\t\t\t#gallery-1 .gallery-caption {\n\t\t\t\tmargin-left: 0;\n\t\t\t}\n\t\t\t\/* see gallery_shortcode() in wp-includes\/media.php *\/\n\t\t<\/style>\n\t\t<div id='gallery-1' class='gallery galleryid-272 gallery-columns-3 gallery-size-thumbnail'><dl class='gallery-item'>\n\t\t\t<dt class='gallery-icon landscape'>\n\t\t\t\t<a href='https:\/\/www.crerf-mueb.eu\/wp-content\/uploads\/2015\/05\/IMG_4946-e1432731199319.jpg'><img width=\"200\" height=\"150\" src=\"https:\/\/www.crerf-mueb.eu\/wp-content\/uploads\/2015\/05\/IMG_4946-200x150.jpg\" class=\"attachment-thumbnail size-thumbnail\" alt=\"\" decoding=\"async\" loading=\"lazy\" \/><\/a>\n\t\t\t<\/dt><\/dl><dl class='gallery-item'>\n\t\t\t<dt class='gallery-icon landscape'>\n\t\t\t\t<a href='https:\/\/www.crerf-mueb.eu\/wp-content\/uploads\/2015\/05\/IMG_4886-e1432731210313.jpg'><img width=\"200\" height=\"150\" src=\"https:\/\/www.crerf-mueb.eu\/wp-content\/uploads\/2015\/05\/IMG_4886-200x150.jpg\" class=\"attachment-thumbnail size-thumbnail\" alt=\"\" decoding=\"async\" loading=\"lazy\" \/><\/a>\n\t\t\t<\/dt><\/dl><dl class='gallery-item'>\n\t\t\t<dt class='gallery-icon landscape'>\n\t\t\t\t<a href='https:\/\/www.crerf-mueb.eu\/wp-content\/uploads\/2015\/05\/IMG_4877-e1432731226741.jpg'><img width=\"200\" height=\"150\" src=\"https:\/\/www.crerf-mueb.eu\/wp-content\/uploads\/2015\/05\/IMG_4877-200x150.jpg\" class=\"attachment-thumbnail size-thumbnail\" alt=\"\" decoding=\"async\" loading=\"lazy\" \/><\/a>\n\t\t\t<\/dt><\/dl><br style=\"clear: both\" \/><dl class='gallery-item'>\n\t\t\t<dt class='gallery-icon landscape'>\n\t\t\t\t<a href='https:\/\/www.crerf-mueb.eu\/wp-content\/uploads\/2015\/05\/IMG_4871-e1432731238875.jpg'><img width=\"200\" height=\"150\" src=\"https:\/\/www.crerf-mueb.eu\/wp-content\/uploads\/2015\/05\/IMG_4871-200x150.jpg\" class=\"attachment-thumbnail size-thumbnail\" alt=\"\" decoding=\"async\" loading=\"lazy\" \/><\/a>\n\t\t\t<\/dt><\/dl><dl class='gallery-item'>\n\t\t\t<dt class='gallery-icon portrait'>\n\t\t\t\t<a href='https:\/\/www.crerf-mueb.eu\/wp-content\/uploads\/2015\/05\/L1001165-e1433923231611.jpg'><img width=\"200\" height=\"150\" src=\"https:\/\/www.crerf-mueb.eu\/wp-content\/uploads\/2015\/05\/L1001165-200x150.jpg\" class=\"attachment-thumbnail size-thumbnail\" alt=\"\" decoding=\"async\" loading=\"lazy\" \/><\/a>\n\t\t\t<\/dt><\/dl>\n\t\t\t<br style='clear: both' \/>\n\t\t<\/div>\n\n<p>\u00a9 Alexandre Schauer<\/p>\n","protected":false},"excerpt":{"rendered":"<p>Ausbildungsbereich Rohrleckage auf Tankmotorschiff Die M\u00dcB war urspr\u00fcnglich ein Tankmotorschiff. Aus dieser Zeit wurde ein Gro\u00dfteil der Flanschen, Rohre, Schieber und Beh\u00e4lter beim Umbau beibehalten und so modifiziert, dass hier verschiedene Leckagen mit Luft und Wasser simuliert werden k\u00f6nnen. Auffangen, Eind\u00e4mmen und Abdichten kann so realit\u00e4tsnah ausprobiert werden. \u00a9 Alexandre Schauer<\/p>\n","protected":false},"author":1,"featured_media":0,"parent":179,"menu_order":0,"comment_status":"open","ping_status":"open","template":"","meta":{"_mi_skip_tracking":false},"yoast_head":"<!-- This site is optimized with the Yoast SEO plugin v20.5 - https:\/\/yoast.com\/wordpress\/plugins\/seo\/ -->\n<title>Ausbildungsbereich Rohrleckage auf Tankmotorschiff<\/title>\n<meta name=\"description\" content=\"Die M\u00dcB war urspr\u00fcnglich ein Tankmotorschiff. Aus dieser Zeit wurde ein Gro\u00dfteil der Flansche, Rohre, Schieber und Beh\u00e4lter beim Umbau beibehalten...\" \/>\n<meta name=\"robots\" content=\"index, follow, max-snippet:-1, max-image-preview:large, max-video-preview:-1\" \/>\n<link rel=\"canonical\" href=\"https:\/\/www.crerf-mueb.eu\/de\/u\u0308bungsmo\u0308glichkeiten\/ausbildingsbereiche\/leckage-auf-tankermotorschiff\/\" \/>\n<meta property=\"og:locale\" content=\"de_DE\" \/>\n<meta property=\"og:type\" content=\"article\" \/>\n<meta property=\"og:title\" content=\"Ausbildungsbereich Rohrleckage auf Tankmotorschiff\" \/>\n<meta property=\"og:description\" content=\"Die M\u00dcB war urspr\u00fcnglich ein Tankmotorschiff. Aus dieser Zeit wurde ein Gro\u00dfteil der Flansche, Rohre, Schieber und Beh\u00e4lter beim Umbau beibehalten...\" \/>\n<meta property=\"og:url\" content=\"https:\/\/www.crerf-mueb.eu\/de\/u\u0308bungsmo\u0308glichkeiten\/ausbildingsbereiche\/leckage-auf-tankermotorschiff\/\" \/>\n<meta property=\"og:site_name\" content=\"CRERF M\u00dcB\" \/>\n<meta property=\"article:modified_time\" content=\"2015-06-16T13:01:34+00:00\" \/>\n<meta property=\"og:image\" content=\"https:\/\/www.crerf-mueb.eu\/wp-content\/uploads\/2015\/05\/IMG_4946-200x150.jpg\" \/>\n<meta name=\"twitter:card\" content=\"summary_large_image\" \/>\n<script type=\"application\/ld+json\" class=\"yoast-schema-graph\">{\"@context\":\"https:\/\/schema.org\",\"@graph\":[{\"@type\":\"WebPage\",\"@id\":\"https:\/\/www.crerf-mueb.eu\/de\/u%cc%88bungsmo%cc%88glichkeiten\/ausbildingsbereiche\/leckage-auf-tankermotorschiff\/\",\"url\":\"https:\/\/www.crerf-mueb.eu\/de\/u%cc%88bungsmo%cc%88glichkeiten\/ausbildingsbereiche\/leckage-auf-tankermotorschiff\/\",\"name\":\"Ausbildungsbereich Rohrleckage auf Tankmotorschiff\",\"isPartOf\":{\"@id\":\"http:\/\/www.crerf-mueb.eu\/#website\"},\"datePublished\":\"2015-05-19T13:00:14+00:00\",\"dateModified\":\"2015-06-16T13:01:34+00:00\",\"description\":\"Die M\u00dcB war urspr\u00fcnglich ein Tankmotorschiff. Aus dieser Zeit wurde ein Gro\u00dfteil der Flansche, Rohre, Schieber und Beh\u00e4lter beim Umbau beibehalten...\",\"breadcrumb\":{\"@id\":\"https:\/\/www.crerf-mueb.eu\/de\/u%cc%88bungsmo%cc%88glichkeiten\/ausbildingsbereiche\/leckage-auf-tankermotorschiff\/#breadcrumb\"},\"inLanguage\":\"de\",\"potentialAction\":[{\"@type\":\"ReadAction\",\"target\":[\"https:\/\/www.crerf-mueb.eu\/de\/u%cc%88bungsmo%cc%88glichkeiten\/ausbildingsbereiche\/leckage-auf-tankermotorschiff\/\"]}]},{\"@type\":\"BreadcrumbList\",\"@id\":\"https:\/\/www.crerf-mueb.eu\/de\/u%cc%88bungsmo%cc%88glichkeiten\/ausbildingsbereiche\/leckage-auf-tankermotorschiff\/#breadcrumb\",\"itemListElement\":[{\"@type\":\"ListItem\",\"position\":1,\"name\":\"Accueil\",\"item\":\"http:\/\/www.crerf-mueb.eu\/de\/\"},{\"@type\":\"ListItem\",\"position\":2,\"name\":\"\u00dcbungsm\u00f6glichkeiten\",\"item\":\"http:\/\/www.crerf-mueb.eu\/de\/u%cc%88bungsmo%cc%88glichkeiten\/\"},{\"@type\":\"ListItem\",\"position\":3,\"name\":\"Ausbildungsbereiche\",\"item\":\"http:\/\/www.crerf-mueb.eu\/de\/u%cc%88bungsmo%cc%88glichkeiten\/ausbildingsbereiche\/\"},{\"@type\":\"ListItem\",\"position\":4,\"name\":\"Leckage auf Tankermotorschiff\"}]},{\"@type\":\"WebSite\",\"@id\":\"http:\/\/www.crerf-mueb.eu\/#website\",\"url\":\"http:\/\/www.crerf-mueb.eu\/\",\"name\":\"CRERF M\u00dcB\",\"description\":\"River Risk Control Training Center\",\"potentialAction\":[{\"@type\":\"SearchAction\",\"target\":{\"@type\":\"EntryPoint\",\"urlTemplate\":\"http:\/\/www.crerf-mueb.eu\/?s={search_term_string}\"},\"query-input\":\"required name=search_term_string\"}],\"inLanguage\":\"de\"}]}<\/script>\n<!-- \/ Yoast SEO plugin. -->","yoast_head_json":{"title":"Ausbildungsbereich Rohrleckage auf Tankmotorschiff","description":"Die M\u00dcB war urspr\u00fcnglich ein Tankmotorschiff. Aus dieser Zeit wurde ein Gro\u00dfteil der Flansche, Rohre, Schieber und Beh\u00e4lter beim Umbau beibehalten...","robots":{"index":"index","follow":"follow","max-snippet":"max-snippet:-1","max-image-preview":"max-image-preview:large","max-video-preview":"max-video-preview:-1"},"canonical":"https:\/\/www.crerf-mueb.eu\/de\/u\u0308bungsmo\u0308glichkeiten\/ausbildingsbereiche\/leckage-auf-tankermotorschiff\/","og_locale":"de_DE","og_type":"article","og_title":"Ausbildungsbereich Rohrleckage auf Tankmotorschiff","og_description":"Die M\u00dcB war urspr\u00fcnglich ein Tankmotorschiff. Aus dieser Zeit wurde ein Gro\u00dfteil der Flansche, Rohre, Schieber und Beh\u00e4lter beim Umbau beibehalten...","og_url":"https:\/\/www.crerf-mueb.eu\/de\/u\u0308bungsmo\u0308glichkeiten\/ausbildingsbereiche\/leckage-auf-tankermotorschiff\/","og_site_name":"CRERF M\u00dcB","article_modified_time":"2015-06-16T13:01:34+00:00","og_image":[{"url":"https:\/\/www.crerf-mueb.eu\/wp-content\/uploads\/2015\/05\/IMG_4946-200x150.jpg"}],"twitter_card":"summary_large_image","schema":{"@context":"https:\/\/schema.org","@graph":[{"@type":"WebPage","@id":"https:\/\/www.crerf-mueb.eu\/de\/u%cc%88bungsmo%cc%88glichkeiten\/ausbildingsbereiche\/leckage-auf-tankermotorschiff\/","url":"https:\/\/www.crerf-mueb.eu\/de\/u%cc%88bungsmo%cc%88glichkeiten\/ausbildingsbereiche\/leckage-auf-tankermotorschiff\/","name":"Ausbildungsbereich Rohrleckage auf Tankmotorschiff","isPartOf":{"@id":"http:\/\/www.crerf-mueb.eu\/#website"},"datePublished":"2015-05-19T13:00:14+00:00","dateModified":"2015-06-16T13:01:34+00:00","description":"Die M\u00dcB war urspr\u00fcnglich ein Tankmotorschiff. Aus dieser Zeit wurde ein Gro\u00dfteil der Flansche, Rohre, Schieber und Beh\u00e4lter beim Umbau beibehalten...","breadcrumb":{"@id":"https:\/\/www.crerf-mueb.eu\/de\/u%cc%88bungsmo%cc%88glichkeiten\/ausbildingsbereiche\/leckage-auf-tankermotorschiff\/#breadcrumb"},"inLanguage":"de","potentialAction":[{"@type":"ReadAction","target":["https:\/\/www.crerf-mueb.eu\/de\/u%cc%88bungsmo%cc%88glichkeiten\/ausbildingsbereiche\/leckage-auf-tankermotorschiff\/"]}]},{"@type":"BreadcrumbList","@id":"https:\/\/www.crerf-mueb.eu\/de\/u%cc%88bungsmo%cc%88glichkeiten\/ausbildingsbereiche\/leckage-auf-tankermotorschiff\/#breadcrumb","itemListElement":[{"@type":"ListItem","position":1,"name":"Accueil","item":"http:\/\/www.crerf-mueb.eu\/de\/"},{"@type":"ListItem","position":2,"name":"\u00dcbungsm\u00f6glichkeiten","item":"http:\/\/www.crerf-mueb.eu\/de\/u%cc%88bungsmo%cc%88glichkeiten\/"},{"@type":"ListItem","position":3,"name":"Ausbildungsbereiche","item":"http:\/\/www.crerf-mueb.eu\/de\/u%cc%88bungsmo%cc%88glichkeiten\/ausbildingsbereiche\/"},{"@type":"ListItem","position":4,"name":"Leckage auf Tankermotorschiff"}]},{"@type":"WebSite","@id":"http:\/\/www.crerf-mueb.eu\/#website","url":"http:\/\/www.crerf-mueb.eu\/","name":"CRERF M\u00dcB","description":"River Risk Control Training Center","potentialAction":[{"@type":"SearchAction","target":{"@type":"EntryPoint","urlTemplate":"http:\/\/www.crerf-mueb.eu\/?s={search_term_string}"},"query-input":"required name=search_term_string"}],"inLanguage":"de"}]}},"_links":{"self":[{"href":"https:\/\/www.crerf-mueb.eu\/de\/wp-json\/wp\/v2\/pages\/272"}],"collection":[{"href":"https:\/\/www.crerf-mueb.eu\/de\/wp-json\/wp\/v2\/pages"}],"about":[{"href":"https:\/\/www.crerf-mueb.eu\/de\/wp-json\/wp\/v2\/types\/page"}],"author":[{"embeddable":true,"href":"https:\/\/www.crerf-mueb.eu\/de\/wp-json\/wp\/v2\/users\/1"}],"replies":[{"embeddable":true,"href":"https:\/\/www.crerf-mueb.eu\/de\/wp-json\/wp\/v2\/comments?post=272"}],"version-history":[{"count":8,"href":"https:\/\/www.crerf-mueb.eu\/de\/wp-json\/wp\/v2\/pages\/272\/revisions"}],"predecessor-version":[{"id":757,"href":"https:\/\/www.crerf-mueb.eu\/de\/wp-json\/wp\/v2\/pages\/272\/revisions\/757"}],"up":[{"embeddable":true,"href":"https:\/\/www.crerf-mueb.eu\/de\/wp-json\/wp\/v2\/pages\/179"}],"wp:attachment":[{"href":"https:\/\/www.crerf-mueb.eu\/de\/wp-json\/wp\/v2\/media?parent=272"}],"curies":[{"name":"wp","href":"https:\/\/api.w.org\/{rel}","templated":true}]}}