{"id":378,"date":"2015-05-19T15:19:33","date_gmt":"2015-05-19T14:19:33","guid":{"rendered":"http:\/\/www.crerf-mueb.eu\/?page_id=378"},"modified":"2015-05-28T13:55:16","modified_gmt":"2015-05-28T12:55:16","slug":"abordage-de-navire","status":"publish","type":"page","link":"https:\/\/www.crerf-mueb.eu\/de\/equipements\/simulateurs-et-modules\/abordage-de-navire\/","title":{"rendered":"Abordage de navire"},"content":{"rendered":"<p><strong>Dans l\u2019hypoth\u00e8se d\u2019une avarie sur un navire qui n\u2019est pas \u00e0 quai ou qui est \u00e0 la d\u00e9rive, il peut \u00eatre n\u00e9cessaire d\u2019aborder le navire sans quai ni passerelle d\u2019acc\u00e8s avec des moyens techniques d\u00e9grad\u00e9s.<\/strong> Des modules permettent de mettre en pratique diff\u00e9rents exercices d\u2019abordage (filet, \u00e9chelle de cordes\u2026).<\/p>\n\n\t\t<style type=\"text\/css\">\n\t\t\t#gallery-1 {\n\t\t\t\tmargin: auto;\n\t\t\t}\n\t\t\t#gallery-1 .gallery-item {\n\t\t\t\tfloat: left;\n\t\t\t\tmargin-top: 10px;\n\t\t\t\ttext-align: center;\n\t\t\t\twidth: 50%;\n\t\t\t}\n\t\t\t#gallery-1 img {\n\t\t\t\tborder: 2px solid #cfcfcf;\n\t\t\t}\n\t\t\t#gallery-1 .gallery-caption {\n\t\t\t\tmargin-left: 0;\n\t\t\t}\n\t\t\t\/* see gallery_shortcode() in wp-includes\/media.php *\/\n\t\t<\/style>\n\t\t<div id='gallery-1' class='gallery galleryid-378 gallery-columns-2 gallery-size-thumbnail'><dl class='gallery-item'>\n\t\t\t<dt class='gallery-icon landscape'>\n\t\t\t\t<a href='https:\/\/www.crerf-mueb.eu\/de\/img_5353\/'><img width=\"200\" height=\"150\" src=\"https:\/\/www.crerf-mueb.eu\/wp-content\/uploads\/2015\/05\/IMG_5353-200x150.jpg\" class=\"attachment-thumbnail size-thumbnail\" alt=\"\" decoding=\"async\" loading=\"lazy\" \/><\/a>\n\t\t\t<\/dt><\/dl><dl class='gallery-item'>\n\t\t\t<dt class='gallery-icon portrait'>\n\t\t\t\t<a href='https:\/\/www.crerf-mueb.eu\/de\/img_5341\/'><img width=\"200\" height=\"150\" src=\"https:\/\/www.crerf-mueb.eu\/wp-content\/uploads\/2015\/05\/IMG_5341-200x150.jpg\" class=\"attachment-thumbnail size-thumbnail\" alt=\"\" decoding=\"async\" loading=\"lazy\" \/><\/a>\n\t\t\t<\/dt><\/dl><br style=\"clear: both\" \/><dl class='gallery-item'>\n\t\t\t<dt class='gallery-icon portrait'>\n\t\t\t\t<a href='https:\/\/www.crerf-mueb.eu\/de\/img_5398-3\/'><img width=\"200\" height=\"150\" src=\"https:\/\/www.crerf-mueb.eu\/wp-content\/uploads\/2015\/05\/IMG_53982-200x150.jpg\" class=\"attachment-thumbnail size-thumbnail\" alt=\"\" decoding=\"async\" loading=\"lazy\" \/><\/a>\n\t\t\t<\/dt><\/dl><dl class='gallery-item'>\n\t\t\t<dt class='gallery-icon portrait'>\n\t\t\t\t<a href='https:\/\/www.crerf-mueb.eu\/de\/l1001256\/'><img width=\"200\" height=\"150\" src=\"https:\/\/www.crerf-mueb.eu\/wp-content\/uploads\/2015\/05\/L1001256-200x150.jpg\" class=\"attachment-thumbnail size-thumbnail\" alt=\"\" decoding=\"async\" loading=\"lazy\" \/><\/a>\n\t\t\t<\/dt><\/dl><br style=\"clear: both\" \/>\n\t\t<\/div>\n\n<p>\u00a9 Alexandre Schauer<\/p>\n","protected":false},"excerpt":{"rendered":"<p>Dans l\u2019hypoth\u00e8se d\u2019une avarie sur un navire qui n\u2019est pas \u00e0 quai ou qui est \u00e0 la d\u00e9rive, il peut \u00eatre n\u00e9cessaire d\u2019aborder le navire sans quai ni passerelle d\u2019acc\u00e8s avec des moyens techniques d\u00e9grad\u00e9s. Des modules permettent de mettre en pratique diff\u00e9rents exercices d\u2019abordage (filet, \u00e9chelle de cordes\u2026). \u00a9 Alexandre Schauer<\/p>\n","protected":false},"author":3,"featured_media":0,"parent":177,"menu_order":0,"comment_status":"open","ping_status":"open","template":"","meta":{"_mi_skip_tracking":false},"yoast_head":"<!-- This site is optimized with the Yoast SEO plugin v20.5 - https:\/\/yoast.com\/wordpress\/plugins\/seo\/ -->\n<title>Abordage de navire - CRERF M\u00dcB<\/title>\n<meta name=\"description\" content=\"Aborder le navire sans quai ni passerelle d\u2019acc\u00e8s avec des moyens techniques d\u00e9grad\u00e9s...\" \/>\n<meta name=\"robots\" content=\"index, follow, max-snippet:-1, max-image-preview:large, max-video-preview:-1\" \/>\n<link rel=\"canonical\" href=\"http:\/\/www.crerf-mueb.eu\/equipements\/simulateurs-et-modules\/abordage-de-navire\/\" \/>\n<meta property=\"og:locale\" content=\"de_DE\" \/>\n<meta property=\"og:type\" content=\"article\" \/>\n<meta property=\"og:title\" content=\"Abordage de navire - CRERF M\u00dcB\" \/>\n<meta property=\"og:description\" content=\"Aborder le navire sans quai ni passerelle d\u2019acc\u00e8s avec des moyens techniques d\u00e9grad\u00e9s...\" \/>\n<meta property=\"og:url\" content=\"http:\/\/www.crerf-mueb.eu\/equipements\/simulateurs-et-modules\/abordage-de-navire\/\" \/>\n<meta property=\"og:site_name\" content=\"CRERF M\u00dcB\" \/>\n<meta property=\"article:modified_time\" content=\"2015-05-28T12:55:16+00:00\" \/>\n<meta property=\"og:image\" content=\"http:\/\/www.crerf-mueb.eu\/wp-content\/uploads\/2015\/05\/IMG_5353-200x150.jpg\" \/>\n<meta name=\"twitter:card\" content=\"summary_large_image\" \/>\n<script type=\"application\/ld+json\" class=\"yoast-schema-graph\">{\"@context\":\"https:\/\/schema.org\",\"@graph\":[{\"@type\":\"WebPage\",\"@id\":\"http:\/\/www.crerf-mueb.eu\/equipements\/simulateurs-et-modules\/abordage-de-navire\/\",\"url\":\"http:\/\/www.crerf-mueb.eu\/equipements\/simulateurs-et-modules\/abordage-de-navire\/\",\"name\":\"Abordage de navire - CRERF M\u00dcB\",\"isPartOf\":{\"@id\":\"http:\/\/www.crerf-mueb.eu\/#website\"},\"datePublished\":\"2015-05-19T14:19:33+00:00\",\"dateModified\":\"2015-05-28T12:55:16+00:00\",\"description\":\"Aborder le navire sans quai ni passerelle d\u2019acc\u00e8s avec des moyens techniques d\u00e9grad\u00e9s...\",\"breadcrumb\":{\"@id\":\"http:\/\/www.crerf-mueb.eu\/equipements\/simulateurs-et-modules\/abordage-de-navire\/#breadcrumb\"},\"inLanguage\":\"de\",\"potentialAction\":[{\"@type\":\"ReadAction\",\"target\":[\"http:\/\/www.crerf-mueb.eu\/equipements\/simulateurs-et-modules\/abordage-de-navire\/\"]}]},{\"@type\":\"BreadcrumbList\",\"@id\":\"http:\/\/www.crerf-mueb.eu\/equipements\/simulateurs-et-modules\/abordage-de-navire\/#breadcrumb\",\"itemListElement\":[{\"@type\":\"ListItem\",\"position\":1,\"name\":\"Accueil\",\"item\":\"http:\/\/www.crerf-mueb.eu\/de\/\"},{\"@type\":\"ListItem\",\"position\":2,\"name\":\"\u00c9quipements\",\"item\":\"http:\/\/www.crerf-mueb.eu\/de\/equipements\/\"},{\"@type\":\"ListItem\",\"position\":3,\"name\":\"Simulateurs et modules\",\"item\":\"http:\/\/www.crerf-mueb.eu\/de\/equipements\/simulateurs-et-modules\/\"},{\"@type\":\"ListItem\",\"position\":4,\"name\":\"Abordage de navire\"}]},{\"@type\":\"WebSite\",\"@id\":\"http:\/\/www.crerf-mueb.eu\/#website\",\"url\":\"http:\/\/www.crerf-mueb.eu\/\",\"name\":\"CRERF M\u00dcB\",\"description\":\"River Risk Control Training Center\",\"potentialAction\":[{\"@type\":\"SearchAction\",\"target\":{\"@type\":\"EntryPoint\",\"urlTemplate\":\"http:\/\/www.crerf-mueb.eu\/?s={search_term_string}\"},\"query-input\":\"required name=search_term_string\"}],\"inLanguage\":\"de\"}]}<\/script>\n<!-- \/ Yoast SEO plugin. -->","yoast_head_json":{"title":"Abordage de navire - CRERF M\u00dcB","description":"Aborder le navire sans quai ni passerelle d\u2019acc\u00e8s avec des moyens techniques d\u00e9grad\u00e9s...","robots":{"index":"index","follow":"follow","max-snippet":"max-snippet:-1","max-image-preview":"max-image-preview:large","max-video-preview":"max-video-preview:-1"},"canonical":"http:\/\/www.crerf-mueb.eu\/equipements\/simulateurs-et-modules\/abordage-de-navire\/","og_locale":"de_DE","og_type":"article","og_title":"Abordage de navire - CRERF M\u00dcB","og_description":"Aborder le navire sans quai ni passerelle d\u2019acc\u00e8s avec des moyens techniques d\u00e9grad\u00e9s...","og_url":"http:\/\/www.crerf-mueb.eu\/equipements\/simulateurs-et-modules\/abordage-de-navire\/","og_site_name":"CRERF M\u00dcB","article_modified_time":"2015-05-28T12:55:16+00:00","og_image":[{"url":"http:\/\/www.crerf-mueb.eu\/wp-content\/uploads\/2015\/05\/IMG_5353-200x150.jpg"}],"twitter_card":"summary_large_image","schema":{"@context":"https:\/\/schema.org","@graph":[{"@type":"WebPage","@id":"http:\/\/www.crerf-mueb.eu\/equipements\/simulateurs-et-modules\/abordage-de-navire\/","url":"http:\/\/www.crerf-mueb.eu\/equipements\/simulateurs-et-modules\/abordage-de-navire\/","name":"Abordage de navire - CRERF M\u00dcB","isPartOf":{"@id":"http:\/\/www.crerf-mueb.eu\/#website"},"datePublished":"2015-05-19T14:19:33+00:00","dateModified":"2015-05-28T12:55:16+00:00","description":"Aborder le navire sans quai ni passerelle d\u2019acc\u00e8s avec des moyens techniques d\u00e9grad\u00e9s...","breadcrumb":{"@id":"http:\/\/www.crerf-mueb.eu\/equipements\/simulateurs-et-modules\/abordage-de-navire\/#breadcrumb"},"inLanguage":"de","potentialAction":[{"@type":"ReadAction","target":["http:\/\/www.crerf-mueb.eu\/equipements\/simulateurs-et-modules\/abordage-de-navire\/"]}]},{"@type":"BreadcrumbList","@id":"http:\/\/www.crerf-mueb.eu\/equipements\/simulateurs-et-modules\/abordage-de-navire\/#breadcrumb","itemListElement":[{"@type":"ListItem","position":1,"name":"Accueil","item":"http:\/\/www.crerf-mueb.eu\/de\/"},{"@type":"ListItem","position":2,"name":"\u00c9quipements","item":"http:\/\/www.crerf-mueb.eu\/de\/equipements\/"},{"@type":"ListItem","position":3,"name":"Simulateurs et modules","item":"http:\/\/www.crerf-mueb.eu\/de\/equipements\/simulateurs-et-modules\/"},{"@type":"ListItem","position":4,"name":"Abordage de navire"}]},{"@type":"WebSite","@id":"http:\/\/www.crerf-mueb.eu\/#website","url":"http:\/\/www.crerf-mueb.eu\/","name":"CRERF M\u00dcB","description":"River Risk Control Training Center","potentialAction":[{"@type":"SearchAction","target":{"@type":"EntryPoint","urlTemplate":"http:\/\/www.crerf-mueb.eu\/?s={search_term_string}"},"query-input":"required name=search_term_string"}],"inLanguage":"de"}]}},"_links":{"self":[{"href":"https:\/\/www.crerf-mueb.eu\/de\/wp-json\/wp\/v2\/pages\/378"}],"collection":[{"href":"https:\/\/www.crerf-mueb.eu\/de\/wp-json\/wp\/v2\/pages"}],"about":[{"href":"https:\/\/www.crerf-mueb.eu\/de\/wp-json\/wp\/v2\/types\/page"}],"author":[{"embeddable":true,"href":"https:\/\/www.crerf-mueb.eu\/de\/wp-json\/wp\/v2\/users\/3"}],"replies":[{"embeddable":true,"href":"https:\/\/www.crerf-mueb.eu\/de\/wp-json\/wp\/v2\/comments?post=378"}],"version-history":[{"count":4,"href":"https:\/\/www.crerf-mueb.eu\/de\/wp-json\/wp\/v2\/pages\/378\/revisions"}],"predecessor-version":[{"id":576,"href":"https:\/\/www.crerf-mueb.eu\/de\/wp-json\/wp\/v2\/pages\/378\/revisions\/576"}],"up":[{"embeddable":true,"href":"https:\/\/www.crerf-mueb.eu\/de\/wp-json\/wp\/v2\/pages\/177"}],"wp:attachment":[{"href":"https:\/\/www.crerf-mueb.eu\/de\/wp-json\/wp\/v2\/media?parent=378"}],"curies":[{"name":"wp","href":"https:\/\/api.w.org\/{rel}","templated":true}]}}