{"id":381,"date":"2015-05-19T15:22:36","date_gmt":"2015-05-19T14:22:36","guid":{"rendered":"http:\/\/www.crerf-mueb.eu\/?page_id=381"},"modified":"2015-06-10T12:59:32","modified_gmt":"2015-06-10T11:59:32","slug":"auf-und","status":"publish","type":"page","link":"https:\/\/www.crerf-mueb.eu\/de\/u%cc%88bungsmo%cc%88glichkeiten\/ausbildingsbereiche\/auf-und\/","title":{"rendered":"Auf- und \u00dcbersteigen auf ein Schiff"},"content":{"rendered":"<h2>Ausbildungsbereich Auf- und \u00dcbersteigen auf ein Schiff<\/h2>\n<p><strong>Im Falle der Havarie eines Schiffes, das nicht am Kai liegt oder in der Str\u00f6mung abdriftet, kann es f\u00fcr die Einsatzkr\u00e4fte notwendig sein, auf das Schiff aufsteigen zu m\u00fcssen.<\/strong><\/p>\n<p>Das Auf- bzw. \u00dcbersteigen auf die M\u00dcB von z. B. einem Mehrzweckboot\/Rettungsboot kann sowohl mit bordeigenen Mitteln (Netz, Strickleiter) aber auch mit feuerwehreigenen Mitteln (Steckleiter, Multifunktionsleiter, usw.) ge\u00fcbt werden. Unter sicheren Bedingungen k\u00f6nnen die Vor- und Nachteile der einzelnen Varianten selbst erlebt werden.<\/p>\n\n\t\t<style type=\"text\/css\">\n\t\t\t#gallery-1 {\n\t\t\t\tmargin: auto;\n\t\t\t}\n\t\t\t#gallery-1 .gallery-item {\n\t\t\t\tfloat: left;\n\t\t\t\tmargin-top: 10px;\n\t\t\t\ttext-align: center;\n\t\t\t\twidth: 50%;\n\t\t\t}\n\t\t\t#gallery-1 img {\n\t\t\t\tborder: 2px solid #cfcfcf;\n\t\t\t}\n\t\t\t#gallery-1 .gallery-caption {\n\t\t\t\tmargin-left: 0;\n\t\t\t}\n\t\t\t\/* see gallery_shortcode() in wp-includes\/media.php *\/\n\t\t<\/style>\n\t\t<div id='gallery-1' class='gallery galleryid-381 gallery-columns-2 gallery-size-thumbnail'><dl class='gallery-item'>\n\t\t\t<dt class='gallery-icon landscape'>\n\t\t\t\t<a href='https:\/\/www.crerf-mueb.eu\/de\/img_5353\/'><img width=\"200\" height=\"150\" src=\"https:\/\/www.crerf-mueb.eu\/wp-content\/uploads\/2015\/05\/IMG_5353-200x150.jpg\" class=\"attachment-thumbnail size-thumbnail\" alt=\"\" decoding=\"async\" loading=\"lazy\" \/><\/a>\n\t\t\t<\/dt><\/dl><dl class='gallery-item'>\n\t\t\t<dt class='gallery-icon portrait'>\n\t\t\t\t<a href='https:\/\/www.crerf-mueb.eu\/de\/img_5341\/'><img width=\"200\" height=\"150\" src=\"https:\/\/www.crerf-mueb.eu\/wp-content\/uploads\/2015\/05\/IMG_5341-200x150.jpg\" class=\"attachment-thumbnail size-thumbnail\" alt=\"\" decoding=\"async\" loading=\"lazy\" \/><\/a>\n\t\t\t<\/dt><\/dl><br style=\"clear: both\" \/><dl class='gallery-item'>\n\t\t\t<dt class='gallery-icon portrait'>\n\t\t\t\t<a href='https:\/\/www.crerf-mueb.eu\/de\/img_5398-3\/'><img width=\"200\" height=\"150\" src=\"https:\/\/www.crerf-mueb.eu\/wp-content\/uploads\/2015\/05\/IMG_53982-200x150.jpg\" class=\"attachment-thumbnail size-thumbnail\" alt=\"\" decoding=\"async\" loading=\"lazy\" \/><\/a>\n\t\t\t<\/dt><\/dl><dl class='gallery-item'>\n\t\t\t<dt class='gallery-icon portrait'>\n\t\t\t\t<a href='https:\/\/www.crerf-mueb.eu\/de\/l1001256\/'><img width=\"200\" height=\"150\" src=\"https:\/\/www.crerf-mueb.eu\/wp-content\/uploads\/2015\/05\/L1001256-200x150.jpg\" class=\"attachment-thumbnail size-thumbnail\" alt=\"\" decoding=\"async\" loading=\"lazy\" \/><\/a>\n\t\t\t<\/dt><\/dl><br style=\"clear: both\" \/>\n\t\t<\/div>\n\n<p>\u00a9 Alexandre Schauer<\/p>\n","protected":false},"excerpt":{"rendered":"<p>Ausbildungsbereich Auf- und \u00dcbersteigen auf ein Schiff Im Falle der Havarie eines Schiffes, das nicht am Kai liegt oder in der Str\u00f6mung abdriftet, kann es f\u00fcr die Einsatzkr\u00e4fte notwendig sein, auf das Schiff aufsteigen zu m\u00fcssen. Das Auf- bzw. \u00dcbersteigen auf die M\u00dcB von z. B. einem Mehrzweckboot\/Rettungsboot kann sowohl mit bordeigenen Mitteln (Netz, Strickleiter) [&hellip;]<\/p>\n","protected":false},"author":3,"featured_media":0,"parent":179,"menu_order":0,"comment_status":"open","ping_status":"open","template":"","meta":{"_mi_skip_tracking":false},"yoast_head":"<!-- This site is optimized with the Yoast SEO plugin v20.5 - https:\/\/yoast.com\/wordpress\/plugins\/seo\/ -->\n<title>Auf- und \u00dcbersteigen auf ein Schiff - CRERF M\u00dcB<\/title>\n<meta name=\"description\" content=\"Im Falle der Havarie eines Schiffes, das nicht am Kai liegt, kann es f\u00fcr die Einsatzkr\u00e4fte notwendig sein, auf das Schiff aufsteigen zu m\u00fcssen.\" \/>\n<meta name=\"robots\" content=\"index, follow, max-snippet:-1, max-image-preview:large, max-video-preview:-1\" \/>\n<link rel=\"canonical\" href=\"http:\/\/www.crerf-mueb.eu\/de\/u\u0308bungsmo\u0308glichkeiten\/ausbildingsbereiche\/auf-und\/\" \/>\n<meta property=\"og:locale\" content=\"de_DE\" \/>\n<meta property=\"og:type\" content=\"article\" \/>\n<meta property=\"og:title\" content=\"Auf- und \u00dcbersteigen auf ein Schiff - CRERF M\u00dcB\" \/>\n<meta property=\"og:description\" content=\"Im Falle der Havarie eines Schiffes, das nicht am Kai liegt, kann es f\u00fcr die Einsatzkr\u00e4fte notwendig sein, auf das Schiff aufsteigen zu m\u00fcssen.\" \/>\n<meta property=\"og:url\" content=\"http:\/\/www.crerf-mueb.eu\/de\/u\u0308bungsmo\u0308glichkeiten\/ausbildingsbereiche\/auf-und\/\" \/>\n<meta property=\"og:site_name\" content=\"CRERF M\u00dcB\" \/>\n<meta property=\"article:modified_time\" content=\"2015-06-10T11:59:32+00:00\" \/>\n<meta property=\"og:image\" content=\"http:\/\/www.crerf-mueb.eu\/wp-content\/uploads\/2015\/05\/IMG_5353-200x150.jpg\" \/>\n<meta name=\"twitter:card\" content=\"summary_large_image\" \/>\n<script type=\"application\/ld+json\" class=\"yoast-schema-graph\">{\"@context\":\"https:\/\/schema.org\",\"@graph\":[{\"@type\":\"WebPage\",\"@id\":\"http:\/\/www.crerf-mueb.eu\/de\/u%cc%88bungsmo%cc%88glichkeiten\/ausbildingsbereiche\/auf-und\/\",\"url\":\"http:\/\/www.crerf-mueb.eu\/de\/u%cc%88bungsmo%cc%88glichkeiten\/ausbildingsbereiche\/auf-und\/\",\"name\":\"Auf- und \u00dcbersteigen auf ein Schiff - CRERF M\u00dcB\",\"isPartOf\":{\"@id\":\"https:\/\/www.crerf-mueb.eu\/#website\"},\"datePublished\":\"2015-05-19T14:22:36+00:00\",\"dateModified\":\"2015-06-10T11:59:32+00:00\",\"description\":\"Im Falle der Havarie eines Schiffes, das nicht am Kai liegt, kann es f\u00fcr die Einsatzkr\u00e4fte notwendig sein, auf das Schiff aufsteigen zu m\u00fcssen.\",\"breadcrumb\":{\"@id\":\"http:\/\/www.crerf-mueb.eu\/de\/u%cc%88bungsmo%cc%88glichkeiten\/ausbildingsbereiche\/auf-und\/#breadcrumb\"},\"inLanguage\":\"de\",\"potentialAction\":[{\"@type\":\"ReadAction\",\"target\":[\"http:\/\/www.crerf-mueb.eu\/de\/u%cc%88bungsmo%cc%88glichkeiten\/ausbildingsbereiche\/auf-und\/\"]}]},{\"@type\":\"BreadcrumbList\",\"@id\":\"http:\/\/www.crerf-mueb.eu\/de\/u%cc%88bungsmo%cc%88glichkeiten\/ausbildingsbereiche\/auf-und\/#breadcrumb\",\"itemListElement\":[{\"@type\":\"ListItem\",\"position\":1,\"name\":\"Accueil\",\"item\":\"http:\/\/www.crerf-mueb.eu\/de\/\"},{\"@type\":\"ListItem\",\"position\":2,\"name\":\"\u00dcbungsm\u00f6glichkeiten\",\"item\":\"https:\/\/www.crerf-mueb.eu\/de\/u%cc%88bungsmo%cc%88glichkeiten\/\"},{\"@type\":\"ListItem\",\"position\":3,\"name\":\"Ausbildungsbereiche\",\"item\":\"https:\/\/www.crerf-mueb.eu\/de\/u%cc%88bungsmo%cc%88glichkeiten\/ausbildingsbereiche\/\"},{\"@type\":\"ListItem\",\"position\":4,\"name\":\"Auf- und \u00dcbersteigen auf ein Schiff\"}]},{\"@type\":\"WebSite\",\"@id\":\"https:\/\/www.crerf-mueb.eu\/#website\",\"url\":\"https:\/\/www.crerf-mueb.eu\/\",\"name\":\"CRERF M\u00dcB\",\"description\":\"River Risk Control Training Center\",\"potentialAction\":[{\"@type\":\"SearchAction\",\"target\":{\"@type\":\"EntryPoint\",\"urlTemplate\":\"https:\/\/www.crerf-mueb.eu\/?s={search_term_string}\"},\"query-input\":\"required name=search_term_string\"}],\"inLanguage\":\"de\"}]}<\/script>\n<!-- \/ Yoast SEO plugin. -->","yoast_head_json":{"title":"Auf- und \u00dcbersteigen auf ein Schiff - CRERF M\u00dcB","description":"Im Falle der Havarie eines Schiffes, das nicht am Kai liegt, kann es f\u00fcr die Einsatzkr\u00e4fte notwendig sein, auf das Schiff aufsteigen zu m\u00fcssen.","robots":{"index":"index","follow":"follow","max-snippet":"max-snippet:-1","max-image-preview":"max-image-preview:large","max-video-preview":"max-video-preview:-1"},"canonical":"http:\/\/www.crerf-mueb.eu\/de\/u\u0308bungsmo\u0308glichkeiten\/ausbildingsbereiche\/auf-und\/","og_locale":"de_DE","og_type":"article","og_title":"Auf- und \u00dcbersteigen auf ein Schiff - CRERF M\u00dcB","og_description":"Im Falle der Havarie eines Schiffes, das nicht am Kai liegt, kann es f\u00fcr die Einsatzkr\u00e4fte notwendig sein, auf das Schiff aufsteigen zu m\u00fcssen.","og_url":"http:\/\/www.crerf-mueb.eu\/de\/u\u0308bungsmo\u0308glichkeiten\/ausbildingsbereiche\/auf-und\/","og_site_name":"CRERF M\u00dcB","article_modified_time":"2015-06-10T11:59:32+00:00","og_image":[{"url":"http:\/\/www.crerf-mueb.eu\/wp-content\/uploads\/2015\/05\/IMG_5353-200x150.jpg"}],"twitter_card":"summary_large_image","schema":{"@context":"https:\/\/schema.org","@graph":[{"@type":"WebPage","@id":"http:\/\/www.crerf-mueb.eu\/de\/u%cc%88bungsmo%cc%88glichkeiten\/ausbildingsbereiche\/auf-und\/","url":"http:\/\/www.crerf-mueb.eu\/de\/u%cc%88bungsmo%cc%88glichkeiten\/ausbildingsbereiche\/auf-und\/","name":"Auf- und \u00dcbersteigen auf ein Schiff - CRERF M\u00dcB","isPartOf":{"@id":"https:\/\/www.crerf-mueb.eu\/#website"},"datePublished":"2015-05-19T14:22:36+00:00","dateModified":"2015-06-10T11:59:32+00:00","description":"Im Falle der Havarie eines Schiffes, das nicht am Kai liegt, kann es f\u00fcr die Einsatzkr\u00e4fte notwendig sein, auf das Schiff aufsteigen zu m\u00fcssen.","breadcrumb":{"@id":"http:\/\/www.crerf-mueb.eu\/de\/u%cc%88bungsmo%cc%88glichkeiten\/ausbildingsbereiche\/auf-und\/#breadcrumb"},"inLanguage":"de","potentialAction":[{"@type":"ReadAction","target":["http:\/\/www.crerf-mueb.eu\/de\/u%cc%88bungsmo%cc%88glichkeiten\/ausbildingsbereiche\/auf-und\/"]}]},{"@type":"BreadcrumbList","@id":"http:\/\/www.crerf-mueb.eu\/de\/u%cc%88bungsmo%cc%88glichkeiten\/ausbildingsbereiche\/auf-und\/#breadcrumb","itemListElement":[{"@type":"ListItem","position":1,"name":"Accueil","item":"http:\/\/www.crerf-mueb.eu\/de\/"},{"@type":"ListItem","position":2,"name":"\u00dcbungsm\u00f6glichkeiten","item":"https:\/\/www.crerf-mueb.eu\/de\/u%cc%88bungsmo%cc%88glichkeiten\/"},{"@type":"ListItem","position":3,"name":"Ausbildungsbereiche","item":"https:\/\/www.crerf-mueb.eu\/de\/u%cc%88bungsmo%cc%88glichkeiten\/ausbildingsbereiche\/"},{"@type":"ListItem","position":4,"name":"Auf- und \u00dcbersteigen auf ein Schiff"}]},{"@type":"WebSite","@id":"https:\/\/www.crerf-mueb.eu\/#website","url":"https:\/\/www.crerf-mueb.eu\/","name":"CRERF M\u00dcB","description":"River Risk Control Training Center","potentialAction":[{"@type":"SearchAction","target":{"@type":"EntryPoint","urlTemplate":"https:\/\/www.crerf-mueb.eu\/?s={search_term_string}"},"query-input":"required name=search_term_string"}],"inLanguage":"de"}]}},"_links":{"self":[{"href":"https:\/\/www.crerf-mueb.eu\/de\/wp-json\/wp\/v2\/pages\/381"}],"collection":[{"href":"https:\/\/www.crerf-mueb.eu\/de\/wp-json\/wp\/v2\/pages"}],"about":[{"href":"https:\/\/www.crerf-mueb.eu\/de\/wp-json\/wp\/v2\/types\/page"}],"author":[{"embeddable":true,"href":"https:\/\/www.crerf-mueb.eu\/de\/wp-json\/wp\/v2\/users\/3"}],"replies":[{"embeddable":true,"href":"https:\/\/www.crerf-mueb.eu\/de\/wp-json\/wp\/v2\/comments?post=381"}],"version-history":[{"count":5,"href":"https:\/\/www.crerf-mueb.eu\/de\/wp-json\/wp\/v2\/pages\/381\/revisions"}],"predecessor-version":[{"id":696,"href":"https:\/\/www.crerf-mueb.eu\/de\/wp-json\/wp\/v2\/pages\/381\/revisions\/696"}],"up":[{"embeddable":true,"href":"https:\/\/www.crerf-mueb.eu\/de\/wp-json\/wp\/v2\/pages\/179"}],"wp:attachment":[{"href":"https:\/\/www.crerf-mueb.eu\/de\/wp-json\/wp\/v2\/media?parent=381"}],"curies":[{"name":"wp","href":"https:\/\/api.w.org\/{rel}","templated":true}]}}