{"id":387,"date":"2015-05-19T15:37:28","date_gmt":"2015-05-19T14:37:28","guid":{"rendered":"http:\/\/www.crerf-mueb.eu\/?page_id=387"},"modified":"2015-05-28T14:14:00","modified_gmt":"2015-05-28T13:14:00","slug":"ausrustung-und-ein","status":"publish","type":"page","link":"https:\/\/www.crerf-mueb.eu\/de\/u%cc%88bungsmo%cc%88glichkeiten\/ausrustung-und-ein\/","title":{"rendered":"Ausr\u00fcstung und Einrichtungen"},"content":{"rendered":"<h2>Infrastruktur an Bord<\/h2>\n<p>Die M\u00dcB verf\u00fcgt \u00fcber zwei Lehrs\u00e4le jeweils mit integriertem Beamer, einen Aufenthaltsraum, Umkleider\u00e4ume und Sanit\u00e4rbereich (Frauen\/M\u00e4nner getrennt), eine W\u00e4scherei zur Reinigung der an Bord verf\u00fcgbaren Schutzkleidung, eine Atemschutzwerkstatt zur Reinigung und Kontrolle der Atemschutzmasken und zum F\u00fcllen der Flaschen, sowie einen erste Hilferaum.<\/p>\n\n\t\t<style type=\"text\/css\">\n\t\t\t#gallery-1 {\n\t\t\t\tmargin: auto;\n\t\t\t}\n\t\t\t#gallery-1 .gallery-item {\n\t\t\t\tfloat: left;\n\t\t\t\tmargin-top: 10px;\n\t\t\t\ttext-align: center;\n\t\t\t\twidth: 25%;\n\t\t\t}\n\t\t\t#gallery-1 img {\n\t\t\t\tborder: 2px solid #cfcfcf;\n\t\t\t}\n\t\t\t#gallery-1 .gallery-caption {\n\t\t\t\tmargin-left: 0;\n\t\t\t}\n\t\t\t\/* see gallery_shortcode() in wp-includes\/media.php *\/\n\t\t<\/style>\n\t\t<div id='gallery-1' class='gallery galleryid-387 gallery-columns-4 gallery-size-thumbnail'><dl class='gallery-item'>\n\t\t\t<dt class='gallery-icon landscape'>\n\t\t\t\t<a href='https:\/\/www.crerf-mueb.eu\/de\/img_5032\/'><img width=\"200\" height=\"150\" src=\"https:\/\/www.crerf-mueb.eu\/wp-content\/uploads\/2015\/05\/IMG_5032-200x150.jpg\" class=\"attachment-thumbnail size-thumbnail\" alt=\"\" decoding=\"async\" loading=\"lazy\" \/><\/a>\n\t\t\t<\/dt><\/dl><dl class='gallery-item'>\n\t\t\t<dt class='gallery-icon landscape'>\n\t\t\t\t<a href='https:\/\/www.crerf-mueb.eu\/de\/img_4522\/'><img width=\"200\" height=\"150\" src=\"https:\/\/www.crerf-mueb.eu\/wp-content\/uploads\/2015\/05\/IMG_4522-200x150.jpg\" class=\"attachment-thumbnail size-thumbnail\" alt=\"\" decoding=\"async\" loading=\"lazy\" \/><\/a>\n\t\t\t<\/dt><\/dl><dl class='gallery-item'>\n\t\t\t<dt class='gallery-icon landscape'>\n\t\t\t\t<a href='https:\/\/www.crerf-mueb.eu\/de\/img_4496\/'><img width=\"200\" height=\"150\" src=\"https:\/\/www.crerf-mueb.eu\/wp-content\/uploads\/2015\/05\/IMG_4496-200x150.jpg\" class=\"attachment-thumbnail size-thumbnail\" alt=\"\" decoding=\"async\" loading=\"lazy\" \/><\/a>\n\t\t\t<\/dt><\/dl><dl class='gallery-item'>\n\t\t\t<dt class='gallery-icon landscape'>\n\t\t\t\t<a href='https:\/\/www.crerf-mueb.eu\/de\/img_4444\/'><img width=\"200\" height=\"150\" src=\"https:\/\/www.crerf-mueb.eu\/wp-content\/uploads\/2015\/05\/IMG_4444-200x150.jpg\" class=\"attachment-thumbnail size-thumbnail\" alt=\"\" decoding=\"async\" loading=\"lazy\" \/><\/a>\n\t\t\t<\/dt><\/dl><br style=\"clear: both\" \/><dl class='gallery-item'>\n\t\t\t<dt class='gallery-icon landscape'>\n\t\t\t\t<a href='https:\/\/www.crerf-mueb.eu\/de\/img_4420\/'><img width=\"200\" height=\"150\" src=\"https:\/\/www.crerf-mueb.eu\/wp-content\/uploads\/2015\/05\/IMG_4420-200x150.jpg\" class=\"attachment-thumbnail size-thumbnail\" alt=\"\" decoding=\"async\" loading=\"lazy\" \/><\/a>\n\t\t\t<\/dt><\/dl><dl class='gallery-item'>\n\t\t\t<dt class='gallery-icon landscape'>\n\t\t\t\t<a href='https:\/\/www.crerf-mueb.eu\/de\/img_4401\/'><img width=\"200\" height=\"150\" src=\"https:\/\/www.crerf-mueb.eu\/wp-content\/uploads\/2015\/05\/IMG_4401-200x150.jpg\" class=\"attachment-thumbnail size-thumbnail\" alt=\"\" decoding=\"async\" loading=\"lazy\" \/><\/a>\n\t\t\t<\/dt><\/dl><dl class='gallery-item'>\n\t\t\t<dt class='gallery-icon landscape'>\n\t\t\t\t<a href='https:\/\/www.crerf-mueb.eu\/de\/img_5239\/'><img width=\"200\" height=\"150\" src=\"https:\/\/www.crerf-mueb.eu\/wp-content\/uploads\/2015\/05\/IMG_5239-200x150.jpg\" class=\"attachment-thumbnail size-thumbnail\" alt=\"\" decoding=\"async\" loading=\"lazy\" \/><\/a>\n\t\t\t<\/dt><\/dl>\n\t\t\t<br style='clear: both' \/>\n\t\t<\/div>\n\n<p>\u00a9 Alexandre Schauer<\/p>\n","protected":false},"excerpt":{"rendered":"<p>Infrastruktur an Bord Die M\u00dcB verf\u00fcgt \u00fcber zwei Lehrs\u00e4le jeweils mit integriertem Beamer, einen Aufenthaltsraum, Umkleider\u00e4ume und Sanit\u00e4rbereich (Frauen\/M\u00e4nner getrennt), eine W\u00e4scherei zur Reinigung der an Bord verf\u00fcgbaren Schutzkleidung, eine Atemschutzwerkstatt zur Reinigung und Kontrolle der Atemschutzmasken und zum F\u00fcllen der Flaschen, sowie einen erste Hilferaum. \u00a9 Alexandre Schauer<\/p>\n","protected":false},"author":3,"featured_media":0,"parent":92,"menu_order":0,"comment_status":"open","ping_status":"open","template":"","meta":{"_mi_skip_tracking":false},"yoast_head":"<!-- This site is optimized with the Yoast SEO plugin v20.5 - https:\/\/yoast.com\/wordpress\/plugins\/seo\/ -->\n<title>Ausr\u00fcstung und Einrichtungen - CRERF M\u00dcB<\/title>\n<meta name=\"description\" content=\"Infrastruktur an Bord. Die M\u00dcB verf\u00fcgt \u00fcber zwei Lehrs\u00e4le jeweils mit integriertem Beamer, einen Aufenthaltsraum, Umkleider\u00e4ume und Sanit\u00e4rbereich...\" \/>\n<meta name=\"robots\" content=\"index, follow, max-snippet:-1, max-image-preview:large, max-video-preview:-1\" \/>\n<link rel=\"canonical\" href=\"http:\/\/www.crerf-mueb.eu\/de\/u\u0308bungsmo\u0308glichkeiten\/ausrustung-und-ein\/\" \/>\n<meta property=\"og:locale\" content=\"de_DE\" \/>\n<meta property=\"og:type\" content=\"article\" \/>\n<meta property=\"og:title\" content=\"Ausr\u00fcstung und Einrichtungen - CRERF M\u00dcB\" \/>\n<meta property=\"og:description\" content=\"Infrastruktur an Bord. Die M\u00dcB verf\u00fcgt \u00fcber zwei Lehrs\u00e4le jeweils mit integriertem Beamer, einen Aufenthaltsraum, Umkleider\u00e4ume und Sanit\u00e4rbereich...\" \/>\n<meta property=\"og:url\" content=\"http:\/\/www.crerf-mueb.eu\/de\/u\u0308bungsmo\u0308glichkeiten\/ausrustung-und-ein\/\" \/>\n<meta property=\"og:site_name\" content=\"CRERF M\u00dcB\" \/>\n<meta property=\"article:modified_time\" content=\"2015-05-28T13:14:00+00:00\" \/>\n<meta property=\"og:image\" content=\"http:\/\/www.crerf-mueb.eu\/wp-content\/uploads\/2015\/05\/IMG_5032-200x150.jpg\" \/>\n<meta name=\"twitter:card\" content=\"summary_large_image\" \/>\n<script type=\"application\/ld+json\" class=\"yoast-schema-graph\">{\"@context\":\"https:\/\/schema.org\",\"@graph\":[{\"@type\":\"WebPage\",\"@id\":\"http:\/\/www.crerf-mueb.eu\/de\/u%cc%88bungsmo%cc%88glichkeiten\/ausrustung-und-ein\/\",\"url\":\"http:\/\/www.crerf-mueb.eu\/de\/u%cc%88bungsmo%cc%88glichkeiten\/ausrustung-und-ein\/\",\"name\":\"Ausr\u00fcstung und Einrichtungen - CRERF M\u00dcB\",\"isPartOf\":{\"@id\":\"https:\/\/www.crerf-mueb.eu\/#website\"},\"datePublished\":\"2015-05-19T14:37:28+00:00\",\"dateModified\":\"2015-05-28T13:14:00+00:00\",\"description\":\"Infrastruktur an Bord. Die M\u00dcB verf\u00fcgt \u00fcber zwei Lehrs\u00e4le jeweils mit integriertem Beamer, einen Aufenthaltsraum, Umkleider\u00e4ume und Sanit\u00e4rbereich...\",\"breadcrumb\":{\"@id\":\"http:\/\/www.crerf-mueb.eu\/de\/u%cc%88bungsmo%cc%88glichkeiten\/ausrustung-und-ein\/#breadcrumb\"},\"inLanguage\":\"de\",\"potentialAction\":[{\"@type\":\"ReadAction\",\"target\":[\"http:\/\/www.crerf-mueb.eu\/de\/u%cc%88bungsmo%cc%88glichkeiten\/ausrustung-und-ein\/\"]}]},{\"@type\":\"BreadcrumbList\",\"@id\":\"http:\/\/www.crerf-mueb.eu\/de\/u%cc%88bungsmo%cc%88glichkeiten\/ausrustung-und-ein\/#breadcrumb\",\"itemListElement\":[{\"@type\":\"ListItem\",\"position\":1,\"name\":\"Accueil\",\"item\":\"http:\/\/www.crerf-mueb.eu\/de\/\"},{\"@type\":\"ListItem\",\"position\":2,\"name\":\"\u00dcbungsm\u00f6glichkeiten\",\"item\":\"https:\/\/www.crerf-mueb.eu\/de\/u%cc%88bungsmo%cc%88glichkeiten\/\"},{\"@type\":\"ListItem\",\"position\":3,\"name\":\"Ausr\u00fcstung und Einrichtungen\"}]},{\"@type\":\"WebSite\",\"@id\":\"https:\/\/www.crerf-mueb.eu\/#website\",\"url\":\"https:\/\/www.crerf-mueb.eu\/\",\"name\":\"CRERF M\u00dcB\",\"description\":\"River Risk Control Training Center\",\"potentialAction\":[{\"@type\":\"SearchAction\",\"target\":{\"@type\":\"EntryPoint\",\"urlTemplate\":\"https:\/\/www.crerf-mueb.eu\/?s={search_term_string}\"},\"query-input\":\"required name=search_term_string\"}],\"inLanguage\":\"de\"}]}<\/script>\n<!-- \/ Yoast SEO plugin. -->","yoast_head_json":{"title":"Ausr\u00fcstung und Einrichtungen - CRERF M\u00dcB","description":"Infrastruktur an Bord. Die M\u00dcB verf\u00fcgt \u00fcber zwei Lehrs\u00e4le jeweils mit integriertem Beamer, einen Aufenthaltsraum, Umkleider\u00e4ume und Sanit\u00e4rbereich...","robots":{"index":"index","follow":"follow","max-snippet":"max-snippet:-1","max-image-preview":"max-image-preview:large","max-video-preview":"max-video-preview:-1"},"canonical":"http:\/\/www.crerf-mueb.eu\/de\/u\u0308bungsmo\u0308glichkeiten\/ausrustung-und-ein\/","og_locale":"de_DE","og_type":"article","og_title":"Ausr\u00fcstung und Einrichtungen - CRERF M\u00dcB","og_description":"Infrastruktur an Bord. Die M\u00dcB verf\u00fcgt \u00fcber zwei Lehrs\u00e4le jeweils mit integriertem Beamer, einen Aufenthaltsraum, Umkleider\u00e4ume und Sanit\u00e4rbereich...","og_url":"http:\/\/www.crerf-mueb.eu\/de\/u\u0308bungsmo\u0308glichkeiten\/ausrustung-und-ein\/","og_site_name":"CRERF M\u00dcB","article_modified_time":"2015-05-28T13:14:00+00:00","og_image":[{"url":"http:\/\/www.crerf-mueb.eu\/wp-content\/uploads\/2015\/05\/IMG_5032-200x150.jpg"}],"twitter_card":"summary_large_image","schema":{"@context":"https:\/\/schema.org","@graph":[{"@type":"WebPage","@id":"http:\/\/www.crerf-mueb.eu\/de\/u%cc%88bungsmo%cc%88glichkeiten\/ausrustung-und-ein\/","url":"http:\/\/www.crerf-mueb.eu\/de\/u%cc%88bungsmo%cc%88glichkeiten\/ausrustung-und-ein\/","name":"Ausr\u00fcstung und Einrichtungen - CRERF M\u00dcB","isPartOf":{"@id":"https:\/\/www.crerf-mueb.eu\/#website"},"datePublished":"2015-05-19T14:37:28+00:00","dateModified":"2015-05-28T13:14:00+00:00","description":"Infrastruktur an Bord. Die M\u00dcB verf\u00fcgt \u00fcber zwei Lehrs\u00e4le jeweils mit integriertem Beamer, einen Aufenthaltsraum, Umkleider\u00e4ume und Sanit\u00e4rbereich...","breadcrumb":{"@id":"http:\/\/www.crerf-mueb.eu\/de\/u%cc%88bungsmo%cc%88glichkeiten\/ausrustung-und-ein\/#breadcrumb"},"inLanguage":"de","potentialAction":[{"@type":"ReadAction","target":["http:\/\/www.crerf-mueb.eu\/de\/u%cc%88bungsmo%cc%88glichkeiten\/ausrustung-und-ein\/"]}]},{"@type":"BreadcrumbList","@id":"http:\/\/www.crerf-mueb.eu\/de\/u%cc%88bungsmo%cc%88glichkeiten\/ausrustung-und-ein\/#breadcrumb","itemListElement":[{"@type":"ListItem","position":1,"name":"Accueil","item":"http:\/\/www.crerf-mueb.eu\/de\/"},{"@type":"ListItem","position":2,"name":"\u00dcbungsm\u00f6glichkeiten","item":"https:\/\/www.crerf-mueb.eu\/de\/u%cc%88bungsmo%cc%88glichkeiten\/"},{"@type":"ListItem","position":3,"name":"Ausr\u00fcstung und Einrichtungen"}]},{"@type":"WebSite","@id":"https:\/\/www.crerf-mueb.eu\/#website","url":"https:\/\/www.crerf-mueb.eu\/","name":"CRERF M\u00dcB","description":"River Risk Control Training Center","potentialAction":[{"@type":"SearchAction","target":{"@type":"EntryPoint","urlTemplate":"https:\/\/www.crerf-mueb.eu\/?s={search_term_string}"},"query-input":"required name=search_term_string"}],"inLanguage":"de"}]}},"_links":{"self":[{"href":"https:\/\/www.crerf-mueb.eu\/de\/wp-json\/wp\/v2\/pages\/387"}],"collection":[{"href":"https:\/\/www.crerf-mueb.eu\/de\/wp-json\/wp\/v2\/pages"}],"about":[{"href":"https:\/\/www.crerf-mueb.eu\/de\/wp-json\/wp\/v2\/types\/page"}],"author":[{"embeddable":true,"href":"https:\/\/www.crerf-mueb.eu\/de\/wp-json\/wp\/v2\/users\/3"}],"replies":[{"embeddable":true,"href":"https:\/\/www.crerf-mueb.eu\/de\/wp-json\/wp\/v2\/comments?post=387"}],"version-history":[{"count":3,"href":"https:\/\/www.crerf-mueb.eu\/de\/wp-json\/wp\/v2\/pages\/387\/revisions"}],"predecessor-version":[{"id":578,"href":"https:\/\/www.crerf-mueb.eu\/de\/wp-json\/wp\/v2\/pages\/387\/revisions\/578"}],"up":[{"embeddable":true,"href":"https:\/\/www.crerf-mueb.eu\/de\/wp-json\/wp\/v2\/pages\/92"}],"wp:attachment":[{"href":"https:\/\/www.crerf-mueb.eu\/de\/wp-json\/wp\/v2\/media?parent=387"}],"curies":[{"name":"wp","href":"https:\/\/api.w.org\/{rel}","templated":true}]}}