{"id":970,"date":"2016-03-10T16:02:03","date_gmt":"2016-03-10T15:02:03","guid":{"rendered":"http:\/\/www.crerf-mueb.eu\/?page_id=970"},"modified":"2016-03-15T09:43:48","modified_gmt":"2016-03-15T08:43:48","slug":"le-crerf-en-video","status":"publish","type":"page","link":"https:\/\/www.crerf-mueb.eu\/de\/le-crerf\/le-crerf-en-video\/","title":{"rendered":"Le CRERF en vid\u00e9o"},"content":{"rendered":"<p>D\u00e9couvrez le CRERF et les formations propos\u00e9es en vid\u00e9o<\/p>\n<p><iframe loading=\"lazy\" src=\"https:\/\/www.youtube.com\/embed\/uV2WXSo9lnM\" width=\"640\" height=\"360\" frameborder=\"0\" allowfullscreen=\"allowfullscreen\"><\/iframe><br \/>\nReportage de <a href=\"http:\/\/(http:\/\/france3-regions.francetvinfo.fr\/alsace\/)\" target=\"_blank\">France 3 Alsace<\/a> du 22 avril 2015<\/p>\n<p>&nbsp;<\/p>\n","protected":false},"excerpt":{"rendered":"<p>D\u00e9couvrez le CRERF et les formations propos\u00e9es en vid\u00e9o Reportage de France 3 Alsace du 22 avril 2015 &nbsp;<\/p>\n","protected":false},"author":3,"featured_media":0,"parent":9,"menu_order":2,"comment_status":"closed","ping_status":"closed","template":"","meta":{"_mi_skip_tracking":false},"yoast_head":"<!-- This site is optimized with the Yoast SEO plugin v20.5 - https:\/\/yoast.com\/wordpress\/plugins\/seo\/ -->\n<title>Le CRERF en vid\u00e9o - CRERF M\u00dcB<\/title>\n<meta name=\"robots\" content=\"index, follow, max-snippet:-1, max-image-preview:large, max-video-preview:-1\" \/>\n<link rel=\"canonical\" href=\"http:\/\/www.crerf-mueb.eu\/le-crerf\/le-crerf-en-video\/\" \/>\n<meta property=\"og:locale\" content=\"de_DE\" \/>\n<meta property=\"og:type\" content=\"article\" \/>\n<meta property=\"og:title\" content=\"Le CRERF en vid\u00e9o - CRERF M\u00dcB\" \/>\n<meta property=\"og:description\" content=\"D\u00e9couvrez le CRERF et les formations propos\u00e9es en vid\u00e9o Reportage de France 3 Alsace du 22 avril 2015 &nbsp;\" \/>\n<meta property=\"og:url\" content=\"http:\/\/www.crerf-mueb.eu\/le-crerf\/le-crerf-en-video\/\" \/>\n<meta property=\"og:site_name\" content=\"CRERF M\u00dcB\" \/>\n<meta property=\"article:modified_time\" content=\"2016-03-15T08:43:48+00:00\" \/>\n<meta name=\"twitter:card\" content=\"summary_large_image\" \/>\n<script type=\"application\/ld+json\" class=\"yoast-schema-graph\">{\"@context\":\"https:\/\/schema.org\",\"@graph\":[{\"@type\":\"WebPage\",\"@id\":\"http:\/\/www.crerf-mueb.eu\/le-crerf\/le-crerf-en-video\/\",\"url\":\"http:\/\/www.crerf-mueb.eu\/le-crerf\/le-crerf-en-video\/\",\"name\":\"Le CRERF en vid\u00e9o - CRERF M\u00dcB\",\"isPartOf\":{\"@id\":\"http:\/\/www.crerf-mueb.eu\/#website\"},\"datePublished\":\"2016-03-10T15:02:03+00:00\",\"dateModified\":\"2016-03-15T08:43:48+00:00\",\"breadcrumb\":{\"@id\":\"http:\/\/www.crerf-mueb.eu\/le-crerf\/le-crerf-en-video\/#breadcrumb\"},\"inLanguage\":\"de\",\"potentialAction\":[{\"@type\":\"ReadAction\",\"target\":[\"http:\/\/www.crerf-mueb.eu\/le-crerf\/le-crerf-en-video\/\"]}]},{\"@type\":\"BreadcrumbList\",\"@id\":\"http:\/\/www.crerf-mueb.eu\/le-crerf\/le-crerf-en-video\/#breadcrumb\",\"itemListElement\":[{\"@type\":\"ListItem\",\"position\":1,\"name\":\"Accueil\",\"item\":\"http:\/\/www.crerf-mueb.eu\/de\/\"},{\"@type\":\"ListItem\",\"position\":2,\"name\":\"Le CRERF\",\"item\":\"http:\/\/www.crerf-mueb.eu\/le-crerf\/\"},{\"@type\":\"ListItem\",\"position\":3,\"name\":\"Le CRERF en vid\u00e9o\"}]},{\"@type\":\"WebSite\",\"@id\":\"http:\/\/www.crerf-mueb.eu\/#website\",\"url\":\"http:\/\/www.crerf-mueb.eu\/\",\"name\":\"CRERF M\u00dcB\",\"description\":\"River Risk Control Training Center\",\"potentialAction\":[{\"@type\":\"SearchAction\",\"target\":{\"@type\":\"EntryPoint\",\"urlTemplate\":\"http:\/\/www.crerf-mueb.eu\/?s={search_term_string}\"},\"query-input\":\"required name=search_term_string\"}],\"inLanguage\":\"de\"}]}<\/script>\n<!-- \/ Yoast SEO plugin. -->","yoast_head_json":{"title":"Le CRERF en vid\u00e9o - CRERF M\u00dcB","robots":{"index":"index","follow":"follow","max-snippet":"max-snippet:-1","max-image-preview":"max-image-preview:large","max-video-preview":"max-video-preview:-1"},"canonical":"http:\/\/www.crerf-mueb.eu\/le-crerf\/le-crerf-en-video\/","og_locale":"de_DE","og_type":"article","og_title":"Le CRERF en vid\u00e9o - CRERF M\u00dcB","og_description":"D\u00e9couvrez le CRERF et les formations propos\u00e9es en vid\u00e9o Reportage de France 3 Alsace du 22 avril 2015 &nbsp;","og_url":"http:\/\/www.crerf-mueb.eu\/le-crerf\/le-crerf-en-video\/","og_site_name":"CRERF M\u00dcB","article_modified_time":"2016-03-15T08:43:48+00:00","twitter_card":"summary_large_image","schema":{"@context":"https:\/\/schema.org","@graph":[{"@type":"WebPage","@id":"http:\/\/www.crerf-mueb.eu\/le-crerf\/le-crerf-en-video\/","url":"http:\/\/www.crerf-mueb.eu\/le-crerf\/le-crerf-en-video\/","name":"Le CRERF en vid\u00e9o - CRERF M\u00dcB","isPartOf":{"@id":"http:\/\/www.crerf-mueb.eu\/#website"},"datePublished":"2016-03-10T15:02:03+00:00","dateModified":"2016-03-15T08:43:48+00:00","breadcrumb":{"@id":"http:\/\/www.crerf-mueb.eu\/le-crerf\/le-crerf-en-video\/#breadcrumb"},"inLanguage":"de","potentialAction":[{"@type":"ReadAction","target":["http:\/\/www.crerf-mueb.eu\/le-crerf\/le-crerf-en-video\/"]}]},{"@type":"BreadcrumbList","@id":"http:\/\/www.crerf-mueb.eu\/le-crerf\/le-crerf-en-video\/#breadcrumb","itemListElement":[{"@type":"ListItem","position":1,"name":"Accueil","item":"http:\/\/www.crerf-mueb.eu\/de\/"},{"@type":"ListItem","position":2,"name":"Le CRERF","item":"http:\/\/www.crerf-mueb.eu\/le-crerf\/"},{"@type":"ListItem","position":3,"name":"Le CRERF en vid\u00e9o"}]},{"@type":"WebSite","@id":"http:\/\/www.crerf-mueb.eu\/#website","url":"http:\/\/www.crerf-mueb.eu\/","name":"CRERF M\u00dcB","description":"River Risk Control Training Center","potentialAction":[{"@type":"SearchAction","target":{"@type":"EntryPoint","urlTemplate":"http:\/\/www.crerf-mueb.eu\/?s={search_term_string}"},"query-input":"required name=search_term_string"}],"inLanguage":"de"}]}},"_links":{"self":[{"href":"https:\/\/www.crerf-mueb.eu\/de\/wp-json\/wp\/v2\/pages\/970"}],"collection":[{"href":"https:\/\/www.crerf-mueb.eu\/de\/wp-json\/wp\/v2\/pages"}],"about":[{"href":"https:\/\/www.crerf-mueb.eu\/de\/wp-json\/wp\/v2\/types\/page"}],"author":[{"embeddable":true,"href":"https:\/\/www.crerf-mueb.eu\/de\/wp-json\/wp\/v2\/users\/3"}],"replies":[{"embeddable":true,"href":"https:\/\/www.crerf-mueb.eu\/de\/wp-json\/wp\/v2\/comments?post=970"}],"version-history":[{"count":1,"href":"https:\/\/www.crerf-mueb.eu\/de\/wp-json\/wp\/v2\/pages\/970\/revisions"}],"predecessor-version":[{"id":971,"href":"https:\/\/www.crerf-mueb.eu\/de\/wp-json\/wp\/v2\/pages\/970\/revisions\/971"}],"up":[{"embeddable":true,"href":"https:\/\/www.crerf-mueb.eu\/de\/wp-json\/wp\/v2\/pages\/9"}],"wp:attachment":[{"href":"https:\/\/www.crerf-mueb.eu\/de\/wp-json\/wp\/v2\/media?parent=970"}],"curies":[{"name":"wp","href":"https:\/\/api.w.org\/{rel}","templated":true}]}}