{"id":972,"date":"2016-03-10T16:07:11","date_gmt":"2016-03-10T15:07:11","guid":{"rendered":"http:\/\/www.crerf-mueb.eu\/?page_id=972"},"modified":"2016-03-15T10:55:40","modified_gmt":"2016-03-15T09:55:40","slug":"972-2","status":"publish","type":"page","link":"https:\/\/www.crerf-mueb.eu\/de\/die-mu%cc%88b\/972-2\/","title":{"rendered":"Filmbeitrag \u00fcber die M\u00dcB"},"content":{"rendered":"<p>Filmbeitrag \u00fcber die M\u00dcB<\/p>\n<p><iframe loading=\"lazy\" src=\"https:\/\/www.youtube.com\/embed\/uV2WXSo9lnM\" width=\"640\" height=\"360\" frameborder=\"0\" allowfullscreen=\"allowfullscreen\"><\/iframe><br \/>\n<span lang=\"DE\">Berichterstattung France 3 Alsace, 22. April 2015, Stra\u00dfburg.<\/span><\/p>\n","protected":false},"excerpt":{"rendered":"<p>Filmbeitrag \u00fcber die M\u00dcB Berichterstattung France 3 Alsace, 22. April 2015, Stra\u00dfburg.<\/p>\n","protected":false},"author":3,"featured_media":0,"parent":90,"menu_order":2,"comment_status":"closed","ping_status":"closed","template":"","meta":{"_mi_skip_tracking":false},"yoast_head":"<!-- This site is optimized with the Yoast SEO plugin v20.5 - https:\/\/yoast.com\/wordpress\/plugins\/seo\/ -->\n<title>Filmbeitrag \u00fcber die M\u00dcB - CRERF M\u00dcB<\/title>\n<meta name=\"robots\" content=\"index, follow, max-snippet:-1, max-image-preview:large, max-video-preview:-1\" \/>\n<link rel=\"canonical\" href=\"http:\/\/www.crerf-mueb.eu\/die-mu\u0308b\/972-2\/\" \/>\n<meta property=\"og:locale\" content=\"de_DE\" \/>\n<meta property=\"og:type\" content=\"article\" \/>\n<meta property=\"og:title\" content=\"Filmbeitrag \u00fcber die M\u00dcB - CRERF M\u00dcB\" \/>\n<meta property=\"og:description\" content=\"Filmbeitrag \u00fcber die M\u00dcB Berichterstattung France 3 Alsace, 22. April 2015, Stra\u00dfburg.\" \/>\n<meta property=\"og:url\" content=\"http:\/\/www.crerf-mueb.eu\/die-mu\u0308b\/972-2\/\" \/>\n<meta property=\"og:site_name\" content=\"CRERF M\u00dcB\" \/>\n<meta property=\"article:modified_time\" content=\"2016-03-15T09:55:40+00:00\" \/>\n<meta name=\"twitter:card\" content=\"summary_large_image\" \/>\n<script type=\"application\/ld+json\" class=\"yoast-schema-graph\">{\"@context\":\"https:\/\/schema.org\",\"@graph\":[{\"@type\":\"WebPage\",\"@id\":\"http:\/\/www.crerf-mueb.eu\/die-mu%cc%88b\/972-2\/\",\"url\":\"http:\/\/www.crerf-mueb.eu\/die-mu%cc%88b\/972-2\/\",\"name\":\"Filmbeitrag \u00fcber die M\u00dcB - CRERF M\u00dcB\",\"isPartOf\":{\"@id\":\"http:\/\/www.crerf-mueb.eu\/#website\"},\"datePublished\":\"2016-03-10T15:07:11+00:00\",\"dateModified\":\"2016-03-15T09:55:40+00:00\",\"breadcrumb\":{\"@id\":\"http:\/\/www.crerf-mueb.eu\/die-mu%cc%88b\/972-2\/#breadcrumb\"},\"inLanguage\":\"de\",\"potentialAction\":[{\"@type\":\"ReadAction\",\"target\":[\"http:\/\/www.crerf-mueb.eu\/die-mu%cc%88b\/972-2\/\"]}]},{\"@type\":\"BreadcrumbList\",\"@id\":\"http:\/\/www.crerf-mueb.eu\/die-mu%cc%88b\/972-2\/#breadcrumb\",\"itemListElement\":[{\"@type\":\"ListItem\",\"position\":1,\"name\":\"Accueil\",\"item\":\"http:\/\/www.crerf-mueb.eu\/de\/\"},{\"@type\":\"ListItem\",\"position\":2,\"name\":\"Die M\u00dcB\",\"item\":\"http:\/\/www.crerf-mueb.eu\/die-mu%cc%88b\/\"},{\"@type\":\"ListItem\",\"position\":3,\"name\":\"Filmbeitrag \u00fcber die M\u00dcB\"}]},{\"@type\":\"WebSite\",\"@id\":\"http:\/\/www.crerf-mueb.eu\/#website\",\"url\":\"http:\/\/www.crerf-mueb.eu\/\",\"name\":\"CRERF M\u00dcB\",\"description\":\"River Risk Control Training Center\",\"potentialAction\":[{\"@type\":\"SearchAction\",\"target\":{\"@type\":\"EntryPoint\",\"urlTemplate\":\"http:\/\/www.crerf-mueb.eu\/?s={search_term_string}\"},\"query-input\":\"required name=search_term_string\"}],\"inLanguage\":\"de\"}]}<\/script>\n<!-- \/ Yoast SEO plugin. -->","yoast_head_json":{"title":"Filmbeitrag \u00fcber die M\u00dcB - CRERF M\u00dcB","robots":{"index":"index","follow":"follow","max-snippet":"max-snippet:-1","max-image-preview":"max-image-preview:large","max-video-preview":"max-video-preview:-1"},"canonical":"http:\/\/www.crerf-mueb.eu\/die-mu\u0308b\/972-2\/","og_locale":"de_DE","og_type":"article","og_title":"Filmbeitrag \u00fcber die M\u00dcB - CRERF M\u00dcB","og_description":"Filmbeitrag \u00fcber die M\u00dcB Berichterstattung France 3 Alsace, 22. April 2015, Stra\u00dfburg.","og_url":"http:\/\/www.crerf-mueb.eu\/die-mu\u0308b\/972-2\/","og_site_name":"CRERF M\u00dcB","article_modified_time":"2016-03-15T09:55:40+00:00","twitter_card":"summary_large_image","schema":{"@context":"https:\/\/schema.org","@graph":[{"@type":"WebPage","@id":"http:\/\/www.crerf-mueb.eu\/die-mu%cc%88b\/972-2\/","url":"http:\/\/www.crerf-mueb.eu\/die-mu%cc%88b\/972-2\/","name":"Filmbeitrag \u00fcber die M\u00dcB - CRERF M\u00dcB","isPartOf":{"@id":"http:\/\/www.crerf-mueb.eu\/#website"},"datePublished":"2016-03-10T15:07:11+00:00","dateModified":"2016-03-15T09:55:40+00:00","breadcrumb":{"@id":"http:\/\/www.crerf-mueb.eu\/die-mu%cc%88b\/972-2\/#breadcrumb"},"inLanguage":"de","potentialAction":[{"@type":"ReadAction","target":["http:\/\/www.crerf-mueb.eu\/die-mu%cc%88b\/972-2\/"]}]},{"@type":"BreadcrumbList","@id":"http:\/\/www.crerf-mueb.eu\/die-mu%cc%88b\/972-2\/#breadcrumb","itemListElement":[{"@type":"ListItem","position":1,"name":"Accueil","item":"http:\/\/www.crerf-mueb.eu\/de\/"},{"@type":"ListItem","position":2,"name":"Die M\u00dcB","item":"http:\/\/www.crerf-mueb.eu\/die-mu%cc%88b\/"},{"@type":"ListItem","position":3,"name":"Filmbeitrag \u00fcber die M\u00dcB"}]},{"@type":"WebSite","@id":"http:\/\/www.crerf-mueb.eu\/#website","url":"http:\/\/www.crerf-mueb.eu\/","name":"CRERF M\u00dcB","description":"River Risk Control Training Center","potentialAction":[{"@type":"SearchAction","target":{"@type":"EntryPoint","urlTemplate":"http:\/\/www.crerf-mueb.eu\/?s={search_term_string}"},"query-input":"required name=search_term_string"}],"inLanguage":"de"}]}},"_links":{"self":[{"href":"https:\/\/www.crerf-mueb.eu\/de\/wp-json\/wp\/v2\/pages\/972"}],"collection":[{"href":"https:\/\/www.crerf-mueb.eu\/de\/wp-json\/wp\/v2\/pages"}],"about":[{"href":"https:\/\/www.crerf-mueb.eu\/de\/wp-json\/wp\/v2\/types\/page"}],"author":[{"embeddable":true,"href":"https:\/\/www.crerf-mueb.eu\/de\/wp-json\/wp\/v2\/users\/3"}],"replies":[{"embeddable":true,"href":"https:\/\/www.crerf-mueb.eu\/de\/wp-json\/wp\/v2\/comments?post=972"}],"version-history":[{"count":6,"href":"https:\/\/www.crerf-mueb.eu\/de\/wp-json\/wp\/v2\/pages\/972\/revisions"}],"predecessor-version":[{"id":984,"href":"https:\/\/www.crerf-mueb.eu\/de\/wp-json\/wp\/v2\/pages\/972\/revisions\/984"}],"up":[{"embeddable":true,"href":"https:\/\/www.crerf-mueb.eu\/de\/wp-json\/wp\/v2\/pages\/90"}],"wp:attachment":[{"href":"https:\/\/www.crerf-mueb.eu\/de\/wp-json\/wp\/v2\/media?parent=972"}],"curies":[{"name":"wp","href":"https:\/\/api.w.org\/{rel}","templated":true}]}}